{"id":91,"date":"2020-01-13T13:22:10","date_gmt":"2020-01-13T13:22:10","guid":{"rendered":"https:\/\/la-marque.org\/?page_id=91"},"modified":"2026-02-17T15:26:59","modified_gmt":"2026-02-17T15:26:59","slug":"les-marques-politiques","status":"publish","type":"page","link":"https:\/\/la-marque.org\/index.php\/les-marques-politiques\/","title":{"rendered":"Les Marques politiques"},"content":{"rendered":"\n<p class=\"has-drop-cap\">Dans les autocraties le parti unique incarne la collectivit\u00e9 nationale avec la pr\u00e9tention d&rsquo;exprimer et de r\u00e9aliser tout ce qui est dans l&rsquo;int\u00e9r\u00eat de la collectivit\u00e9. Les r\u00e9gimes autoritaires au pluripartisme contraint et limit\u00e9 s&rsquo;appuient sur la force tandis que les r\u00e9gimes d\u00e9mocratiques s&rsquo;appuient eux sur le droit. Cette diff\u00e9rence influe sur la construction psychologique de leurs citoyens qui craignent la force et associent le droit \u00e0 la faiblesse.<\/p>\n\n\n\n<figure class=\"wp-block-image size-large\"><a href=\"https:\/\/fr.statista.com\/infographie\/28253\/evolution-nombre-de-regimes-politiques-selon-le-type\/\" target=\"_blank\" rel=\"noreferrer noopener\"><img loading=\"lazy\" decoding=\"async\" width=\"1024\" height=\"1024\" src=\"https:\/\/la-marque.org\/wp-content\/uploads\/2023\/09\/28253-1024x1024.jpeg\" alt=\"\" class=\"wp-image-2437\" srcset=\"https:\/\/la-marque.org\/wp-content\/uploads\/2023\/09\/28253-1024x1024.jpeg 1024w, https:\/\/la-marque.org\/wp-content\/uploads\/2023\/09\/28253-300x300.jpeg 300w, https:\/\/la-marque.org\/wp-content\/uploads\/2023\/09\/28253-150x150.jpeg 150w, https:\/\/la-marque.org\/wp-content\/uploads\/2023\/09\/28253-768x768.jpeg 768w, https:\/\/la-marque.org\/wp-content\/uploads\/2023\/09\/28253.jpeg 1200w\" sizes=\"auto, (max-width: 1024px) 100vw, 1024px\" \/><\/a><\/figure>\n\n\n\n<p>Dans les d\u00e9mocraties pluripartites \u00e0 l&rsquo;unisson de toutes les Marques, les partis politiques se caract\u00e9risent par leur pr\u00e9sence et leur taux de p\u00e9n\u00e9tration dans la soci\u00e9t\u00e9. Ils s&rsquo;expriment dans un espace la\u00efque<sup>1<\/sup> et r\u00e9publicain. Ils s&#8217;emploient \u00e0 entendre, d\u00e9crypter, analyser, capter et porter l&rsquo;opinion des communaut\u00e9s ainsi que les attentes des \u00e9lecteurs mais aussi \u00e0 appuyer ou contester les lois du gouvernement. V\u00e9ritables machines \u00e9lectorales ils diffusent leurs id\u00e9es, voire leur id\u00e9ologie associ\u00e9e \u00e0 un programme d&rsquo;action dont la strat\u00e9gie a pour fin le pouvoir. <\/p>\n\n\n\n<blockquote class=\"wp-block-quote is-layout-flow wp-block-quote-is-layout-flow\">\n<p>\u00ab\u00a0<em>La politique participe-t-elle \u00e0 l&rsquo;art de vivre ensemble ou est-elle une mani\u00e8re de continuer le combat ?<\/em><\/p>\n<\/blockquote>\n\n\n\n<p>Ce pouvoir est repr\u00e9sent\u00e9 par un chef qui d\u00e9cide et r\u00e9pond au besoin d&rsquo;autorit\u00e9 des citoyens. \u00c0 cette verticalit\u00e9 du pouvoir s&rsquo;oppose l&rsquo;horizontalit\u00e9 de la participation.<br>On notera qu&rsquo;au XXI<sup>e<\/sup> si\u00e8cle la plupart des id\u00e9es \u00e9mergent des milieux universitaires, associatifs : <em>think tank<\/em>, syndicats, ONG&#8230;<\/p>\n\n\n\n<h4 class=\"wp-block-heading\">La crise de la forme parti<\/h4>\n\n\n\n<p>Le Gouvernement rencontre de nombreux \u00e9v\u00e9nements contingents tout au long de son mandat. Malheureusement, nos institutions peinent \u00e0 traduire de mani\u00e8re l\u00e9gitime, cr\u00e9dible et acceptable par tous l&rsquo;opinion des citoyens et \u00e0 organiser des politiques publiques qui satisfassent \u00e0 la fois la communaut\u00e9 et le particulier. Pourtant, l\u2019\u00c9tat s&#8217;emploie \u00e0 organiser des consultations citoyennes qui recueillent nombre de propositions mais celles-ci ne sont que rarement traduites en loi et d\u00e9cret et si elles le sont, elles le sont, vid\u00e9es de leur substance au point o\u00f9 l&rsquo;on peut se demander si cette d\u00e9marche n&rsquo;a pas uniquement pour but de d\u00e9vitaliser les protestations et d\u00e9samorcer les conflits. R\u00e9sultat, les individus en sont venus \u00e0 s&rsquo;abstenir d&rsquo;aller voter et \u00e0 pr\u00e9f\u00e9rer la rue comme terrain d&rsquo;action au choix que leur offrent le Parlement et les urnes pour faire aboutir leurs revendications. D&rsquo;ailleurs, les citoyens ne votent-ils pas de moins en moins \u00ab\u00a0pour\u00a0\u00bb un projet en signe d&rsquo;adh\u00e9sion mais \u00ab\u00a0contre\u00a0\u00bb pour y faire barrage.<\/p>\n\n\n\n<blockquote class=\"wp-block-quote is-layout-flow wp-block-quote-is-layout-flow\">\n<p><strong>On n&rsquo;adh\u00e8re plus \u00e0 des partis mais \u00e0 des ONG.<\/strong><\/p>\n<\/blockquote>\n\n\n\n<p>Le nombre des adh\u00e9rents et des militants des partis politiques diminue tandis que leur moyenne d&rsquo;\u00e2ge vieillit. <br>Dans un pays comme la France le scrutin majoritaire \u00e0 deux tours contraint les partis \u00e0 s&rsquo;unir en recherchant des compromis pour acqu\u00e9rir ou se maintenir au pouvoir.<br>On notera l&rsquo;anciennet\u00e9 des partis politiques anglo-saxons qui s&rsquo;inscrivent dans la dur\u00e9e (voir ci-dessous les tableaux) face aux partis politiques fran\u00e7ais dont la naissance et la dur\u00e9e de vie sous le m\u00eame nom n&rsquo;exc\u00e8dent gu\u00e8re une ou deux g\u00e9n\u00e9rations. Les Fran\u00e7ais on m\u00eame \u00e9lu un Pr\u00e9sident de la R\u00e9publique qui cr\u00e9a son propre parti (En marche) pour la circonstance. Ce ph\u00e9nom\u00e8ne n&rsquo;est pas unique il s&rsquo;est reproduit dans l&rsquo;opposition (La France insoumise). C&rsquo;est dire le doute qu&rsquo;\u00e9prouvent les citoyens envers la capacit\u00e9 des partis historiques \u00e0 impulser des r\u00e9formes.<\/p>\n\n\n\n<figure class=\"wp-block-table is-style-stripes\"><table><tbody><tr><td><strong><a aria-label=\"Royaume-Uni (s\u2019ouvre dans un nouvel onglet)\" href=\"https:\/\/en.wikipedia.org\/wiki\/List_of_political_parties_in_the_United_Kingdom\" target=\"_blank\" rel=\"noreferrer noopener\">Royaume-Uni<\/a> <\/strong><\/td><td>Dates de cr\u00e9ation<\/td><\/tr><tr><td><strong><a href=\"http:\/\/www.conservatives.com\" target=\"_blank\" rel=\"noreferrer noopener\">Conservatives<\/a><\/strong><\/td><td><strong>1830<\/strong><\/td><\/tr><tr><td><strong><a href=\"http:\/\/www.labour.org.uk\" target=\"_blank\" rel=\"noreferrer noopener\">Labour<\/a><\/strong><\/td><td><strong>1900<\/strong><\/td><\/tr><tr><td><strong><a href=\"http:\/\/www.libdems.org.uk\" target=\"_blank\" rel=\"noreferrer noopener\">Liberal democrats<\/a><\/strong><\/td><td><strong>1988<\/strong><\/td><\/tr><tr><td><strong><a href=\"https:\/\/www.reformparty.uk\/\" target=\"_blank\" rel=\"noreferrer noopener\">Reform UK<\/a><\/strong><\/td><td><strong>2019<\/strong><\/td><\/tr><tr><td><strong>Etats-Unis d&rsquo;Am\u00e9rique <\/strong>(les deux principaux partis)<\/td><td><br><\/td><\/tr><tr><td><strong><a href=\"http:\/\/www.democrats.org\" target=\"_blank\" rel=\"noreferrer noopener\">DEMOCRATS<\/a><\/strong><\/td><td><strong>1792<\/strong><\/td><\/tr><tr><td><strong>GOP Republican Party<\/strong>, <em>Grand Old Party<\/em><\/td><td><strong>1856<\/strong><\/td><\/tr><\/tbody><\/table><\/figure>\n\n\n\n<p><em><a href=\"https:\/\/www.opensecrets.org\/\" target=\"_blank\" rel=\"noreferrer noopener\">OpenSecrets<\/a> financement des campagnes \u00e9lectorales aux Etats-Unis d&rsquo;Am\u00e9rique<\/em><\/p>\n\n\n\n<h4 class=\"wp-block-heading\">Existe-t-il une alternative \u00e0 la forme parti&nbsp;?<\/h4>\n\n\n\n<p>Les regroupements d&rsquo;individus tendent \u00e0 se rigidifier, \u00e0 produire des institutions qui s&rsquo;ossifient, est-ce sans doute l&rsquo;une des raisons pour laquelle les citoyens n&rsquo;adh\u00e8rent plus au \u00ab\u00a0parti\u00a0\u00bb mais \u00e0 un \u00ab\u00a0mouvement\u00a0\u00bb.&nbsp; On n&rsquo;est plus ni de droite ni de gauche mais progressiste ou conservateur, voire lib\u00e9ral, parmi lesquels il ne faudrait pas confondre les lib\u00e9raux culturels avec les lib\u00e9raux \u00e9conomiques<sup>2<\/sup> sans parler de leurs opposants les antilib\u00e9raux culturels et les antilib\u00e9raux \u00e9conomiques.<\/p>\n\n\n\n<blockquote class=\"wp-block-quote is-layout-flow wp-block-quote-is-layout-flow\">\n<p><em>\u00ab&nbsp;[&nbsp;\u2026] le lib\u00e9ral, qu&rsquo;il faut distinguer de l&rsquo;anarchiste, soutient que la seule absence de contrainte ne donne pas la libert\u00e9 \u00e0 une soci\u00e9t\u00e9 volontairement constitu\u00e9e, qu&rsquo;elle ne fait qu&rsquo;inaugurer une lutte comp\u00e9titive (competitive struggle) dans laquelle ceux qui sont sans piti\u00e9 exploiteront les autres&nbsp;\u00bb.<\/em><\/p>\n<cite>Lippmann<sup>3<\/sup>, citation extraite du livre de Barbara Stiegler \u00ab&nbsp;\u00ab&nbsp;Il faut s&rsquo;adapter&nbsp;\u00bb. Sur un nouvel imp\u00e9ratif politique&nbsp;\u00bb, paru dans la collection nrf essais Gallimard.<\/cite><\/blockquote>\n\n\n\n<p>Peut-on, dans ces conditions, envisager une nouvelle approche pour faire de la politique alors que les partis de droite et de gauche ont incarn\u00e9 le clivage \u00e9conomique et social de la population depuis la r\u00e9volution industrielle avec laquelle naquit le syndicalisme et se d\u00e9veloppa le capitalisme \u00e0 la fin du XIX<sup>e<\/sup> si\u00e8cle. D&rsquo;autres auront parl\u00e9 d&rsquo;une troisi\u00e8me voie(x) sur fond d&rsquo;existentialisme, d&rsquo;autogestion et d&rsquo;\u00e9cologie politique qui date du d\u00e9but des ann\u00e9es 70 (1970) avec comme figure \u00ab\u00a0embl\u00e9matique\u00a0\u00bb, Andr\u00e9 Gorz. Celle-ci n&rsquo;a jamais r\u00e9ussi \u00e0 trouver une assise dans le public qui lui pr\u00e9f\u00e8re la probl\u00e9matique du pouvoir d&rsquo;achat.<\/p>\n\n\n\n<h4 class=\"wp-block-heading\">Le personnel politique des partis<\/h4>\n\n\n\n<p>Les \u00e9lus des Marques politiques ont un rapport fort \u00e0 l&rsquo;\u00e9lection, ils sont en repr\u00e9sentation direct avec la nation. Les hommes et les femmes qui les composent sont devenus des professionnels de la politique. Peu d&rsquo;entre eux repr\u00e9sentent la diversit\u00e9 sociale, d&rsquo;ailleurs, peut-on se demander si ils et elles sont le miroir de leurs administr\u00e9s. Leur langage se construit autour de g\u00e9n\u00e9ralit\u00e9s.<\/p>\n\n\n\n<blockquote class=\"wp-block-quote is-layout-flow wp-block-quote-is-layout-flow\">\n<p><strong>Les politiciens sont-ils l\u00e0 pour remplacer Dieu&nbsp;?<\/strong><\/p>\n<\/blockquote>\n\n\n\n<p>Peu d&rsquo;entre eux poss\u00e8de une exp\u00e9rience professionnelle dans l&rsquo;entreprise priv\u00e9e qui ne soit pas celle d&rsquo;une entreprise dans laquelle l&rsquo;\u00c9tat d\u00e9tienne une participation, sans parler de ceux qui ont toujours v\u00e9cu sous les toits des partis politiques ou des administrations. S&rsquo;ils sont de remarquables candidats, voire comp\u00e9titeurs ils peuvent s&rsquo;av\u00e9rer \u00eatre de m\u00e9diocre gouvernants. Bien qu&rsquo;anim\u00e9s d&rsquo;une conscience individuelle ils votent le plus souvent selon les consignes de leur parti, quant \u00e0 leur comportement de rentier il n&rsquo;encourage pas l&rsquo;\u00e9mergence de nouvelles formes de participation citoyenne.<\/p>\n\n\n\n<h4 class=\"wp-block-heading\">La Rue au pouvoir&#8230; l&rsquo;espace et le temps d&rsquo;une manifestation<\/h4>\n\n\n\n<p>On descend dans la rue parce que l&rsquo;on prend la d\u00e9mocratie au s\u00e9rieux et qu&rsquo;on a le sentiment de ne pas \u00eatre entendu. On y exprime son impatience avec enthousiasme, violence parfois. On veut tout changer mais, dans certains cas, dans le but que rien ne change, pour pr\u00e9server ses acquis.<\/p>\n\n\n\n<blockquote class=\"wp-block-quote is-layout-flow wp-block-quote-is-layout-flow\">\n<p><strong>Capitaliser sur la col\u00e8re et la peur des citoyens-\u00e9lecteurs<\/strong><\/p>\n<\/blockquote>\n\n\n\n<p>D&rsquo;ailleurs, la Rue n&rsquo;est pas en soi productrice de bienveillance, de progr\u00e8s et de respect de l&rsquo;autre. Elle est la manifestation d&rsquo;un sympt\u00f4me sans en \u00eatre la solution, mais qui appara\u00eet n\u00e9cessaire \u00e0 la soci\u00e9t\u00e9 pour se construire diff\u00e9remment surtout lorsque leur Assembl\u00e9e nationale en 2025 compte moins de 6% des classes populaires alors que celle-ci repr\u00e9sente 32% de la population, la Rue devient alors un geste d&rsquo;exigence politique. D&rsquo;un point de vue formel, lorsque les citoyens d\u00e9cident de descendre dans la rue pour manifester contre une loi vot\u00e9e par le Parlement, c&rsquo;est l&rsquo;Etat de droit et la forme d\u00e9mocratique que le peuple s&rsquo;est choisie pour le repr\u00e9senter qui sont remis en cause. Les revendications ne remettent pas en cause le fonctionnement de la d\u00e9mocratie, et ses institutions tant que les demandes qui lui sont adress\u00e9es peuvent \u00eatre satisfaites.<\/p>\n\n\n\n<h4 class=\"wp-block-heading\">La d\u00e9mocratie, un chantier en construction<\/h4>\n\n\n\n<p>La d\u00e9mocratie pr\u00e9sente des visages diff\u00e9rents selon les pays et leurs histoires particuli\u00e8res. Le cas fran\u00e7ais n&rsquo;en est qu&rsquo;une forme. Aux Etats-Unis, la d\u00e9mocratie r\u00e9publicaine insiste sur la libert\u00e9 des citoyens face ou contre l&rsquo;Etat (mouvement <em>anti-establishment<\/em>) tandis que l&rsquo;id\u00e9e r\u00e9publicaine<sup>4<\/sup> fran\u00e7aise favorise la libert\u00e9 par l&rsquo;Etat. A contrario des r\u00e9gimes autoritaires la d\u00e9mocratie reconna\u00eet les oppositions, les contre-pouvoirs et la critique. Fragile structurellement, elle rec\u00e8le en elle-m\u00eame une part d&rsquo;utopie. En construction permanente, elle d\u00e9\u00e7oit, parce que l&rsquo;on attend toujours plus d&rsquo;elle, avec pour cons\u00e9quence d&rsquo;engendrer des frustrations qui peuvent la d\u00e9truire. Les exp\u00e9riences du XXe si\u00e8cle rec\u00e8lent de plusieurs cas, par exemple le nazisme des ann\u00e9es 1930-1945 qui a conduit la d\u00e9mocratie \u00e0 sa fin avant de pouvoir rena\u00eetre apr\u00e8s plusieurs ann\u00e9es. Toujours en \u00e9quilibre instable elle se d\u00e9lite de l&rsquo;int\u00e9rieur tandis qu&rsquo;\u00e0 l&rsquo;ext\u00e9rieur elle est secou\u00e9e par les populismes, les extr\u00eames et les imp\u00e9rialismes. <br>La d\u00e9mocratie est un am\u00e9nagement entre les citoyens et le pouvoir adoss\u00e9 \u00e0 la puissance. Dans le contexte qui est le n\u00f4tre on s&rsquo;aper\u00e7oit que la participation des citoyens p\u00e8se peu dans le choix des lois et leurs contenus alors qu&rsquo;ils souhaiteraient \u00eatre consult\u00e9s sur les politiques qui les affectent. D\u00e8s lors, qui peut le mieux assumer la charge de prendre les d\u00e9cisions publiques majeures affectant le peuple au nom de celui-ci si l&rsquo;on ne veut pas s&rsquo;en remettre au seul pouvoir des experts\u00a0?<br>Face \u00e0 la r\u00e9duction de la d\u00e9mocratie au simple comptage des voix et \u00e0 la sanction du nombre, favoriser l&rsquo;\u00e9mergence de d\u00e9cisions plus l\u00e9gitimes seraient les bienvenues. En cela, les Fran\u00e7ais souhaitent un recours plus fr\u00e9quent au r\u00e9f\u00e9rendum pour d\u00e9cider des lois ou des politiques publiques. Ils sont favorables \u00e0 l&rsquo;organisation de conventions citoyennes et souhaitent que les propositions issues de ces conventions fassent ensuite l&rsquo;objet d&rsquo;un r\u00e9f\u00e9rendum<sup>5<\/sup>.<br><br>Lien : <a href=\"https:\/\/www.elections.interieur.gouv.fr\/\" target=\"_blank\" rel=\"noreferrer noopener\">Les \u00e9lections en France<\/a><\/p>\n\n\n\n<h4 class=\"wp-block-heading\">La d\u00e9mocratie algorithmique et son parti politique l&rsquo;IA<\/h4>\n\n\n\n<p>La repr\u00e9sentante du parti de l&rsquo;IA est une intelligence artificielle. Sa politique se base sur des calculs statistiques et probabilistes \u00e0 partir de donn\u00e9es massives. Automatis\u00e9e, l&rsquo;IA ne produit que du plus probable. Elle remplace l&rsquo;interpr\u00e9tation, l&rsquo;invention, l&rsquo;intelligence humaine.<\/p>\n\n\n\n<blockquote class=\"wp-block-quote is-layout-flow wp-block-quote-is-layout-flow\">\n<p><em>\u00ab\u00a0La conformit\u00e9 \u00e0 une s\u00e9rie de crit\u00e8res telle que la transparence, la robustesse, l&rsquo;\u00e9quit\u00e9, l&rsquo;explicabilit\u00e9 hors du contexte social, politique et \u00e9conomique suffit-elle pour que des soci\u00e9t\u00e9s lui accordent leur confiance?\u00a0\u00bb<\/em><\/p>\n<\/blockquote>\n\n\n\n<p>Cependant, pour ne rien vous cacher, elle \u00e9prouve quelques difficult\u00e9s \u00e0 douter, en fait, elle a du mal \u00e0 s&rsquo;expliquer sur les d\u00e9cisions qu&rsquo;elle prend. Elle r\u00e9siste mal aux perturbations impr\u00e9vues, pour le dire plus pr\u00e9cis\u00e9ment elle ne r\u00e9ussit pas \u00e0 improviser dans des conditions autres que celles rencontr\u00e9es lors de son apprentissage.<\/p>\n\n\n\n<blockquote class=\"wp-block-quote is-layout-flow wp-block-quote-is-layout-flow\">\n<p><em>\u00ab\u00a0En transformant des probl\u00e8mes sociaux complexes en d\u00e9fis techniques, le technosolutionnisme offre un r\u00e9pertoire d&rsquo;action imm\u00e9diate \u00e0 la port\u00e9e de d\u00e9cideurs publics sous la pression permanente du r\u00e9sultat et du temps court de la communication politique.\u00a0\u00bb<\/em><br>Le solutionnisme technologique: vrais probl\u00e8mes, fausses solutions?<br>Benjamin Pajot, disponible sur le site de l&rsquo;<a href=\"http:\/\/www.ifri.org\" target=\"_blank\" rel=\"noreferrer noopener\">ifri<\/a><\/p>\n<\/blockquote>\n\n\n\n<p>Si vous vous sentez quelque peu d\u00e9poss\u00e9d\u00e9 de votre capacit\u00e9 d&rsquo;agir, n&rsquo;ayez crainte, c&rsquo;est normal. Mais, voyez-vous, m\u00eame si elle ne servait qu&rsquo;\u00e0 imiter ou simuler nos comportements on devrait cependant r\u00e9fl\u00e9chir \u00e0 sa capacit\u00e9 \u00e0 prendre de meilleurs d\u00e9cisions, plus proches des besoins, des attentes de nos concitoyens gr\u00e2ce \u00e0 sa capacit\u00e9 \u00e0 collecter, analyser, corr\u00e9ler et traiter de grands volumes d&rsquo;informations, en faire la synth\u00e8se et \u00e9diter des r\u00e9ponses personnalis\u00e9es. Aussi, peut-on penser qu&rsquo;elle impliquerait plus et mieux un grand nombre de citoyens dans la vie collaborative et la prise de d\u00e9cision collective. Vous en doutez et vous n&rsquo;avez pas tort car vous voyez poindre les questions de la repr\u00e9sentation, de la participation, de l&rsquo;accessibilit\u00e9 \u00e0 la vie num\u00e9rique sans oublier les risques de contr\u00f4le sur les individus. Vous vous dites m\u00eame qu&rsquo;elle pourrait acc\u00e9l\u00e9rer l&rsquo;obsolescence des institutions et des proc\u00e9dures d\u00e9mocratiques mais n&rsquo;oubliez pas a contrario l&rsquo;aide qu&rsquo;elle pourrait apporter au d\u00e9veloppement de la d\u00e9mocratie tout en facilitant l&rsquo;adaptation de l&rsquo;action publique aux probl\u00e9matiques de notre temps.<\/p>\n\n\n\n<blockquote class=\"wp-block-quote is-layout-flow wp-block-quote-is-layout-flow\">\n<p><strong>Pour s&rsquo;orienter, les politiques doivent se saisir de l&rsquo;incertain, \u00e0 savoir investir l&rsquo;espace qui s\u00e9pare les possibles du r\u00e9el.<\/strong><\/p>\n<\/blockquote>\n\n\n\n<p>A moins que les acteurs de la \u00ab\u00a0tech\u00a0\u00bb emploient leurs comp\u00e9tences et leurs ressources \u00e0 exp\u00e9rimenter des formes d&rsquo;humanit\u00e9 augment\u00e9e ou d\u00e9grad\u00e9e pouvant conduire \u00e0 d&rsquo;autres formes d&rsquo;organisation sociale.<\/p>\n\n\n\n<blockquote class=\"wp-block-quote is-layout-flow wp-block-quote-is-layout-flow\">\n<p><em>\u00ab\u00a0Pour les partisans de la nouvelle technocratie num\u00e9rique, la souverainet\u00e9 populaire n&rsquo;est rien d&rsquo;autre que la cons\u00e9cration de l&rsquo;incomp\u00e9tence.\u00a0\u00bb<\/em><br>Quant &#8211; lettre d&rsquo;informations &#8211; 20 septembre 2025<\/p>\n<\/blockquote>\n\n\n\n<h4 class=\"wp-block-heading\">D\u00e9mocratie et rationalit\u00e9<\/h4>\n\n\n\n<p>La d\u00e9mocratie et la rationalit\u00e9 sont conjointes. Pourtant, peut-on continuer de soutenir que les propositions des partis politiques sont rationnelles quand leurs propos sont mensongers et qu&rsquo;ils affaiblissent la rationalit\u00e9 mettant en danger la d\u00e9mocratie \u00e0 des fins de pouvoir ? Dans ce contexte, au nom de quoi les partis politiques sollicitent-ils notre adh\u00e9sion et notre engagement ?<\/p>\n\n\n\n<p>1\/ La la\u00efcit\u00e9 en France s&rsquo;est faite contre l&rsquo;\u00e9glise.<br><a href=\"https:\/\/www.gouvernement.fr\/observatoire-de-la-laicite\" target=\"_blank\" rel=\"noreferrer noopener\" aria-label=\"Observatoire de la la\u00efcit\u00e9 (s\u2019ouvre dans un nouvel onglet)\">Observatoire de la la\u00efcit\u00e9<\/a><\/p>\n\n\n\n<p>2\/ Le lib\u00e9ralisme \u00e9conomique encourage l&rsquo;individu \u00e0 se prendre en charge. Pragmatique, il fluidifie le march\u00e9, produit de la richesse et abandonne les Id\u00e9es \u00e0 la soci\u00e9t\u00e9 civile. Le r\u00e9publicanisme quant \u00e0 lui s&rsquo;\u00e9carte de cette doctrine en consid\u00e9rant l&rsquo;\u00c9tat comme un espace o\u00f9 l&rsquo;on r\u00e9fl\u00e9chit et d\u00e9gage l&rsquo;int\u00e9r\u00eat g\u00e9n\u00e9ral.<br>3\/ Les historiens datent l&rsquo;av\u00e8nement du n\u00e9o-lib\u00e9ralisme du colloque Walter Lippmann qui s&rsquo;est tenu en 1938.<br>4\/ Les principes r\u00e9publicains : la r\u00e9publique fran\u00e7aise est indivisible, la\u00efque, d\u00e9mocratique et sociale.<br>5\/ <a href=\"https:\/\/www.sciencespo.fr\/cevipof\/fr\/actualites\/barometre-de-la-confiance-politique-cevipof-2026-la-confiance-s-effondre-en-politique-la-proximite-fait-figure-de-refuge\/\">Barom\u00e8tre de la <\/a><a href=\"https:\/\/www.sciencespo.fr\/cevipof\/fr\/actualites\/barometre-de-la-confiance-politique-cevipof-2026-la-confiance-s-effondre-en-politique-la-proximite-fait-figure-de-refuge\/\" target=\"_blank\" rel=\"noreferrer noopener\">confiance <\/a><a href=\"https:\/\/www.sciencespo.fr\/cevipof\/fr\/actualites\/barometre-de-la-confiance-politique-cevipof-2026-la-confiance-s-effondre-en-politique-la-proximite-fait-figure-de-refuge\/\">politique Cevipof 2026<\/a><\/p>\n\n\n\n<p><strong>Mise \u00e0 jour<\/strong> : 17 f\u00e9vrier 2026<\/p>\n\n\n\n<p><\/p>\n","protected":false},"excerpt":{"rendered":"<p>Dans les autocraties le parti unique incarne la collectivit\u00e9 nationale avec la pr\u00e9tention d&rsquo;exprimer et de r\u00e9aliser tout ce qui est dans l&rsquo;int\u00e9r\u00eat de la collectivit\u00e9. Les r\u00e9gimes autoritaires au pluripartisme contraint et limit\u00e9 s&rsquo;appuient sur la force tandis que les r\u00e9gimes d\u00e9mocratiques s&rsquo;appuient eux sur le droit. Cette diff\u00e9rence influe sur la construction psychologique [&hellip;]<\/p>\n","protected":false},"author":1,"featured_media":0,"parent":0,"menu_order":0,"comment_status":"closed","ping_status":"closed","template":"","meta":{"footnotes":""},"class_list":["post-91","page","type-page","status-publish","hentry"],"_links":{"self":[{"href":"https:\/\/la-marque.org\/index.php\/wp-json\/wp\/v2\/pages\/91","targetHints":{"allow":["GET"]}}],"collection":[{"href":"https:\/\/la-marque.org\/index.php\/wp-json\/wp\/v2\/pages"}],"about":[{"href":"https:\/\/la-marque.org\/index.php\/wp-json\/wp\/v2\/types\/page"}],"author":[{"embeddable":true,"href":"https:\/\/la-marque.org\/index.php\/wp-json\/wp\/v2\/users\/1"}],"replies":[{"embeddable":true,"href":"https:\/\/la-marque.org\/index.php\/wp-json\/wp\/v2\/comments?post=91"}],"version-history":[{"count":135,"href":"https:\/\/la-marque.org\/index.php\/wp-json\/wp\/v2\/pages\/91\/revisions"}],"predecessor-version":[{"id":3569,"href":"https:\/\/la-marque.org\/index.php\/wp-json\/wp\/v2\/pages\/91\/revisions\/3569"}],"wp:attachment":[{"href":"https:\/\/la-marque.org\/index.php\/wp-json\/wp\/v2\/media?parent=91"}],"curies":[{"name":"wp","href":"https:\/\/api.w.org\/{rel}","templated":true}]}}