{"id":86,"date":"2020-01-13T11:19:02","date_gmt":"2020-01-13T11:19:02","guid":{"rendered":"https:\/\/la-marque.org\/?page_id=86"},"modified":"2026-03-24T17:01:28","modified_gmt":"2026-03-24T17:01:28","slug":"les-marques-commerciales","status":"publish","type":"page","link":"https:\/\/la-marque.org\/index.php\/les-marques-commerciales\/","title":{"rendered":"Les Marques commerciales"},"content":{"rendered":"\n<p>Les Marques se sont construites pour la plupart d\u2019entre elles dans un premier temps \u00e0 l\u2019\u00e9chelle nationale, except\u00e9 pour celles con\u00e7ues dans des pays de petites tailles qui ont d\u00e8s leur conception une vocation \u00e0 l\u2019international.<br>Les Marques plurinationales d\u00e9passent leurs fronti\u00e8res sans que les Marques nation, si tant est que ce soit leur int\u00e9r\u00eat, aient, ou si peu, juridiquement, \u00e9conomiquement, fiscalement, politiquement les outils pour les r\u00e9guler et les contraindre.<br>Le lieu de leur si\u00e8ge social \u00e9claire sur leur identit\u00e9, leur origine, voire les comportements qu\u2019on peut exiger d\u2019elles. Elles deviennent parfois, un levier politico-\u00e9conomique au sens o\u00f9 elles se soumettent au service du pays o\u00f9 r\u00e9side leur si\u00e8ge social et vice-versa les gouvernements peuvent les soutenir dans leurs d\u00e9marches, une collaboration qui fonctionne dans les deux sens. D\u2019ailleurs, plusieurs de ces Marques sont la propri\u00e9t\u00e9 partielle des Etats ou l\u2019ont \u00e9t\u00e9 \u00e0 un moment de leur existence. Un lien de d\u00e9pendance r\u00e9ciproque, existe aussi qui unit plusieurs de ces Marques commerciales avec leurs Marques nation respective, du fait de leurs activit\u00e9s critiques (Energie, T\u00e9l\u00e9communications, Informatique\u2026). Tandis que les premi\u00e8res se rendent indispensables en tant que fournisseurs, les secondes le deviennent en tant que l\u00e9gislateurs.<\/p>\n\n\n\n<p><em>Concernant les caract\u00e9ristiques communes \u00e0 toutes les Marques, merci de vous rapportez \u00e0 cet <a href=\"https:\/\/la-marque.org\/index.php\/caracteristiques-des-marques\/\">article<\/a>.<\/em><\/p>\n\n\n\n<h5 class=\"wp-block-heading\">Caract\u00e9ristiques des Marques commerciales <\/h5>\n\n\n\n<p>\u2013 Elles regardent le monde comme un univers calculable et r\u00e9mun\u00e9rateur<br>\u2013 Elles cr\u00e9ent le lien entre le produit\/service et la client\u00e8le, entre la techn\u00ea et la psych\u00e9<br>\u2013 Elles rendent l&rsquo;\u00eatre profitable<br>\u2013 Elles g\u00e9n\u00e8rent de la valeur<br>\u2013 Elles s&rsquo;engagent dans la dur\u00e9e \u00e0 v\u00e9rifier la qualit\u00e9 de leurs produits et d&rsquo;en assurer la s\u00e9curit\u00e9<br>\u2013 avec la recherche et le d\u00e9veloppement elles innovent pour renforcer leurs positions sur le march\u00e9<br>\u2013 avec l&rsquo;intervention de l&rsquo;innovation technologique, des machines et du management elles optimisent et augmentent la production <br>\u2013 elles ont tendance \u00e0 tout interpr\u00e9ter sous le prisme de la performance<\/p>\n\n\n\n<h5 class=\"wp-block-heading\">Un contexte sous-contraintes<\/h5>\n\n\n\n<p>A l&rsquo;\u00e8re de la mondialisation et du march\u00e9 libre les Marques planifient leurs investissements dans un environnement g\u00e9opolitique en \u00e9volution constante et brutale. Ces transformations politiques et \u00e9conomiques ont non seulement pour cons\u00e9quence des cessions mais aussi d&rsquo;impacter les capitalisations boursi\u00e8res. Reconna\u00eetre, r\u00e9soudre ou bien encore g\u00e9rer ces conflits leur deviennent une t\u00e2che primordiale. La liste est longue de ces risques auxquels sont soumis les Marques. Parmi ceux-ci, on peut citer les guerres, les risques sanitaires, le protectionnisme, la s\u00e9curit\u00e9, le Droit du travail, la r\u00e9glementation, la domiciliation des donn\u00e9es, les restrictions \u00e0 l&rsquo;exportation, l&rsquo;Environnement, les m\u00e9dia sociaux et leurs influenceurs, etc.<br>Ils soulignent la contradiction latente entre int\u00e9r\u00eat \u00e9conomique et engagement social. Cependant, les Marques internationales ont pour elles le pouvoir et la puissance que donnent les moyens financiers, les pr\u00e9visions d&#8217;emploi et la menace de s&rsquo;installer dans des pays moins contraignants o\u00f9 les droits syndicaux sont moins prot\u00e9g\u00e9s et les r\u00e9mun\u00e9rations plus basses.<\/p>\n\n\n\n<h5 class=\"wp-block-heading\">Deux innovations qui ont chang\u00e9 les \u00e9changes internationaux<\/h5>\n\n\n\n<p>\u00ab\u00a0<strong>1866 ouverture de la premi\u00e8re liaison t\u00e9l\u00e9graphique<\/strong> reliant l&rsquo;Irlande aux Etats-Unis marque l&rsquo;entr\u00e9e dans une nouvelle \u00e8re. En une d\u00e9cennie, l&rsquo;ensemble du globe est reli\u00e9 au t\u00e9l\u00e9graphe, facilitant les \u00e9changes diplomatiques et commerciaux. Les informations circulent en quelques minutes quand il fallait jusqu&rsquo;alors attendre des semaines. L&rsquo;acc\u00e8s aux mati\u00e8res premi\u00e8res et aux activit\u00e9s boursi\u00e8res se mondialise, les entreprises s&rsquo;internationalisent.\u00a0\u00bb <br>\u00ab\u00a0En <strong>1956, Malcom McLean fait voguer le premier porte-conteneurs<\/strong> au monde, l&rsquo;<em>Ideal-X<\/em>, entre le New Jersey et le Texas. Cette innovation permet un d\u00e9veloppement sans pr\u00e9c\u00e9dent du transport maritime des marchandises. En ouvrant la voie aux d\u00e9localisations industrielles et \u00e0 la constitution de vastes cha\u00eenes de valeur \u00e0 l&rsquo;\u00e9chelle de la plan\u00e8te, la conteneurisation change la face du commerce international et, avec elle, celle du monde.\u00a0\u00bb<br><em>Multinationales &#8211; Une histoire du monde contemporain, ed. La D\u00e9couverte<\/em><\/p>\n\n\n\n<h5 class=\"wp-block-heading\">Dates de naissance de quelques Marques commerciales<\/h5>\n\n\n\n<p>1863 est une ann\u00e9e importante pour le d\u00e9veloppement de l&rsquo;industrie chimique. Elle marque la fondation de plusieurs soci\u00e9t\u00e9s en Allemagne: Basf, Bayer, Hoechst et Solvay en Belgique. Tandis qu&rsquo;en France, quelques ann\u00e9es plus tard, naissaient plusieurs banques: Soci\u00e9t\u00e9 G\u00e9n\u00e9rale, Cr\u00e9dit Agricole, Cr\u00e9dit Lyonnais, Paribas.<\/p>\n\n\n\n<div class=\"wp-block-group alignwide\"><div class=\"wp-block-group__inner-container is-layout-flow wp-block-group-is-layout-flow\">\n<figure class=\"wp-block-table is-style-stripes\"><table><tbody><tr><td><strong><a rel=\"noreferrer noopener\" href=\"https:\/\/www.airbus.com\/\" target=\"_blank\">Airbus Group<\/a><\/strong><\/td><\/tr><tr><td>Airbus Group remplace en 2013 EADS<br>EADS European Aeronautic Defence and Space Company est issue de la fusion des activit\u00e9s d\u2019Aerospatiale Matra, DaimlerChrysler Aerospace AG (Dasa) et Construcciones Aeronauticas SA (CASA) en juillet <strong>2000<\/strong>.<\/td><\/tr><tr><td><a rel=\"noreferrer noopener\" href=\"https:\/\/www.amazon.com\/\" target=\"_blank\"><strong>amazon.com<\/strong><\/a><\/td><\/tr><tr><td><strong>1994<\/strong>, USA<br>Commerce \u00e9lectronique.<\/td><\/tr><tr><td><a rel=\"noreferrer noopener\" href=\"http:\/\/www.apple.com\/\" target=\"_blank\"><strong>Apple<\/strong><\/a><\/td><\/tr><tr><td>1<sup>er<\/sup> avril <strong>1976<\/strong>, USA<br>Informatique.<\/td><\/tr><tr><td><strong>AT&amp;T<\/strong> American Telephone and Telegraph<\/td><\/tr><tr><td>Cr\u00e9\u00e9e en <strong>1885<\/strong> &#8211; T\u00e9l\u00e9communications<\/td><\/tr><tr><td><strong><a rel=\"noreferrer noopener\" href=\"http:\/\/www.axa.com\/\" target=\"_blank\">AXA<\/a><\/strong><\/td><\/tr><tr><td>AXA a \u00e9t\u00e9 constitu\u00e9e en <strong>1957<\/strong> ; l\u2019origine de ses activit\u00e9s remonte \u00e0 1852.<br>Activit\u00e9s principales : assurances, \u00e9pargne, retraite, gestion d\u2019actifs&#8230;<\/td><\/tr><tr><td><strong><a href=\"https:\/\/www.basf.com\/fr\/fr\" target=\"_blank\" rel=\"noreferrer noopener\">BASF<\/a><\/strong><\/td><\/tr><tr><td>Groupe chimique fond\u00e9 en <strong>1865<\/strong>.<\/td><\/tr><tr><td><strong><a href=\"https:\/\/www.bayer.com\/en\/\" target=\"_blank\" rel=\"noreferrer noopener\">Bayer<\/a><\/strong><\/td><\/tr><tr><td>Soci\u00e9t\u00e9 pharmaceutique et agrochimique fond\u00e9e en <strong>1863<\/strong>.<\/td><\/tr><tr><td><strong><a rel=\"noreferrer noopener\" href=\"http:\/\/www.bouygues.com\/\" target=\"_blank\">Bouygues Groupe<\/a><\/strong><\/td><\/tr><tr><td><strong>1952<\/strong> : Cr\u00e9ation de l&rsquo;entreprise Francis Bouygues<br>Bouygues est un groupe industriel diversifi\u00e9 dont les m\u00e9tiers s&rsquo;organisent autour de deux p\u00f4les : la Construction avec Bouygues Construction (BTP et Electricit\u00e9), Bouygues Immobilier et Colas (Routes), et les T\u00e9l\u00e9coms-M\u00e9dias avec TF1 et Bouygues Telecom.<\/td><\/tr><tr><td><strong><a rel=\"noreferrer noopener\" href=\"http:\/\/www.burberry.com\/\" target=\"_blank\">Burberry<\/a><\/strong><\/td><\/tr><tr><td>Burberry was founded in <strong>1856<\/strong>&#8230; par Thomas Burberry.<\/td><\/tr><tr><td><strong><a rel=\"noreferrer noopener\" href=\"http:\/\/www.carrefour.com\/\" target=\"_blank\">Carrefour<\/a><\/strong><\/td><\/tr><tr><td><strong>1959<\/strong> : cr\u00e9ation de la soci\u00e9t\u00e9 Carrefour par les familles Fournier et Defforey.<\/td><\/tr><tr><td><strong><a rel=\"noreferrer noopener\" href=\"http:\/\/www.credit-agricole.com\/\" target=\"_blank\">Cr\u00e9dit Agricole groupe<\/a><\/strong><\/td><\/tr><tr><td>La loi du 5 novembre <strong>1894<\/strong>, acte de naissance du Cr\u00e9dit Agricole: la loi autorise la constitution de Caisses locales du cr\u00e9dit agricole entre les membres de syndicats agricoles, qui engagent leur responsabilit\u00e9 selon le principe du mutualisme.<\/td><\/tr><tr><td><strong><a rel=\"noreferrer noopener\" href=\"http:\/\/www.christies.com\/about\/company\/\" target=\"_blank\">Christie&rsquo;s<\/a><\/strong><\/td><\/tr><tr><td>Founded in <strong>1766<\/strong> by James Christie.<\/td><\/tr><tr><td><a rel=\"noreferrer noopener\" href=\"http:\/\/www.coca-cola.com\/\" target=\"_blank\"><strong>Coca-Cola<\/strong><\/a><\/td><\/tr><tr><td>L&rsquo;histoire de Coca-Cola commence en <strong>1886 <\/strong>avec John Pemberton.<\/td><\/tr><tr><td><strong><a href=\"https:\/\/www.lcl.fr\/\" target=\"_blank\" rel=\"noreferrer noopener\">Cr\u00e9dit lyonnais<\/a><\/strong><\/td><\/tr><tr><td>Fond\u00e9 en <strong>1863<\/strong> &#8211; Banque<\/td><\/tr><tr><td><strong><a rel=\"noreferrer noopener\" href=\"http:\/\/www.dior.com\/\" target=\"_blank\">Dior<\/a><\/strong><\/td><\/tr><tr><td>Christian Dior est une soci\u00e9t\u00e9 anonyme constitu\u00e9e en <strong>1946<\/strong><br>Haute couture, pr\u00eat \u00e0 porter de luxe, parfum, produits de beaut\u00e9, accessoires&#8230;<\/td><\/tr><tr><td><strong><a rel=\"noreferrer noopener\" href=\"http:\/\/corporate.disney.go.com\/corporate\/complete_history.html\" target=\"_blank\">Disney<\/a><\/strong><\/td><\/tr><tr><td>The Walt Disney company was founding in <strong>1923<\/strong>.<\/td><\/tr><tr><td><strong><a rel=\"noreferrer noopener\" href=\"http:\/\/www.edf.fr\/\" target=\"_blank\">EDF<br>Electricit\u00e9 de France<\/a><\/strong><\/td><\/tr><tr><td>L&rsquo;entreprise est devenue une Soci\u00e9t\u00e9 Anonyme \u00e0 Conseil d&rsquo;administration depuis novembre&nbsp;<strong>2004<\/strong>.<br>Le titre EDF a \u00e9t\u00e9 introduit en bourse le 21 novembre 2005.<\/td><\/tr><tr><td><a rel=\"noreferrer noopener\" href=\"https:\/\/www.facebook.com\/\" target=\"_blank\"><strong>facebook<\/strong><\/a><\/td><\/tr><tr><td>4 f\u00e9vrier <strong>2004<\/strong>, USA<br>Social media.<\/td><\/tr><tr><td><strong><a rel=\"noreferrer noopener\" href=\"https:\/\/www.engie.com\/\" target=\"_blank\">ENGIE<\/a><\/strong><\/td><\/tr><tr><td>GDF SUEZ devient ENGIE en <strong>2015<\/strong><br>La Soci\u00e9t\u00e9 GDF SUEZ r\u00e9sulte de la fusion-absorption de SUEZ par Gaz de France en 2008. Cr\u00e9\u00e9e initialement en 1946 sous la forme d\u2019un EPIC, la Soci\u00e9t\u00e9 a \u00e9t\u00e9 transform\u00e9e en soci\u00e9t\u00e9 anonyme. SUEZ r\u00e9sultait de la fusion de la Compagnie de Suez et de Lyonnaise des Eaux intervenue en 1997.<br>Secteur de l&rsquo;\u00e9nergie.<\/td><\/tr><tr><td><strong><a rel=\"noreferrer noopener\" href=\"http:\/\/www.ge.com\/innovation\/timeline\/index.html\" target=\"_blank\">GE<\/a><\/strong><\/td><\/tr><tr><td>General Electric : <strong>1878<\/strong>.<\/td><\/tr><tr><td><strong><a rel=\"noreferrer noopener\" href=\"http:\/\/www.google.com\/intl\/en\/corporate\/facts.html\" target=\"_blank\">Google<\/a><\/strong><\/td><\/tr><tr><td><strong>1998<\/strong><br>Founders: Larry Page and Sergey Brin.<\/td><\/tr><tr><td><strong><a rel=\"noreferrer noopener\" href=\"https:\/\/finance.hermes.com\/\" target=\"_blank\">Herm\u00e8s<\/a><\/strong><\/td><\/tr><tr><td>L\u2019histoire de la maison Herm\u00e8s commence dans un atelier de harnais, ouvert \u00e0 Paris par Thierry Herm\u00e8s en <strong>1837<\/strong>.<br>La famille Herm\u00e8s d\u00e9tient 66,70% des actions de HERMES INTL \u00e0 la date du 4 juillet 2020.<\/td><\/tr><tr><td><strong><a href=\"https:\/\/www.solvay.com\/en\/\">Solvay<\/a><\/strong><\/td><\/tr><tr><td>Industrie chimique. Soci\u00e9t\u00e9 fond\u00e9 en <strong>1863<\/strong>.<\/td><\/tr><tr><td><strong><a rel=\"noreferrer noopener\" href=\"http:\/\/www-03.ibm.com\/ibm\/history\/\" target=\"_blank\">IBM<\/a><\/strong><\/td><\/tr><tr><td>L&rsquo;histoire d&rsquo;IBM commence dans les ann\u00e9es <strong>1890<\/strong>.<\/td><\/tr><tr><td><strong><a rel=\"noreferrer noopener\" href=\"http:\/\/www.intel.com\/museum\/corporatetimeline\" target=\"_blank\">Intel<\/a><\/strong><\/td><\/tr><tr><td><strong>1968<\/strong>: Bob Noyce and Gordon Moore fondent Intel.<\/td><\/tr><tr><td><a rel=\"noreferrer noopener\" href=\"http:\/\/www.lvmh.fr\/\" target=\"_blank\"><strong>LVMH<\/strong><\/a><\/td><\/tr><tr><td>Soci\u00e9t\u00e9 form\u00e9e le 19 avril <strong>1962<\/strong><br>Secteur du luxe<\/td><\/tr><tr><td><strong><a rel=\"noreferrer noopener\" href=\"http:\/\/www.mcdonalds.com\/\" target=\"_blank\">McDonald&rsquo;s<\/a><\/strong><\/td><\/tr><tr><td><strong>1940<\/strong> : Dick and Mac McDonald open McDonald&rsquo;s Bar-B-Que restaurant on Fouteenth and E streets in San Bernardino, California<\/td><\/tr><tr><td><strong><a href=\"https:\/\/www.merckgroup.com\/en\/company\/history.html\" target=\"_blank\" rel=\"noreferrer noopener\">Merck KGaA<\/a><\/strong><\/td><\/tr><tr><td><strong>1668<\/strong><br>Electronics, Healthcare and Life Science<\/td><\/tr><tr><td><strong><a rel=\"noreferrer noopener\" href=\"http:\/\/www.microsoft.com\/\" target=\"_blank\">Microsoft<\/a><\/strong><\/td><\/tr><tr><td><strong>Fond\u00e9 en 1975<\/strong><br>Informatique.<\/td><\/tr><tr><td><strong><a rel=\"noreferrer noopener\" href=\"http:\/\/www.nokia.com\/\" target=\"_blank\">Nokia<\/a><\/strong><\/td><\/tr><tr><td>L&rsquo;histoire de Nokia commence en <strong>1865<\/strong>.<\/td><\/tr><tr><td><strong><a rel=\"noreferrer noopener\" href=\"http:\/\/www.francetelecom.com\/fr\" target=\"_blank\">Orange &#8211; FranceTelecom groupe<\/a><\/strong><\/td><\/tr><tr><td>France T\u00e9l\u00e9com a \u00e9t\u00e9 constitu\u00e9e en soci\u00e9t\u00e9 anonyme le 31 d\u00e9cembre <strong>1996<\/strong>&#8230; \u00ab\u00a0en <strong>1997<\/strong>, date \u00e0 laquelle l&rsquo;Etat fran\u00e7ais a vendu 25% des actions qu&rsquo;il d\u00e9tenait au public et aux salari\u00e9s de France T\u00e9l\u00e9com. Le transfert du secteur public au secteur priv\u00e9 de France T\u00e9l\u00e9com est intervenu le 7 septembre <strong>2004<\/strong> \u00e0 la suite de la cession par l&rsquo;Etat de 10,85% du capital de France T\u00e9l\u00e9com&#8230;\u00a0\u00bb<br>Le <strong>28 mai 2013<\/strong> France T\u00e9l\u00e9com devient Orange.<\/td><\/tr><tr><td><strong><a rel=\"noreferrer noopener\" href=\"http:\/\/www.loreal.fr\/\" target=\"_blank\">L&rsquo;Or\u00e9al<\/a><\/strong><\/td><\/tr><tr><td>1er janvier <strong>1963<\/strong><br>Cosm\u00e9tiques<\/td><\/tr><tr><td><strong><a href=\"https:\/\/group.bnpparibas\/\" target=\"_blank\" rel=\"noreferrer noopener\">Paribas<\/a><\/strong><\/td><\/tr><tr><td>Date de cr\u00e9ation : <strong>1872<\/strong><\/td><\/tr><tr><td><strong><a rel=\"noreferrer noopener\" href=\"http:\/\/www.psa-peugeot-citroen.com\/\" target=\"_blank\">PSA<\/a><\/strong><\/td><\/tr><tr><td>Date de constitution : <strong>1896<\/strong><br>Automobile<\/td><\/tr><tr><td><strong><a href=\"http:\/\/www.renault.fr\/\" target=\"_blank\" rel=\"noreferrer noopener\">Renault<\/a><\/strong><\/td><\/tr><tr><td><strong>1898<\/strong> : La Soci\u00e9t\u00e9 Renault Fr\u00e8res est cr\u00e9\u00e9e pour fabriquer des v\u00e9hicules automobiles et exploiter des brevets d\u2019invention relatifs \u00e0 l\u2019automobile<\/td><\/tr><tr><td><strong><a rel=\"noreferrer noopener\" href=\"http:\/\/www.safran-group.com\/\" target=\"_blank\">Safran<\/a><\/strong><\/td><\/tr><tr><td>La soci\u00e9t\u00e9 SAFRAN r\u00e9sulte de la fusion, le 11 mai <strong>2005<\/strong>, de Snecma, soci\u00e9t\u00e9 holding du Groupe Snecma, et de Sagem SA.<br>Sagem SA a \u00e9t\u00e9 cr\u00e9\u00e9e en 1924, et s\u2019est d\u2019abord d\u00e9velopp\u00e9e dans les domaines de la m\u00e9canique et de l\u2019\u00e9lectricit\u00e9, puis des \u00e9quipements \u00e9lectro-optiques pour la Marine Nationale.<br>Snecma a \u00e9t\u00e9 constitu\u00e9e en 1945 par la nationalisation de la soci\u00e9t\u00e9 des moteurs Gnome &amp; Rh\u00f4ne et l\u2019absorption de plusieurs autres motoristes pr\u00e9curseurs de l\u2019aviation.<\/td><\/tr><tr><td><strong><a href=\"https:\/\/www.saint-gobain.com\/fr\/groupe\/notre-histoire\" target=\"_blank\" rel=\"noreferrer noopener\">Saint-Gobain<\/a><\/strong><\/td><\/tr><tr><td>1665 : Louis XIV fonde la Manufacture royale des glaces \u00e0 miroirs<br>1830 : La Manufacture royale devient une soci\u00e9t\u00e9 anonyme<br>Produit et distribue des mat\u00e9riaux et services pour les march\u00e9s de l\u2019habitat et de l\u2019industrie<\/td><\/tr><tr><td><strong><a rel=\"noreferrer noopener\" href=\"http:\/\/www.societegenerale.fr\/\" target=\"_blank\">Soci\u00e9t\u00e9 G\u00e9n\u00e9rale<\/a><\/strong><\/td><\/tr><tr><td>La Soci\u00e9t\u00e9 G\u00e9n\u00e9rale a \u00e9t\u00e9 cr\u00e9\u00e9e en <strong>1864<\/strong><br>La Soci\u00e9t\u00e9 G\u00e9n\u00e9rale est redevenue un groupe bancaire priv\u00e9 \u00e0 la faveur de sa privatisation intervenue en juillet <strong>1987<\/strong><\/td><\/tr><tr><td><strong><a href=\"https:\/\/www.tesla.com\/fr_fr\" target=\"_blank\" rel=\"noreferrer noopener\">Tesla<\/a><\/strong><\/td><\/tr><tr><td>Tesla Inc. est un constructeur automobile de voitures \u00e9lectriques fond\u00e9 en <strong>2003<\/strong><br>Date d&rsquo;introduction en bourse : 2010<\/td><\/tr><tr><td><strong><a rel=\"noreferrer noopener\" href=\"http:\/\/www.tf1finance.fr\/\" target=\"_blank\">TF1<\/a><\/strong><\/td><\/tr><tr><td><strong>1987<\/strong> : date de sa privatisation.<\/td><\/tr><tr><td><strong><a rel=\"noreferrer noopener\" href=\"http:\/\/www.total.com\/\" target=\"_blank\">Total<\/a><\/strong><\/td><\/tr><tr><td>Total S.A. est une soci\u00e9t\u00e9 anonyme constitu\u00e9e en <strong>1924<\/strong><\/td><\/tr><tr><td><strong><a rel=\"noreferrer noopener\" href=\"http:\/\/www2.toyota.co.jp\/en\/faq\/toyota\/company\/5893.html\" target=\"_blank\">Toyota<\/a><\/strong><\/td><\/tr><tr><td>Toyota Motor Corporation was established on August 28, <strong>1937<\/strong><br>1867: Birth of Sakichi Toyoda<\/td><\/tr><tr><td><a rel=\"noreferrer noopener\" href=\"http:\/\/www.veolia.com\/\" target=\"_blank\"><strong>Veolia<\/strong><\/a><\/td><\/tr><tr><td><strong>1853<\/strong> : Cr\u00e9ation de la Compagnie g\u00e9n\u00e9rale des eaux<br><strong>1998<\/strong> : CGE devient Vivendi<br><strong>2000<\/strong> : Introduction en bourse<br><strong>2002 -2003<\/strong> : Vivendi environnement devient Veolia Environnement<br><strong>2005<\/strong> : Les divisions du groupe : l&rsquo;eau, la propret\u00e9, les services \u00e9nerg\u00e9tiques et le transport sont rassembl\u00e9es sous un nom commun : \u00ab\u00a0Veolia\u00a0\u00bb.<\/td><\/tr><\/tbody><\/table><\/figure>\n<\/div><\/div>\n\n\n\n<figure class=\"wp-block-image size-large is-resized\"><a href=\"https:\/\/fr.statista.com\/infographie\/30312\/entreprises-les-plus-anciennes-encore-en-activite-par-pays\/\" target=\"_blank\" rel=\"noreferrer noopener\"><img loading=\"lazy\" decoding=\"async\" width=\"1024\" height=\"1024\" src=\"https:\/\/la-marque.org\/wp-content\/uploads\/2023\/07\/30312-1024x1024.jpeg\" alt=\"\" class=\"wp-image-2399\" style=\"width:610px;height:610px\" srcset=\"https:\/\/la-marque.org\/wp-content\/uploads\/2023\/07\/30312-1024x1024.jpeg 1024w, https:\/\/la-marque.org\/wp-content\/uploads\/2023\/07\/30312-300x300.jpeg 300w, https:\/\/la-marque.org\/wp-content\/uploads\/2023\/07\/30312-150x150.jpeg 150w, https:\/\/la-marque.org\/wp-content\/uploads\/2023\/07\/30312-768x768.jpeg 768w, https:\/\/la-marque.org\/wp-content\/uploads\/2023\/07\/30312.jpeg 1200w\" sizes=\"auto, (max-width: 1024px) 100vw, 1024px\" \/><\/a><figcaption class=\"wp-element-caption\">https:\/\/fr.statista.com\/infographie\/30312\/entreprises-les-plus-anciennes-encore-en-activite-par-pays\/<\/figcaption><\/figure>\n\n\n\n<ul class=\"wp-block-list\">\n<li>En 1896, date de cr\u00e9ation du Dow Jones, l&rsquo;indice boursier comptait 12 titres chacun repr\u00e9sentatif d&rsquo;une industrie :<br>American Cotton Oil, American Sugar, American Tobacco, Chicago Gas, Distilling &amp; Cattle Feeding, General Electric, Laclede Gas, National Lead, North American Company, Tennessee Coal and Iron, U.S. Leather et U.S. Rubber.<\/li>\n\n\n\n<li>US Steel, premi\u00e8re capitalisation boursi\u00e8re \u00e0 d\u00e9passer en 1901 le milliard de dollars.<\/li>\n\n\n\n<li>Les Marques qui se sont constitu\u00e9es autour de l&rsquo;exploitation d&rsquo;une mati\u00e8re premi\u00e8re et de son commerce sont n\u00e9es multinationales. Sur chaque mati\u00e8re premi\u00e8re s&rsquo;est fond\u00e9 des empires que ce soit les \u00e9pices, le sucre, le coton, les hydrocarbures et dans un futur proche, l&rsquo;eau risque d&rsquo;\u00eatre un enjeu majeur.<\/li>\n<\/ul>\n\n\n\n<p><strong>Date de mise \u00e0 jour<\/strong> : 24 mars 2026<\/p>\n\n\n\n<p><\/p>\n","protected":false},"excerpt":{"rendered":"<p>Les Marques se sont construites pour la plupart d\u2019entre elles dans un premier temps \u00e0 l\u2019\u00e9chelle nationale, except\u00e9 pour celles con\u00e7ues dans des pays de petites tailles qui ont d\u00e8s leur conception une vocation \u00e0 l\u2019international.Les Marques plurinationales d\u00e9passent leurs fronti\u00e8res sans que les Marques nation, si tant est que ce soit leur int\u00e9r\u00eat, aient, [&hellip;]<\/p>\n","protected":false},"author":1,"featured_media":0,"parent":0,"menu_order":0,"comment_status":"closed","ping_status":"closed","template":"","meta":{"footnotes":""},"class_list":["post-86","page","type-page","status-publish","hentry"],"_links":{"self":[{"href":"https:\/\/la-marque.org\/index.php\/wp-json\/wp\/v2\/pages\/86","targetHints":{"allow":["GET"]}}],"collection":[{"href":"https:\/\/la-marque.org\/index.php\/wp-json\/wp\/v2\/pages"}],"about":[{"href":"https:\/\/la-marque.org\/index.php\/wp-json\/wp\/v2\/types\/page"}],"author":[{"embeddable":true,"href":"https:\/\/la-marque.org\/index.php\/wp-json\/wp\/v2\/users\/1"}],"replies":[{"embeddable":true,"href":"https:\/\/la-marque.org\/index.php\/wp-json\/wp\/v2\/comments?post=86"}],"version-history":[{"count":47,"href":"https:\/\/la-marque.org\/index.php\/wp-json\/wp\/v2\/pages\/86\/revisions"}],"predecessor-version":[{"id":3633,"href":"https:\/\/la-marque.org\/index.php\/wp-json\/wp\/v2\/pages\/86\/revisions\/3633"}],"wp:attachment":[{"href":"https:\/\/la-marque.org\/index.php\/wp-json\/wp\/v2\/media?parent=86"}],"curies":[{"name":"wp","href":"https:\/\/api.w.org\/{rel}","templated":true}]}}