{"id":544,"date":"2020-02-06T12:49:09","date_gmt":"2020-02-06T12:49:09","guid":{"rendered":"https:\/\/la-marque.org\/?page_id=544"},"modified":"2020-02-06T12:49:09","modified_gmt":"2020-02-06T12:49:09","slug":"bloc-marque-de-la-republique-populaire-de-chine","status":"publish","type":"page","link":"https:\/\/la-marque.org\/index.php\/bloc-marque-de-la-republique-populaire-de-chine\/","title":{"rendered":"Bloc Marque de la R\u00e9publique populaire de Chine"},"content":{"rendered":"\n<h4 class=\"has-text-align-center wp-block-heading\">Drapeau<\/h4>\n\n\n\n<div class=\"wp-block-image\"><figure class=\"aligncenter size-large\"><img loading=\"lazy\" decoding=\"async\" width=\"139\" height=\"91\" src=\"https:\/\/la-marque.org\/wp-content\/uploads\/2020\/02\/flagchin.gif\" alt=\"Drapeau de la R\u00e9publique populaire de Chine\" class=\"wp-image-547\"\/><\/figure><\/div>\n\n\n\n<h4 class=\"has-text-align-center wp-block-heading\">Embl\u00e8me<\/h4>\n\n\n\n<div class=\"wp-block-image\"><figure class=\"aligncenter size-large\"><img loading=\"lazy\" decoding=\"async\" width=\"74\" height=\"75\" src=\"https:\/\/la-marque.org\/wp-content\/uploads\/2020\/02\/emblchin.gif\" alt=\"Embl\u00e8me de la R\u00e9publique populaire de Chine\" class=\"wp-image-548\"\/><\/figure><\/div>\n\n\n\n<p><strong>Devise<\/strong>&nbsp;: \u00ab Compter sur ses propres forces \u00bb<\/p>\n\n\n\n<p>\u25cf La R\u00e9volution de 1911, conduite par le docteur Sun Yat-Sen, abolit la monarchie f\u00e9odale et donna naissance \u00e0 la R\u00e9publique de Chine. (&#8230;) les chinois de toutes les communaut\u00e9s conduits par le Parti communiste chinois avec pour repr\u00e9sentant Mao Zedong rejeta enfin en 1949 l&rsquo;autorit\u00e9 de l&rsquo;imp\u00e9rialisme, du f\u00e9odalisme et de la bureaucratie capitaliste&#8230; et fonda la R\u00e9publique Populaire de Chine.<br>\u25cf Le&nbsp;<strong>drapeau<\/strong>&nbsp;Chinois fut adopt\u00e9 lors de la Premi\u00e8re s\u00e9ance pleini\u00e8re de la Conf\u00e9rence consultative du parti politique du peuple chinois qui s&rsquo;est tenu en septembre 49, tr\u00e8s peu de temps avant la fondation de la R\u00e9publique Populaire de Chine. Le drapeau de la R\u00e9publique Populaire de Chine est de couleur rouge sur lequel sont dispos\u00e9es cinq \u00e9toiles jaune. La couleur rouge symbolise l&rsquo;esprit de la r\u00e9volution, et les cinq \u00e9toiles repr\u00e9sentent l&rsquo;unit\u00e9 du peuple Chinois sous le Parti communiste Chinois. Le drapeau fut d\u00e9ploy\u00e9 pour la premi\u00e8re fois Place Tiananmen le 1er octobre 1949 \u00e0 l&rsquo;annonce officielle de la fondation de la R\u00e9publique Populaire de Chine.<br>\u25cf La repr\u00e9sentation de l&rsquo;<strong>embl\u00e8me<\/strong>&nbsp;de la R\u00e9publique Populaire de Chine, publi\u00e9 par le Gouvernement populaire central le 20 septembre 1950 pr\u00e9sente Tiananmen sous la lumi\u00e8re de cinq \u00e9toiles, entour\u00e9e d&rsquo;\u00e9pis et d&rsquo;une roue dent\u00e9e. Tiananmen est le symbole de la Chine moderne parce que c&rsquo;est le lieu o\u00f9 a commenc\u00e9 la nouvelle r\u00e9volution d\u00e9mocratique en Chine, le 4 mai 1919. C&rsquo;est aussi la place o\u00f9 l&rsquo;inauguration de la R\u00e9publique Populaire de Chine s&rsquo;est tenue. La roue dent\u00e9e et les \u00e9pis de bl\u00e9 repr\u00e9sentent respectivement les travailleurs et les paysans tandis que les cinq \u00e9toiles symbolisent la solidarit\u00e9 des populations chinoises. L&#8217;embl\u00e8me indique que la R\u00e9publique Populaire de Chine est un Etat socialiste dirig\u00e9 par la classe laborieuse et bas\u00e9 sur l&rsquo;alliance des travailleurs et des paysans.<\/p>\n\n\n\n<p><\/p>\n","protected":false},"excerpt":{"rendered":"<p>Drapeau Embl\u00e8me Devise&nbsp;: \u00ab Compter sur ses propres forces \u00bb \u25cf La R\u00e9volution de 1911, conduite par le docteur Sun Yat-Sen, abolit la monarchie f\u00e9odale et donna naissance \u00e0 la R\u00e9publique de Chine. (&#8230;) les chinois de toutes les communaut\u00e9s conduits par le Parti communiste chinois avec pour repr\u00e9sentant Mao Zedong rejeta enfin en 1949 [&hellip;]<\/p>\n","protected":false},"author":1,"featured_media":0,"parent":0,"menu_order":0,"comment_status":"closed","ping_status":"closed","template":"","meta":{"footnotes":""},"class_list":["post-544","page","type-page","status-publish","hentry"],"_links":{"self":[{"href":"https:\/\/la-marque.org\/index.php\/wp-json\/wp\/v2\/pages\/544","targetHints":{"allow":["GET"]}}],"collection":[{"href":"https:\/\/la-marque.org\/index.php\/wp-json\/wp\/v2\/pages"}],"about":[{"href":"https:\/\/la-marque.org\/index.php\/wp-json\/wp\/v2\/types\/page"}],"author":[{"embeddable":true,"href":"https:\/\/la-marque.org\/index.php\/wp-json\/wp\/v2\/users\/1"}],"replies":[{"embeddable":true,"href":"https:\/\/la-marque.org\/index.php\/wp-json\/wp\/v2\/comments?post=544"}],"version-history":[{"count":1,"href":"https:\/\/la-marque.org\/index.php\/wp-json\/wp\/v2\/pages\/544\/revisions"}],"predecessor-version":[{"id":550,"href":"https:\/\/la-marque.org\/index.php\/wp-json\/wp\/v2\/pages\/544\/revisions\/550"}],"wp:attachment":[{"href":"https:\/\/la-marque.org\/index.php\/wp-json\/wp\/v2\/media?parent=544"}],"curies":[{"name":"wp","href":"https:\/\/api.w.org\/{rel}","templated":true}]}}