{"id":536,"date":"2020-02-06T12:41:30","date_gmt":"2020-02-06T12:41:30","guid":{"rendered":"https:\/\/la-marque.org\/?page_id=536"},"modified":"2022-07-15T14:18:16","modified_gmt":"2022-07-15T14:18:16","slug":"bloc-marque-de-la-russie-federation-de-russie","status":"publish","type":"page","link":"https:\/\/la-marque.org\/index.php\/bloc-marque-de-la-russie-federation-de-russie\/","title":{"rendered":"Bloc Marque de la F\u00e9d\u00e9ration de Russie"},"content":{"rendered":"\n<h4 class=\"has-text-align-center wp-block-heading\">Drapeau<\/h4>\n\n\n<div class=\"wp-block-image\">\n<figure class=\"aligncenter size-large\"><img loading=\"lazy\" decoding=\"async\" width=\"137\" height=\"91\" src=\"https:\/\/la-marque.org\/wp-content\/uploads\/2020\/02\/flagruss.gif\" alt=\"Drapeau de la Russie\" class=\"wp-image-539\"\/><\/figure>\n<\/div>\n\n\n<h4 class=\"has-text-align-center wp-block-heading\">Armoiries<\/h4>\n\n\n<div class=\"wp-block-image\">\n<figure class=\"aligncenter size-large\"><img loading=\"lazy\" decoding=\"async\" width=\"76\" height=\"91\" src=\"https:\/\/la-marque.org\/wp-content\/uploads\/2020\/02\/ecusson.gif\" alt=\"Symbole de la Russie\" class=\"wp-image-540\"\/><\/figure>\n<\/div>\n\n\n<p>\u25cf&nbsp;<strong>Drapeau<\/strong>&nbsp;: Les trois couleurs du drapeau national Russe furent adopt\u00e9es \u00e0 la demande du Pr\u00e9sident Boris Yeltsin le 11 d\u00e9cembre 1993 en remplacement du pr\u00e9c\u00e9dent de couleur rouge et bleu datant des Soviets. Selon la Constitution, \u00ab\u00a0Le drapeau national de la F\u00e9d\u00e9ration de Russie se compose de trois bandes horizontales d&rsquo;\u00e9gales dimensions &#8211; blanche, bleu et rouge\u00a0\u00bb. C&rsquo;est la troisi\u00e8me fois que ce drapeau avec ces trois couleurs deviennent le symbole national. Le premier \u00e0 l&rsquo;utiliser fut Pierre le Grand, qui le 20 janvier 1705 fit hiss\u00e9 ce drapeau comme symbole sur les navires Russes naviguant \u00e0 Moscou, sur les fleuves de la Volga et Dvina. Durant cette p\u00e9riode la bande rouge en bas symbolisait la terre, la bande bleue, le ciel, et la bande la plus haute de couleur blanche, l&rsquo;espace divin. A la m\u00eame p\u00e9riode, selon la tradition Russe, le blanc incarne la noblesse, le bleu, l&rsquo;honn\u00eatet\u00e9, le rouge, le courage et l&rsquo;amour. Mais ces trois bandes aux couleurs respectives blanc bleu et rouge ont d\u00fb lutt\u00e9 pour s&rsquo;imposer face \u00e0 la banni\u00e8re, noir, jaune et blanche de l&#8217;empereur. Celle-ci fut choisie pour repr\u00e9senter le drapeau national Russe sur ordre d&rsquo;Alexandre II, le 11 juin 1858. Pendant 25 ans le drapeau de couleur rouge, bleu et blanc, comme au XVIIIe si\u00e8cle fut seulement utilis\u00e9 pour la marine. Mais apr\u00e8s l&rsquo;assassinat d&rsquo;Alexandre II, le nouvel empereur, Alexandre III, a reconsid\u00e9r\u00e9 la question. Avant la c\u00e9r\u00e9monie du couronnement le ministre de l&rsquo;int\u00e9rieur, le Comte Tolstoy, pr\u00e9senta \u00e0 l&#8217;empereur les deux drapeaux, et Alexandre choisit le rouge, bleu, blanc. La banni\u00e8re recouvra son statut de drapeau national et le pr\u00e9serva jusqu&rsquo;\u00e0 la r\u00e9volution d&rsquo;octobre 1917. Apr\u00e8s la r\u00e9volution il fut remplac\u00e9 par la banni\u00e8re rouge des Soviets. La F\u00e9d\u00e9ration Russe comme partie int\u00e9grante de l&rsquo;URSS poss\u00e9dait son propre drapeau, qui \u00e9tait cependant tr\u00e8s proche &#8211; rouge avec une fine bande verticale de couleur bleue et une \u00e9toile de couleur or, un marteau et une faucille en haut \u00e0 gauche. Seulement 76 ans plus tard le drapeau national de la F\u00e9d\u00e9ration Russe recouvra ses trois anciennes couleurs. Plus tard, au cours du XIXe si\u00e8cle, les trois bandes servirent \u00e0 personnifier l&rsquo;entente des trois nations slaves : Russie, Ukraine et Bi\u00e9lorussie. Depuis le d\u00e9but du milieu du XIXe si\u00e8cle, les trois couleurs du drapeau n&rsquo;ont cess\u00e9 d&rsquo;acqu\u00e9rir au fil des ann\u00e9es une l\u00e9gitimit\u00e9 qui en firent le symbole national. En 1856, pendant le Congr\u00e8s de Paris, lors de la n\u00e9gociation du trait\u00e9 de paix mettant fin \u00e0 la guerre de Crim\u00e9e, la banni\u00e8re rouge &#8211; bleue &#8211; blanche fut utilis\u00e9e comme drapeau national de l&rsquo;Empire Russe.<br>\u25cf<strong>&nbsp;Armoiries<\/strong>&nbsp;: C&rsquo;est un aigle \u00e0 deux t\u00eates qui illustra comme symbole la Russie au temps de la Moscovia au XVe si\u00e8cle. Il tient son origine de Visantium avec Sophia Paleolog, membre de la derni\u00e8re dynastie des empreurs Visantium qui est devenue la femme de Ivan III, le Grand Duc de Moscou. L&rsquo;aigle \u00e0 deux t\u00eates demeura le symbole de la Monarchie Russe et de l\u2019\u00c9tat de Russie pour plus de quatre cents ans, jusqu&rsquo;\u00e0 la r\u00e9volution d&rsquo;octobre 1917, et rel\u00e9gitim\u00e9 en 1993 \u00e0 la demande du Pr\u00e9sident Boris Yeltsin le 30 novembre 1993. Il existe diff\u00e9rentes interpr\u00e9tations de ce symbole. La plus commun\u00e9ment admise, interpr\u00e8te l&rsquo;aigle \u00e0 deux t\u00eates comme un corps, la Russie, \u00e0 deux t\u00eates, l&rsquo;Europe et l&rsquo;Asie, d&rsquo;\u00e9gales importance pour le pays.<br>L&rsquo;insigne de l\u2019\u00c9tat subit quelques changements au cours de l&rsquo;histoire pr\u00e9liminaire de la r\u00e9volution Russe, bien que ces modifications soient infimes. Quand la vieille dynastie Rurick s&rsquo;\u00e9teigna \u00e0 la fin du XVIIe si\u00e8cle et que les Romanov vinrent au pouvoir, l&rsquo;aigle \u00e0 deux t\u00eates resta le symbole de la Russie, bien qu&rsquo;il fut rajout\u00e9 trois couronnes au-dessus de l&rsquo;aigle. Elles incarnaient l&rsquo;unit\u00e9 des trois nations : Russe, Ukrainienne, et Bi\u00e9lorusse.<\/p>\n\n\n\n<p><\/p>\n","protected":false},"excerpt":{"rendered":"<p>Drapeau Armoiries \u25cf&nbsp;Drapeau&nbsp;: Les trois couleurs du drapeau national Russe furent adopt\u00e9es \u00e0 la demande du Pr\u00e9sident Boris Yeltsin le 11 d\u00e9cembre 1993 en remplacement du pr\u00e9c\u00e9dent de couleur rouge et bleu datant des Soviets. Selon la Constitution, \u00ab\u00a0Le drapeau national de la F\u00e9d\u00e9ration de Russie se compose de trois bandes horizontales d&rsquo;\u00e9gales dimensions &#8211; [&hellip;]<\/p>\n","protected":false},"author":1,"featured_media":0,"parent":0,"menu_order":0,"comment_status":"closed","ping_status":"closed","template":"","meta":{"footnotes":""},"class_list":["post-536","page","type-page","status-publish","hentry"],"_links":{"self":[{"href":"https:\/\/la-marque.org\/index.php\/wp-json\/wp\/v2\/pages\/536","targetHints":{"allow":["GET"]}}],"collection":[{"href":"https:\/\/la-marque.org\/index.php\/wp-json\/wp\/v2\/pages"}],"about":[{"href":"https:\/\/la-marque.org\/index.php\/wp-json\/wp\/v2\/types\/page"}],"author":[{"embeddable":true,"href":"https:\/\/la-marque.org\/index.php\/wp-json\/wp\/v2\/users\/1"}],"replies":[{"embeddable":true,"href":"https:\/\/la-marque.org\/index.php\/wp-json\/wp\/v2\/comments?post=536"}],"version-history":[{"count":3,"href":"https:\/\/la-marque.org\/index.php\/wp-json\/wp\/v2\/pages\/536\/revisions"}],"predecessor-version":[{"id":2023,"href":"https:\/\/la-marque.org\/index.php\/wp-json\/wp\/v2\/pages\/536\/revisions\/2023"}],"wp:attachment":[{"href":"https:\/\/la-marque.org\/index.php\/wp-json\/wp\/v2\/media?parent=536"}],"curies":[{"name":"wp","href":"https:\/\/api.w.org\/{rel}","templated":true}]}}