{"id":519,"date":"2020-02-05T11:57:24","date_gmt":"2020-02-05T11:57:24","guid":{"rendered":"https:\/\/la-marque.org\/?page_id=519"},"modified":"2020-02-05T11:57:24","modified_gmt":"2020-02-05T11:57:24","slug":"bloc-marque-du-japon","status":"publish","type":"page","link":"https:\/\/la-marque.org\/index.php\/bloc-marque-du-japon\/","title":{"rendered":"Bloc Marque du Japon"},"content":{"rendered":"\n<h4 class=\"has-text-align-center wp-block-heading\">Drapeau<\/h4>\n\n\n\n<div class=\"wp-block-image\"><figure class=\"aligncenter size-large\"><img loading=\"lazy\" decoding=\"async\" width=\"137\" height=\"91\" src=\"https:\/\/la-marque.org\/wp-content\/uploads\/2020\/02\/flagjap.gif\" alt=\"Drapeau du Japon\" class=\"wp-image-520\"\/><\/figure><\/div>\n\n\n\n<h4 class=\"has-text-align-center wp-block-heading\">Sceau<\/h4>\n\n\n\n<div class=\"wp-block-image\"><figure class=\"aligncenter size-large\"><img loading=\"lazy\" decoding=\"async\" width=\"80\" height=\"80\" src=\"https:\/\/la-marque.org\/wp-content\/uploads\/2020\/02\/sceauJapon.png\" alt=\"Sceau du Japon\" class=\"wp-image-521\"\/><\/figure><\/div>\n\n\n\n<ul class=\"wp-block-list\"><li>Le <strong>drapeau<\/strong> japonais, d\u00e9nom\u00e9 le \u00ab\u00a0Ninomaru\u00a0\u00bb est blanc avec un soleil rouge en forme de disque en son centre. Il a \u00e9t\u00e9 officialis\u00e9 et utilis\u00e9 le 8 ao\u00fbt 1854 pour la marine et le 27 f\u00e9vrier 1870 pour la terre. Les banni\u00e8res avec le disque du soleil ou de la lune rel\u00e8vent d&rsquo;une tradition qui date d&rsquo;environ 1300 ans au Japon.<br>     Le disque rouge du soleil symbolise la descendance divine des empereurs japonais. Le blanc incarne l&rsquo;honn\u00eatet\u00e9, la sinc\u00e9rit\u00e9, la propret\u00e9; le rouge lui, incarne le courage, l&rsquo;ouverture et la passion.<\/li><li><strong>Sceau<\/strong> : \u00ab\u00a0The National and Imperial Seal of Japan: the Chrysanthemum is the public symbol of the Emperor of Japan since the twelfth century. The 16-petal symbol is now used in the public businesses of the Japanese government. It was codified in Japanese law by Imperial decree in 1926.\u00a0\u00bb <em>Source wikimedia<\/em><\/li><\/ul>\n","protected":false},"excerpt":{"rendered":"<p>Drapeau Sceau Le drapeau japonais, d\u00e9nom\u00e9 le \u00ab\u00a0Ninomaru\u00a0\u00bb est blanc avec un soleil rouge en forme de disque en son centre. Il a \u00e9t\u00e9 officialis\u00e9 et utilis\u00e9 le 8 ao\u00fbt 1854 pour la marine et le 27 f\u00e9vrier 1870 pour la terre. Les banni\u00e8res avec le disque du soleil ou de la lune rel\u00e8vent d&rsquo;une [&hellip;]<\/p>\n","protected":false},"author":1,"featured_media":0,"parent":0,"menu_order":0,"comment_status":"closed","ping_status":"closed","template":"","meta":{"footnotes":""},"class_list":["post-519","page","type-page","status-publish","hentry"],"_links":{"self":[{"href":"https:\/\/la-marque.org\/index.php\/wp-json\/wp\/v2\/pages\/519","targetHints":{"allow":["GET"]}}],"collection":[{"href":"https:\/\/la-marque.org\/index.php\/wp-json\/wp\/v2\/pages"}],"about":[{"href":"https:\/\/la-marque.org\/index.php\/wp-json\/wp\/v2\/types\/page"}],"author":[{"embeddable":true,"href":"https:\/\/la-marque.org\/index.php\/wp-json\/wp\/v2\/users\/1"}],"replies":[{"embeddable":true,"href":"https:\/\/la-marque.org\/index.php\/wp-json\/wp\/v2\/comments?post=519"}],"version-history":[{"count":1,"href":"https:\/\/la-marque.org\/index.php\/wp-json\/wp\/v2\/pages\/519\/revisions"}],"predecessor-version":[{"id":523,"href":"https:\/\/la-marque.org\/index.php\/wp-json\/wp\/v2\/pages\/519\/revisions\/523"}],"wp:attachment":[{"href":"https:\/\/la-marque.org\/index.php\/wp-json\/wp\/v2\/media?parent=519"}],"curies":[{"name":"wp","href":"https:\/\/api.w.org\/{rel}","templated":true}]}}