{"id":513,"date":"2020-02-05T11:52:39","date_gmt":"2020-02-05T11:52:39","guid":{"rendered":"https:\/\/la-marque.org\/?page_id=513"},"modified":"2020-02-05T11:52:39","modified_gmt":"2020-02-05T11:52:39","slug":"bloc-marque-de-linde","status":"publish","type":"page","link":"https:\/\/la-marque.org\/index.php\/bloc-marque-de-linde\/","title":{"rendered":"Bloc Marque de l&rsquo;Inde"},"content":{"rendered":"\n<h4 class=\"has-text-align-center wp-block-heading\">Drapeau<\/h4>\n\n\n\n<div class=\"wp-block-image\"><figure class=\"aligncenter size-large\"><img loading=\"lazy\" decoding=\"async\" width=\"153\" height=\"91\" src=\"https:\/\/la-marque.org\/wp-content\/uploads\/2020\/02\/flaginde.gif\" alt=\"Drapeau de l'Inde\" class=\"wp-image-514\"\/><\/figure><\/div>\n\n\n\n<h4 class=\"has-text-align-center wp-block-heading\">Embl\u00e8me<\/h4>\n\n\n\n<div class=\"wp-block-image\"><figure class=\"aligncenter size-large\"><img loading=\"lazy\" decoding=\"async\" width=\"57\" height=\"91\" src=\"https:\/\/la-marque.org\/wp-content\/uploads\/2020\/02\/embinde.gif\" alt=\"Embl\u00e8me de l'Inde\" class=\"wp-image-515\"\/><\/figure><\/div>\n\n\n\n<p><strong>Devise<\/strong> : \u00ab Satyameva jayate \u00bb \u00ab La v\u00e9rit\u00e9 seule triomphe \u00bb<\/p>\n\n\n\n<p>\u25cf Le <strong>drapeau<\/strong> : Au centre de la bande blanche une roue bleu fonc\u00e9e qui repr\u00e9sente le Chakra. Sa forme est celle de la roue situ\u00e9e sur l&rsquo;abaque du \u00ab\u00a0Sarnath Lion Capital\u00a0\u00bb d&rsquo;Ashoka. Son diam\u00e8tre correspond \u00e0 peu pr\u00e8s \u00e0 la largeur de la bande blanche et comporte 24 pales. Le design du drapeau national fut adopt\u00e9 par l&rsquo;Assembl\u00e9e Constituante Indienne le 22 juillet 1947.<br>\n\u25cf <strong>Embl\u00e8me<\/strong> : L&#8217;embl\u00e8me de l&rsquo;Etat est une adaptation du \u00ab\u00a0Sarnath Lion Capital\u00a0\u00bb d&rsquo;Ashoka. L&rsquo;original pr\u00e9sente quatre lions, dos \u00e0 dos, sur un abaque avec une frise compos\u00e9e de sculptures en haut relief d&rsquo;un \u00e9lephant, un cheval galopant, un taureau et un lion, s\u00e9par\u00e9s par des roues au-dessus d&rsquo;un lotus en forme de cloche. Sculpt\u00e9 dans un seul bloc de gr\u00e8s p\u00f4lie, le chapiteau est couronn\u00e9 par la \u00ab\u00a0Roue de la loi\u00a0\u00bb (Dharma Chakra). Dans le cas de l&#8217;embl\u00e8me de l&rsquo;Etat, adopt\u00e9 par le Gouvernement Indien le 26 janvier 1950, seulement trois lions sont visibles, le quatri\u00e8me est masqu\u00e9. La roue appara\u00eet en relief au centre de l&rsquo;abaque avec un taureau \u00e0 sa droite et un cheval \u00e0 sa gauche et les extr\u00e9mit\u00e9s des autres roues sur les bords droit et gauche. Le dessin du lotus en forme de cloche a \u00e9t\u00e9 omis. Les mots Satyameva Jayate du \u00ab\u00a0Mundaka Upanishad\u00a0\u00bb qui ont pour sens \u00ab\u00a0la v\u00e9rit\u00e9 seule triomphe\u00a0\u00bb, sont inscrits sous l&rsquo;abaque en utilisant l&rsquo;alphabet Devanagari.<\/p>\n","protected":false},"excerpt":{"rendered":"<p>Drapeau Embl\u00e8me Devise : \u00ab Satyameva jayate \u00bb \u00ab La v\u00e9rit\u00e9 seule triomphe \u00bb \u25cf Le drapeau : Au centre de la bande blanche une roue bleu fonc\u00e9e qui repr\u00e9sente le Chakra. Sa forme est celle de la roue situ\u00e9e sur l&rsquo;abaque du \u00ab\u00a0Sarnath Lion Capital\u00a0\u00bb d&rsquo;Ashoka. Son diam\u00e8tre correspond \u00e0 peu pr\u00e8s \u00e0 la [&hellip;]<\/p>\n","protected":false},"author":1,"featured_media":0,"parent":0,"menu_order":0,"comment_status":"closed","ping_status":"closed","template":"","meta":{"footnotes":""},"class_list":["post-513","page","type-page","status-publish","hentry"],"_links":{"self":[{"href":"https:\/\/la-marque.org\/index.php\/wp-json\/wp\/v2\/pages\/513","targetHints":{"allow":["GET"]}}],"collection":[{"href":"https:\/\/la-marque.org\/index.php\/wp-json\/wp\/v2\/pages"}],"about":[{"href":"https:\/\/la-marque.org\/index.php\/wp-json\/wp\/v2\/types\/page"}],"author":[{"embeddable":true,"href":"https:\/\/la-marque.org\/index.php\/wp-json\/wp\/v2\/users\/1"}],"replies":[{"embeddable":true,"href":"https:\/\/la-marque.org\/index.php\/wp-json\/wp\/v2\/comments?post=513"}],"version-history":[{"count":1,"href":"https:\/\/la-marque.org\/index.php\/wp-json\/wp\/v2\/pages\/513\/revisions"}],"predecessor-version":[{"id":517,"href":"https:\/\/la-marque.org\/index.php\/wp-json\/wp\/v2\/pages\/513\/revisions\/517"}],"wp:attachment":[{"href":"https:\/\/la-marque.org\/index.php\/wp-json\/wp\/v2\/media?parent=513"}],"curies":[{"name":"wp","href":"https:\/\/api.w.org\/{rel}","templated":true}]}}