{"id":495,"date":"2020-02-05T10:56:09","date_gmt":"2020-02-05T10:56:09","guid":{"rendered":"https:\/\/la-marque.org\/?page_id=495"},"modified":"2020-02-05T11:47:56","modified_gmt":"2020-02-05T11:47:56","slug":"bloc-marque-des-etats-unis-damerique","status":"publish","type":"page","link":"https:\/\/la-marque.org\/index.php\/bloc-marque-des-etats-unis-damerique\/","title":{"rendered":"Bloc Marque des Etats-Unis d&rsquo;Am\u00e9rique"},"content":{"rendered":"\n<h4 class=\"has-text-align-center wp-block-heading\"><strong> Drapeau<\/strong><\/h4>\n\n\n\n<div class=\"wp-block-image is-style-default\"><figure class=\"aligncenter size-large\"><img loading=\"lazy\" decoding=\"async\" width=\"165\" height=\"91\" src=\"https:\/\/la-marque.org\/wp-content\/uploads\/2020\/02\/flagusa.gif\" alt=\"Drapeau USA\" class=\"wp-image-498\"\/><\/figure><\/div>\n\n\n\n<h4 class=\"has-text-align-center wp-block-heading\"><strong>Sceau<\/strong><\/h4>\n\n\n\n<div class=\"wp-block-image\"><figure class=\"aligncenter size-large\"><img loading=\"lazy\" decoding=\"async\" width=\"92\" height=\"91\" src=\"https:\/\/la-marque.org\/wp-content\/uploads\/2020\/02\/seal2.jpg\" alt=\"Sceau USA\" class=\"wp-image-499\"\/><\/figure><\/div>\n\n\n\n<p><strong>Devise<\/strong> :&nbsp;<em>\u201cIn God We Trust\u201d, \u00ab\u00a0E pluribus unum\u00a0\u00bb<\/em><\/p>\n\n\n\n<p>\u25cf <strong>Drapeau<\/strong> : Les 50 \u00e9toiles du drapeau repr\u00e9sentent les 50 \u00c9tats de l&rsquo;Union tandis que les 13 bandes horizontales repr\u00e9sentent les 13 \u00c9tats fondateurs.<\/p>\n\n\n\n<p>\u25cf <strong>Sceau<\/strong> : Il fut adopt\u00e9 par le Second Congr\u00e8s Continental le 20 juin 1782 et par le Congr\u00e8s am\u00e9ricain le 15 septembre 1789. L&#8217;embl\u00e8me national est entour\u00e9 de deux anneaux concentriques. Cet embl\u00e8me est constitu\u00e9 de l&rsquo;aigle am\u00e9ricain aux ailes d\u00e9ploy\u00e9es. Dans ses serres se trouvent, \u00e0 droite, une branche d&rsquo;olivier et \u00e0 gauche un faisceau de 13 fl\u00e8ches. Dans son bec, il retient un ruban o\u00f9 est inscrite la devise suivante : <em>E pluribus unum<\/em> (tous ensemble, ne faire qu\u2019un). Au dessus de la t\u00eate de l&rsquo;aigle, se trouve un motif form\u00e9 de 13 \u00e9toiles sur fond de ciel bleu surmont\u00e9es de rayons de soleil et encercl\u00e9es d&rsquo;un nuage. Le revers du sceau est form\u00e9 par une pyramide inachev\u00e9e o\u00f9 appara\u00eet un \u0153il surmont\u00e9 de raies de lumi\u00e8res. En dessous sont inscrites les devises suivantes : <em>Annuit coeptis<\/em> (Il a favoris\u00e9 notre entreprise) et <em>Novus Ordo Seclorum<\/em> (un nouvel ordre des si\u00e8cles). L&rsquo;aigle est un symbole de souverainet\u00e9. La branche d&rsquo;olivier et les fl\u00e8ches repr\u00e9sentent le pouvoir de faire la paix ou la guerre. Les \u00e9toiles sont l&rsquo;image d&rsquo;une nouvelle nation s&rsquo;organisant en r\u00e9publique. Le rouge du bouclier rappelle la valeur et la hardiesse, le bleu la vigilance, la justice, la pers\u00e9v\u00e9rance, le blanc la puret\u00e9 et l&rsquo;innocence. La pyramide est l&#8217;embl\u00e8me de la force tandis que l\u2019\u0153il de Dieu rappelle l&rsquo;espoir de la faveur divine. Enfin, la date de 1776 en chiffres romains que l&rsquo;on peut apercevoir au bas de la pyramide comm\u00e9more l&rsquo;Ind\u00e9pendence.<\/p>\n","protected":false},"excerpt":{"rendered":"<p>Drapeau Sceau Devise :&nbsp;\u201cIn God We Trust\u201d, \u00ab\u00a0E pluribus unum\u00a0\u00bb \u25cf Drapeau : Les 50 \u00e9toiles du drapeau repr\u00e9sentent les 50 \u00c9tats de l&rsquo;Union tandis que les 13 bandes horizontales repr\u00e9sentent les 13 \u00c9tats fondateurs. \u25cf Sceau : Il fut adopt\u00e9 par le Second Congr\u00e8s Continental le 20 juin 1782 et par le Congr\u00e8s am\u00e9ricain [&hellip;]<\/p>\n","protected":false},"author":1,"featured_media":0,"parent":0,"menu_order":0,"comment_status":"closed","ping_status":"closed","template":"","meta":{"footnotes":""},"class_list":["post-495","page","type-page","status-publish","hentry"],"_links":{"self":[{"href":"https:\/\/la-marque.org\/index.php\/wp-json\/wp\/v2\/pages\/495","targetHints":{"allow":["GET"]}}],"collection":[{"href":"https:\/\/la-marque.org\/index.php\/wp-json\/wp\/v2\/pages"}],"about":[{"href":"https:\/\/la-marque.org\/index.php\/wp-json\/wp\/v2\/types\/page"}],"author":[{"embeddable":true,"href":"https:\/\/la-marque.org\/index.php\/wp-json\/wp\/v2\/users\/1"}],"replies":[{"embeddable":true,"href":"https:\/\/la-marque.org\/index.php\/wp-json\/wp\/v2\/comments?post=495"}],"version-history":[{"count":2,"href":"https:\/\/la-marque.org\/index.php\/wp-json\/wp\/v2\/pages\/495\/revisions"}],"predecessor-version":[{"id":512,"href":"https:\/\/la-marque.org\/index.php\/wp-json\/wp\/v2\/pages\/495\/revisions\/512"}],"wp:attachment":[{"href":"https:\/\/la-marque.org\/index.php\/wp-json\/wp\/v2\/media?parent=495"}],"curies":[{"name":"wp","href":"https:\/\/api.w.org\/{rel}","templated":true}]}}