{"id":488,"date":"2020-02-04T12:17:43","date_gmt":"2020-02-04T12:17:43","guid":{"rendered":"https:\/\/la-marque.org\/?page_id=488"},"modified":"2020-02-04T12:20:04","modified_gmt":"2020-02-04T12:20:04","slug":"bresil","status":"publish","type":"page","link":"https:\/\/la-marque.org\/index.php\/bresil\/","title":{"rendered":"Bloc Marque national : Br\u00e9sil"},"content":{"rendered":"\n<h4 class=\"has-text-align-center wp-block-heading\">Drapeau<\/h4>\n\n\n\n<div class=\"wp-block-image\"><figure class=\"aligncenter size-large\"><img loading=\"lazy\" decoding=\"async\" width=\"109\" height=\"76\" src=\"https:\/\/la-marque.org\/wp-content\/uploads\/2020\/02\/flagbres.gif\" alt=\"Drapeau du Br\u00e9sil\" class=\"wp-image-489\"\/><\/figure><\/div>\n\n\n\n<h4 class=\"has-text-align-center wp-block-heading\">Blason<\/h4>\n\n\n\n<div class=\"wp-block-image\"><figure class=\"aligncenter size-large\"><img loading=\"lazy\" decoding=\"async\" width=\"74\" height=\"74\" src=\"https:\/\/la-marque.org\/wp-content\/uploads\/2020\/02\/blasbres.gif\" alt=\"Blason du Br\u00e9sil\" class=\"wp-image-490\"\/><\/figure><\/div>\n\n\n\n<p><strong>Devise<\/strong> :&nbsp;Ordre et progr\u00e8s (Ordem e Progresso)<\/p>\n\n\n\n<p>\u25cf Le <strong>drapeau<\/strong> br\u00e9silien a un grand diamant jaune sur un fond vert. Le vert repr\u00e9sente les champs fertiles et les for\u00eats du Br\u00e9sil. Le jaune repr\u00e9sente sa richesse en or, qui est trouv\u00e9 dans de nombreuses parties du pays. Au centre du diamant jaune, se trouve une sph\u00e8re bleue, qui symbolise le ciel bleu marine qu&rsquo;on retrouve d&rsquo;habitude dans les r\u00e9gions tropicales du globe terrestre. Dans ce ciel, on retrouve les \u00e9toiles qui repr\u00e9sentent la capitale du pays et ses \u00e9tats f\u00e9d\u00e9raux. Actuellement, il y a 26 \u00e9tats et la capitale (27 \u00e9tats). Au milieu de la sph\u00e8re, il y a une banni\u00e8re blanche avec l&rsquo;inscription \u00ab\u00a0Ordem e Progresso\u00a0\u00bb, ce qui veut dire \u00ab\u00a0Ordre et Progr\u00e8s\u00a0\u00bb. La disposition des \u00e9toiles du drapeau refl\u00e8te celle du ciel de Rio de Janeiro le 15 novembre 1889 \u00e0 20h30, date de l&rsquo;inauguration de la R\u00e9publique.<br>\n\u25cf Le <strong>blason<\/strong> de la R\u00e9publique avait, en son origine, sur le ruban, le nom adopt\u00e9 par le pays apr\u00e8s l&rsquo;abolition de la monarchie : Estados Unidos do Brazil (Etats-Unis du Br\u00e9sil). La version pr\u00e9sente, \u00e9tablie par la loi no. 5700, du premier septembre 1971, refl\u00e8te le changement du nom officiel du pays pour Republica Federativa do Brasil (R\u00e9publique F\u00e9d\u00e9rale du Br\u00e9sil).&nbsp;<\/p>\n","protected":false},"excerpt":{"rendered":"<p>Drapeau Blason Devise :&nbsp;Ordre et progr\u00e8s (Ordem e Progresso) \u25cf Le drapeau br\u00e9silien a un grand diamant jaune sur un fond vert. Le vert repr\u00e9sente les champs fertiles et les for\u00eats du Br\u00e9sil. Le jaune repr\u00e9sente sa richesse en or, qui est trouv\u00e9 dans de nombreuses parties du pays. Au centre du diamant jaune, se [&hellip;]<\/p>\n","protected":false},"author":1,"featured_media":0,"parent":0,"menu_order":0,"comment_status":"closed","ping_status":"closed","template":"","meta":{"footnotes":""},"class_list":["post-488","page","type-page","status-publish","hentry"],"_links":{"self":[{"href":"https:\/\/la-marque.org\/index.php\/wp-json\/wp\/v2\/pages\/488","targetHints":{"allow":["GET"]}}],"collection":[{"href":"https:\/\/la-marque.org\/index.php\/wp-json\/wp\/v2\/pages"}],"about":[{"href":"https:\/\/la-marque.org\/index.php\/wp-json\/wp\/v2\/types\/page"}],"author":[{"embeddable":true,"href":"https:\/\/la-marque.org\/index.php\/wp-json\/wp\/v2\/users\/1"}],"replies":[{"embeddable":true,"href":"https:\/\/la-marque.org\/index.php\/wp-json\/wp\/v2\/comments?post=488"}],"version-history":[{"count":2,"href":"https:\/\/la-marque.org\/index.php\/wp-json\/wp\/v2\/pages\/488\/revisions"}],"predecessor-version":[{"id":494,"href":"https:\/\/la-marque.org\/index.php\/wp-json\/wp\/v2\/pages\/488\/revisions\/494"}],"wp:attachment":[{"href":"https:\/\/la-marque.org\/index.php\/wp-json\/wp\/v2\/media?parent=488"}],"curies":[{"name":"wp","href":"https:\/\/api.w.org\/{rel}","templated":true}]}}