{"id":469,"date":"2020-02-04T11:29:17","date_gmt":"2020-02-04T11:29:17","guid":{"rendered":"https:\/\/la-marque.org\/?page_id=469"},"modified":"2025-04-17T16:17:45","modified_gmt":"2025-04-17T16:17:45","slug":"devises-des-marques-nation","status":"publish","type":"page","link":"https:\/\/la-marque.org\/index.php\/devises-des-marques-nation\/","title":{"rendered":"Devises des Marques Nation"},"content":{"rendered":"\n<p class=\"has-drop-cap\">Les devises des Marques nation&nbsp; t\u00e9moignent de l&rsquo;histoire de leurs peuples et des pr\u00e9occupations qui les animent. Parmi les occurrences les plus fr\u00e9quentes, citons&nbsp;: \u00ab&nbsp;Dieu\/Allah&nbsp;\u00bb, \u00ab&nbsp;Libert\u00e9&nbsp;\u00bb. Ces deux entit\u00e9s ne faisant pas toujours bon m\u00e9nage ensemble on ne sera pas surpris de retrouver dans le palmar\u00e8s \u00e0 quelques occurrences pr\u00e8s, les mots \u00ab&nbsp;Unit\u00e9&nbsp;\u00bb, \u00ab&nbsp;Union&nbsp;\u00bb en companie de \u00ab&nbsp;Travail&nbsp;\u00bb, \u00ab&nbsp;Patrie&nbsp;\u00bb, \u00ab&nbsp;Justice&nbsp;\u00bb, \u00ab&nbsp;Progr\u00e8s&nbsp;\u00bb etc. Tout cela r\u00e9sonne fort d&rsquo;un pr\u00e9sent qui retient le pass\u00e9 pour pr\u00e9parer le futur.<\/p>\n\n\n\n<p class=\"has-text-align-center\"><strong>Devises des Marques nations<\/strong><br>La liste est partielle, plusieurs traductions sont propos\u00e9es. <br>(Sources diverses) <\/p>\n\n\n\n<figure class=\"wp-block-table is-style-stripes\"><table class=\"has-background\" style=\"background-color:#f3f4f5\"><tbody><tr><td><strong>Pays<\/strong><\/td><td><strong>Devises<\/strong><\/td><\/tr><tr><td>Afghanistan<\/td><td>Allah est grand. Il n&rsquo;est de Dieu qu&rsquo;Allah et Mahommet est son proph\u00e8te<br>Dieu est le plus grand. Il n&rsquo;y a pas d&rsquo;autre dieu qu&rsquo;Allah et Mohamed est son proph\u00e8te.<\/td><\/tr><tr><td>Afrique du Sud<\/td><td>!ke e: \u01c0xarra \u01c1ke<br>(\u01c0Xam)<br>\u00ab L&rsquo;unit\u00e9 dans la diversit\u00e9 \u00bb (litt\u00e9ralement \u00ab Divers peuples unis \u00bb)<br>L&rsquo;union fait la force (Ex Unitate Vires)<\/td><\/tr><tr><td>Albanie<\/td><td><a href=\"https:\/\/fr.wikipedia.org\/wiki\/Albanie\" target=\"_blank\" rel=\"noreferrer noopener\">\u00ab Toi l&rsquo;Albanie, tu me fais honneur, tu me donnes le nom d&rsquo;Albanais \u00bb<\/a><\/td><\/tr><tr><td>Alg\u00e9rie<\/td><td>Par le peuple et pour le peuple<\/td><\/tr><tr><td>Allemagne<\/td><td>Unit\u00e9 et droit et libert\u00e9 (Einigkeit und Recht und Freiheit)<\/td><\/tr><tr><td>Andorre<\/td><td>Virtus unita fortior<br>\u00ab\u00a0La vertu unie est plus forte\u00a0\u00bb<br>\u00ab\u00a0L&rsquo;union fait la force\u00a0\u00bb <br>\u00ab\u00a0L&rsquo;unit\u00e9 fait la force\u00a0\u00bb<\/td><\/tr><tr><td>Angola<\/td><td>L&rsquo;union fait la force<\/td><\/tr><tr><td>Antigua et Barbuda<\/td><td>Effort individuel, Succ\u00e8s collectif<\/td><\/tr><tr><td>Arabie Saoudite<\/td><td>Il n&rsquo;y a de dieu que Dieu et Mahomet est son proph\u00e8te<\/td><\/tr><tr><td>Argentine<\/td><td>\u00ab\u00a0En Uni\u00f3n y Libertad\u00a0\u00bb qui signifie \u00ab\u00a0Dans l&rsquo;Union et la Libert\u00e9\u00a0\u00bb<\/td><\/tr><tr><td>Arm\u00e9nie<\/td><td>\u00ab Une nation, une culture \u00bb,(non officiel &#8211; <em>source wikipedia<\/em>)<\/td><\/tr><tr><td>Australie<\/td><td><\/td><\/tr><tr><td>Autriche<\/td><td>Il appartient \u00e0 l&rsquo;Autriche de r\u00e9gner sur l&rsquo;univers (\u00ab\u00a0Austria Est Imperare Orbi Universo \u00a0\u00bb -AEIOU- ou \u00a0\u00bb Alles Erdreich Ist \u00d6sterreich Untertan \u00a0\u00bb ). Devise de l&rsquo;Autriche imp\u00e9riale <\/td><\/tr><tr><td>Barbade<\/td><td>Fiert\u00e9 et travail (Pride and industry)<\/td><\/tr><tr><td>Belgique<\/td><td>L&rsquo;union fait la force<\/td><\/tr><tr><td>Belize<\/td><td>Je fleuris \u00e0 l&rsquo;ombre (Sub umbra floreo. We flourish in the shade)<\/td><\/tr><tr><td>B\u00e9nin<\/td><td>Fraternit\u00e9, Justice, Travail<\/td><\/tr><tr><td>Bolivie<\/td><td>L&rsquo;union est (fait) la force<br>Dieu, honneur, patrie <\/td><\/tr><tr><td>Botswana<\/td><td>Que tombe la pluie (Let there be rain) (Bring on the rain)<\/td><\/tr><tr><td>Br\u00e9sil<\/td><td>Ordre et progr\u00e8s (Ordem e Progresso) <\/td><\/tr><tr><td>Brunei<\/td><td>Brunei Darussalam (en malais : Brunei, asile de paix)<br>Avec l&rsquo;aide de Dieu le bien triomphera<\/td><\/tr><tr><td>Bulgarie<\/td><td>L&rsquo;union fait la force<\/td><\/tr><tr><td>Burkina-Faso<\/td><td>Unit\u00e9 &#8211; Progr\u00e8s &#8211; Justice<br>La patrie ou la mort. Nous vaincrons<\/td><\/tr><tr><td>Burundi<\/td><td>Unit\u00e9, Travail, Progr\u00e8s<\/td><\/tr><tr><td>Cambodge<\/td><td>Nation, Religion, Roi<br>Harmonie nationale<\/td><\/tr><tr><td>Cameroun<\/td><td>Paix, travail, patrie<br>Peace, Work, Fatherland<\/td><\/tr><tr><td>Canada<\/td><td>D&rsquo;un oc\u00e9an \u00e0 l&rsquo;autre (A mari usque ad mare) <\/td><\/tr><tr><td>Cap Vert<\/td><td>Unidade, Trabalho, Progresso<br>Unit\u00e9, Travail, Progr\u00e8s<\/td><\/tr><tr><td>Chili<\/td><td>Par la raison ou la force (Por la raz\u00f3n o la fuerza) <\/td><\/tr><tr><td>Colombie<\/td><td>Libert\u00e9 et Ordre (Libertad y orden) <\/td><\/tr><tr><td>Congo R\u00e9publique du Congo<\/td><td>Unit\u00e9, travail, progr\u00e8s<\/td><\/tr><tr><td>Congo<br>R\u00e9publique d\u00e9mocratique du Congo<\/td><td>Paix, justice, travail <\/td><\/tr><tr><td>C\u00f4te d&rsquo;ivoire<\/td><td>Union, Discipline, Travail <\/td><\/tr><tr><td>Cuba<\/td><td>La patrie ou la mort, nous vaincrons (Patria o muerte, venceremos)<\/td><\/tr><tr><td>Danemark<\/td><td>L&rsquo;aide de Dieu, l&rsquo;amour du peuple, la grandeur du Danemark<\/td><\/tr><tr><td>Dominique<\/td><td>Apr\u00e8s Dieu c&rsquo;est la terre<\/td><\/tr><tr><td>Egypte<\/td><td>Silence et patience, libert\u00e9, socialisme, unit\u00e9<\/td><\/tr><tr><td>Equateur<\/td><td>Dieu, patrie et libert\u00e9<\/td><\/tr><tr><td>Espagne<\/td><td>Encore au-del\u00e0 (Plus Ultra)<\/td><\/tr><tr><td>Ethiopie<\/td><td>L&rsquo;\u00c9thiopie d&rsquo;abord (Ethiopia Tekdem)<\/td><\/tr><tr><td>Fidji<\/td><td>Crains Dieu et honore la Reine<br>\u00ab Rerevaka na Kalou ka Doka na Tui \u00bb<\/td><\/tr><tr><td>France<\/td><td>Libert\u00e9, \u00c9galit\u00e9, Fraternit\u00e9<\/td><\/tr><tr><td>Gabon<\/td><td>Union, Travail, Justice<\/td><\/tr><tr><td>Gambie<\/td><td>Progr\u00e8s, paix, prosp\u00e9rit\u00e9<\/td><\/tr><tr><td>Ghana<\/td><td>Libert\u00e9 et Justice <\/td><\/tr><tr><td>Gr\u00e8ce<\/td><td>La Libert\u00e9 ou la Mort.<br>Ma force, c&rsquo;est l&rsquo;amour de mon peuple.<\/td><\/tr><tr><td>Guatemala<\/td><td>Libre, crezca, fecundo.<\/td><\/tr><tr><td>Guin\u00e9e<\/td><td>Travail, Justice, Solidarit\u00e9<\/td><\/tr><tr><td>Guin\u00e9e-Bissau<\/td><td>Unit\u00e9, Lutte, Progr\u00e8s<\/td><\/tr><tr><td>Guin\u00e9e-Equatoriale<\/td><td>Unit\u00e9, Paix, Justice<\/td><\/tr><tr><td>Guyana<\/td><td>Un peuple, une nation, un destin<\/td><\/tr><tr><td>Ha\u00efti<\/td><td>Libert\u00e9, \u00c9galit\u00e9, Fraternit\u00e9. L&rsquo;union fait la force.<\/td><\/tr><tr><td>Honduras<\/td><td>Libre, Souveraine et Ind\u00e9pendante <\/td><\/tr><tr><td>Hongrie<\/td><td>Tout le pouvoir est au peuple <\/td><\/tr><tr><td>Iles Ca\u00efmans<\/td><td>\u00c9l lo ha fundado sobre los mares<br>\u00c9tablies par Dieu sur les flots<\/td><\/tr><tr><td>Inde<\/td><td>\u0938\u0924\u094d\u092f\u092e\u0947\u0935 \u091c\u092f\u0924\u0947 (satyameva jayate) (sanskrit : \u00ab Seule la v\u00e9rit\u00e9 triomphe \u00bb)<br>La v\u00e9rit\u00e9 l&#8217;emportera<\/td><\/tr><tr><td>Indon\u00e9sie<\/td><td>Unit\u00e9 dans la diversit\u00e9 (Bhinneka tunggal ika) <\/td><\/tr><tr><td>Irak<\/td><td>Allahu Akbar (Dieu est le plus Grand)<br>Unit\u00e9, libert\u00e9, socialisme<\/td><\/tr><tr><td>Irlande du Nord<\/td><td>Dieu et mon droit <\/td><\/tr><tr><td>Iran<\/td><td>Ind\u00e9pendance, Libert\u00e9, R\u00e9publique islamique<\/td><\/tr><tr><td>Islande<\/td><td>La nation est construite sur la loi<\/td><\/tr><tr><td>Isra\u00ebl<\/td><td><em>inconnue<\/em><\/td><\/tr><tr><td>Jama\u00efque<\/td><td>Out of Many One People<br>L&rsquo;unit\u00e9 de la diversit\u00e9 (Out of many, one country)<\/td><\/tr><tr><td>Japon<\/td><td><em>Inconnue<\/em><br>Paix et progr\u00e8s (devise de l&#8217;empreur) <\/td><\/tr><tr><td>Jordanie<\/td><td>Dieu, la Patrie et le Roi.<br>Construisons notre pays et servons notre nation. Allah, la patrie, le roi (Allah, al Watan, al Malik)<\/td><\/tr><tr><td>Kenya<\/td><td>Harambee<br>(Swahili : \u00ab travaillons ensemble \u00bb)<br>En avant tous ensemble<\/td><\/tr><tr><td>Lesotho<\/td><td>Paix, Pluie, Prosp\u00e9rit\u00e9 (Khotso Pula, Nala)<\/td><\/tr><tr><td>Lettonie<\/td><td>Dieu b\u00e9nit la Lettonie (officieuse) <\/td><\/tr><tr><td>Liban<\/td><td><em>Inconnue<\/em><br>Ma patrie a toujours raison (devise du chef de l&rsquo;Etat)<\/td><\/tr><tr><td>Lib\u00e9ria<\/td><td>L&rsquo;amour de la libert\u00e9 nous a men\u00e9 ici (The love of liberty brought us here)<\/td><\/tr><tr><td>Libye<\/td><td>Libert\u00e9, Justice, D\u00e9mocratie<br>Libert\u00e9, socialisme, unit\u00e9<\/td><\/tr><tr><td>Macao<\/td><td><em>Inconnue<\/em><br>Cit\u00e9 du nom de Dieu, il n&rsquo;y en a pas de plus loyale<\/td><\/tr><tr><td>Madagascar<\/td><td>Fitiavana, Tanindrazana, Fandrosoana<br>(Amour, Patrie, Progr\u00e8s)<br>Patrie, libert\u00e9, progr\u00e8s<\/td><\/tr><tr><td>Malaisie<\/td><td>Bersekutu Bertambah Mutu<br>(\u00ab\u00a0L&rsquo;unit\u00e9 est la force\u00a0\u00bb)<br>L&rsquo;union fait la force (Unity is strength)<\/td><\/tr><tr><td>Malawi<\/td><td>Unit\u00e9 et libert\u00e9<\/td><\/tr><tr><td>Mali<\/td><td>Un peuple, un but, une foi<\/td><\/tr><tr><td>Maroc<\/td><td>Dieu, la Patrie, le Roi<\/td><\/tr><tr><td>Mauritanie<\/td><td>Honneur, Fraternit\u00e9, Justice<\/td><\/tr><tr><td>Mexique<\/td><td><em>Inconnue<\/em><br>Plus haut et plus loin (Arriba y adelante) (devise du chef de l&rsquo;Etat)<\/td><\/tr><tr><td>Myanmar<\/td><td>Le bonheur se trouve dans une vie harmonieusement disciplin\u00e9e<\/td><\/tr><tr><td>Namibie<\/td><td>Unit\u00e9, Libert\u00e9, Justice<\/td><\/tr><tr><td>N\u00e9pal<\/td><td>La m\u00e8re et la m\u00e8re patrie valent plus que les cieux.<br>La v\u00e9rit\u00e9 pr\u00e9vaudra toujours. Il est doux et honorable de mourir pour la patrie.<\/td><\/tr><tr><td>Nicaragua<\/td><td>En Dios Confiamos<br>(En Dieu nous avons confiance)<br>Dieu, patrie, honneur<\/td><\/tr><tr><td>Niger<\/td><td>Fraternit\u00e9, travail, progr\u00e8s<\/td><\/tr><tr><td>Nig\u00e9ria<\/td><td>Unit\u00e9 et Foi, Paix et Progr\u00e8s<\/td><\/tr><tr><td>Norv\u00e8ge<\/td><td>Tout pour la Norv\u00e8ge<\/td><\/tr><tr><td>Nouvelle Z\u00e9lande<\/td><td>\u00ab God Defend New Zealand \u00bb<br>Toujours droit<\/td><\/tr><tr><td>Ouganda<\/td><td>Pour Dieu et mon pays<\/td><\/tr><tr><td>Pakistan<\/td><td>Iman, Ittehad, Nazm (Foi, unit\u00e9, discipline)<br>Unit\u00e9, foi, discipline (Ittehad, Yacquin-i-Mukham, Tanzim)<\/td><\/tr><tr><td>Palestine<\/td><td><em>Inconnue<\/em><br>Que Dieu prot\u00e8ge mon pays<\/td><\/tr><tr><td>Panama<\/td><td>Pour le b\u00e9n\u00e9fice du monde<br>Pour le plus grand bien du monde (Pro mundi beneficio)<\/td><\/tr><tr><td>Paraguay<\/td><td>Paz y justicia (espagnol : Paix et justice)<br>Paix et congr\u00e8s<\/td><\/tr><tr><td>Pays-Bas<\/td><td>Je maintiendrai<\/td><\/tr><tr><td>Philippines<\/td><td>Pour l&rsquo;amour de Dieu, du peuple, de la nature et du pays<br>Un seul pays, un seul esprit<\/td><\/tr><tr><td>P\u00e9rou<\/td><td>Firme y feliz por la Uni\u00f3n<br>Fort et heureux par l&rsquo;union<br>Stable et heureux gr\u00e2ce \u00e0 l&rsquo;union de tous<\/td><\/tr><tr><td>Portugal<\/td><td>Le bien de la nation (O bem da Na\u00e7\u00e3o)<\/td><\/tr><tr><td>R\u00e9publique Centraficaine<\/td><td>Unit\u00e9, Dignit\u00e9, Travail<\/td><\/tr><tr><td>R\u00e9publique de Cor\u00e9e<\/td><td>Profiter largement \u00e0 l&rsquo;humanit\u00e9<br>La Cor\u00e9e dynamique<\/td><\/tr><tr><td>R\u00e9publique Dominicaine<\/td><td>Dieu, Patrie, Libert\u00e9<\/td><\/tr><tr><td>R\u00e9publique Tch\u00e8que<\/td><td>La v\u00e9rit\u00e9 vainc (ra)<\/td><\/tr><tr><td>Royaume-Uni<\/td><td>Dieu et mon droit<\/td><\/tr><tr><td>Rwanda<\/td><td>Ubumwe, Umurimo, Gukunda Igihugu (Unit\u00e9, travail, patriotisme)<br>Libert\u00e9, coop\u00e9ration, progr\u00e8s<\/td><\/tr><tr><td>Saint Marin<\/td><td>Libertas<\/td><\/tr><tr><td>Salvador<\/td><td>Dieu, union et libert\u00e9<\/td><\/tr><tr><td>Samoa<\/td><td>Puisse Dieu \u00eatre l&rsquo;assise des Samoa<\/td><\/tr><tr><td>Seychelles <\/td><td>\u00abFinis coronat opus.\u00bb (\u00ab\u00a0La fin couronne l&rsquo;\u0153uvre\u00a0\u00bb)<br>La r\u00e9ussite couronne le travail<\/td><\/tr><tr><td>Sierra Leone<\/td><td>Unit\u00e9, Libert\u00e9, Justice<\/td><\/tr><tr><td>Singapour<\/td><td>En avant Singapour (Majulah Singapura)<\/td><\/tr><tr><td>Soudan<\/td><td>\u00ab \u0627\u0644\u0646\u0635\u0631 \u0644\u0646\u0627 \u00bb, \u00ab An-nasr lan\u0101 \u00bb, \u00ab\u00a0La victoire est \u00e0 nous\u00a0\u00bb<br>Dieu, peuple, patrie<\/td><\/tr><tr><td>Saint Vincent et Grenadines<\/td><td>Paix et justice<\/td><\/tr><tr><td>Sainte-Lucie<\/td><td>La Terre, le Peuple, la Lumi\u00e8re<br>La patrie, le peuple, la lumi\u00e8re<\/td><\/tr><tr><td>Suisse<\/td><td>Un pour tous, tous pour un<\/td><\/tr><tr><td>Suriname<\/td><td>Justice, pi\u00e9t\u00e9, foi (justitia, pietas, fides)<\/td><\/tr><tr><td>Su\u00e8de<\/td><td>Toujours pour la Su\u00e8de (F\u00f6r Sverige, i tiden)<br>Pour la Su\u00e8de, en notre temps (F\u00f6r Sverige, i tiden)<\/td><\/tr><tr><td>Swaziland<\/td><td>Nous sommes une forteresse<\/td><\/tr><tr><td>Syrie<\/td><td>Unit\u00e9, libert\u00e9, socialisme<\/td><\/tr><tr><td>S\u00e9n\u00e9gal<\/td><td>Un peuple, un but, une foi<\/td><\/tr><tr><td>Tanzanie <\/td><td>Uhuru na Umoja (Libert\u00e9 et unit\u00e9)<br>Ind\u00e9pendance et travail (Uhuru na Kazi)<\/td><\/tr><tr><td>Tchad<\/td><td>Unit\u00e9, travail, progr\u00e8s<\/td><\/tr><tr><td>Tha\u00eflande<\/td><td><em>Inconnue<\/em><br>Patrie, religion, roi<\/td><\/tr><tr><td>Togo <\/td><td>Travail, libert\u00e9, patrie<\/td><\/tr><tr><td>Tonga <\/td><td>Dieu et Tonga sont mon h\u00e9ritage<\/td><\/tr><tr><td>Trinit\u00e9 et Tobago (TRI)<\/td><td>M\u00eame id\u00e9al, m\u00eame ouvrage (Together we aspire, together we achieve)<\/td><\/tr><tr><td>Tunisie<\/td><td>Libert\u00e9, Dignit\u00e9, Justice, Ordre<br>Libert\u00e9, ordre, justice<\/td><\/tr><tr><td>Turquie<\/td><td><em>Inconnue<\/em><br>Paix dans le pays, paix hors des fronti\u00e8res<\/td><\/tr><tr><td>USA<\/td><td>Nous avons foi en Dieu (In God we trust, devise nationale). Tous ensemble ne font qu&rsquo;un (E pluribus unum, sur le Grand Sceau)<\/td><\/tr><tr><td>Uruguay <\/td><td>Libertad o Muerte (en espagnol : \u00ab La libert\u00e9 ou la mort \u00bb)<br>En libert\u00e9, je n&rsquo;offense ni ne crains (Con libertad non ofenso ni temo)<\/td><\/tr><tr><td>Vanuatu<\/td><td>\u00ab Long God Yumi Stanap \u00bb (\u00ab\u00a0Nous nous tenons devant Dieu\u00a0\u00bb)<br>Avec Dieu nous demeurons<\/td><\/tr><tr><td>Vi\u00eat-Nam<\/td><td>Ind\u00e9pendance, libert\u00e9, bonheur (\u0110\u1ed9c l\u1eadp, t\u1ef1 do, h\u1ea1nh ph\u00fac)<\/td><\/tr><tr><td>Yemen<\/td><td>Allah, la patrie, la r\u00e9volution (Allah, al Watan, al Thaoura)<\/td><\/tr><tr><td>Zambie<\/td><td>Une Zambie, une nation<br>Une seule Zambie, une seule nation (One Zambia, one nation)<\/td><\/tr><tr><td>Zimbabwe<\/td><td>Unit\u00e9, libert\u00e9, travail<\/td><\/tr><\/tbody><\/table><\/figure>\n\n\n\n<p><strong>Date de mise \u00e0 jour<\/strong> : avril 2025<\/p>\n\n\n\n<p><strong>Date de publication initiale<\/strong> : avril 2005<\/p>\n","protected":false},"excerpt":{"rendered":"<p>Les devises des Marques nation&nbsp; t\u00e9moignent de l&rsquo;histoire de leurs peuples et des pr\u00e9occupations qui les animent. Parmi les occurrences les plus fr\u00e9quentes, citons&nbsp;: \u00ab&nbsp;Dieu\/Allah&nbsp;\u00bb, \u00ab&nbsp;Libert\u00e9&nbsp;\u00bb. Ces deux entit\u00e9s ne faisant pas toujours bon m\u00e9nage ensemble on ne sera pas surpris de retrouver dans le palmar\u00e8s \u00e0 quelques occurrences pr\u00e8s, les mots \u00ab&nbsp;Unit\u00e9&nbsp;\u00bb, \u00ab&nbsp;Union&nbsp;\u00bb en [&hellip;]<\/p>\n","protected":false},"author":1,"featured_media":0,"parent":0,"menu_order":0,"comment_status":"closed","ping_status":"closed","template":"","meta":{"footnotes":""},"class_list":["post-469","page","type-page","status-publish","hentry"],"_links":{"self":[{"href":"https:\/\/la-marque.org\/index.php\/wp-json\/wp\/v2\/pages\/469","targetHints":{"allow":["GET"]}}],"collection":[{"href":"https:\/\/la-marque.org\/index.php\/wp-json\/wp\/v2\/pages"}],"about":[{"href":"https:\/\/la-marque.org\/index.php\/wp-json\/wp\/v2\/types\/page"}],"author":[{"embeddable":true,"href":"https:\/\/la-marque.org\/index.php\/wp-json\/wp\/v2\/users\/1"}],"replies":[{"embeddable":true,"href":"https:\/\/la-marque.org\/index.php\/wp-json\/wp\/v2\/comments?post=469"}],"version-history":[{"count":11,"href":"https:\/\/la-marque.org\/index.php\/wp-json\/wp\/v2\/pages\/469\/revisions"}],"predecessor-version":[{"id":3080,"href":"https:\/\/la-marque.org\/index.php\/wp-json\/wp\/v2\/pages\/469\/revisions\/3080"}],"wp:attachment":[{"href":"https:\/\/la-marque.org\/index.php\/wp-json\/wp\/v2\/media?parent=469"}],"curies":[{"name":"wp","href":"https:\/\/api.w.org\/{rel}","templated":true}]}}