{"id":464,"date":"2020-02-03T13:11:27","date_gmt":"2020-02-03T13:11:27","guid":{"rendered":"https:\/\/la-marque.org\/?page_id=464"},"modified":"2024-04-23T14:11:48","modified_gmt":"2024-04-23T14:11:48","slug":"citations","status":"publish","type":"page","link":"https:\/\/la-marque.org\/index.php\/citations\/","title":{"rendered":"Citations"},"content":{"rendered":"\n<p>\u25cf Le peuple est l&rsquo;association d&rsquo;une communaut\u00e9 organis\u00e9e, d&rsquo;une multitude raisonnable de consommateurs unie dans la paisible et commune possession de ce qu&rsquo;elle aime, \u00e0 savoir consommer.<br>Meeting Place de la R\u00e9publique avec Cicero alias Cic\u00e9ron<\/p>\n\n\n\n<p>\u25cf Au \u00ab\u00a0Rien de trop\u00a0\u00bb du pr\u00e9cepte des Grecs inscrit sur le fronton du temple de Delphes se propage le \u00ab\u00a0toujours plus\u00a0\u00bb de la consommation. L\u00e0 o\u00f9 le dieu Apollon parle aux mortels, les Marques, elles, parlent aux consommateurs.<\/p>\n\n\n\n<p>\u25cf Coller sur un objet ou un service l&rsquo;\u00e9tiquette d&rsquo;une Marque, c&rsquo;est marquer en termes pr\u00e9cis le genre d&rsquo;action ou d&rsquo;attitude que devra sugg\u00e9rer l&rsquo;objet ou le service au consommateur.<br> Henri Bergson version <em>la-marque.org<\/em><\/p>\n\n\n\n<p>\u25cf \u00ab\u00a0When it comes to brands, you can&rsquo;t just talk the talk, you have to walk the walk.\u00a0\u00bb<br>\nWally Olins, citation relev\u00e9e dans <em>theguardian<\/em><\/p>\n\n\n\n<p>\u25cf Le consommateur contribue \u00e0 produire le message qu&rsquo;il per\u00e7oit et l&rsquo;enrichit de toute son exp\u00e9rience singuli\u00e8re et collective.<br>\u25cf Le consommateur est fix\u00e9 dans ses choix par ses possibilit\u00e9s r\u00e9elles qu&rsquo;il finit par int\u00e9rioriser et par \u00e9pouser comme si elles \u00e9taient le produit de sa volont\u00e9. <br> Pierre Bourdieu version <em>la-marque.org<\/em><\/p>\n\n\n\n<p>\u25cf Les consommateurs, les citoyens, les croyants s&rsquo;appliquent \u00e0 construire mentalement l&rsquo;image de leurs Marques pr\u00e9f\u00e9r\u00e9es \u00e0 la mani\u00e8re de \u00ab\u00a0ceux qui en les regardant faisaient la moiti\u00e9 du tableau\u00a0\u00bb.<br> Paul Klee version<em> la-marque.org<\/em><\/p>\n\n\n\n<p>\u25cf \u00c7a serait trop difficile d&rsquo;aimer les Marques et la v\u00e9rit\u00e9 en m\u00eame temps.<br>\nCette citation n&rsquo;est pas extraite d&rsquo;un livre de Jean Meckert<\/p>\n\n\n\n<p>\u25cf \u00ab\u00a0&#8230; de nos jours, chacun veut devenir une &lsquo;marque&rsquo;, alors qu&rsquo;autrefois il s&rsquo;agissait de devenir (ou non) un h\u00e9ros.\u00a0\u00bb<br>\nChristian Gatard \u00ab\u00a0Nos 20 prochaines ann\u00e9es\u00a0\u00bb &#8211; Editions de l&rsquo;Archipel<\/p>\n\n\n\n<p>\u25cf \u00ab\u00a0Ce qu&rsquo;on n&rsquo;a pas, ce qu&rsquo;on n&rsquo;est pas, ce dont on manque, voil\u00e0 les objets du d\u00e9sir et de l&rsquo;amour\u00a0\u00bb.<br>\nCitation attribu\u00e9e \u00e0 Platon<\/p>\n\n\n\n<p>\u25cf Les consommateurs regardent le monde \u00e0 travers le prisme de leurs d\u00e9sirs et tout ce qui n&rsquo;est pas d\u00e9sirable ils l&rsquo;ignorent.<br> Henri Hude \u00ab\u00a0Ethique et politique\u00a0\u00bb version la-marque.org<\/p>\n\n\n\n<p>\u25cf \u00ab\u00a0Today, branding is everything, and I mean everything. Brands are not simply products or services. Brands are the sum total of all the images that people have in their heads about a particular company and a particular mark. Brands absorb everything around them&#8230;\u00a0\u00bb.<br>\n<em>branding.com<\/em><\/p>\n\n\n\n<p>\u25cf Les marques soumettent la raison \u00e0 la facult\u00e9 de d\u00e9sirer.<br> Kant version <em>la-marque.org<\/em><\/p>\n\n\n\n<p>\u25cf Ce n&rsquo;est pas l&rsquo;objet ou le service qui est le soutien du d\u00e9sir mais la Marque.<br> Jacques Lacan version<em> la-marque.org<\/em><\/p>\n\n\n\n<p>\u25cf Avec les Marques nous vivons de certitudes, dans un monde incertain.<br> \u25cf A l\u2019\u00e9tat originel, l\u2019homme jouissait de la possibilit\u00e9 pure mais sans pouvoir, avec les Marques l\u2019homme a choisi de faire de sa libert\u00e9 une r\u00e9alit\u00e9 ordonn\u00e9e.<br> \u25cf Une Marque s\u2019\u00e9panouit lorsque le fantasme, le savoir et le rationnel se reconnaissent enti\u00e8rement dans le march\u00e9.<br> Bruce B\u00e9gout \u00ab\u00a0La d\u00e9couverte du quotidien\u00a0\u00bb version <em>la-marque.org<\/em><\/p>\n\n\n\n<p>\u25cf Il faut que le consommateur se retrouve lui-m\u00eame et se persuade que rien ne peut le sauver de lui-m\u00eame.<br>\nAu caf\u00e9 avec Jean-Paul Sartre<\/p>\n\n\n\n<p>\u25cf Si l&rsquo;homme est une cr\u00e9ature dans laquelle r\u00e9sonne le n\u00e9ant dont elle est issue, sa perfection d\u00e9pendra-t-elle de sa conversion aux Marques commerciales, religieuses ou politiques ?<br> Saint Augustin version <em>la-marque.org<\/em><\/p>\n\n\n\n<p>\u25cf \u00ab\u00a0&#8230; On ne peut pas \u00eatre mondial si on n&rsquo;est pas de quelque part! Des Marques comme Mc Do, Disney ou Coca-Cola n&rsquo;auraient pas eu un tel succ\u00e8s si elles n&rsquo;avaient pas \u00e9t\u00e9 locales au d\u00e9part, s&rsquo;il n&rsquo;y avait pas eu la puissance de l&rsquo;imaginaire am\u00e9ricain derri\u00e8re.\u00a0\u00bb<br> R\u00e9mi Babinet<\/p>\n\n\n\n<p>Mise \u00e0 jour : 23 avril 2024<\/p>\n","protected":false},"excerpt":{"rendered":"<p>\u25cf Le peuple est l&rsquo;association d&rsquo;une communaut\u00e9 organis\u00e9e, d&rsquo;une multitude raisonnable de consommateurs unie dans la paisible et commune possession de ce qu&rsquo;elle aime, \u00e0 savoir consommer.Meeting Place de la R\u00e9publique avec Cicero alias Cic\u00e9ron \u25cf Au \u00ab\u00a0Rien de trop\u00a0\u00bb du pr\u00e9cepte des Grecs inscrit sur le fronton du temple de Delphes se propage le [&hellip;]<\/p>\n","protected":false},"author":1,"featured_media":0,"parent":0,"menu_order":0,"comment_status":"closed","ping_status":"closed","template":"","meta":{"footnotes":""},"class_list":["post-464","page","type-page","status-publish","hentry"],"_links":{"self":[{"href":"https:\/\/la-marque.org\/index.php\/wp-json\/wp\/v2\/pages\/464","targetHints":{"allow":["GET"]}}],"collection":[{"href":"https:\/\/la-marque.org\/index.php\/wp-json\/wp\/v2\/pages"}],"about":[{"href":"https:\/\/la-marque.org\/index.php\/wp-json\/wp\/v2\/types\/page"}],"author":[{"embeddable":true,"href":"https:\/\/la-marque.org\/index.php\/wp-json\/wp\/v2\/users\/1"}],"replies":[{"embeddable":true,"href":"https:\/\/la-marque.org\/index.php\/wp-json\/wp\/v2\/comments?post=464"}],"version-history":[{"count":7,"href":"https:\/\/la-marque.org\/index.php\/wp-json\/wp\/v2\/pages\/464\/revisions"}],"predecessor-version":[{"id":2675,"href":"https:\/\/la-marque.org\/index.php\/wp-json\/wp\/v2\/pages\/464\/revisions\/2675"}],"wp:attachment":[{"href":"https:\/\/la-marque.org\/index.php\/wp-json\/wp\/v2\/media?parent=464"}],"curies":[{"name":"wp","href":"https:\/\/api.w.org\/{rel}","templated":true}]}}