{"id":436,"date":"2020-02-02T09:13:33","date_gmt":"2020-02-02T09:13:33","guid":{"rendered":"https:\/\/la-marque.org\/?page_id=436"},"modified":"2024-04-07T15:25:15","modified_gmt":"2024-04-07T15:25:15","slug":"la-marque-tendance-trend-setters-et-taste-makers-le-tandem-marque-star","status":"publish","type":"page","link":"https:\/\/la-marque.org\/index.php\/la-marque-tendance-trend-setters-et-taste-makers-le-tandem-marque-star\/","title":{"rendered":"La Marque et ses c\u00e9l\u00e9brit\u00e9s"},"content":{"rendered":"\n<blockquote class=\"wp-block-quote is-layout-flow wp-block-quote-is-layout-flow\">\n<p><em>\u00ab\u00a0Une Marque sans nom et sans visage n\u2019est jamais efficace.\u00a0\u00bb<\/em><\/p>\n<\/blockquote>\n\n\n\n<p class=\"has-drop-cap\">Les valeurs des produits se retrouvent lier pour le meilleur et pour le pire aux p\u00e9r\u00e9grinations des incarnations et turpitudes de quelques figures populaires devenues des Marques \u00e0 part enti\u00e8re.<br>Ces figures m\u00e9diatiques incarnent plut\u00f4t qu&rsquo;elles n&rsquo;informent. Elles vendent leur nom, ou le produit qu\u2019elles sont devenues. Elles incarnent les valeurs des Marques qu&rsquo;elles repr\u00e9sentent lors d&rsquo;\u00e9v\u00e9nements ou\/et si\u00e8gent au conseil d&rsquo;administration des groupes. Ces ic\u00f4nes r\u00e9sonnent pour les consommateurs comme des directeurs de conscience pour leurs achats. Elles valident la marchandise et encourage le consommateur \u00e0 se projeter dans l&rsquo;univers de la Marque pour laquelle en tant qu&rsquo;activiste elles se portent garantes.<\/p>\n\n\n\n<blockquote class=\"wp-block-quote is-layout-flow wp-block-quote-is-layout-flow\">\n<p><em>\u00ab\u00a0La production  plus ou moins explicite d&rsquo;idoles suggestives converge avec la demande plus ou moins ouverte d&rsquo;illusions \u00e9difiantes\u00a0\u00bb<\/em><\/p>\n<cite>\u00ab&nbsp;R\u00e9flexes primitifs&nbsp;\u00bb Peter Sloterdijk, payot<\/cite><\/blockquote>\n\n\n\n<p>Le capital immat\u00e9riel de la Marque en l&rsquo;occurrence sa popularit\u00e9 progresse conjointement au cr\u00e9dit m\u00e9diatique accord\u00e9 \u00e0 ces idoles. Ces stars sont le nouveau cr\u00e9dit de la Marque, un compte \u00e0 approvisionner avec les tendances du moment sous peine d\u2019oubli.<\/p>\n\n\n\n<h5 class=\"wp-block-heading\">Pourquoi une tendance \u00e9merge-t-elle ?<\/h5>\n\n\n\n<p>Parce qu\u2019elle offre la possibilit\u00e9 au consommateur de s\u2019identifier \u00e0 des valeurs, des comportements en rupture avec le pass\u00e9.<\/p>\n\n\n\n<h5 class=\"wp-block-heading\">Quand, une tendance \u00e9merge-t-elle ?<\/h5>\n\n\n\n<p>Ces tendances \u00e9mergent durablement lorsqu\u2019elles sont sous-tendues par de nouvelles connaissances. Elles sont d\u2019autant plus brutales si elles rompent, dans leurs utilisations avec des m\u00e9thodologies pass\u00e9es et impliquent de nouvelles pratiques comme c&rsquo;est le cas lors de rupture technologique. Plus \u00e9ph\u00e9m\u00e8res et cycliques sont celles li\u00e9es \u00e0 la mode auxquelles nous sommes plus r\u00e9ceptifs \u00e0 l\u2019adolescence.<\/p>\n\n\n\n<h5 class=\"wp-block-heading\">Quelles modifications les tendances engendrent-elles ?<\/h5>\n\n\n\n<p>Tout change et tout perdure \u00e0 la fois, la forme se modifie, mais la palette des sentiments du consommateur reste identique. Certes, les formes des objets varient, mais les projections des consommateurs restent les m\u00eames. Nous rejouons ainsi ind\u00e9finiment les m\u00eames sc\u00e8nes auxquelles nous appliquons les m\u00eames process.<\/p>\n\n\n\n<h5 class=\"wp-block-heading\">Quelle population est-elle la plus r\u00e9ceptive&nbsp;?<\/h5>\n\n\n\n<p>Dans un milieu o\u00f9 l&rsquo;on code et d\u00e9code, la population la plus r\u00e9ceptive, voire vuln\u00e9rable, est celle qui pour s&rsquo;affirmer \u00e0 besoin de se diff\u00e9rencier en soignant son image.<\/p>\n\n\n\n<h5 class=\"wp-block-heading\">Influer sur le comportement des consommateurs pour guider leurs achats<\/h5>\n\n\n\n<p>La libert\u00e9 et le go\u00fbt personnel des consommateurs se construisent autour d&rsquo;un amalgame h\u00e9t\u00e9roclite, somme de n\u00e9cessit\u00e9, popularit\u00e9, personnalit\u00e9, notori\u00e9t\u00e9, instinct ou esprit gr\u00e9gaire&#8230; Le mim\u00e9tisme aidant, la convergence de ces facteurs alli\u00e9e \u00e0 une large diffusion assure aux Marques le succ\u00e8s.<\/p>\n\n\n\n<h5 class=\"wp-block-heading\">Quels sont les secteurs d&rsquo;activit\u00e9s d&rsquo;o\u00f9 proviennent les c\u00e9l\u00e9brit\u00e9s<\/h5>\n\n\n\n<p>La plupart du temps elles sont issues du spectacle, du sport ou de la politique. On peut noter toutefois l&rsquo;int\u00e9r\u00eat pour le <em>\u00ab\u00a0care\u00a0\u00bb<\/em> au d\u00e9triment de la figure du \u00ab\u00a0h\u00e9ros\u00a0\u00bb. L&rsquo;int\u00e9r\u00eat se d\u00e9place de l&rsquo;h\u00e9ro\u00efsme parfois ambig\u00fce dont on peut se demander au service de quoi il est, vers les victimes.<\/p>\n\n\n\n<figure class=\"wp-block-image size-large\"><img loading=\"lazy\" decoding=\"async\" width=\"480\" height=\"1024\" src=\"https:\/\/la-marque.org\/wp-content\/uploads\/2023\/07\/Most-Followed-Instagram-Accounts-and-Earnings-480x1024.webp\" alt=\"\" class=\"wp-image-2411\" srcset=\"https:\/\/la-marque.org\/wp-content\/uploads\/2023\/07\/Most-Followed-Instagram-Accounts-and-Earnings-480x1024.webp 480w, https:\/\/la-marque.org\/wp-content\/uploads\/2023\/07\/Most-Followed-Instagram-Accounts-and-Earnings-141x300.webp 141w, https:\/\/la-marque.org\/wp-content\/uploads\/2023\/07\/Most-Followed-Instagram-Accounts-and-Earnings-768x1638.webp 768w, https:\/\/la-marque.org\/wp-content\/uploads\/2023\/07\/Most-Followed-Instagram-Accounts-and-Earnings-720x1536.webp 720w, https:\/\/la-marque.org\/wp-content\/uploads\/2023\/07\/Most-Followed-Instagram-Accounts-and-Earnings-960x2048.webp 960w, https:\/\/la-marque.org\/wp-content\/uploads\/2023\/07\/Most-Followed-Instagram-Accounts-and-Earnings.webp 1200w\" sizes=\"auto, (max-width: 480px) 100vw, 480px\" \/><figcaption class=\"wp-element-caption\">How Much the Most Followed Instagram Accounts Earn on Posts<a href=\"https:\/\/www.visualcapitalist.com\/cp\/most-followed-instagram-accounts-earn-posts\/\" target=\"_blank\" rel=\"noreferrer noopener\">https:\/\/www.visualcapitalist.com\/cp\/most-followed-instagram-accounts-earn-posts\/<\/a><\/figcaption><\/figure>\n\n\n\n<h5 class=\"wp-block-heading\">Quels avantages attendre de l&#8217;emploi de c\u00e9l\u00e9brit\u00e9s ?<\/h5>\n\n\n\n<p>\u2666 Une attention plus soutenue de la part du public<br>\u2666 Une redynamisation de l&rsquo;image de la Marque<br>\u2666 Une meilleure m\u00e9morisation par les clients<br>\u2666 La sensation chez le client d&rsquo;un accompagnement et d&rsquo;un partage g\u00e9n\u00e9rationnel avec les h\u00e9ros qu&rsquo;ils soient sportifs, intellectuels, artistes&#8230;<br>\u2666 Le ciblage par tranche d&rsquo;\u00e2ge des consommateurs \u00e0 sensibiliser<br>\u2666 Permet de corriger l&rsquo;image n\u00e9gative de la Marque<br>\u2666 Tirer parti des r\u00e9seaux sociaux de la c\u00e9l\u00e9brit\u00e9.<\/p>\n\n\n\n<h5 class=\"wp-block-heading\">Les risques pour la Marque<\/h5>\n\n\n\n<ul class=\"wp-block-list\">\n<li>La participation de la vedette \u00e0 des scandales qui rejailliraient sur la Marque.<\/li>\n\n\n\n<li>Le risque que l&rsquo;on se souvienne de la star et que l&rsquo;on \u00e9vacue la Marque.<\/li>\n<\/ul>\n\n\n\n<p><strong>Liens <\/strong>(non sponsoris\u00e9s)<strong> :<\/strong><br><a rel=\"noreferrer noopener\" href=\"https:\/\/www.kantar.com\/campaigns\/global-top-10-female-athletes?utm_medium=social&amp;utm_source=twitter&amp;utm_campaign=topfemaleathletes\" target=\"_blank\">Global top 10 female athletes<\/a> <br><a rel=\"noreferrer noopener\" href=\"https:\/\/www.tradingsat.com\/actualites\/marches\/quand-les-societes-cotees-font-appel-a-des-celebrites-pour-leur-conseil-d-administration-918835.html\" target=\"_blank\">Des c\u00e9l\u00e9brit\u00e9s au conseil d&rsquo;administration des Marques<\/a><\/p>\n\n\n\n<p><strong>Date de mise \u00e0 jour :<\/strong> 7avril 2024<br><strong>Date de publication<\/strong> <strong>:<\/strong> 3 mai 2015<\/p>\n","protected":false},"excerpt":{"rendered":"<p>\u00ab\u00a0Une Marque sans nom et sans visage n\u2019est jamais efficace.\u00a0\u00bb Les valeurs des produits se retrouvent lier pour le meilleur et pour le pire aux p\u00e9r\u00e9grinations des incarnations et turpitudes de quelques figures populaires devenues des Marques \u00e0 part enti\u00e8re.Ces figures m\u00e9diatiques incarnent plut\u00f4t qu&rsquo;elles n&rsquo;informent. Elles vendent leur nom, ou le produit qu\u2019elles sont [&hellip;]<\/p>\n","protected":false},"author":1,"featured_media":0,"parent":0,"menu_order":0,"comment_status":"closed","ping_status":"closed","template":"","meta":{"footnotes":""},"class_list":["post-436","page","type-page","status-publish","hentry"],"_links":{"self":[{"href":"https:\/\/la-marque.org\/index.php\/wp-json\/wp\/v2\/pages\/436","targetHints":{"allow":["GET"]}}],"collection":[{"href":"https:\/\/la-marque.org\/index.php\/wp-json\/wp\/v2\/pages"}],"about":[{"href":"https:\/\/la-marque.org\/index.php\/wp-json\/wp\/v2\/types\/page"}],"author":[{"embeddable":true,"href":"https:\/\/la-marque.org\/index.php\/wp-json\/wp\/v2\/users\/1"}],"replies":[{"embeddable":true,"href":"https:\/\/la-marque.org\/index.php\/wp-json\/wp\/v2\/comments?post=436"}],"version-history":[{"count":13,"href":"https:\/\/la-marque.org\/index.php\/wp-json\/wp\/v2\/pages\/436\/revisions"}],"predecessor-version":[{"id":2648,"href":"https:\/\/la-marque.org\/index.php\/wp-json\/wp\/v2\/pages\/436\/revisions\/2648"}],"wp:attachment":[{"href":"https:\/\/la-marque.org\/index.php\/wp-json\/wp\/v2\/media?parent=436"}],"curies":[{"name":"wp","href":"https:\/\/api.w.org\/{rel}","templated":true}]}}