{"id":426,"date":"2020-02-02T08:51:13","date_gmt":"2020-02-02T08:51:13","guid":{"rendered":"https:\/\/la-marque.org\/?page_id=426"},"modified":"2022-05-26T15:09:24","modified_gmt":"2022-05-26T15:09:24","slug":"la-marque-de-levenementiel","status":"publish","type":"page","link":"https:\/\/la-marque.org\/index.php\/la-marque-de-levenementiel\/","title":{"rendered":"La Marque de l&rsquo;\u00e9v\u00e9nementiel"},"content":{"rendered":"\n<blockquote class=\"wp-block-quote is-layout-flow wp-block-quote-is-layout-flow\"><p><em>\u00ab\u00a0L&rsquo;homme est miroir pour l&rsquo;homme&#8230; il change les choses en spectacles, les spectacles en choses, moi en autrui et autrui en moi. \u00ab\u00a0<\/em> <\/p><cite> Maurice Merleau-Ponty &#8211; \u00ab\u00a0L&rsquo;\u0153il et l&rsquo;esprit\u00a0\u00bb <\/cite><\/blockquote>\n\n\n\n<p>Les \u00e9v\u00e9nements qui p\u00e8sent le plus lourd sont ceux o\u00f9 le temps s&rsquo;agglutine dans sa dur\u00e9e, l\u00e0 o\u00f9 le temps se concat\u00e8ne l&rsquo;histoire fait son nid. L&rsquo;\u00e9v\u00e9nement que l&rsquo;on se rem\u00e9more c&rsquo;est celui qui fait \u00e9merger du temps \u00e0 savoir celui \u00e0 partir duquel l&rsquo;on va compter.<\/p>\n\n\n\n<h3 class=\"wp-block-heading\">Le spectacle des Marques se d\u00e9voile sur fond de banalit\u00e9 quotidienne<\/h3>\n\n\n\n<p>Le cadre social de la m\u00e9moire pr\u00e9existe toujours \u00e0 l&rsquo;\u00e9v\u00e9nement et pourtant l&rsquo;eau dans laquelle le consommateur se baigne quotidiennement n&rsquo;est jamais la m\u00eame car le pr\u00e9sent est perp\u00e9tuel changement, il se construit \u00e0 partir d&rsquo;une multitude d&rsquo;\u00e9v\u00e8nements. Les Marques mettent en sc\u00e8ne ces \u00e9v\u00e8nements tandis que les hommes les habitent. Tant qu&rsquo;il y aura de l'\u00a0\u00bbinaccompli\u00a0\u00bb(1), du devenir qui fait et d\u00e9fait l&rsquo;homme, l&rsquo;homme na\u00eetra au sein des Marques et y mourra en consommateur. Les Marques d\u00e9finiront son avenir et encadreront sa libert\u00e9.<\/p>\n\n\n\n<h3 class=\"wp-block-heading\">Les objectifs de l&rsquo;\u00e9v\u00e9nementiel<\/h3>\n\n\n\n<p>Au-del\u00e0 de la r\u00e9alisation d&rsquo;un \u00e9v\u00e9nement convivial, synonyme de bons souvenirs, l&rsquo;objectif de la Marque est de faire du bruit et d&rsquo;en faire g\u00e9n\u00e9rer.<\/p>\n\n\n\n<blockquote class=\"wp-block-quote is-layout-flow wp-block-quote-is-layout-flow\"><p><strong>Le spectacle du monde devient le spectacle de la consommation.<\/strong><\/p><\/blockquote>\n\n\n\n<h3 class=\"wp-block-heading\">\u00c9v\u00e9nements naturels ou organis\u00e9s&nbsp;?<\/h3>\n\n\n\n<p>Il existe des \u00e9v\u00e8nements qui vous tombent du ciel comme des pluies torrentielles, d&rsquo;autres qui proviennent du tr\u00e9fonds de la terre comme les s\u00e9ismes ou d&rsquo;autres plus proches comme la maladie auxquels vous ne vous attendiez pas. <em>\u00ab\u00a0Avec ces mouvements profonds, on craint quelque chose qui est d\u00e9j\u00e0 arriv\u00e9. On les attend alors qu&rsquo;ils sont d\u00e9j\u00e0 l\u00e0, simplement il faut un moment pour s&rsquo;apercevoir.\u00a0\u00bb<\/em> Et puis, il y a les \u00e9v\u00e9nements organis\u00e9s, construits, ceux que l&rsquo;on aura pr\u00e9par\u00e9s pour qu&rsquo;ils valorisent la Marque.<br>Le commanditaire a pour nom une Marque commerciale, associative, politique, religieuse, voire celui d&rsquo;une nation ou bien encore d&rsquo;un particulier.<\/p>\n\n\n\n<h3 class=\"wp-block-heading\">Quelles activit\u00e9s recouvrent l\u2019\u00e9v\u00e9nementiel ?<\/h3>\n\n\n\n<p>L\u2019activit\u00e9 \u00e9v\u00e9nementielle consiste \u00e0 organiser des \u00e9v\u00e9nements de nature festive, commerciale, intellectuelle. L&rsquo;activit\u00e9 s&rsquo;\u00e9tend \u00e0 l&rsquo;<em>incentive<\/em>, le <em>team building<\/em> et le voyage d&rsquo;affaires.<br>Les \u00e9v\u00e8nements peuvent \u00eatre grand public, <em>Business to Business<\/em> ou <em>corporate<\/em> voire priv\u00e9s.<br>On parle de <em>live<\/em> et de <em>live communication<\/em> \u00e0 son sujet ce qui a le m\u00e9rite de pr\u00e9ciser sa nature et de le diff\u00e9rencier d\u2019autres op\u00e9rations.<br>On utilise en langue anglaise le terme d\u2019event management lorsqu\u2019il s\u2019agit de g\u00e9rer les nombreux services qui lui sont li\u00e9s comme la recherche de lieux, salles, espaces, h\u00f4tels, personnel d&rsquo;accueil, traiteurs&nbsp;; le transport&nbsp;; la production (sc\u00e9nographie, son, prises de vues, postproduction\u2026), les artistes (com\u00e9diens, chanteurs, danseurs, animateurs, d\u00e9corateurs\u2026), les journalistes, conf\u00e9renciers, sc\u00e9nographes, architectes sp\u00e9cialis\u00e9s dans le stand\u2026 sans oublier le public.<\/p>\n\n\n\n<h3 class=\"wp-block-heading\">L&rsquo;\u00e9v\u00e9nementiel en France et \u00e0 l&rsquo;\u00e9tranger<\/h3>\n\n\n\n<p>L&rsquo;\u00e9v\u00e9nementiel en tant qu&rsquo;activit\u00e9 d&rsquo;une agence sp\u00e9cialis\u00e9e est bien implant\u00e9 en France principalement \u00e0 Paris et dans les Hauts-de-Seine, la C\u00f4te d&rsquo;Azur, la Haute-Savoie et dans une moindre mesure au Pays Basque et en Bretagne. En Allemagne elle concerne prioritairement les <em>PCO Professional Conference\/Congress Organisers<\/em> tandis que dans les pays nordiques ce sont les <em>DMC Destination Management Company<\/em> qui sont majoritairement repr\u00e9sent\u00e9s.<br>Les salons en France qui s&rsquo;int\u00e9ressent \u00e0 l&rsquo;\u00e9v\u00e9nementiel sont moins de dix, avec pour ne citer que les plus anciens et les plus fr\u00e9quent\u00e9s : \u00ab\u00a0Bedouk\/Mice connect\u00a0\u00bb et \u00ab\u00a0Heavent\u00a0\u00bb. Ces salons s&rsquo;ouvrent \u00e0 l&rsquo;ensemble de la fili\u00e8re \u00e9v\u00e9nementielle tandis que d&rsquo;autres privil\u00e9gient les sites et les lieux de r\u00e9ception comme \u00ab\u00a0R\u00e9unir\u00a0\u00bb. Parmi les salons europ\u00e9ens professionnels \u00e0 la plus large audience, on peut citer IMEX en Allemagne, EiBTM en Espagne, Confex en Angleterre.<\/p>\n\n\n\n<h3 class=\"wp-block-heading\">L&rsquo;\u00e9v\u00e9nementiel sur la toile<\/h3>\n\n\n\n<p>Les Marques essaient de cr\u00e9er et encourager les effets de r\u00e9seau. D&rsquo;ailleurs, certaines d&rsquo;entre elles se sont construites sans l&rsquo;aide de la publicit\u00e9 comme <em>Amazon<\/em>, \u00e0 partir de l&rsquo;internet. Ainsi, pour promouvoir l&rsquo;\u00e9v\u00e9nement et l&rsquo;amplifier, on n&rsquo;imagine plus une manifestation sans son site internet, son application mobile, ses influenceurs avec sa campagne de buzz \u00e0 la clef accompagn\u00e9e de l&rsquo;analyse de son audience.<br>Cette op\u00e9ration est le plus souvent confi\u00e9e \u00e0 une agence sp\u00e9cialis\u00e9e qui travaille de concert avec la Marque et l&rsquo;agence \u00e9v\u00e9nementielle.<br>Les Marques peuvent aussi d\u00e9cider de pr\u00e9senter leurs produits et prestations sur des salons virtuels qui r\u00e9unissent des prestataires de la m\u00eame fili\u00e8re. Certes, peu utilis\u00e9e cette solution permet aux entreprises de r\u00e9pondre \u00e0 moindre co\u00fbt \u00e0 la client\u00e8le sans que ni l&rsquo;une ni l&rsquo;autre n&rsquo;aient \u00e0 se d\u00e9placer physiquement.<br>On peut noter la tendance pour les salons \u00e9v\u00e9nementiels \u00e0 organiser des rencontres \u00ab\u00a0face to face\u00a0\u00bb or \u00ab\u00a0one on one\u00a0\u00bb \u00e0 partir de prises de rendez-vous pr\u00e9liminaires sur le site internet de l&rsquo;organisateur de l&rsquo;\u00e9v\u00e9nement. Bien entendu, ces salons sont r\u00e9serv\u00e9s aux professionnels.<\/p>\n\n\n\n<h3 class=\"wp-block-heading\">Agences ou services int\u00e9gr\u00e9s aux entreprises ?<\/h3>\n\n\n\n<p>Les \u00e9v\u00e8nements de grande ampleur sont le plus souvent organis\u00e9s par des agences mises en comp\u00e9tition, cependant de nombreuses entreprises d\u00e9veloppent en interne leurs services int\u00e9gr\u00e9s. Que ce soit agence ou entreprise, l&rsquo;une comme l&rsquo;autre recherchent de nouveaux \u00ab\u00a0concepts\u00a0\u00bb et des lieux inattendus pour se diff\u00e9rencier et affirmer leurs images.<br>Plusieurs de ces agences sont int\u00e9gr\u00e9es dans un r\u00e9seau international ou dans un groupe. Leurs commanditaires sont le plus souvent des entreprises. Les \u00e9v\u00e8nements sont majoritairement organis\u00e9s en Ile-de-France. Les op\u00e9rations de communication interne (conventions, s\u00e9minaires, etc.) pr\u00e9dominent face aux \u00e9v\u00e9nements externes et aux voyages de motivation. Les op\u00e9rations r\u00e9unissent majoritairement entre 50 et 200 participants.<br>Avec la communication \u00e9v\u00e9nementielle la strat\u00e9gie des entreprises s\u2019inscrit dans une logique de d\u00e9veloppement de l&rsquo;image de Marque m\u00eame si elle r\u00e9pond&nbsp;au promotionnel parfois au \u00ab&nbsp;coup par coup&nbsp;\u00bb.<\/p>\n\n\n\n<h3 class=\"wp-block-heading\">Choisir son agence \u00e9v\u00e9nementielle<\/h3>\n\n\n\n<p>Qu&rsquo;attendre de son agence \u00e9v\u00e9nementielle, d&rsquo;aucuns diront l&rsquo;efficacit\u00e9. L&rsquo;\u00e9v\u00e9nement sera d&rsquo;autant pertinent qu&rsquo;il s&rsquo;accompagne de cr\u00e9ativit\u00e9 ponctu\u00e9e de r\u00e9alisme. L&rsquo;agence doit savoir \u00e9couter ses clients et \u00e9viter de projeter ses propres projets ou reproduire ceux du pass\u00e9. Pour mener \u00e0 bien sa t\u00e2che, un bon carnet d&rsquo;adresses de professionnels et une \u00e9quipe en nombre suffisant en interne et sur les lieux de l&rsquo;\u00e9v\u00e9nement sont n\u00e9cessaires. Tout au long de la mise en place du projet, on aura besoin de reporting et au-del\u00e0 de r\u00e9sultats pour permettre d&rsquo;\u00e9valuer le retour sur investissement.<br>La r\u00e9mun\u00e9ration des agences est calcul\u00e9e \u00e0 partir des postes : conception, temps pass\u00e9, frais et marge sur les prestataires. Le retour sur investissement de la communication \u00e9v\u00e9nementielle se mesure difficilement m\u00eame si la demande est forte en moyens de mesure d&rsquo;impact des \u00e9v\u00e9nements de la part des clients. Ceci \u00e9tant, le cr\u00e9dit de l\u2019\u00e9v\u00e9nementiel qu\u2019accordent les Marques \u00e0 leurs agences fait bonne figure face au marketing direct, aux activit\u00e9s on line et aux relations presse. A ce propos, les crit\u00e8res de relation des entreprises avec leurs agences sont majoritairement : la confiance et le prix.<\/p>\n\n\n\n<h3 class=\"wp-block-heading\">L&rsquo;histoire et le patrimoine des Marques, supports de la communication \u00e9v\u00e9nementielle<\/h3>\n\n\n\n<p>Les Marques construisent leurs imaginaires autour de leurs m\u00e9moires et de leurs engagements dans la soci\u00e9t\u00e9 afin de d\u00e9velopper leurs identit\u00e9s. Toutefois pour une Marque il importe que son patrimoine ne se scl\u00e9rose pas dans des r\u00e9trospectives (journ\u00e9es du patrimoine) ou des collections. Il s&rsquo;agit au contraire de l&rsquo;associer au futur afin de renforcer sa l\u00e9gitimit\u00e9, la diff\u00e9rencier, donner du sens \u00e0 sa communication institutionnelle et strat\u00e9gique. Cette volont\u00e9 de communiquer \u00e0 partir de l\u2019histoire n\u00e9cessite de choisir parmi le patrimoine de la nation, de l\u2019entreprise les \u00e9v\u00e9nements et les lieux \u00e9v\u00e9nementiels qui correspondent \u00e0 l\u2019identit\u00e9 de la Marque, \u00e0 la nature de son histoire patrimoniale.<\/p>\n\n\n\n<blockquote class=\"wp-block-quote is-layout-flow wp-block-quote-is-layout-flow\"><p><strong>Qu&rsquo;est-ce que le patrimoine nous dit de nos valeurs&nbsp;?<\/strong><\/p><\/blockquote>\n\n\n\n<p>Les \u00ab\u00a0Journ\u00e9es portes ouvertes\u00a0\u00bb sont des opportunit\u00e9s de mener \u00e0 bien des op\u00e9rations de relations publiques d\u2019autant que le personnel appr\u00e9cie g\u00e9n\u00e9ralement de s\u2019impliquer dans l\u2019op\u00e9ration. Les repr\u00e9sentants de la nation y rappellent les valeurs tandis que les entreprises pr\u00e9sentent leurs m\u00e9thodes de production qui loin de nuire \u00e0 la qualit\u00e9 des produits r\u00e9pondent aux pr\u00e9occupations constantes des consommateurs concernant leur sant\u00e9, l&rsquo;innovation et la tradition.<br>Parmi les exemples de lieux \u00e9v\u00e9nementiels \u00e0 caract\u00e8re patrimonial on peut citer : les mus\u00e9es, les visites d\u2019entreprises, les espaces de Marques et de produits, les espaces consommateurs \u00e0 caract\u00e8re culturel ou non&#8230; Sans oublier, le lieu d\u2019expression le plus r\u00e9pandu \u00e0 savoir l\u2019am\u00e9nagement sp\u00e9cifique des points de vente. La liste des projets ne cesse de s&rsquo;agrandir et l&rsquo;on assiste \u00e0 des mises en sc\u00e8ne toujours plus nombreuses d\u2019aventures partag\u00e9es entre les produits de la Marque et les consommateurs.<\/p>\n\n\n\n<h3 class=\"wp-block-heading\">L&rsquo;\u00e9v\u00e9nementiel au seuil du d\u00e9veloppement durable<\/h3>\n\n\n\n<p>La publication de normes de type NF ISO xxxxx \u00ab\u00a0sp\u00e9cifie les exigences applicables \u00e0 un syst\u00e8me de management responsable appliqu\u00e9 \u00e0 l&rsquo;activit\u00e9 \u00e9v\u00e9nementielle pour tous les types d&rsquo;\u00e9v\u00e9nements ou activit\u00e9s \u00e9v\u00e9nementielles et fournit des directives relatives \u00e0 la mise en conformit\u00e9 \u00e0 ces exigences\u00a0\u00bb. Elle incite les prestataires de l&rsquo;\u00e9v\u00e9nementiel \u00e0 \u00e9valuer l&rsquo;impact de leurs prestations sur l&rsquo;environnement <em>(Carbon footprint Calculator)<\/em>. <br>La raison de l&rsquo;attachement des acteurs de l\u2019\u00e9v\u00e9nementiel \u00e0 ces probl\u00e9matiques est en partie due aux appels d\u2019offres qui incluent la dimension environnementale. Ne pas proposer ces services pour une entreprise c&rsquo;est r\u00e9duire ses chances d&rsquo;\u00eatre s\u00e9lectionn\u00e9e lors de consultation. Cette d\u00e9marche d&rsquo;int\u00e9r\u00eat g\u00e9n\u00e9ral permet \u00e0 l&rsquo;entreprise de mettre en avant sa responsabilit\u00e9 soci\u00e9tale envers la communaut\u00e9 et ainsi d&rsquo;am\u00e9liorer son <em>goodwill<\/em>.<br>Gageons que la fili\u00e8re \u00e9v\u00e9nementielle saura promouvoir les bonnes pratiques et fournir des outils pour des \u00e9v\u00e9nements \u00e9co-responsables.<\/p>\n\n\n\n<h3 class=\"wp-block-heading\">L&rsquo;\u00e9v\u00e9nementiel et ses extensions<\/h3>\n\n\n\n<p>L&rsquo;\u00e9v\u00e9nementiel associe dor\u00e9navant \u00e0 son secteur d&rsquo;activit\u00e9 du MICE <em>(Meetings, Incentives, Conferencing, Exhibitions)<\/em>, le voyage d&rsquo;affaires dont les acteurs principaux sont les agences MICE, les transporteurs, les h\u00f4tels et les nombreuses activit\u00e9s connexes. <br>Les agences de voyages d&rsquo;affaires organis\u00e9es en r\u00e9seau offrent aux PME\/PMI des solutions d\u00e9di\u00e9es. Au voyage s&rsquo;ajoute l&rsquo;h\u00e9bergement et parfois des propositions de salles pour les r\u00e9unions, de quoi conjuguer l&rsquo;aspect pratique \u00e0 l&rsquo;efficacit\u00e9 dans un souci de confort technologique et de bien-\u00eatre que peuvent fournir les solutions d\u00e9di\u00e9es. L&rsquo;environnement B to B de l&rsquo;\u00e9v\u00e9nementiel s&rsquo;\u00e9toffe ainsi consid\u00e9rablement. On c\u00f4toie dans les salons, aussi bien les agences \u00e9v\u00e9nementielles, DMC, PCO, que son transporteur et l&rsquo;on peut y choisir son h\u00f4tel pour son prochain s\u00e9minaire. Nous ne sommes plus qu&rsquo;\u00e0 une encablure du loisir vers lequel plusieurs agences DMC ont d\u00e9j\u00e0 fait siennes des propositions de prestations touristiques \u00e0 destination d&rsquo;une client\u00e8le non seulement professionnelle, mais aussi grand public. Cette association cr\u00e9e des synergies et le r\u00f4le des <em>Travel managers<\/em> se renforce dans les entreprises.<\/p>\n\n\n\n<h3 class=\"wp-block-heading\">Le <em>team building<\/em>, activit\u00e9 connexe de l&rsquo;\u00e9v\u00e9nementiel<\/h3>\n\n\n\n<p>Fort du constat que l&rsquo;\u00e9quipe est plus forte que la somme des individus qui la compose et que les difficult\u00e9s sont parfois un catalyseur pour r\u00e9v\u00e9ler aux int\u00e9ress\u00e9s des \u00e9nergies jusque-l\u00e0 inactiv\u00e9es, les Marques entreprennent avec le <em>team building<\/em> de renforcer la coop\u00e9ration dans le groupe.<br>Soucieux des valeurs \u00e0 partager le <em>team building<\/em> resserre les liens, cr\u00e9e de la confiance en soi et envers les autres, stimule l&rsquo;entraide mutuelle, le partage, la compl\u00e9mentarit\u00e9 des talents, pour mettre en avant le groupe. En d&rsquo;autres termes, on se serre les coudes et on privil\u00e9gie les relations transversales en vue d&rsquo;un objectif commun.<br>1\/ Objet : Emmener et impliquer les membres de l&rsquo;entreprise dans une aventure ludique et p\u00e9dagogique afin de partager une exp\u00e9rience, apprendre \u00e0 mieux se conna\u00eetre, \u00e0 se respecter, \u00e0 dialoguer et \u00e0 \u00e9vacuer le stress.<br>2\/ Principes : l&rsquo;organisateur choisit et met en place en fonction du profil des participants et de la th\u00e9matique souhait\u00e9e des programmes sc\u00e9naris\u00e9s, personnalis\u00e9s \u00e0 l&rsquo;entreprise.<br>3\/ Activit\u00e9s :<br>&gt; De pleine nature <em>(outdoor)<\/em> : parcours-d\u00e9couverte, activit\u00e9s sportives \u00e0 sensations (escalade, canyoning)&#8230; mais aussi des d\u00e9fis collectifs, inspir\u00e9s des stages de survie ou d&rsquo;\u00e9missions t\u00e9l\u00e9vis\u00e9es qui testent les capacit\u00e9s d&rsquo;adaptation du groupe o\u00f9 prime l&rsquo;inventivit\u00e9, comme la construction de radeaux pour la descente d&rsquo;une rivi\u00e8re.<br>&gt; Ludiques : type rallye (\u00e9nigmes \u00e0 r\u00e9soudre avec s\u00e9quences vid\u00e9o sur tablettes, GPS, appareils photos num\u00e9riques, smartcodes, flashcodes), murders parties (jeux de r\u00f4le, avec soir\u00e9e enqu\u00eate, huit clos myst\u00e8re&#8230;), jeux de l&rsquo;oie g\u00e9ants sorte de happening grandeur nature, d\u00e9fil\u00e9 de mode, tournage de film clip vid\u00e9o&#8230;<br>&gt; Culturelles : les ateliers-d\u00e9couverte qui s&rsquo;accompagnent d&rsquo;un partage d&rsquo;exp\u00e9rience et de connaissances (cuisine, oenologie&#8230;). Les visites du patrimoine historique, des mus\u00e9es avec conf\u00e9rencier.<br>Ce moment privil\u00e9gi\u00e9 est aussi un moment id\u00e9al pour s&rsquo;initier \u00e0 de nouvelles activit\u00e9s comme le golf, l&rsquo;art contemporain, la danse&#8230; ou cr\u00e9er son parfum, son vin (assemblage), ses chocolats, ses T-shirts (suivi d&rsquo;un d\u00e9fil\u00e9), des \u0153uvres d&rsquo;art collectives (suivi d&rsquo;une exposition)&#8230; Mais le mieux est encore de faire appel aux talents multiples des participants pour les faire concourir en \u00e9quipes dans un challenge multi-activit\u00e9s r\u00e9unissant : force, adresse, tactique, r\u00e9flexion&#8230;<br>A signaler parmi les activit\u00e9s dont l&rsquo;int\u00e9r\u00eat diminue, les sports m\u00e9caniques comme le pilotage, karting, buggy&#8230;<\/p>\n\n\n\n<p>(1) Marcel Conche : <em>\u00ab\u00a0Il n&rsquo;y a v\u00e9ritablement un avenir que s&rsquo;il y a de l&rsquo;inaccompli\u00a0\u00bb<\/em>.<\/p>\n\n\n\n<p>liens :<br><a rel=\"noreferrer noopener\" aria-label=\"Guide de la relation entre l\u2019annonceur et l\u2019agence-conseil en communication \u00e9v\u00e9nementielle (s\u2019ouvre dans un nouvel onglet)\" href=\"http:\/\/www.guideevenementiel.com\/\" target=\"_blank\">Guide de la relation entre l\u2019annonceur et l\u2019agence-conseil en communication \u00e9v\u00e9nementielle<\/a><\/p>\n\n\n\n<p><strong>Date de mise \u00e0 jour<\/strong> :  26 avril 2022<\/p>\n\n\n\n<p><strong>Date de publication initiale<\/strong> : 10 janvier 2010<\/p>\n","protected":false},"excerpt":{"rendered":"<p>\u00ab\u00a0L&rsquo;homme est miroir pour l&rsquo;homme&#8230; il change les choses en spectacles, les spectacles en choses, moi en autrui et autrui en moi. \u00ab\u00a0 Maurice Merleau-Ponty &#8211; \u00ab\u00a0L&rsquo;\u0153il et l&rsquo;esprit\u00a0\u00bb Les \u00e9v\u00e9nements qui p\u00e8sent le plus lourd sont ceux o\u00f9 le temps s&rsquo;agglutine dans sa dur\u00e9e, l\u00e0 o\u00f9 le temps se concat\u00e8ne l&rsquo;histoire fait son nid. [&hellip;]<\/p>\n","protected":false},"author":1,"featured_media":0,"parent":0,"menu_order":0,"comment_status":"closed","ping_status":"closed","template":"","meta":{"footnotes":""},"class_list":["post-426","page","type-page","status-publish","hentry"],"_links":{"self":[{"href":"https:\/\/la-marque.org\/index.php\/wp-json\/wp\/v2\/pages\/426","targetHints":{"allow":["GET"]}}],"collection":[{"href":"https:\/\/la-marque.org\/index.php\/wp-json\/wp\/v2\/pages"}],"about":[{"href":"https:\/\/la-marque.org\/index.php\/wp-json\/wp\/v2\/types\/page"}],"author":[{"embeddable":true,"href":"https:\/\/la-marque.org\/index.php\/wp-json\/wp\/v2\/users\/1"}],"replies":[{"embeddable":true,"href":"https:\/\/la-marque.org\/index.php\/wp-json\/wp\/v2\/comments?post=426"}],"version-history":[{"count":8,"href":"https:\/\/la-marque.org\/index.php\/wp-json\/wp\/v2\/pages\/426\/revisions"}],"predecessor-version":[{"id":1930,"href":"https:\/\/la-marque.org\/index.php\/wp-json\/wp\/v2\/pages\/426\/revisions\/1930"}],"wp:attachment":[{"href":"https:\/\/la-marque.org\/index.php\/wp-json\/wp\/v2\/media?parent=426"}],"curies":[{"name":"wp","href":"https:\/\/api.w.org\/{rel}","templated":true}]}}