{"id":422,"date":"2020-02-02T08:43:14","date_gmt":"2020-02-02T08:43:14","guid":{"rendered":"https:\/\/la-marque.org\/?page_id=422"},"modified":"2020-02-02T08:43:14","modified_gmt":"2020-02-02T08:43:14","slug":"le-big-data-renseigne-les-marques","status":"publish","type":"page","link":"https:\/\/la-marque.org\/index.php\/le-big-data-renseigne-les-marques\/","title":{"rendered":"Le Big data renseigne les Marques"},"content":{"rendered":"\n<p class=\"has-drop-cap\">Les relations des consommateurs avec leurs Marques se transforment, ces derni\u00e8res r\u00e9agissent plus rapidement. Les entreprises appr\u00e9hendent diff\u00e9remment leurs march\u00e9s, la conception de leurs produits change pour devenir plus collaborative. Pour arriver \u00e0 ce r\u00e9sultat, il aura fallu suivre \u00e0 la trace les activit\u00e9s et les interactions des individus. Collecter, utiliser et partager des informations personnelles (vies priv\u00e9es, activit\u00e9s professionnelles, contributions sur les r\u00e9seaux sociaux, etc.).<br>Dans une soci\u00e9t\u00e9 soucieuse des libert\u00e9s quelle organisation technique, juridique, \u00e9conomique et \u00e9thique se doter qui d\u00e9bouche sur une m\u00e9thodologie d&rsquo;utilisation des donn\u00e9es qui pr\u00e9serve la vie priv\u00e9e de ses concitoyens ?<\/p>\n\n\n\n<h3 class=\"wp-block-heading\">D\u00e9finir le Big data<\/h3>\n\n\n\n<p>Le Big data se compose d&rsquo;une masse de donn\u00e9es de natures diverses : textes, vid\u00e9os, photos, etc. On peut distinguer quatre \u00e9tapes dans sa configuration : l&rsquo;acquisition, le stockage, la structuration et l&rsquo;activation des donn\u00e9es.<\/p>\n\n\n\n<h3 class=\"wp-block-heading\">Les enjeux du Big data<\/h3>\n\n\n\n<p>Pour le num\u00e9rique, la donn\u00e9e est essentielle, elle occupe le centre des mod\u00e8les \u00e9conomiques et pr\u00e9figure un nouveau monde industriel. Sa d\u00e9mat\u00e9rialisation ouvre des opportunit\u00e9s pour les individus, les entreprises et la soci\u00e9t\u00e9 en son ensemble. Elle installe les contributions et les traces num\u00e9riques au c\u0153ur de l\u2019innovation avec ses \u00e9cosyst\u00e8mes collaboratifs, interentreprises, le crowd-sourcing ainsi que l&rsquo;Internet des objets.<br>Les donn\u00e9es r\u00e9cup\u00e9r\u00e9es sont une aubaine pour les Marques qui souhaitent mieux conna\u00eetre leurs consommateurs mieux \u00e9changer avec eux et proposer de nouveaux services. Avec ces informations elles s&rsquo;assurent que le bon contenu sera d\u00e9livr\u00e9 au bon prospect, au bon endroit, au bon moment et sur le support ad\u00e9quat.<\/p>\n\n\n\n<h3 class=\"wp-block-heading\">La technique du Big data<\/h3>\n\n\n\n<p>La technique du Big data renouvelle la pratique de l\u2019\u00e9chantillon pertinent et raisonn\u00e9 qui consiste \u00e0 mettre au point un mod\u00e8le accompagn\u00e9 de ses variables afin de le g\u00e9n\u00e9raliser \u00e0 une base. Elle permet gr\u00e2ce aux innovations informatiques, dans un temps court d&rsquo;enrichir les donn\u00e9es transactionnelles avec celles, issues par exemple du tracking, de l&rsquo;analyse du comportement des clients, des commentaires des consommateurs et du g\u00e9omarketing.<br>Le big data va de pair avec l&rsquo;analytics pour mesurer, d\u00e9crire, pr\u00e9dire, am\u00e9liorer les performances. On peut ainsi segmenter, mettre au point des mod\u00e8les, conduire une gestion de relation clients\/prospects, \u00e9valuer et am\u00e9liorer la strat\u00e9gie marketing multicanal, la satisfaction de la client\u00e8le, la fid\u00e9lisation et l&rsquo;e-reputation. Prises isol\u00e9ment, ces donn\u00e9es n\u2019ont gu\u00e8re de sens, mais regroup\u00e9es, trait\u00e9es, combin\u00e9es, elles peuvent r\u00e9v\u00e9ler des informations significatives et strat\u00e9giques que la r\u00e9flexion, l&rsquo;analysis sauront mettre en valeur.<\/p>\n\n\n\n<h3 class=\"wp-block-heading\">Les challenges techniques et financiers du Big data<\/h3>\n\n\n\n<p>Les d\u00e9fis rencontr\u00e9s avec le Big Data rel\u00e8vent du volume, de la vari\u00e9t\u00e9 et de la vitesse pour traiter les donn\u00e9es. Il faut stocker, trier, analyser, exploiter dans un temps court. Ces donn\u00e9es ne cessent de cro\u00eetre aussi cela n\u00e9cessite-t-il une infrastructure performante pour les traiter et oblige \u00e0 choisir parmi elles, les crit\u00e8res, les requ\u00eates, les sources les plus pertinents afin de s&rsquo;\u00e9pargner des co\u00fbts d\u2019h\u00e9bergement et de gestion. Vient ensuite la recherche d&rsquo;un prestataire adapt\u00e9 \u00e0 la taille et aux besoins de l&rsquo;entreprise qui puisse r\u00e9pondre au flux, au stockage, au traitement, \u00e0 la gestion des campagnes au pr\u00e9sent comme au futur. Mais tout ceci \u00e0 un co\u00fbt qu&rsquo;il faut \u00e9valuer avant de calculer le retour sur investissement et l&rsquo;impact sur les ventes.<\/p>\n\n\n\n<h3 class=\"wp-block-heading\">Un cadre \u00e9thique qui s\u00e9curise les donn\u00e9es<\/h3>\n\n\n\n<p>Nous sommes confront\u00e9s avec le Big data aux questions de la vie priv\u00e9, de la v\u00e9racit\u00e9, de la confiance et de la valeur. Nous arrivons au point de convergence du public, du commercial et du priv\u00e9e o\u00f9 des donn\u00e9es d&rsquo;origines publiques, commerciales, priv\u00e9es sont transform\u00e9es en actions g\u00e9n\u00e9ratrices de connaissances et de profits. Dans ce contexte, doit-on contr\u00f4ler, voire limiter la recherche, l&rsquo;acc\u00e8s, l&rsquo;utilisation, l&rsquo;appropriation d&rsquo;informations fournies par les individus y compris par leurs traces. Si c&rsquo;est le cas qui doit s&rsquo;en occuper, quand et o\u00f9 ?<br>Parmi les questions les plus discut\u00e9es celle du \u00ab Comment se prot\u00e9ger contre \u00bb revient sans cesse lorsque l&rsquo;on \u00e9voque l\u2019usurpation d\u2019identit\u00e9 et le vol, notamment en ce qui concerne la fraude aux moyens de paiement, l\u2019atteinte \u00e0 sa r\u00e9putation, l\u2019exploitation commerciale sans consentement de donn\u00e9es personnelles&#8230;<\/p>\n\n\n\n<h3 class=\"wp-block-heading\">L&rsquo;anonymat est-il encore possible ?<\/h3>\n\n\n\n<p>Au vu de la somme d&rsquo;informations qui peut \u00eatre compil\u00e9e sur chacun d&rsquo;entre nous, notre carte d&rsquo;identit\u00e9 nationale ou notre passeport semble bien terne par rapport \u00e0 notre identit\u00e9 num\u00e9rique. Mais toutes ces informations d\u00e9bouchent-elles vers de la valeur, et quelle forme prend cette valeur pour l&rsquo;individu. Nos donn\u00e9es si tant est qu&rsquo;elles nous appartiennent n&rsquo;ont-elles qu&rsquo;une valeur \u00e0 usage marchand ou s\u00e9curitaire ?<br>Pr\u00e9server son anonymat devient difficile, voire impossible. Les citoyens luttent pour le droit \u00e0 l\u2019information, mais ne devraient-ils pas aussi lutter pour le droit \u00e0 l\u2019oubli et celui \u00e0 \u00eatre oubli\u00e9. Si cela para\u00eet impossible donnons-nous pour le moins le choix de rendre disponibles ou non nos informations personnelles.<\/p>\n\n\n\n<p>Lien : <a rel=\"noreferrer noopener\" href=\"https:\/\/cvpip.wp.mines-telecom.fr\/2013\/04\/10\/la-chaire-valeurs-et-politiques-des-informations-personnelles-a-la-une-de-mintel\/\" target=\"_blank\">Chaire \u00ab Valeurs et politiques des informations personnelles \u00bb Institut Mines-T\u00e9l\u00e9com<\/a><\/p>\n\n\n\n<p><strong>Date de publication initiale<\/strong> : 8 juin 2013<\/p>\n","protected":false},"excerpt":{"rendered":"<p>Les relations des consommateurs avec leurs Marques se transforment, ces derni\u00e8res r\u00e9agissent plus rapidement. Les entreprises appr\u00e9hendent diff\u00e9remment leurs march\u00e9s, la conception de leurs produits change pour devenir plus collaborative. Pour arriver \u00e0 ce r\u00e9sultat, il aura fallu suivre \u00e0 la trace les activit\u00e9s et les interactions des individus. Collecter, utiliser et partager des informations [&hellip;]<\/p>\n","protected":false},"author":1,"featured_media":0,"parent":0,"menu_order":0,"comment_status":"closed","ping_status":"closed","template":"","meta":{"footnotes":""},"class_list":["post-422","page","type-page","status-publish","hentry"],"_links":{"self":[{"href":"https:\/\/la-marque.org\/index.php\/wp-json\/wp\/v2\/pages\/422","targetHints":{"allow":["GET"]}}],"collection":[{"href":"https:\/\/la-marque.org\/index.php\/wp-json\/wp\/v2\/pages"}],"about":[{"href":"https:\/\/la-marque.org\/index.php\/wp-json\/wp\/v2\/types\/page"}],"author":[{"embeddable":true,"href":"https:\/\/la-marque.org\/index.php\/wp-json\/wp\/v2\/users\/1"}],"replies":[{"embeddable":true,"href":"https:\/\/la-marque.org\/index.php\/wp-json\/wp\/v2\/comments?post=422"}],"version-history":[{"count":1,"href":"https:\/\/la-marque.org\/index.php\/wp-json\/wp\/v2\/pages\/422\/revisions"}],"predecessor-version":[{"id":424,"href":"https:\/\/la-marque.org\/index.php\/wp-json\/wp\/v2\/pages\/422\/revisions\/424"}],"wp:attachment":[{"href":"https:\/\/la-marque.org\/index.php\/wp-json\/wp\/v2\/media?parent=422"}],"curies":[{"name":"wp","href":"https:\/\/api.w.org\/{rel}","templated":true}]}}