{"id":407,"date":"2020-02-01T09:59:09","date_gmt":"2020-02-01T09:59:09","guid":{"rendered":"https:\/\/la-marque.org\/?page_id=407"},"modified":"2020-02-01T10:06:24","modified_gmt":"2020-02-01T10:06:24","slug":"safran","status":"publish","type":"page","link":"https:\/\/la-marque.org\/index.php\/safran\/","title":{"rendered":"Safran"},"content":{"rendered":"\n<p><strong><a href=\"http:\/\/www.safran-group.com\/\" target=\"_blank\" rel=\"noreferrer noopener\">Safran<\/a><\/strong> : La Soci\u00e9t\u00e9 a \u00e9t\u00e9 constitu\u00e9e \u00e0 Paris par acte en date du 16 ao\u00fbt 1924. SAFRAN est une soci\u00e9t\u00e9 anonyme \u00e0 directoire et conseil de surveillance de droit fran\u00e7ais. La soci\u00e9t\u00e9 SAFRAN r\u00e9sulte de la fusion, le 11 mai 2005, de Snecma, soci\u00e9t\u00e9 holding du Groupe Snecma, et de Sagem SA, apr\u00e8s que cette derni\u00e8re ait apport\u00e9 \u00e0 la m\u00eame date l\u2019ensemble de ses activit\u00e9s industrielles \u00e0 deux filiales \u00e0 100%, Sagem Communication et Sagem D\u00e9fense S\u00e9curit\u00e9. A l\u2019issue de ces op\u00e9rations, SAFRAN est une soci\u00e9t\u00e9 holding qui d\u00e9tient l\u2019ensemble des filiales de Sagem SA et de Snecma.<br>Sagem SA a \u00e9t\u00e9 cr\u00e9\u00e9e en 1924, et s\u2019est d\u2019abord d\u00e9velopp\u00e9e dans les domaines de la m\u00e9canique et de l\u2019\u00e9lectricit\u00e9, puis des \u00e9quipements \u00e9lectro-optiques pour la Marine Nationale.<br>Snecma a \u00e9t\u00e9 constitu\u00e9e en 1945 par la nationalisation de la soci\u00e9t\u00e9 des moteurs Gnome &amp; Rh\u00f4ne et l\u2019absorption de plusieurs autres motoristes pr\u00e9curseurs de l\u2019aviation. D\u00e8s sa cr\u00e9ation, Snecma a d\u00e9velopp\u00e9 ses propres moteurs \u00e0 r\u00e9action, notamment pour les avions de combat de Dassault Aviation (Myst\u00e8re, Etendard, Mirage). <br><\/p>\n\n\n\n<p> <strong>R\u00e9partition du capital de Safran, droits de vote exer\u00e7ables&nbsp;<\/strong><sup>(1)<\/sup><strong> et th\u00e9oriques <\/strong><sup>(2)&nbsp;<\/sup><strong> au 30 avril 2019 <\/strong>(source : Safran)<br>Nombre d&rsquo;actions composant le capital : 435 774 366 actions (source : Safran)<br>Capitalisation boursi\u00e8re au 4 juillet 2019 : 53,66 Md <\/p>\n\n\n\n<figure class=\"wp-block-table is-style-stripes\"><table class=\"has-fixed-layout\"><tbody><tr><td>Public<\/td><td>81,2 %<\/td><td>71,7 % <sup>(1)<\/sup><\/td><td>71,1 % <sup>(2)<\/sup><\/td><\/tr><tr><td>\u00c9tat fran\u00e7ais<\/td><td>11,0 %<\/td><td>18,0 % <sup>(1)<\/sup><\/td><td>17,8 % <sup>(2)<\/sup><\/td><\/tr><tr><td>Salari\u00e9s<\/td><td>6,9 %<\/td><td>10,3 % <sup>(1)<\/sup><\/td><td>10,3 % <sup>(2)<\/sup><\/td><\/tr><tr><td>Autod\u00e9tention\/<br>autocontr\u00f4le<\/td><td>0,9 %<\/td><td><br><\/td><td>0,8 % <sup>(2)<\/sup><\/td><\/tr><\/tbody><\/table><\/figure>\n\n\n\n<figure class=\"wp-block-table\"><table class=\"\"><tbody><tr><td><strong>R\u00e9partition du capital de Safran au 30 juin 2016<\/strong> <\/td><\/tr><\/tbody><\/table><\/figure>\n\n\n\n<figure class=\"wp-block-table is-style-stripes\"><table class=\"has-fixed-layout\"><tbody><tr><td>Public<\/td><td>70,8 %<\/td><\/tr><tr><td>\u00c9tat fran\u00e7ais<\/td><td>15,4 %<\/td><\/tr><tr><td>Salari\u00e9s<\/td><td>13,7 %<\/td><\/tr><tr><td>Autod\u00e9tention\/autocontr\u00f4le<\/td><td>0,1 %<\/td><\/tr><\/tbody><\/table><\/figure>\n\n\n\n<p><strong>R\u00e9partition du capital par actionnaires<\/strong><br>Capital au 31 d\u00e9cembre 2012 <br>D&rsquo;apr\u00e8s les rapports annuels publi\u00e9s sur Internet et sous-r\u00e9serve d&rsquo;une erreur de saisie. <\/p>\n\n\n\n<figure class=\"wp-block-table is-style-stripes\"><table class=\"has-fixed-layout\"><tbody><tr><td><strong>Public<\/strong><\/td><td>54.1 %<\/td><\/tr><tr><td><strong>ETAT fran\u00e7ais<\/strong><\/td><td>30.2 %<\/td><\/tr><tr><td><strong>Salari\u00e9s<\/strong><\/td><td>15.4 %<\/td><\/tr><tr><td><strong>Autod\u00e9tention \/ Autocontr\u00f4le<\/strong><\/td><td>0.3 %<\/td><\/tr><tr><td><strong>R\u00e9partition du capital par actionnaires<\/strong><br>Capital au 31 d\u00e9cembre 2007<br>D&rsquo;apr\u00e8s les rapports annuels publi\u00e9s sur Internet et sous-r\u00e9serve d&rsquo;une erreur de saisie.<\/td><\/tr><tr><td><strong>Public<\/strong><\/td><td>38,79 %<\/td><\/tr><tr><td><strong>ETAT<\/strong><\/td><td>30,41 %<\/td><\/tr><tr><td><strong>FCPE SALARIES<\/strong><\/td><td>7,91 %<\/td><\/tr><tr><td><strong>CLUB SAGEM (1)<\/strong><\/td><td>7,67 %<\/td><\/tr><tr><td><strong>AREVA<\/strong><\/td><td>7,38 %<\/td><\/tr><tr><td><strong>SALARIES et anciens salari\u00e9s (2)<\/strong><\/td><td>4,73 %<\/td><\/tr><tr><td><strong>BNP PARIBAS<\/strong><\/td><td>1,72 %<\/td><\/tr><tr><td><strong>Autocontr\u00f4le (3)<\/strong><\/td><td>0,78 %<\/td><\/tr><tr><td><strong>Autod\u00e9tention (4)<\/strong><\/td><td>0,61 %<\/td><\/tr><tr><td>Total<\/td><td>100 %<\/td><\/tr><\/tbody><\/table><\/figure>\n\n\n\n<p> <em>(1) Club Sagem est une Soci\u00e9t\u00e9 par Actions Simplifi\u00e9e \u00e0 Capital Variable qui a pour objet l\u2019acquisition et la gestion de titres et dont le portefeuille est compos\u00e9 de titres SAFRAN et de titres de soci\u00e9t\u00e9s issues des activit\u00e9s anciennement exerc\u00e9es au sein du Groupe Sagem. Elle est d\u00e9tenue \u00e0 64,69 % par des salari\u00e9s (et anciens salari\u00e9s) du Groupe SAFRAN (salari\u00e9s et anciens salari\u00e9s ex-Sagem), notamment par l\u2019interm\u00e9diaire de FCPE, et \u00e0 35,31 % par le Groupe Cr\u00e9dit Mutuel-CIC.<\/em><br><em>(2) D\u00e9tention au nominatif.<\/em><br><em>(3) Actions d\u00e9tenues par les sous-filiales Lexvall 2 et Lexvall 13.<\/em><br><em>(4) Actions affect\u00e9es \u00e0 la couverture des plans d\u2019attributions d\u2019options d\u2019achat d\u2019actions et d\u2019actions gratuites.<\/em><br><em>(5) Il s&rsquo;agit des droits de vote exer\u00e7ables. Le nombre total de droits de vote int\u00e9grant les actions d&rsquo;autocontr\u00f4le et d&rsquo;autod\u00e9tention est de 554 859 481.<\/em> <\/p>\n\n\n\n<p><strong>Date de mise \u00e0 jour<\/strong> : 4 juillet 2019<\/p>\n","protected":false},"excerpt":{"rendered":"<p>Safran : La Soci\u00e9t\u00e9 a \u00e9t\u00e9 constitu\u00e9e \u00e0 Paris par acte en date du 16 ao\u00fbt 1924. SAFRAN est une soci\u00e9t\u00e9 anonyme \u00e0 directoire et conseil de surveillance de droit fran\u00e7ais. La soci\u00e9t\u00e9 SAFRAN r\u00e9sulte de la fusion, le 11 mai 2005, de Snecma, soci\u00e9t\u00e9 holding du Groupe Snecma, et de Sagem SA, apr\u00e8s que [&hellip;]<\/p>\n","protected":false},"author":1,"featured_media":0,"parent":0,"menu_order":0,"comment_status":"closed","ping_status":"closed","template":"","meta":{"footnotes":""},"class_list":["post-407","page","type-page","status-publish","hentry"],"_links":{"self":[{"href":"https:\/\/la-marque.org\/index.php\/wp-json\/wp\/v2\/pages\/407","targetHints":{"allow":["GET"]}}],"collection":[{"href":"https:\/\/la-marque.org\/index.php\/wp-json\/wp\/v2\/pages"}],"about":[{"href":"https:\/\/la-marque.org\/index.php\/wp-json\/wp\/v2\/types\/page"}],"author":[{"embeddable":true,"href":"https:\/\/la-marque.org\/index.php\/wp-json\/wp\/v2\/users\/1"}],"replies":[{"embeddable":true,"href":"https:\/\/la-marque.org\/index.php\/wp-json\/wp\/v2\/comments?post=407"}],"version-history":[{"count":3,"href":"https:\/\/la-marque.org\/index.php\/wp-json\/wp\/v2\/pages\/407\/revisions"}],"predecessor-version":[{"id":412,"href":"https:\/\/la-marque.org\/index.php\/wp-json\/wp\/v2\/pages\/407\/revisions\/412"}],"wp:attachment":[{"href":"https:\/\/la-marque.org\/index.php\/wp-json\/wp\/v2\/media?parent=407"}],"curies":[{"name":"wp","href":"https:\/\/api.w.org\/{rel}","templated":true}]}}