{"id":373,"date":"2020-01-31T12:13:30","date_gmt":"2020-01-31T12:13:30","guid":{"rendered":"https:\/\/la-marque.org\/?page_id=373"},"modified":"2021-04-01T15:48:53","modified_gmt":"2021-04-01T15:48:53","slug":"orange","status":"publish","type":"page","link":"https:\/\/la-marque.org\/index.php\/orange\/","title":{"rendered":"Orange"},"content":{"rendered":"\n<p>France T\u00e9l\u00e9com a \u00e9t\u00e9 constitu\u00e9e en soci\u00e9t\u00e9 anonyme le 31 d\u00e9cembre 1996&#8230; \u00ab\u00a0en 1997, date \u00e0 laquelle l&rsquo;Etat fran\u00e7ais a vendu 25% des actions qu&rsquo;il d\u00e9tenait au public et aux salari\u00e9s de France T\u00e9l\u00e9com. Le transfert du secteur public au secteur priv\u00e9 de France T\u00e9l\u00e9com est intervenu le 7 septembre 2004 \u00e0 la suite de la cession par l&rsquo;Etat de 10,85% du capital de France T\u00e9l\u00e9com&#8230;\u00a0\u00bb<br>Le 28 mai 2013 France T\u00e9l\u00e9com devient Orange<br>Activit\u00e9 : op\u00e9rateur de t\u00e9l\u00e9communications<\/p>\n\n\n\n<p><strong>Capitalisation boursi\u00e8re au 1<sup>er<\/sup> avril 2021 : 27 845 milliards d&rsquo;euros Nombre de titres &#8211; actions : 2 660 056 599<\/strong><\/p>\n\n\n\n<p><strong>Capitalisation boursi\u00e8re au 29 juin 2019 : 36,88 milliards d&rsquo;euros, nombre de titres &#8211; actions : 2 660 056 599<\/strong><\/p>\n\n\n\n<p><strong>R\u00e9partition du capital d&rsquo;Orange 31 d\u00e9cembre 2020 <\/strong>(Source : Orange)<\/p>\n\n\n\n<figure class=\"wp-block-image size-large\"><a href=\"https:\/\/gallery.orange.com\/finance\/media\/b2bfa5b0-ca35-4b70-9c83-e61639db7bbb#v=Version1&amp;l=fr-FR&amp;p=377\" target=\"_blank\" rel=\"noopener\"><img loading=\"lazy\" decoding=\"async\" width=\"637\" height=\"285\" src=\"https:\/\/la-marque.org\/wp-content\/uploads\/2021\/04\/orange-2020.jpg\" alt=\"\" class=\"wp-image-1317\" srcset=\"https:\/\/la-marque.org\/wp-content\/uploads\/2021\/04\/orange-2020.jpg 637w, https:\/\/la-marque.org\/wp-content\/uploads\/2021\/04\/orange-2020-300x134.jpg 300w\" sizes=\"auto, (max-width: 637px) 100vw, 637px\" \/><\/a><\/figure>\n\n\n\n<p><strong>R\u00e9partition du capital d&rsquo;Orange mars 2016<\/strong><br><em>D&rsquo;apr\u00e8s les rapports annuels publi\u00e9s sur Internet et sous-r\u00e9serve d&rsquo;une erreur de saisie.<\/em><\/p>\n\n\n\n<figure class=\"wp-block-table\"><table class=\"has-fixed-layout\"><tbody><tr><td>Institutionnels (USA, Canada, Suisse, Allemagne, Grande-Bretagne, France)<\/td><td>64,4 %<\/td><\/tr><tr><td>Particuliers, salari\u00e9s<\/td><td>7,6 %<\/td><\/tr><tr><td>Autod\u00e9tention<\/td><td>4,9 %<\/td><\/tr><tr><td>Etat &amp; BPI France (ex-FSI)<\/td><td>0,1 %<br>23 %<\/td><\/tr><\/tbody><\/table><\/figure>\n\n\n\n<figure class=\"wp-block-table\"><table class=\"has-fixed-layout\"><tbody><tr><td> <strong><a rel=\"noreferrer noopener\" href=\"http:\/\/www.francetelecom.com\/fr\" target=\"_blank\">Orange &#8211; France T\u00e9l\u00e9com<\/a> <\/strong><br> au 31 \/ 12 \/ 2012  <\/td><td><\/td><\/tr><tr><td><strong>Etat + FSI<\/strong><\/td><td>26,94 %<\/td><\/tr><tr><td><strong>Flottant<\/strong><\/td><td>67,62 %<\/td><\/tr><tr><td><strong>Salari\u00e9s<\/strong><\/td><td>4,63 %<\/td><\/tr><tr><td><strong>Autod\u00e9tention<\/strong><\/td><td>0,81 %<\/td><\/tr><tr><td><br><\/td><\/tr><tr><td><strong><a href=\"http:\/\/www.francetelecom.com\/fr\" target=\"_blank\" rel=\"noreferrer noopener\">Orange &#8211; France T\u00e9l\u00e9com<\/a> <\/strong>&#8211; 2011<\/td><\/tr><tr><td><strong>Etat<\/strong><\/td><td>13,45 %<\/td><\/tr><tr><td><strong>ERAP* (dissoute en 2010)<\/strong><\/td><td><br><\/td><\/tr><tr><td><strong>FSI***<\/strong><\/td><td>13,50 %<\/td><\/tr><tr><td><strong>Total secteur public<\/strong><\/td><td>26,94 %<\/td><\/tr><tr><td><strong>Flottant****<\/strong><\/td><td>67,66 %<\/td><\/tr><tr><td><strong>Personnel du Groupe**<\/strong><\/td><td>4,81 %<\/td><\/tr><tr><td><strong>Auto-d\u00e9tention<\/strong><\/td><td>0,58 %<\/td><\/tr><\/tbody><\/table><\/figure>\n\n\n\n<p> <em>*Cr\u00e9\u00e9 en 1965, l\u2019ERAP est un \u00e9tablissement public \u00e0 caract\u00e8re industriel et commercial (EPIC) dont l\u2019objet social est de prendre, \u00e0 la demande de l\u2019Etat, des participations dans des entreprises des secteurs de l\u2019\u00e9nergie, de la pharmacie et des t\u00e9l\u00e9communications.<\/em><br><em>**Comprend les actions d\u00e9tenues dans le cadre du plan d\u2019\u00e9pargne Groupe et celles d\u00e9tenues suite aux attributions gratuites d\u2019actions (voir la section 17.2.4 R\u00e9mun\u00e9rations) ;<br>ne comprend pas les actions d\u00e9tenues au porteur.<\/em><br><em>***Fonds Strat\u00e9gique d\u2019Investissement, soci\u00e9t\u00e9 anonyme contr\u00f4l\u00e9e int\u00e9gralement par l\u2019Etat (directement et indirectement via la Caisse des d\u00e9p\u00f4ts et Consignations).<\/em><\/p>\n\n\n\n<p><em>****REPARTITION GEOGRAPHIQUE DU FLOTTANT<br>AU 31 DECEMBRE 2011 :<br>France : 26,5 %<br>Royaume-Uni : 11,5 %<br>Autres pays europ\u00e9ens : 29 %<br>TOTAL EUROPE : 67 %<br>Am\u00e9rique du Nord : 26 %<br>Reste du monde : 7 %<br>TOTAL 100 %<br>Source : Etude Thomson Reuten bas\u00e9e sur enqu\u00eate TPI<\/em> <\/p>\n\n\n\n<figure class=\"wp-block-table\"><table class=\"has-fixed-layout\"><tbody><tr><td><strong><a href=\"http:\/\/www.francetelecom.com\/fr\" target=\"_blank\" rel=\"noreferrer noopener\">Orange &#8211; FranceTelecom groupe<\/a> <\/strong>&#8211; 2006<\/td><\/tr><tr><td><strong>Etat<\/strong><\/td><td>18,16 %<\/td><\/tr><tr><td><strong>ERAP*<\/strong><\/td><td>14,25 %<\/td><\/tr><tr><td><strong>Etat + ERAP<\/strong><\/td><td>32,41 %<\/td><\/tr><tr><td><strong>Public<\/strong><\/td><td>63,95 %<\/td><\/tr><tr><td><strong>Salari\u00e9s**<\/strong><\/td><td>3,64 %<\/td><\/tr><\/tbody><\/table><\/figure>\n\n\n\n<p> <em>*Cr\u00e9\u00e9 en 1965, l\u2019ERAP est un \u00e9tablissement public \u00e0 caract\u00e8re industriel et commercial (EPIC) dont l\u2019objet social est de prendre, \u00e0 la demande de l\u2019Etat, des participations dans des entreprises des secteurs de l\u2019\u00e9nergie, de la pharmacie et des t\u00e9l\u00e9communications.<\/em><br><em>**Concerne uniquement les actions d\u00e9tenues par des salari\u00e9s et anciens salari\u00e9s directement au nominatif ou dans le cadre d&rsquo;un plan d&rsquo;\u00e9pargne d&rsquo;entreprise ainsi que les actions achet\u00e9es dans le cadre d&rsquo;offres par l&rsquo;Etat r\u00e9serv\u00e9es aux salari\u00e9s et incessibles jusqu&rsquo;au 20 janvier 2007 ou jusqu&rsquo;au 7 novembre 2008.<\/em> <\/p>\n\n\n\n<figure class=\"wp-block-table\"><table class=\"has-fixed-layout\"><tbody><tr><td><strong><a href=\"http:\/\/www.francetelecom.com\/fr\" target=\"_blank\" rel=\"noreferrer noopener\">France T\u00e9l\u00e9com<\/a> <\/strong>&#8211; 20 janvier 1999<\/td><\/tr><tr><td><strong>Etat<\/strong><\/td><td>63,60 %<\/td><\/tr><tr><td><strong>Public<\/strong><\/td><td>31,20 %<\/td><\/tr><tr><td><strong>Personnel<\/strong><\/td><td>3,20 %<\/td><\/tr><tr><td><strong>Deutsche Telekom<\/strong><\/td><td>2,00 %<\/td><\/tr><\/tbody><\/table><\/figure>\n\n\n\n<p><strong>Date de mise \u00e0 jour<\/strong> : 1<sup>er<\/sup> avril 2021<\/p>\n","protected":false},"excerpt":{"rendered":"<p>France T\u00e9l\u00e9com a \u00e9t\u00e9 constitu\u00e9e en soci\u00e9t\u00e9 anonyme le 31 d\u00e9cembre 1996&#8230; \u00ab\u00a0en 1997, date \u00e0 laquelle l&rsquo;Etat fran\u00e7ais a vendu 25% des actions qu&rsquo;il d\u00e9tenait au public et aux salari\u00e9s de France T\u00e9l\u00e9com. Le transfert du secteur public au secteur priv\u00e9 de France T\u00e9l\u00e9com est intervenu le 7 septembre 2004 \u00e0 la suite de [&hellip;]<\/p>\n","protected":false},"author":1,"featured_media":0,"parent":0,"menu_order":0,"comment_status":"closed","ping_status":"closed","template":"","meta":{"footnotes":""},"class_list":["post-373","page","type-page","status-publish","hentry"],"_links":{"self":[{"href":"https:\/\/la-marque.org\/index.php\/wp-json\/wp\/v2\/pages\/373","targetHints":{"allow":["GET"]}}],"collection":[{"href":"https:\/\/la-marque.org\/index.php\/wp-json\/wp\/v2\/pages"}],"about":[{"href":"https:\/\/la-marque.org\/index.php\/wp-json\/wp\/v2\/types\/page"}],"author":[{"embeddable":true,"href":"https:\/\/la-marque.org\/index.php\/wp-json\/wp\/v2\/users\/1"}],"replies":[{"embeddable":true,"href":"https:\/\/la-marque.org\/index.php\/wp-json\/wp\/v2\/comments?post=373"}],"version-history":[{"count":7,"href":"https:\/\/la-marque.org\/index.php\/wp-json\/wp\/v2\/pages\/373\/revisions"}],"predecessor-version":[{"id":1324,"href":"https:\/\/la-marque.org\/index.php\/wp-json\/wp\/v2\/pages\/373\/revisions\/1324"}],"wp:attachment":[{"href":"https:\/\/la-marque.org\/index.php\/wp-json\/wp\/v2\/media?parent=373"}],"curies":[{"name":"wp","href":"https:\/\/api.w.org\/{rel}","templated":true}]}}