{"id":368,"date":"2020-01-31T11:35:40","date_gmt":"2020-01-31T11:35:40","guid":{"rendered":"https:\/\/la-marque.org\/?page_id=368"},"modified":"2020-01-31T11:37:29","modified_gmt":"2020-01-31T11:37:29","slug":"fdj-francaise-des-jeux","status":"publish","type":"page","link":"https:\/\/la-marque.org\/index.php\/fdj-francaise-des-jeux\/","title":{"rendered":"FDJ &#8211; Fran\u00e7aise Des Jeux"},"content":{"rendered":"\n<p>Op\u00e9rateur de jeux d&rsquo;argent et de hasard<br>Introduction en bourse : novembre 2019<br><\/p>\n\n\n\n<p>Capitalisation boursi\u00e8re au 28 novembre 2019 : 4 192 millions d&rsquo;euros<br>Nombre d&rsquo;actions : 191 000 000<br>Prix de l&rsquo;action : 21,940 euros<\/p>\n\n\n\n<p><strong>Actionnaires <\/strong>(source tradingsat.com)<strong> au 28 novembre 2019 : <\/strong><br>Etat fran\u00e7ais : 20.00 %<br>Union des Bless\u00e9s de la Face et de la T\u00eate : 9.23 %<br>FCP Fran\u00e7aise des Jeux Actionnariat : 5.00 %<br>F\u00e9d\u00e9ration Maginot : 4.23 %<br>Soficoma : 3.00 %<br>IDSUD : 2.63 %<br>Conf\u00e9d\u00e9ration Nationale des Buralistes de France : 1.95 %<br>MASFIP : 1.00 %<br>Compagnie Marseillaise de Loterie : 0.59 %<br>Emissions Berger : 0,37 %<\/p>\n\n\n\n<p><strong>Date de publication initiale<\/strong> : 28 novembre 2019<br><\/p>\n","protected":false},"excerpt":{"rendered":"<p>Op\u00e9rateur de jeux d&rsquo;argent et de hasardIntroduction en bourse : novembre 2019 Capitalisation boursi\u00e8re au 28 novembre 2019 : 4 192 millions d&rsquo;eurosNombre d&rsquo;actions : 191 000 000Prix de l&rsquo;action : 21,940 euros Actionnaires (source tradingsat.com) au 28 novembre 2019 : Etat fran\u00e7ais : 20.00 %Union des Bless\u00e9s de la Face et de la T\u00eate [&hellip;]<\/p>\n","protected":false},"author":1,"featured_media":0,"parent":0,"menu_order":0,"comment_status":"closed","ping_status":"closed","template":"","meta":{"footnotes":""},"class_list":["post-368","page","type-page","status-publish","hentry"],"_links":{"self":[{"href":"https:\/\/la-marque.org\/index.php\/wp-json\/wp\/v2\/pages\/368","targetHints":{"allow":["GET"]}}],"collection":[{"href":"https:\/\/la-marque.org\/index.php\/wp-json\/wp\/v2\/pages"}],"about":[{"href":"https:\/\/la-marque.org\/index.php\/wp-json\/wp\/v2\/types\/page"}],"author":[{"embeddable":true,"href":"https:\/\/la-marque.org\/index.php\/wp-json\/wp\/v2\/users\/1"}],"replies":[{"embeddable":true,"href":"https:\/\/la-marque.org\/index.php\/wp-json\/wp\/v2\/comments?post=368"}],"version-history":[{"count":2,"href":"https:\/\/la-marque.org\/index.php\/wp-json\/wp\/v2\/pages\/368\/revisions"}],"predecessor-version":[{"id":372,"href":"https:\/\/la-marque.org\/index.php\/wp-json\/wp\/v2\/pages\/368\/revisions\/372"}],"wp:attachment":[{"href":"https:\/\/la-marque.org\/index.php\/wp-json\/wp\/v2\/media?parent=368"}],"curies":[{"name":"wp","href":"https:\/\/api.w.org\/{rel}","templated":true}]}}