{"id":363,"date":"2020-01-31T11:32:14","date_gmt":"2020-01-31T11:32:14","guid":{"rendered":"https:\/\/la-marque.org\/?page_id=363"},"modified":"2021-03-29T14:19:25","modified_gmt":"2021-03-29T14:19:25","slug":"eramet","status":"publish","type":"page","link":"https:\/\/la-marque.org\/index.php\/eramet\/","title":{"rendered":"Eramet"},"content":{"rendered":"\n<p>Entreprise mini\u00e8re et m\u00e9tallurgique<br>Date de cr\u00e9ation 1880<br>Introduction en bourse en 1994<br><\/p>\n\n\n\n<p>Capitalisation boursi\u00e8re au 11 octobre 2019 : 1 269 M\u20ac<br>Nombre d&rsquo;actions : 26 635 884<\/p>\n\n\n\n<p><strong>R\u00e9partition de l\u2019actionnariat et des droits de vote au 31 d\u00e9cembre 2019<\/strong><\/p>\n\n\n\n<figure class=\"wp-block-image size-large\"><a href=\"https:\/\/eramet.com\/sites\/default\/files\/2020-03\/Eramet-Document-Enregistrement-Universel-2019.pdf\" target=\"_blank\" rel=\"noopener\"><img loading=\"lazy\" decoding=\"async\" width=\"758\" height=\"684\" src=\"https:\/\/la-marque.org\/wp-content\/uploads\/2021\/03\/eramet31dec2019.jpg\" alt=\"\" class=\"wp-image-1301\" srcset=\"https:\/\/la-marque.org\/wp-content\/uploads\/2021\/03\/eramet31dec2019.jpg 758w, https:\/\/la-marque.org\/wp-content\/uploads\/2021\/03\/eramet31dec2019-300x271.jpg 300w\" sizes=\"auto, (max-width: 758px) 100vw, 758px\" \/><\/a><figcaption>Source : Eramet<\/figcaption><\/figure>\n\n\n\n<p><strong>R\u00e9partition de l\u2019actionnariat et des droits de vote au 30 septembre 2004<\/strong><\/p>\n\n\n\n<figure class=\"wp-block-image size-large\"><a href=\"https:\/\/eramet.com\/sites\/default\/files\/2019-05\/doc_ref_eramet2003_fr.pdf\" target=\"_blank\" rel=\"noopener\"><img loading=\"lazy\" decoding=\"async\" width=\"599\" height=\"690\" src=\"https:\/\/la-marque.org\/wp-content\/uploads\/2021\/03\/eramet30sept2004.jpg\" alt=\"\" class=\"wp-image-1305\" srcset=\"https:\/\/la-marque.org\/wp-content\/uploads\/2021\/03\/eramet30sept2004.jpg 599w, https:\/\/la-marque.org\/wp-content\/uploads\/2021\/03\/eramet30sept2004-260x300.jpg 260w\" sizes=\"auto, (max-width: 599px) 100vw, 599px\" \/><\/a><figcaption>Source : Eramet<\/figcaption><\/figure>\n\n\n\n<p><strong>Mise \u00e0 jour<\/strong> : 29 mars 2021<\/p>\n","protected":false},"excerpt":{"rendered":"<p>Entreprise mini\u00e8re et m\u00e9tallurgiqueDate de cr\u00e9ation 1880Introduction en bourse en 1994 Capitalisation boursi\u00e8re au 11 octobre 2019 : 1 269 M\u20acNombre d&rsquo;actions : 26 635 884 R\u00e9partition de l\u2019actionnariat et des droits de vote au 31 d\u00e9cembre 2019 R\u00e9partition de l\u2019actionnariat et des droits de vote au 30 septembre 2004 Mise \u00e0 jour : 29 [&hellip;]<\/p>\n","protected":false},"author":1,"featured_media":0,"parent":0,"menu_order":0,"comment_status":"closed","ping_status":"closed","template":"","meta":{"footnotes":""},"class_list":["post-363","page","type-page","status-publish","hentry"],"_links":{"self":[{"href":"https:\/\/la-marque.org\/index.php\/wp-json\/wp\/v2\/pages\/363","targetHints":{"allow":["GET"]}}],"collection":[{"href":"https:\/\/la-marque.org\/index.php\/wp-json\/wp\/v2\/pages"}],"about":[{"href":"https:\/\/la-marque.org\/index.php\/wp-json\/wp\/v2\/types\/page"}],"author":[{"embeddable":true,"href":"https:\/\/la-marque.org\/index.php\/wp-json\/wp\/v2\/users\/1"}],"replies":[{"embeddable":true,"href":"https:\/\/la-marque.org\/index.php\/wp-json\/wp\/v2\/comments?post=363"}],"version-history":[{"count":7,"href":"https:\/\/la-marque.org\/index.php\/wp-json\/wp\/v2\/pages\/363\/revisions"}],"predecessor-version":[{"id":1307,"href":"https:\/\/la-marque.org\/index.php\/wp-json\/wp\/v2\/pages\/363\/revisions\/1307"}],"wp:attachment":[{"href":"https:\/\/la-marque.org\/index.php\/wp-json\/wp\/v2\/media?parent=363"}],"curies":[{"name":"wp","href":"https:\/\/api.w.org\/{rel}","templated":true}]}}