{"id":36,"date":"2020-01-10T16:27:28","date_gmt":"2020-01-10T16:27:28","guid":{"rendered":"https:\/\/la-marque.org\/?page_id=36"},"modified":"2025-10-09T16:48:00","modified_gmt":"2025-10-09T16:48:00","slug":"presentation","status":"publish","type":"page","link":"https:\/\/la-marque.org\/","title":{"rendered":"Pr\u00e9sentation"},"content":{"rendered":"\n<h5 class=\"wp-block-heading\">Les Marques mod\u00e8lent notre monde et participent \u00e0 sa configuration selon leurs int\u00e9r\u00eats.<\/h5>\n\n\n\n<p><em>la-marque.org<\/em> a choisi le prisme des Marques pour d\u00e9crire notre soci\u00e9t\u00e9, l\u00e0, o\u00f9 d&rsquo;autres choisissent la politique, l&rsquo;histoire, le commerce, la litt\u00e9rature\u2026<br><em>elle<\/em> r\u00e9fl\u00e9chit &nbsp;:<br> &#8211; \u00e0 la naissance, le d\u00e9veloppement et la disparition des Marques (ontogen\u00e8se) ainsi qu&rsquo;aux modes d&rsquo;\u00eatre des Marques (ontologie)<br> &#8211; \u00e0 l&rsquo;autonomie et aux liens que tissent entre elles les Marques nations, religieuses, politiques, commerciales, ONG, associatives<br> &#8211; \u00e0 l&rsquo;influence que les Marques exercent sur notre appr\u00e9hension du monde, notre r\u00e9flexion, nos comportements individuels et vice versa<br> &#8211; aux motivations que les hommes \u00e9prouvent \u00e0 fonder des Marques ou \u00e0 se fondre en Marque.<\/p>\n\n\n\n<p>Pour <em>la-marque.org <\/em>le terme de Marque est une cat\u00e9gorie qui  comprend non seulement les soci\u00e9t\u00e9s commerciales, mais aussi les  confessions religieuses, les nations, les villes, les partis politiques,  les organisations non gouvernementales, les associations, les  \u00e9v\u00e8nements et les patronymes.<\/p>\n\n\n\n<p>D\u00e8s lors, ne soyez pas \u00e9tonn\u00e9s, qu&rsquo;immerg\u00e9s dans un devenir de  Marques qui g\u00e8rent aussi bien notre vie publique que notre vie priv\u00e9e  nous soyons consid\u00e9r\u00e9s par <em>la-marque.org<\/em> comme des consommateurs \u00e0 des degr\u00e9s et des intensit\u00e9s divers.<\/p>\n\n\n\n<p>A la lecture de cette pr\u00e9sentation on pourrait craindre que les \nMarques occupent la totalit\u00e9 de notre environnement, pourtant des \n\u00e9l\u00e9ments \u00e9chappent toujours au marquage comme c&rsquo;est le cas avec le vent,\n la pluie&#8230; ou bien encore avec une discipline telle que \nl&rsquo;arithm\u00e9tique.<\/p>\n\n\n\n<p><em>*Rappelons ici que nous sommes ethnocentr\u00e9s et que nous \nappara\u00eetrons, le temps aidant, comme une protoculture pour les futurs \n(pr\u00e9)historiens.<\/em><\/p>\n","protected":false},"excerpt":{"rendered":"<p>Les Marques mod\u00e8lent notre monde et participent \u00e0 sa configuration selon leurs int\u00e9r\u00eats. la-marque.org a choisi le prisme des Marques pour d\u00e9crire notre soci\u00e9t\u00e9, l\u00e0, o\u00f9 d&rsquo;autres choisissent la politique, l&rsquo;histoire, le commerce, la litt\u00e9rature\u2026elle r\u00e9fl\u00e9chit &nbsp;: &#8211; \u00e0 la naissance, le d\u00e9veloppement et la disparition des Marques (ontogen\u00e8se) ainsi qu&rsquo;aux modes d&rsquo;\u00eatre des Marques [&hellip;]<\/p>\n","protected":false},"author":1,"featured_media":0,"parent":0,"menu_order":0,"comment_status":"closed","ping_status":"closed","template":"","meta":{"footnotes":""},"class_list":["post-36","page","type-page","status-publish","hentry"],"_links":{"self":[{"href":"https:\/\/la-marque.org\/index.php\/wp-json\/wp\/v2\/pages\/36","targetHints":{"allow":["GET"]}}],"collection":[{"href":"https:\/\/la-marque.org\/index.php\/wp-json\/wp\/v2\/pages"}],"about":[{"href":"https:\/\/la-marque.org\/index.php\/wp-json\/wp\/v2\/types\/page"}],"author":[{"embeddable":true,"href":"https:\/\/la-marque.org\/index.php\/wp-json\/wp\/v2\/users\/1"}],"replies":[{"embeddable":true,"href":"https:\/\/la-marque.org\/index.php\/wp-json\/wp\/v2\/comments?post=36"}],"version-history":[{"count":11,"href":"https:\/\/la-marque.org\/index.php\/wp-json\/wp\/v2\/pages\/36\/revisions"}],"predecessor-version":[{"id":3251,"href":"https:\/\/la-marque.org\/index.php\/wp-json\/wp\/v2\/pages\/36\/revisions\/3251"}],"wp:attachment":[{"href":"https:\/\/la-marque.org\/index.php\/wp-json\/wp\/v2\/media?parent=36"}],"curies":[{"name":"wp","href":"https:\/\/api.w.org\/{rel}","templated":true}]}}