{"id":357,"date":"2020-01-30T13:07:01","date_gmt":"2020-01-30T13:07:01","guid":{"rendered":"https:\/\/la-marque.org\/?page_id=357"},"modified":"2020-01-30T13:10:22","modified_gmt":"2020-01-30T13:10:22","slug":"engie","status":"publish","type":"page","link":"https:\/\/la-marque.org\/index.php\/engie\/","title":{"rendered":"Engie"},"content":{"rendered":"\n<p>&nbsp;2015 : GDF Suez devient Engie<br>Activit\u00e9 : fourniture d&rsquo;\u00e9nergie et services<br><\/p>\n\n\n\n<p> <strong>R\u00e9partition du capital et des droits de vote <\/strong>(en italique)<strong> d&rsquo;Engie au 31 mars 2019<br>2 435 285 011 actions<br>Capitalisation boursi\u00e8re au 3 juillet 2019 : 33,84 Md<\/strong> <\/p>\n\n\n\n<figure class=\"wp-block-table\"><table class=\"has-subtle-light-gray-background-color has-fixed-layout has-background\"><tbody><tr><td>\u00c9tat<\/td><td>23,64 %<\/td><td><em>34,26 % <\/em><\/td><\/tr><tr><td>Actionnariat salari\u00e9<\/td><td>3,99 %<\/td><td><em>5,44 %<\/em><\/td><\/tr><tr><td>Groupe CDC<\/td><td>1,83 %<\/td><td><em>1,74 %<\/em><\/td><\/tr><tr><td>Groupe CNP Assurances<\/td><td>0,97 %<\/td><td><em>0,75 %<\/em><\/td><\/tr><tr><td>Autod\u00e9tention &#8211; Autocontr\u00f4le<\/td><td>0,92 %<\/td><td><em>0,71 %<\/em><\/td><\/tr><tr><td>Public (y compris BlackRock, investisseurs institutionnels, actionnaires individuels et autres)<\/td><td>68,65 %<\/td><td><em>57,10 %<\/em><\/td><\/tr><\/tbody><\/table><\/figure>\n\n\n\n<p> <strong>R\u00e9partition du capital d&rsquo;Engie \u00e0 fin 2015<\/strong> <\/p>\n\n\n\n<figure class=\"wp-block-table\"><table class=\"has-subtle-light-gray-background-color has-fixed-layout has-background\"><tbody><tr><td>\u00c9tat<\/td><td>32,76 %<\/td><\/tr><tr><td>Actionnariat salari\u00e9<\/td><td>2,72 %<\/td><\/tr><tr><td>Groupe Bruxelles Lambert (GBL)<\/td><td>2,33 %<\/td><\/tr><tr><td>Groupe CDC<\/td><td>1,88 %<\/td><\/tr><tr><td>CNP Assurances<\/td><td>1,77%<\/td><\/tr><tr><td>Sofina<\/td><td>0,37 %<\/td><\/tr><tr><td>Autod\u00e9tention<\/td><td>1,62 %<\/td><\/tr><tr><td>Public (y compris investisseurs institutionnels, actionnaires individuels et autres)<\/td><td>56,55 %<\/td><\/tr><\/tbody><\/table><\/figure>\n\n\n\n<p> <strong>GDF SUEZ<\/strong>  : La Soci\u00e9t\u00e9 GDF SUEZ r\u00e9sulte de la fusion-absorption de SUEZ par Gaz  de France en 2008. Cr\u00e9\u00e9e initialement en 1946 sous la forme d\u2019un EPIC,  la Soci\u00e9t\u00e9 a \u00e9t\u00e9 transform\u00e9e en soci\u00e9t\u00e9 anonyme. SUEZ r\u00e9sultait de la  fusion de la Compagnie de Suez et de Lyonnaise des Eaux intervenue en  1997.<br>Secteur de l&rsquo;\u00e9nergie. <\/p>\n\n\n\n<p> <strong>R\u00e9partition de l&rsquo;actionnariat de GDF SUEZ<\/strong><br>Au 31 d\u00e9cembre 2012, la Soci\u00e9t\u00e9 comptait 2 412 824 089 actions, dont 55 533 833 actions autod\u00e9tenues. <\/p>\n\n\n\n<figure class=\"wp-block-table\"><table class=\"has-subtle-light-gray-background-color has-fixed-layout has-background\"><tbody><tr><td><strong>Etat<\/strong><\/td><td>36,7 %<\/td><\/tr><tr><td><strong>Groupe Bruxelles Lambert (GBL)<\/strong><\/td><td>5,1 %<\/td><\/tr><tr><td><strong>Actionnariat salari\u00e9<\/strong><\/td><td>2,3 %<\/td><\/tr><tr><td><strong>Groupe CDC<\/strong><\/td><td>1,9 %<\/td><\/tr><tr><td><strong>CNP Assurances<\/strong><\/td><td>1,0 %<\/td><\/tr><tr><td><strong>Sofina<\/strong><\/td><td>0,5 %<\/td><\/tr><tr><td><strong>Autod\u00e9tention<\/strong><\/td><td>2,3 %<\/td><\/tr><tr><td><strong>Total dirigeants<\/strong><\/td><td>ns<\/td><\/tr><tr><td><strong>Public<\/strong><\/td><td>50,2 %<\/td><\/tr><tr><td>Total<\/td><td>100 %<\/td><\/tr><\/tbody><\/table><\/figure>\n\n\n\n<p><strong>Date de mise \u00e0 jour<\/strong> : 3 juillet 2019<\/p>\n","protected":false},"excerpt":{"rendered":"<p>&nbsp;2015 : GDF Suez devient EngieActivit\u00e9 : fourniture d&rsquo;\u00e9nergie et services R\u00e9partition du capital et des droits de vote (en italique) d&rsquo;Engie au 31 mars 20192 435 285 011 actionsCapitalisation boursi\u00e8re au 3 juillet 2019 : 33,84 Md \u00c9tat 23,64 % 34,26 % Actionnariat salari\u00e9 3,99 % 5,44 % Groupe CDC 1,83 % 1,74 % [&hellip;]<\/p>\n","protected":false},"author":1,"featured_media":0,"parent":0,"menu_order":0,"comment_status":"closed","ping_status":"closed","template":"","meta":{"footnotes":""},"class_list":["post-357","page","type-page","status-publish","hentry"],"_links":{"self":[{"href":"https:\/\/la-marque.org\/index.php\/wp-json\/wp\/v2\/pages\/357","targetHints":{"allow":["GET"]}}],"collection":[{"href":"https:\/\/la-marque.org\/index.php\/wp-json\/wp\/v2\/pages"}],"about":[{"href":"https:\/\/la-marque.org\/index.php\/wp-json\/wp\/v2\/types\/page"}],"author":[{"embeddable":true,"href":"https:\/\/la-marque.org\/index.php\/wp-json\/wp\/v2\/users\/1"}],"replies":[{"embeddable":true,"href":"https:\/\/la-marque.org\/index.php\/wp-json\/wp\/v2\/comments?post=357"}],"version-history":[{"count":2,"href":"https:\/\/la-marque.org\/index.php\/wp-json\/wp\/v2\/pages\/357\/revisions"}],"predecessor-version":[{"id":361,"href":"https:\/\/la-marque.org\/index.php\/wp-json\/wp\/v2\/pages\/357\/revisions\/361"}],"wp:attachment":[{"href":"https:\/\/la-marque.org\/index.php\/wp-json\/wp\/v2\/media?parent=357"}],"curies":[{"name":"wp","href":"https:\/\/api.w.org\/{rel}","templated":true}]}}