{"id":348,"date":"2020-01-30T12:38:24","date_gmt":"2020-01-30T12:38:24","guid":{"rendered":"https:\/\/la-marque.org\/?page_id=348"},"modified":"2020-05-20T09:35:45","modified_gmt":"2020-05-20T09:35:45","slug":"edf","status":"publish","type":"page","link":"https:\/\/la-marque.org\/index.php\/edf\/","title":{"rendered":"EDF"},"content":{"rendered":"\n<p>L&rsquo;entreprise est devenue une Soci\u00e9t\u00e9 Anonyme \u00e0 Conseil d&rsquo;administration depuis novembre&nbsp;2004.<br>Le titre EDF a \u00e9t\u00e9 introduit en bourse le 21 novembre 2005<br>Objet : fourniture d&rsquo;\u00e9nergie et de services<br><\/p>\n\n\n\n<p> <strong><a rel=\"noreferrer noopener\" href=\"http:\/\/www.edf.fr\" target=\"_blank\">EDF ou Electricit\u00e9 de France<\/a><\/strong>  : L&rsquo;entreprise est devenue une Soci\u00e9t\u00e9 Anonyme \u00e0 Conseil  d&rsquo;administration depuis novembre&nbsp;2004. Cette nouvelle forme juridique  permet \u00e0 EDF de se lib\u00e9rer du principe de sp\u00e9cialit\u00e9 li\u00e9 \u00e0 son ancien  statut d&rsquo;EPIC. EDF peut d\u00e9sormais \u00e9largir son offre commerciale au-del\u00e0  de la simple fourniture d&rsquo;\u00e9lectricit\u00e9. Le Groupe s&rsquo;oriente vers une  offre multi\u00e9nergies, comme la fourniture conjointe de gaz et  d&rsquo;\u00e9lectricit\u00e9, et des services \u00e9nerg\u00e9tiques associ\u00e9s.<\/p>\n\n\n\n<figure class=\"wp-block-table\"><table class=\"has-subtle-light-gray-background-color has-fixed-layout has-background\"><thead><tr><th><strong>R\u00e9partition du capital social d&rsquo;EDF au 20 mai 2020<\/strong><br>(source : tradingsat.com)<br>Capitalisation au 20 mai 2020 : 22,88 Md euros<br>Nombre d&rsquo;actions : 3 103 621 086<\/th><th><\/th><\/tr><\/thead><tbody><tr><td>Autod\u00e9tention<\/td><td>0,16 %<\/td><\/tr><tr><td>Salari\u00e9s<\/td><td>1,34 %<\/td><\/tr><tr><td>Actionnaires institutionnels et particuliers<\/td><td>14,92 %<\/td><\/tr><tr><td>\u00c9tat fran\u00e7ais<\/td><td>83,58 %<\/td><\/tr><\/tbody><\/table><\/figure>\n\n\n\n<figure class=\"wp-block-table\"><table class=\"has-subtle-light-gray-background-color has-fixed-layout has-background\"><thead><tr><th> <strong>R\u00e9partition du capital social d&rsquo;EDF au 31 d\u00e9cembre 2018<\/strong><br>(source : edf)<br>Capitalisation au 2 juillet 2019 : 33,84 Md euros <\/th><th><\/th><\/tr><\/thead><tbody><tr><td>Autod\u00e9tention<\/td><td>0,1 %<\/td><\/tr><tr><td>Actionnaires individuels (hors salari\u00e9s)<\/td><td>1,9 %<\/td><\/tr><tr><td>Actionnaires salari\u00e9s<\/td><td>1,2 %<\/td><\/tr><tr><td>Actionnaires institutionnels<\/td><td>13,1 %<\/td><\/tr><tr><td>Etat (y compris Epic Bpifrance)<\/td><td>83,7 %<\/td><\/tr><\/tbody><\/table><\/figure>\n\n\n\n<figure class=\"wp-block-table\"><table class=\"has-subtle-light-gray-background-color has-fixed-layout has-background\"><thead><tr><th> <strong>R\u00e9partition du capital social d&rsquo;EDF au 30 juin 2016<\/strong> <\/th><th><\/th><\/tr><\/thead><tbody><tr><td>Autod\u00e9tention<\/td><td>0,1 %<\/td><\/tr><tr><td>Actionnaires individuels<\/td><td>3,3 %<\/td><\/tr><tr><td>Actionnaires salari\u00e9s<\/td><td>1,6 %<\/td><\/tr><tr><td>Actionnaires institutionnels<\/td><td>9,7 %<\/td><\/tr><tr><td>Etat<\/td><td>85,3 %<\/td><\/tr><\/tbody><\/table><\/figure>\n\n\n\n<figure class=\"wp-block-table\"><table class=\"has-subtle-light-gray-background-color has-fixed-layout has-background\"><tbody><tr><td><strong>Composition du capital social d\u2019EDF et <\/strong><br><strong>sa r\u00e9partition g\u00e9ographique<\/strong><br><a rel=\"noreferrer noopener\" href=\"http:\/\/finance.edf.com\/action-edf\/structure-de-l-actionnariat-40669.html\" target=\"_blank\">(en %, au 31\/12\/2012)<\/a><\/td><\/tr><tr><td><strong>Etat<\/strong><\/td><td>84.44 %<\/td><\/tr><tr><td><strong>Institutionnels Europe hors France<\/strong><\/td><td>3.98 %<\/td><\/tr><tr><td><strong>Institutionnels reste du monde<\/strong><\/td><td>3.48 %<\/td><\/tr><tr><td><strong>Institutionnels France<\/strong><\/td><td>2.88 %<\/td><\/tr><tr><td><strong>Actionnaires individuels<\/strong><\/td><td>3.25 %<\/td><\/tr><tr><td><strong>Actionnaires salari\u00e9s<\/strong><\/td><td>1.85 %<\/td><\/tr><tr><td><strong>Auto-d\u00e9tention<\/strong><\/td><td>0.12 %<\/td><\/tr><tr><td>Total<\/td><td>100.00 %<\/td><\/tr><\/tbody><\/table><\/figure>\n\n\n\n<figure class=\"wp-block-table\"><table class=\"has-subtle-light-gray-background-color has-fixed-layout has-background\"><tbody><tr><td><strong>Composition du capital social d\u2019EDF<\/strong><br>(en %, au 31\/12\/2007 rapport annuel)<\/td><\/tr><tr><td><strong>Etat<\/strong><\/td><td>84.85 %<\/td><\/tr><tr><td><strong>Public : investisseurs<br>individuels et Institutionnels<\/strong><\/td><td>13.25 %<\/td><\/tr><tr><td><strong>Salari\u00e9s (dont FCP<sup>1<\/sup> : 1.6 %)<\/strong><\/td><td>1.90 %<\/td><\/tr><tr><td>Total<\/td><td>100.00 %<\/td><\/tr><tr><td><em>1. Fonds commun de placement d\u2019entreprise \u00ab Actions EDF \u00bb.<\/em><\/td><\/tr><\/tbody><\/table><\/figure>\n\n\n\n<p><strong>Date de mise \u00e0 jour<\/strong> : 20 mai 2020<\/p>\n","protected":false},"excerpt":{"rendered":"<p>L&rsquo;entreprise est devenue une Soci\u00e9t\u00e9 Anonyme \u00e0 Conseil d&rsquo;administration depuis novembre&nbsp;2004.Le titre EDF a \u00e9t\u00e9 introduit en bourse le 21 novembre 2005Objet : fourniture d&rsquo;\u00e9nergie et de services EDF ou Electricit\u00e9 de France : L&rsquo;entreprise est devenue une Soci\u00e9t\u00e9 Anonyme \u00e0 Conseil d&rsquo;administration depuis novembre&nbsp;2004. Cette nouvelle forme juridique permet \u00e0 EDF de se lib\u00e9rer [&hellip;]<\/p>\n","protected":false},"author":1,"featured_media":0,"parent":0,"menu_order":0,"comment_status":"closed","ping_status":"closed","template":"","meta":{"footnotes":""},"class_list":["post-348","page","type-page","status-publish","hentry"],"_links":{"self":[{"href":"https:\/\/la-marque.org\/index.php\/wp-json\/wp\/v2\/pages\/348","targetHints":{"allow":["GET"]}}],"collection":[{"href":"https:\/\/la-marque.org\/index.php\/wp-json\/wp\/v2\/pages"}],"about":[{"href":"https:\/\/la-marque.org\/index.php\/wp-json\/wp\/v2\/types\/page"}],"author":[{"embeddable":true,"href":"https:\/\/la-marque.org\/index.php\/wp-json\/wp\/v2\/users\/1"}],"replies":[{"embeddable":true,"href":"https:\/\/la-marque.org\/index.php\/wp-json\/wp\/v2\/comments?post=348"}],"version-history":[{"count":8,"href":"https:\/\/la-marque.org\/index.php\/wp-json\/wp\/v2\/pages\/348\/revisions"}],"predecessor-version":[{"id":788,"href":"https:\/\/la-marque.org\/index.php\/wp-json\/wp\/v2\/pages\/348\/revisions\/788"}],"wp:attachment":[{"href":"https:\/\/la-marque.org\/index.php\/wp-json\/wp\/v2\/media?parent=348"}],"curies":[{"name":"wp","href":"https:\/\/api.w.org\/{rel}","templated":true}]}}