{"id":344,"date":"2020-01-30T11:38:33","date_gmt":"2020-01-30T11:38:33","guid":{"rendered":"https:\/\/la-marque.org\/?page_id=344"},"modified":"2020-01-30T11:38:33","modified_gmt":"2020-01-30T11:38:33","slug":"dexia","status":"publish","type":"page","link":"https:\/\/la-marque.org\/index.php\/dexia\/","title":{"rendered":"Dexia"},"content":{"rendered":"\n<p>Objet : Institution bancaire<br>Date de cr\u00e9ation : 1996<br><\/p>\n\n\n\n<figure class=\"wp-block-table\"><table class=\"has-subtle-light-gray-background-color has-fixed-layout has-background\"><thead><tr><th> STRUCTURE DE L&rsquo;ACTIONNARIAT DE L&rsquo;ENTREPRISE DEXIA \u00c0 LA DATE DE CLOTURE DE SES COMPTES, TELLE QU&rsquo;ELLE R\u00c9SULTE DES D\u00c9CLARATIONS RE\u00c7UES PAR L&rsquo;ENTREPRISE (rapport annuel 2015) <\/th><th><\/th><\/tr><\/thead><tbody><tr><td>Soci\u00e9t\u00e9 de Prise de Participation de l\u2019\u00c9tat (SPPE)<\/td><td>44,397 %<\/td><\/tr><tr><td>Soci\u00e9t\u00e9 F\u00e9d\u00e9rale de Participations et d\u2019 Investissement (SFPI)<\/td><td>50,018 %<\/td><\/tr><\/tbody><\/table><\/figure>\n\n\n\n<p>Dexia est une institution bancaire d\u00e9tenue \u00e0 94,4 % par les \u00c9tats fran\u00e7ais et belge, le reste \u00e9tant d\u00e9tenu par des actionnaires institutionnels. Le groupe bancaire est c\u00f4t\u00e9 sur Euronext Bruxelles (Belgique).<\/p>\n\n\n\n<p> <strong><a rel=\"noreferrer noopener\" href=\"http:\/\/www.dexia.com\" target=\"_blank\">Dexia<\/a><\/strong> : Soci\u00e9t\u00e9 anonyme<br>Objet  : \u00ab\u00a0L&rsquo;activit\u00e9 du groupe se concentre sur la banque du secteur public,  proposant des solutions bancaires et financi\u00e8res compl\u00e8tes aux acteurs  locaux du secteur public, et sur la banque de d\u00e9tail et commerciale en  Europe, principalement en Belgique, au Luxembourg et en Turquie\u00a0\u00bb <em>(source : rapport annuel 2008)<\/em>.<br>Historique :<br>1996 : Constitution <\/p>\n\n\n\n<figure class=\"wp-block-table\"><table class=\"has-subtle-light-gray-background-color has-fixed-layout has-background\"><tbody><tr><td><strong>Structure de l&rsquo;actionnariat de Dexia<\/strong><br>31 d\u00e9cembre 2008 (rapport annuel 2008)<\/td><\/tr><tr><td><strong>Caisse des d\u00e9p\u00f4ts et consignations<\/strong><\/td><td>17,60 %<\/td><\/tr><tr><td><strong>Holding Communal<\/strong><\/td><td>14,30 %<\/td><\/tr><tr><td><strong>Groupe Arco<\/strong><\/td><td>13,90% <\/td><\/tr><tr><td><strong>Etat fran\u00e7ais<\/strong><\/td><td>5,70 %<\/td><\/tr><tr><td><strong>Etat f\u00e9d\u00e9ral belge<\/strong><\/td><td>5,70 %<\/td><\/tr><tr><td><strong>Trois r\u00e9gions belges<\/strong><\/td><td>5,70 %<\/td><\/tr><tr><td><strong>Groupe Ethias<\/strong><\/td><td>5,00 %<\/td><\/tr><tr><td><strong>CNP Assurances<\/strong><\/td><td>3,00 %<\/td><\/tr><tr><td><strong>Actionnariat salari\u00e9<\/strong><\/td><td>2,10 %<\/td><\/tr><tr><td><strong>Autres actionnaires institutionnels et individuels<\/strong><\/td><td>26,90 %<\/td><\/tr><tr><td>Total<\/td><td>99,90 %<\/td><\/tr><tr><td><strong>Composition du capital de Dexia<\/strong><br>31 d\u00e9cembre 2001 (rapport annuel 2001)<\/td><\/tr><tr><td><strong>Holding Communal<\/strong><\/td><td>15,04 %<\/td><\/tr><tr><td><strong>Groupe SMAP<\/strong><\/td><td>5,17 %<\/td><\/tr><tr><td><strong>Caisse des d\u00e9p\u00f4ts et consignations<\/strong><\/td><td>7,00 %<\/td><\/tr><tr><td><strong>Arcofin<\/strong><\/td><td>15,34 %<\/td><\/tr><tr><td><strong>Actionnaires individuels<\/strong><\/td><td>13,90 %<\/td><\/tr><tr><td><strong>Investisseurs institutionnels et autres<\/strong><\/td><td>41,25 %<\/td><\/tr><tr><td><strong>Collaborateurs du groupe Dexia<\/strong><\/td><td>2,30 %<\/td><\/tr><tr><td>Total<\/td><td>100 %<\/td><\/tr><\/tbody><\/table><\/figure>\n","protected":false},"excerpt":{"rendered":"<p>Objet : Institution bancaireDate de cr\u00e9ation : 1996 STRUCTURE DE L&rsquo;ACTIONNARIAT DE L&rsquo;ENTREPRISE DEXIA \u00c0 LA DATE DE CLOTURE DE SES COMPTES, TELLE QU&rsquo;ELLE R\u00c9SULTE DES D\u00c9CLARATIONS RE\u00c7UES PAR L&rsquo;ENTREPRISE (rapport annuel 2015) Soci\u00e9t\u00e9 de Prise de Participation de l\u2019\u00c9tat (SPPE) 44,397 % Soci\u00e9t\u00e9 F\u00e9d\u00e9rale de Participations et d\u2019 Investissement (SFPI) 50,018 % Dexia est [&hellip;]<\/p>\n","protected":false},"author":1,"featured_media":0,"parent":0,"menu_order":0,"comment_status":"closed","ping_status":"closed","template":"","meta":{"footnotes":""},"class_list":["post-344","page","type-page","status-publish","hentry"],"_links":{"self":[{"href":"https:\/\/la-marque.org\/index.php\/wp-json\/wp\/v2\/pages\/344","targetHints":{"allow":["GET"]}}],"collection":[{"href":"https:\/\/la-marque.org\/index.php\/wp-json\/wp\/v2\/pages"}],"about":[{"href":"https:\/\/la-marque.org\/index.php\/wp-json\/wp\/v2\/types\/page"}],"author":[{"embeddable":true,"href":"https:\/\/la-marque.org\/index.php\/wp-json\/wp\/v2\/users\/1"}],"replies":[{"embeddable":true,"href":"https:\/\/la-marque.org\/index.php\/wp-json\/wp\/v2\/comments?post=344"}],"version-history":[{"count":1,"href":"https:\/\/la-marque.org\/index.php\/wp-json\/wp\/v2\/pages\/344\/revisions"}],"predecessor-version":[{"id":346,"href":"https:\/\/la-marque.org\/index.php\/wp-json\/wp\/v2\/pages\/344\/revisions\/346"}],"wp:attachment":[{"href":"https:\/\/la-marque.org\/index.php\/wp-json\/wp\/v2\/media?parent=344"}],"curies":[{"name":"wp","href":"https:\/\/api.w.org\/{rel}","templated":true}]}}