{"id":338,"date":"2020-01-30T11:24:09","date_gmt":"2020-01-30T11:24:09","guid":{"rendered":"https:\/\/la-marque.org\/?page_id=338"},"modified":"2021-09-10T14:17:16","modified_gmt":"2021-09-10T14:17:16","slug":"cnp","status":"publish","type":"page","link":"https:\/\/la-marque.org\/index.php\/cnp\/","title":{"rendered":"CNP"},"content":{"rendered":"\n<p>\u00c9tablissement public jusqu\u2019en 1992, CNP Assurances est une soci\u00e9t\u00e9 anonyme \u00e0 conseil d\u2019administration. Elle a fait son entr\u00e9e en Bourse en 1998.<br><\/p>\n\n\n\n<p><strong>Structure de l\u2019actionnariat de CNP Assurances<\/strong> au 10\/09\/2021 <a rel=\"noreferrer noopener\" href=\"https:\/\/live.euronext.com\/en\/product\/equities\/FR0000120222-XPAR\/company-information\" target=\"_blank\">source Euronext<\/a><br>Capitalisation boursi\u00e8re au  10\/09\/2021  : 9 637 M\u20ac (source Boursorama)<br>Nombre d&rsquo;actions au  10\/09\/2021  : 686 618 477 (source euronext)<\/p>\n\n\n\n<figure class=\"wp-block-table\"><table class=\"has-background has-fixed-layout\" style=\"background-color:#f3f4f5\"><tbody><tr><td>La Banque Postale<\/td><td>62,84 %<\/td><\/tr><tr><td>Free float<\/td><td>20,98 %<\/td><\/tr><tr><td>BPCE<\/td><td>16,11 %<\/td><\/tr><tr><td>Treasury stock<\/td><td>0,07 %<\/td><\/tr><\/tbody><\/table><figcaption> <a rel=\"noreferrer noopener\" href=\"https:\/\/live.euronext.com\/en\/product\/equities\/FR0000120222-XPAR\/company-information\" target=\"_blank\">source Euronext<\/a> <\/figcaption><\/figure>\n\n\n\n<figure class=\"wp-block-table\"><table class=\"has-background has-fixed-layout\" style=\"background-color:#f3f4f5\"><thead><tr><th> <strong>Structure de l\u2019actionnariat de CNP Assurances<\/strong> \u00e0 fin 2018, source CNP assurances<br>Capitalisation boursi\u00e8re au 24 juillet 2019 : 13 574 M\u20ac, source Tradingsat et Zone bourse<br>Nombre d&rsquo;actions au 24 juillet 2019 : 686 618 477 <\/th><th><\/th><\/tr><\/thead><tbody><tr><td>Caisse des D\u00e9p\u00f4ts<\/td><td>40,8 %<\/td><\/tr><tr><td>Sopassure (La Banque Postale, BPCE)<\/td><td>36,3 %<\/td><\/tr><tr><td>Investisseurs (institutionnels et individuels)<\/td><td>21,8 %<\/td><\/tr><tr><td>Etat fran\u00e7ais<\/td><td>1,1 %<\/td><\/tr><\/tbody><\/table><\/figure>\n\n\n\n<figure class=\"wp-block-table\"><table class=\"has-background has-fixed-layout\" style=\"background-color:#f3f4f5\"><thead><tr><th><strong>Structure de l\u2019actionnariat de CNP Assurances<\/strong> \u00e0 fin 2015 <\/th><th><\/th><\/tr><\/thead><tbody><tr><td>Caisse des D\u00e9p\u00f4ts<\/td><td>40,8 %<\/td><\/tr><tr><td>Sopassure (La Banque Postale, BPCE)<\/td><td>36,3 %<\/td><\/tr><tr><td>Investisseurs (institutionnels et individuels)<\/td><td>21,8 %<\/td><\/tr><tr><td>Etat fran\u00e7ais<\/td><td>1,1 %<\/td><\/tr><\/tbody><\/table><\/figure>\n\n\n\n<p><strong>Date de mise \u00e0 jour<\/strong> : 10 septembre 2021<\/p>\n","protected":false},"excerpt":{"rendered":"<p>\u00c9tablissement public jusqu\u2019en 1992, CNP Assurances est une soci\u00e9t\u00e9 anonyme \u00e0 conseil d\u2019administration. Elle a fait son entr\u00e9e en Bourse en 1998. Structure de l\u2019actionnariat de CNP Assurances au 10\/09\/2021 source EuronextCapitalisation boursi\u00e8re au 10\/09\/2021 : 9 637 M\u20ac (source Boursorama)Nombre d&rsquo;actions au 10\/09\/2021 : 686 618 477 (source euronext) La Banque Postale 62,84 % [&hellip;]<\/p>\n","protected":false},"author":1,"featured_media":0,"parent":0,"menu_order":0,"comment_status":"closed","ping_status":"closed","template":"","meta":{"footnotes":""},"class_list":["post-338","page","type-page","status-publish","hentry"],"_links":{"self":[{"href":"https:\/\/la-marque.org\/index.php\/wp-json\/wp\/v2\/pages\/338","targetHints":{"allow":["GET"]}}],"collection":[{"href":"https:\/\/la-marque.org\/index.php\/wp-json\/wp\/v2\/pages"}],"about":[{"href":"https:\/\/la-marque.org\/index.php\/wp-json\/wp\/v2\/types\/page"}],"author":[{"embeddable":true,"href":"https:\/\/la-marque.org\/index.php\/wp-json\/wp\/v2\/users\/1"}],"replies":[{"embeddable":true,"href":"https:\/\/la-marque.org\/index.php\/wp-json\/wp\/v2\/comments?post=338"}],"version-history":[{"count":5,"href":"https:\/\/la-marque.org\/index.php\/wp-json\/wp\/v2\/pages\/338\/revisions"}],"predecessor-version":[{"id":1610,"href":"https:\/\/la-marque.org\/index.php\/wp-json\/wp\/v2\/pages\/338\/revisions\/1610"}],"wp:attachment":[{"href":"https:\/\/la-marque.org\/index.php\/wp-json\/wp\/v2\/media?parent=338"}],"curies":[{"name":"wp","href":"https:\/\/api.w.org\/{rel}","templated":true}]}}