{"id":333,"date":"2020-01-29T11:31:00","date_gmt":"2020-01-29T11:31:00","guid":{"rendered":"https:\/\/la-marque.org\/?page_id=333"},"modified":"2020-01-29T11:31:00","modified_gmt":"2020-01-29T11:31:00","slug":"areva","status":"publish","type":"page","link":"https:\/\/la-marque.org\/index.php\/areva\/","title":{"rendered":"AREVA"},"content":{"rendered":"\n<p>Domaine d&rsquo;activit\u00e9 : l&rsquo;\u00e9nergie nucl\u00e9aire<br>Date de cr\u00e9ation : 2001<br><strong>Date de nationalisation : ao\u00fbt 2017<\/strong><br><\/p>\n\n\n\n<figure class=\"wp-block-table\"><table class=\"has-subtle-light-gray-background-color has-background\"><thead><tr><th><strong>Structure de l&rsquo;actionnariat d&rsquo;AREVA<\/strong> <br>au 31 d\u00e9cembre 2015 <\/th><th><\/th><\/tr><\/thead><tbody><tr><td>CEA<\/td><td>54,37 %<\/td><\/tr><tr><td>Etat fran\u00e7ais<\/td><td>28,83 %<\/td><\/tr><tr><td>KIA (Kuwait Investment Authority)<\/td><td>4,82 %<\/td><\/tr><tr><td>Bpifrance (Bpifrance Participations SA : Banque Publique d&rsquo;Investissement)<\/td><td>3,32%<\/td><\/tr><tr><td>EDF<\/td><td>2,24 %<\/td><\/tr><tr><td>Total<\/td><td>0,95 %<\/td><\/tr><tr><td>Public<\/td><td>4 %<\/td><\/tr><tr><td>Salari\u00e9s<\/td><td>1,23 %<\/td><\/tr><tr><td>AREVA<\/td><td>0,24 %<\/td><\/tr><\/tbody><\/table><\/figure>\n\n\n\n<p>&nbsp;\u00ab\u00a0L&rsquo;Etat fran\u00e7ais contr\u00f4le directement ou indirectement 86,52 % du capital d&rsquo;AREVA. Le premier actionnaire est un \u00e9tablissement public, le Commissariat \u00e0 l&rsquo;Energie Atomique et aux \u00e9nergies alternatives (CEA). La Banque Publique d&rsquo;Investissement (Bpifrance Participations SA) constitue \u00e9galement un actionnaire public de la soci\u00e9t\u00e9.\u00a0\u00bb<\/p>\n\n\n\n<figure class=\"wp-block-table\"><table class=\"has-subtle-light-gray-background-color has-background\"><tbody><tr><td><strong><a href=\"http:\/\/www.areva.com\" target=\"_blank\" rel=\"noreferrer noopener\">Areva<\/a><\/strong> : Soci\u00e9t\u00e9 anonyme \u00e0 Directoire et Conseil de Surveillance r\u00e9gie par le livre II du Code de commerce et par le d\u00e9cret n\u00b0 67-236 du 23 mars 1967 modifi\u00e9 sur les soci\u00e9t\u00e9s commerciales, ainsi que par le d\u00e9cret n\u00b0 83-1116 du 21 d\u00e9cembre 1983.<br>Gestion de toutes activit\u00e9s industrielles et commerciales, notamment dans les domaines du nucl\u00e9aire, des \u00e9nergies renouvelables, de la transmission et de la distribution d\u2019\u00e9lectricit\u00e9.<\/td><\/tr><tr><td><strong>R\u00e9partition du capital d&rsquo;Areva au 31 d\u00e9cembre 2012.<\/strong><em> D&rsquo;apr\u00e8s les rapports annuels publi\u00e9s sur Internet et sous-r\u00e9serve d&rsquo;une erreur de saisie.<\/em><\/td><\/tr><tr><td><br><\/td><td>% du capital<\/td><\/tr><tr><td><strong>CEA<\/strong><\/td><td>68.88<\/td><\/tr><tr><td><strong>Etat fran\u00e7ais<\/strong><\/td><td>14.33<\/td><\/tr><tr><td><strong>Kuwait Investment Authority (KIA)<\/strong><\/td><td>4.82<\/td><\/tr><tr><td><strong>Caisse des D\u00e9p\u00f4ts et Consignations (CDC)<\/strong><\/td><td>3.32<\/td><\/tr><tr><td><strong>Groupe EDF<\/strong><\/td><td>2.24<\/td><\/tr><tr><td><strong>Fram\u00e9pargne (salari\u00e9s)<\/strong><\/td><td>0.23<\/td><\/tr><tr><td><strong>CA CIB<\/strong><\/td><td>-*<\/td><\/tr><tr><td><strong>Groupe Total<\/strong><\/td><td>0.95<\/td><\/tr><tr><td><strong>Public<\/strong><\/td><td>4.04<\/td><\/tr><tr><td><strong>Membres du Conseil de Surveillance<\/strong><\/td><td>n.s. **<\/td><\/tr><tr><td><strong>AREVA<\/strong><\/td><td>1.20<\/td><\/tr><tr><td><em>* La banque Cr\u00e9dit Agricole Corporate and Investment Bank (CA CIB) a conclu avec Fram\u00e9pargne une garantie de liquidit\u00e9 aux termes de laquelle elle s\u2019\u00e9tait engag\u00e9e \u00e0 acqu\u00e9rir les actions AREVA d\u00e9tenues par le FCPE Fram\u00e9pargne que ce dernier se trouverait oblig\u00e9 de vendre pour satisfaire les demandes de rachat de parts lorsqu\u2019il ne disposait pas de liquidit\u00e9 suffisante. La mise en jeu de cette garantie de liquidit\u00e9 a entra\u00een\u00e9 \u00e0 partir de juillet 2002 le rachat par CA CIB d\u2019une partie des actions AREVA. AREVA a ensuite assur\u00e9 lui-m\u00eame la liquidit\u00e9 des actions AREVA tel que pr\u00e9vu par la loi du 30 d\u00e9cembre 2006 et son d\u00e9cret d\u2019application du 24 octobre 2007, jusqu\u2019\u00e0 la cotation des actions AREVA sur le march\u00e9 r\u00e9glement\u00e9 de NYSE Euronext Paris le 30 mai 2011. Le 17 septembre 2012, AREVa rachet\u00e9 l\u2019int\u00e9gralit\u00e9 des actions d\u00e9tenues jusqu\u2019alors par CA CIB.<br>** Les membres du Conseil de Surveillance nomm\u00e9s par l\u2019Assembl\u00e9e G\u00e9n\u00e9rale (autres que le CEA) d\u00e9tiennent chacun 10 actions<\/em><\/td><\/tr><tr><td><strong>R\u00e9partition du capital d&rsquo;Areva<\/strong><br>Pourcentage de capital (&#8230;) d\u00e9tenu par l\u2019ensemble des actionnaires, des porteurs de certificats d\u2019investissement et de certificats de droits de vote <strong>au 31 d\u00e9cembre 2007<\/strong>.  <br><em>D&rsquo;apr\u00e8s les rapports annuels publi\u00e9s sur Internet et sous-r\u00e9serve d&rsquo;une erreur de saisie.<\/em><\/td><\/tr><tr><td><br><\/td><td>% du capital<\/td><\/tr><tr><td><strong>CEA<\/strong><\/td><td>78,96 %<\/td><\/tr><tr><td><strong>\u00c9tat<\/strong><\/td><td>5,19 %<\/td><\/tr><tr><td><strong>Caisse des D\u00e9p\u00f4ts et Consignations<\/strong><\/td><td>3,59%<\/td><\/tr><tr><td><strong>ERAP<\/strong><\/td><td>3,21 %<\/td><\/tr><tr><td><strong>EDF<\/strong><\/td><td>2,42 %<\/td><\/tr><tr><td><strong>Fram\u00e9pargne (salari\u00e9s)<\/strong><\/td><td>0,69 **<\/td><\/tr><tr><td><strong>Calyon<\/strong><\/td><td>0,89 **<\/td><\/tr><tr><td><strong>Groupe Total<\/strong><\/td><td>1,02<\/td><\/tr><tr><td><strong>Porteurs de CI (public)<\/strong><\/td><td>4,03<\/td><\/tr><tr><td><strong>Membres du Conseil de Surveillance ***<\/strong><\/td><td>n.s.<\/td><\/tr><tr><td>Total<\/td><td>100 %<\/td><\/tr><tr><td><em>** La banque Calyon a conclu avec Fram\u00e9pargne une garantie de liquidit\u00e9 aux termes de laquelle elle s\u2019est engag\u00e9e \u00e0 acqu\u00e9rir les actions AREVA d\u00e9tenues par le FCPE Fram\u00e9pargne que ce dernier se trouverait oblig\u00e9 de vendre pour satisfaire les demandes de rachat de parts lorsqu\u2019il ne dispose pas de liquidit\u00e9 suffi sante. La mise en jeu de cette garantie de liquidit\u00e9 a entra\u00een\u00e9 \u00e0 partir de juillet 2002 le rachat par Calyon d\u2019une partie des actions AREVA. Depuis la loi du 30 d\u00e9cembre 2006 et son d\u00e9cret d\u2019application du 24 octobre 2007, AREVA peut assurer elle-m\u00eame cette garantie de liquidit\u00e9.<br>*** Les membres du Conseil de Surveillance d\u00e9tiennent chacun une action.<\/em><\/td><\/tr><tr><td><em>Au 31 d\u00e9cembre 2007, le capital est compos\u00e9 de :<br>\u2022 34 013 593 actions ;<br>\u2022 1 429 108 certifi cats d\u2019investissement (CI) ;<br>\u2022 1 429 108 certifi cats de droits de vote.<br>Outre les actions ordinaires d\u2019AREVA, il existe des certifi cats d\u2019investissement d\u2019une part, et des certifi cats de droit de vote d\u2019autre part. L\u2019action est recompos\u00e9e de plein droit par la r\u00e9union d\u2019un certifi cat d\u2019investissement et d\u2019un certifi cat de droit de vote.<br>Le CEA poss\u00e8de la totalit\u00e9 des certificats de droit de vote. Les certificats d\u2019investissement sont cot\u00e9s sur le compartiment A du march\u00e9 Euronext Paris et r\u00e9partis dans le public.<br>Tous les titres, sauf les certifi cats d\u2019investissement qui par nature sont d\u00e9pourvus de droit de vote, procurent un droit de vote simple.<br>Les membres du Conseil de Surveillance d\u2019AREVA, y compris les membres du Conseil repr\u00e9sentant le personnel salari\u00e9, disposent chacun d\u2019une action, \u00e0 l\u2019exception de ceux nomm\u00e9s en tant que repr\u00e9sentants de l\u2019\u00c9tat. Les membres du Directoire ne poss\u00e8dent pas d\u2019actions.<br>Il n\u2019existe pas, \u00e0 la connaissance d\u2019AREVA, d\u2019accord dont la mise en \u0153uvre pourrait, \u00e0 une date ult\u00e9rieure, entra\u00eener un changement de son contr\u00f4le.<\/em><\/td><\/tr><\/tbody><\/table><\/figure>\n","protected":false},"excerpt":{"rendered":"<p>Domaine d&rsquo;activit\u00e9 : l&rsquo;\u00e9nergie nucl\u00e9aireDate de cr\u00e9ation : 2001Date de nationalisation : ao\u00fbt 2017 Structure de l&rsquo;actionnariat d&rsquo;AREVA au 31 d\u00e9cembre 2015 CEA 54,37 % Etat fran\u00e7ais 28,83 % KIA (Kuwait Investment Authority) 4,82 % Bpifrance (Bpifrance Participations SA : Banque Publique d&rsquo;Investissement) 3,32% EDF 2,24 % Total 0,95 % Public 4 % Salari\u00e9s 1,23 [&hellip;]<\/p>\n","protected":false},"author":1,"featured_media":0,"parent":0,"menu_order":0,"comment_status":"closed","ping_status":"closed","template":"","meta":{"footnotes":""},"class_list":["post-333","page","type-page","status-publish","hentry"],"_links":{"self":[{"href":"https:\/\/la-marque.org\/index.php\/wp-json\/wp\/v2\/pages\/333","targetHints":{"allow":["GET"]}}],"collection":[{"href":"https:\/\/la-marque.org\/index.php\/wp-json\/wp\/v2\/pages"}],"about":[{"href":"https:\/\/la-marque.org\/index.php\/wp-json\/wp\/v2\/types\/page"}],"author":[{"embeddable":true,"href":"https:\/\/la-marque.org\/index.php\/wp-json\/wp\/v2\/users\/1"}],"replies":[{"embeddable":true,"href":"https:\/\/la-marque.org\/index.php\/wp-json\/wp\/v2\/comments?post=333"}],"version-history":[{"count":1,"href":"https:\/\/la-marque.org\/index.php\/wp-json\/wp\/v2\/pages\/333\/revisions"}],"predecessor-version":[{"id":335,"href":"https:\/\/la-marque.org\/index.php\/wp-json\/wp\/v2\/pages\/333\/revisions\/335"}],"wp:attachment":[{"href":"https:\/\/la-marque.org\/index.php\/wp-json\/wp\/v2\/media?parent=333"}],"curies":[{"name":"wp","href":"https:\/\/api.w.org\/{rel}","templated":true}]}}