{"id":328,"date":"2020-01-29T11:23:23","date_gmt":"2020-01-29T11:23:23","guid":{"rendered":"https:\/\/la-marque.org\/?page_id=328"},"modified":"2020-01-29T11:23:23","modified_gmt":"2020-01-29T11:23:23","slug":"air-france-klm","status":"publish","type":"page","link":"https:\/\/la-marque.org\/index.php\/air-france-klm\/","title":{"rendered":"Air France KLM"},"content":{"rendered":"\n<p>Activit\u00e9s : transport a\u00e9rien de passagers, fret et&nbsp; maintenance<br>Dates de cr\u00e9ation :<br>Air France KLM : 2004\/2005<br>Air France : 1933<br>KLM : 1919<br><\/p>\n\n\n\n<figure class=\"wp-block-table\"><table class=\"has-subtle-light-gray-background-color has-background\"><thead><tr><th> <strong>R\u00e9partition du capital d&rsquo;Air France &#8211; KLM<\/strong> <br>au 28 f\u00e9vrier 2019 &#8211;<br>Nombre de titres composant le capital en circulation : <br>428 634 035<br>Source Air France<br>Capitalisation boursi\u00e8re au 1<sup>er<\/sup> juillet 2019 : 3,66 Md <\/th><th><\/th><\/tr><\/thead><tbody><tr><td>Autres<\/td><td>50,1 %<\/td><\/tr><tr><td>Auto-contr\u00f4le<\/td><td>0,3 %<\/td><\/tr><tr><td>Employ\u00e9s<\/td><td>3,9 %<\/td><\/tr><tr><td>\u00c9tat fran\u00e7ais<\/td><td>14,3 %<\/td><\/tr><tr><td>\u00c9tat n\u00e9erlandais<\/td><td>14,0 %<\/td><\/tr><tr><td>Delta Air Lines, Inc<\/td><td>8,8 %<\/td><\/tr><tr><td>China Eastern Airlines<\/td><td>8,8 %<\/td><\/tr><\/tbody><\/table><\/figure>\n\n\n\n<figure class=\"wp-block-table\"><table class=\"has-subtle-light-gray-background-color has-background\"><thead><tr><th><strong>R\u00e9partition du capital d&rsquo;Air France &#8211; KLM<\/strong> <br>au 31 mars 2016 <\/th><th><\/th><\/tr><\/thead><tbody><tr><td>Flottant<\/td><td>74,6 %<\/td><\/tr><tr><td>Auto-contr\u00f4le<\/td><td>1,4 %<\/td><\/tr><tr><td>Salari\u00e9s<\/td><td>6,4 %<\/td><\/tr><tr><td>\u00c9tat<\/td><td>17,6 %<\/td><\/tr><\/tbody><\/table><\/figure>\n\n\n\n<p><strong>Mise \u00e0 jour<\/strong> : 1er juillet 2019<\/p>\n","protected":false},"excerpt":{"rendered":"<p>Activit\u00e9s : transport a\u00e9rien de passagers, fret et&nbsp; maintenanceDates de cr\u00e9ation :Air France KLM : 2004\/2005Air France : 1933KLM : 1919 R\u00e9partition du capital d&rsquo;Air France &#8211; KLM au 28 f\u00e9vrier 2019 &#8211;Nombre de titres composant le capital en circulation : 428 634 035Source Air FranceCapitalisation boursi\u00e8re au 1er juillet 2019 : 3,66 Md Autres [&hellip;]<\/p>\n","protected":false},"author":1,"featured_media":0,"parent":0,"menu_order":0,"comment_status":"closed","ping_status":"closed","template":"","meta":{"footnotes":""},"class_list":["post-328","page","type-page","status-publish","hentry"],"_links":{"self":[{"href":"https:\/\/la-marque.org\/index.php\/wp-json\/wp\/v2\/pages\/328","targetHints":{"allow":["GET"]}}],"collection":[{"href":"https:\/\/la-marque.org\/index.php\/wp-json\/wp\/v2\/pages"}],"about":[{"href":"https:\/\/la-marque.org\/index.php\/wp-json\/wp\/v2\/types\/page"}],"author":[{"embeddable":true,"href":"https:\/\/la-marque.org\/index.php\/wp-json\/wp\/v2\/users\/1"}],"replies":[{"embeddable":true,"href":"https:\/\/la-marque.org\/index.php\/wp-json\/wp\/v2\/comments?post=328"}],"version-history":[{"count":1,"href":"https:\/\/la-marque.org\/index.php\/wp-json\/wp\/v2\/pages\/328\/revisions"}],"predecessor-version":[{"id":330,"href":"https:\/\/la-marque.org\/index.php\/wp-json\/wp\/v2\/pages\/328\/revisions\/330"}],"wp:attachment":[{"href":"https:\/\/la-marque.org\/index.php\/wp-json\/wp\/v2\/media?parent=328"}],"curies":[{"name":"wp","href":"https:\/\/api.w.org\/{rel}","templated":true}]}}