{"id":3276,"date":"2025-11-01T09:09:18","date_gmt":"2025-11-01T09:09:18","guid":{"rendered":"https:\/\/la-marque.org\/?page_id=3276"},"modified":"2025-11-02T16:33:31","modified_gmt":"2025-11-02T16:33:31","slug":"typologie-et-caracteristiques-des-marques","status":"publish","type":"page","link":"https:\/\/la-marque.org\/index.php\/typologie-et-caracteristiques-des-marques\/","title":{"rendered":"Typologie et caract\u00e9ristiques des Marques"},"content":{"rendered":"\n<p>A la pointe des int\u00e9r\u00eats et des passions les Marques sont le miroir de notre soci\u00e9t\u00e9 et l\u2019expression d\u2019un monde qui se structure. Ce sont des jeux de soci\u00e9t\u00e9 qui font soci\u00e9t\u00e9. Elles rendent le monde plus clair. Elles contribuent \u00e0 la civilisation en luttant contre le chaos, l\u2019indiff\u00e9renci\u00e9, le vide du d\u00e9s\u0153uvrement. Pour ce faire, elles s\u2019appuient sur la sociabilit\u00e9 des humains que la culture a rendu suffisamment homog\u00e8ne pour construire des relations durables et ainsi faire soci\u00e9t\u00e9.<br>Une Marque est l\u2019ensemble des repr\u00e9sentations visuelles, auditives\u2026 susceptibles d\u2019\u00e9voquer son nom. Elle n\u2019est fond\u00e9e qu\u2019\u00e0 la propension de l\u2019estime et de l\u2019engouement renouvel\u00e9 qu\u2019elle suscite. En cela l\u2019innovation ne va pas sans la tradition qui puisse la perp\u00e9tuer au risque qu\u2019elle ne se fige en rendant impossible le moindre changement. Son principal souci \u00e9tant de s\u2019adapter aux situations.<br>Les Marques se sont d\u00e9velopp\u00e9es avec l&rsquo;entr\u00e9e dans la soci\u00e9t\u00e9 de consommation, que l&rsquo;on peut dater de la premi\u00e8re partie du XX<sup>e<\/sup> si\u00e8cle. Les soci\u00e9t\u00e9s se sont industrialis\u00e9es (1850) pour fabriquer en masse des biens, aid\u00e9es en soi par l&rsquo;essor des transports, des t\u00e9l\u00e9communications et des sources d&rsquo;\u00e9nergie. <br>La gestion de Marque commerciale quant \u00e0 elle, est concomitante \u00e0 la mondialisation, elle commen\u00e7a \u00e0 se d\u00e9velopper dans la seconde moiti\u00e9 du XX<sup>e<\/sup> si\u00e8cle quand des entreprises d\u00e9cid\u00e8rent d\u2019arr\u00eater de fabriquer leurs produits dans leurs pays d\u2019origines pour sous-traiter \u00e0 l\u2019\u00e9tranger. Ces entreprises se concentr\u00e8rent alors sur la gestion de Marque, le marketing et la conception de produits. Ce changement accentua et pr\u00e9cisa la diff\u00e9rence entre \u00ab le produit \u00bb qui se fabrique en usine et \u00ab la Marque \u00bb qui se cr\u00e9e et se d\u00e9veloppe dans les esprits.<\/p>\n\n\n\n<p>Mise \u00e0 jour : 2 novembre 2025<\/p>\n","protected":false},"excerpt":{"rendered":"<p>A la pointe des int\u00e9r\u00eats et des passions les Marques sont le miroir de notre soci\u00e9t\u00e9 et l\u2019expression d\u2019un monde qui se structure. Ce sont des jeux de soci\u00e9t\u00e9 qui font soci\u00e9t\u00e9. Elles rendent le monde plus clair. Elles contribuent \u00e0 la civilisation en luttant contre le chaos, l\u2019indiff\u00e9renci\u00e9, le vide du d\u00e9s\u0153uvrement. Pour ce [&hellip;]<\/p>\n","protected":false},"author":1,"featured_media":0,"parent":0,"menu_order":0,"comment_status":"closed","ping_status":"closed","template":"","meta":{"footnotes":""},"class_list":["post-3276","page","type-page","status-publish","hentry"],"_links":{"self":[{"href":"https:\/\/la-marque.org\/index.php\/wp-json\/wp\/v2\/pages\/3276","targetHints":{"allow":["GET"]}}],"collection":[{"href":"https:\/\/la-marque.org\/index.php\/wp-json\/wp\/v2\/pages"}],"about":[{"href":"https:\/\/la-marque.org\/index.php\/wp-json\/wp\/v2\/types\/page"}],"author":[{"embeddable":true,"href":"https:\/\/la-marque.org\/index.php\/wp-json\/wp\/v2\/users\/1"}],"replies":[{"embeddable":true,"href":"https:\/\/la-marque.org\/index.php\/wp-json\/wp\/v2\/comments?post=3276"}],"version-history":[{"count":6,"href":"https:\/\/la-marque.org\/index.php\/wp-json\/wp\/v2\/pages\/3276\/revisions"}],"predecessor-version":[{"id":3291,"href":"https:\/\/la-marque.org\/index.php\/wp-json\/wp\/v2\/pages\/3276\/revisions\/3291"}],"wp:attachment":[{"href":"https:\/\/la-marque.org\/index.php\/wp-json\/wp\/v2\/media?parent=3276"}],"curies":[{"name":"wp","href":"https:\/\/api.w.org\/{rel}","templated":true}]}}