{"id":322,"date":"2020-01-29T11:16:58","date_gmt":"2020-01-29T11:16:58","guid":{"rendered":"https:\/\/la-marque.org\/?page_id=322"},"modified":"2021-03-19T16:59:47","modified_gmt":"2021-03-19T16:59:47","slug":"airbus","status":"publish","type":"page","link":"https:\/\/la-marque.org\/index.php\/airbus\/","title":{"rendered":"Airbus"},"content":{"rendered":"\n<p>Objet :&nbsp; Construction a\u00e9ronautique<br>EADS devient Airbus Group&nbsp; le 2 janvier 2014<br><\/p>\n\n\n\n<figure class=\"wp-block-table\"><table class=\"has-subtle-light-gray-background-color has-background\"><thead><tr><th> <strong>R\u00e9partition du capital d&rsquo;Airbus<\/strong> au 31 d\u00e9cembre 2020<\/th><th><\/th><\/tr><\/thead><tbody><tr><td>SOGEPA &#8211; Etat fran\u00e7ais<\/td><td>10,9 %<\/td><\/tr><tr><td>SEPI &#8211; Etat espagnol<\/td><td>4,1 %<\/td><\/tr><tr><td>GZBV &#8211; Etat allemand<\/td><td>10,9 %<\/td><\/tr><tr><td>Free float<\/td><td>73.9 %<\/td><\/tr><tr><td>Treasury shares<\/td><td>0,1 %<\/td><\/tr><\/tbody><\/table><\/figure>\n\n\n\n<figure class=\"wp-block-image size-large\"><a href=\"https:\/\/www.airbus.com\/investors\/financial-results-and-annual-reports.html#annualreports\" target=\"_blank\" rel=\"noopener\"><img loading=\"lazy\" decoding=\"async\" width=\"1015\" height=\"465\" src=\"https:\/\/la-marque.org\/wp-content\/uploads\/2021\/03\/airbus2020.jpg\" alt=\"\" class=\"wp-image-1260\" srcset=\"https:\/\/la-marque.org\/wp-content\/uploads\/2021\/03\/airbus2020.jpg 1015w, https:\/\/la-marque.org\/wp-content\/uploads\/2021\/03\/airbus2020-300x137.jpg 300w, https:\/\/la-marque.org\/wp-content\/uploads\/2021\/03\/airbus2020-768x352.jpg 768w\" sizes=\"auto, (max-width: 1015px) 100vw, 1015px\" \/><\/a><\/figure>\n\n\n\n<figure class=\"wp-block-table\"><table class=\"has-subtle-light-gray-background-color has-background\"><thead><tr><th> <strong>R\u00e9partition du capital d&rsquo;Airbus<\/strong> au 31 d\u00e9cembre 2015 <\/th><th><\/th><\/tr><\/thead><tbody><tr><td>SOGEPA &#8211; Etat fran\u00e7ais<\/td><td>10,93 %<\/td><\/tr><tr><td>SEPI &#8211; Etat espagnol<\/td><td>4,12 %<\/td><\/tr><tr><td>GZBV &#8211; Etat allemand<\/td><td>10,91 %<\/td><\/tr><tr><td>Public<\/td><td>74,04 %<\/td><\/tr><\/tbody><\/table><\/figure>\n\n\n\n<figure class=\"wp-block-table\"><table><tbody><tr><td>EADS European Aeronautic Defence and Space Company est issue de la fusion des activit\u00e9s d\u2019Aerospatiale Matra, DaimlerChrysler Aerospace AG (Dasa) et Construcciones Aeronauticas SA (CASA) en juillet 2000<br><em>D&rsquo;apr\u00e8s les rapports annuels publi\u00e9s sur Internet et sous-r\u00e9serve d&rsquo;une erreur de saisie.<\/em>%<\/td><\/tr><\/tbody><\/table><\/figure>\n\n\n\n<div align=\"center\">\n\t\t\t<div align=\"center\">\n\t\t\t<div align=\"center\">\n\t\t\t<table width=\"389\" cellspacing=\"2\" cellpadding=\"4\" border=\"1\">\n\t\t\t\t<tbody>\n\t\t\t\t\t<tr>\n\t\t\t\t\t\t<td colspan=\"3\" width=\"371\" bgcolor=\"#99cccc\">\n\t\t\t\t\t\t<div align=\"center\"><font size=\"2\" face=\"Helvetica, Geneva, Arial, SunSans-Regular, sans-serif\"><b><a href=\"http:\/\/www.eads.net\" target=\"_blank\" rel=\"noopener noreferrer\">EADS<\/a> <\/b><\/font><font size=\"1\" face=\"Helvetica, Geneva, Arial, SunSans-Regular, sans-serif\">&#8211; <\/font><font size=\"1\" face=\"Helvetica, Geneva, Arial, SunSans-Regular, sans-serif\">31 d\u00e9cembre 2012<br>\n\t\t\t\t\t\tNombre total d&rsquo;actions : 827 367 945<\/font><\/div>\n\t\t\t\t\t\t<\/td>\n\t\t\t\t\t<\/tr>\n\t\t\t\t\t<tr>\n\t\t\t\t\t\t<td width=\"217\" bgcolor=\"#feffff\"><font size=\"1\" face=\"Helvetica, Geneva, Arial, SunSans-Regular, sans-serif\">Actionnaires<\/font><\/td>\n\t\t\t\t\t\t<td width=\"61\" bgcolor=\"#feffff\">\n\t\t\t\t\t\t<div align=\"center\"><font size=\"1\" face=\"Helvetica, Geneva, Arial, SunSans-Regular, sans-serif\">% du capital<\/font><\/div>\n\t\t\t\t\t\t<\/td>\n\t\t\t\t\t\t<td width=\"69\" bgcolor=\"#feffff\">\n\t\t\t\t\t\t<div align=\"center\"><font size=\"1\" face=\"Helvetica, Geneva, Arial, SunSans-Regular, sans-serif\">% des droits de vote<\/font><\/div>\n\t\t\t\t\t\t<\/td>\n\t\t\t\t\t<\/tr>\n\t\t\t\t\t<tr>\n\t\t\t\t\t\t<td width=\"217\"><font size=\"1\" face=\"Helvetica, Geneva, Arial, SunSans-Regular, sans-serif\"><b>DASA<\/b><\/font><\/td>\n\t\t\t\t\t\t<td width=\"61\" valign=\"top\">\n\t\t\t\t\t\t<div align=\"right\"><font size=\"1\" face=\"Helvetica, Geneva, Arial, SunSans-Regular, sans-serif\">14,77 %<\/font><\/div>\n\t\t\t\t\t\t<\/td>\n\t\t\t\t\t\t<td width=\"69\" valign=\"top\">\n\t\t\t\t\t\t<div align=\"right\"><font size=\"1\" face=\"Helvetica, Geneva, Arial, SunSans-Regular, sans-serif\">14,87 %<\/font><\/div>\n\t\t\t\t\t\t<\/td>\n\t\t\t\t\t<\/tr>\n\t\t\t\t\t<tr>\n\t\t\t\t\t\t<td width=\"217\"><font size=\"1\" face=\"Helvetica, Geneva, Arial, SunSans-Regular, sans-serif\"><b>Sogeade <\/b><\/font><\/td>\n\t\t\t\t\t\t<td width=\"61\">\n\t\t\t\t\t\t<div align=\"right\"><font size=\"1\" face=\"Helvetica, Geneva, Arial, SunSans-Regular, sans-serif\">22,16 %<\/font><\/div>\n\t\t\t\t\t\t<\/td>\n\t\t\t\t\t\t<td width=\"69\">\n\t\t\t\t\t\t<div align=\"right\"><font size=\"1\" face=\"Helvetica, Geneva, Arial, SunSans-Regular, sans-serif\">22,30 %<\/font><\/div>\n\t\t\t\t\t\t<\/td>\n\t\t\t\t\t<\/tr>\n\t\t\t\t\t<tr>\n\t\t\t\t\t\t<td width=\"217\"><font size=\"1\" face=\"Helvetica, Geneva, Arial, SunSans-Regular, sans-serif\"><b>SEPI <\/b><\/font><\/td>\n\t\t\t\t\t\t<td width=\"61\" valign=\"top\">\n\t\t\t\t\t\t<div align=\"right\"><font size=\"1\" face=\"Helvetica, Geneva, Arial, SunSans-Regular, sans-serif\">5,40 %<\/font><\/div>\n\t\t\t\t\t\t<\/td>\n\t\t\t\t\t\t<td width=\"69\" valign=\"top\">\n\t\t\t\t\t\t<div align=\"right\"><font size=\"1\" face=\"Helvetica, Geneva, Arial, SunSans-Regular, sans-serif\">5,44 %<\/font><\/div>\n\t\t\t\t\t\t<\/td>\n\t\t\t\t\t<\/tr>\n\t\t\t\t\t<tr>\n\t\t\t\t\t\t<td width=\"217\"><font size=\"1\" face=\"Helvetica, Geneva, Arial, SunSans-Regular, sans-serif\"><b>KfW<\/b><\/font><\/td>\n\t\t\t\t\t\t<td width=\"61\" valign=\"top\">\n\t\t\t\t\t\t<div align=\"right\"><font size=\"1\" face=\"Helvetica, Geneva, Arial, SunSans-Regular, sans-serif\">2.75 %<\/font><\/div>\n\t\t\t\t\t\t<\/td>\n\t\t\t\t\t\t<td width=\"69\" valign=\"top\">\n\t\t\t\t\t\t<div align=\"right\"><font size=\"1\" face=\"Helvetica, Geneva, Arial, SunSans-Regular, sans-serif\">2,76 %<\/font><\/div>\n\t\t\t\t\t\t<\/td>\n\t\t\t\t\t<\/tr>\n\t\t\t\t\t<tr>\n\t\t\t\t\t\t<td width=\"217\"><font size=\"1\" face=\"Helvetica, Geneva, Arial, SunSans-Regular, sans-serif\">R\u00e9publique fran\u00e7aise<\/font><\/td>\n\t\t\t\t\t\t<td width=\"61\" valign=\"top\">\n\t\t\t\t\t\t<div align=\"right\"><font size=\"1\" face=\"Helvetica, Geneva, Arial, SunSans-Regular, sans-serif\">0,06 %<\/font><\/div>\n\t\t\t\t\t\t<\/td>\n\t\t\t\t\t\t<td width=\"69\" valign=\"top\">\n\t\t\t\t\t\t<div align=\"right\"><font size=\"1\" face=\"Helvetica, Geneva, Arial, SunSans-Regular, sans-serif\">0,06%<\/font><\/div>\n\t\t\t\t\t\t<\/td>\n\t\t\t\t\t<\/tr>\n\t\t\t\t\t<tr>\n\t\t\t\t\t\t<td width=\"217\"><font size=\"1\" face=\"Helvetica, Geneva, Arial, SunSans-Regular, sans-serif\">Rachat d&rsquo;actions auto-d\u00e9tenues (2)<\/font><\/td>\n\t\t\t\t\t\t<td width=\"61\" valign=\"top\">\n\t\t\t\t\t\t<div align=\"right\"><font size=\"1\" face=\"Helvetica, Geneva, Arial, SunSans-Regular, sans-serif\">0,63 %<\/font><\/div>\n\t\t\t\t\t\t<\/td>\n\t\t\t\t\t\t<td width=\"69\" valign=\"top\">\n\t\t\t\t\t\t<div align=\"center\"><font size=\"1\" face=\"Helvetica, Geneva, Arial, SunSans-Regular, sans-serif\">&#8211;<\/font><\/div>\n\t\t\t\t\t\t<\/td>\n\t\t\t\t\t<\/tr>\n\t\t\t\t\t<tr>\n\t\t\t\t\t\t<td width=\"217\"><b><font size=\"1\" face=\"Helvetica, Geneva, Arial, SunSans-Regular, sans-serif\">Public (1)<\/font><\/b><\/td>\n\t\t\t\t\t\t<td width=\"61\" valign=\"top\">\n\t\t\t\t\t\t<div align=\"right\"><font size=\"1\" face=\"Helvetica, Geneva, Arial, SunSans-Regular, sans-serif\">54,23 %<\/font><\/div>\n\t\t\t\t\t\t<\/td>\n\t\t\t\t\t\t<td width=\"69\" valign=\"top\">\n\t\t\t\t\t\t<div align=\"right\"><font size=\"1\" face=\"Helvetica, Geneva, Arial, SunSans-Regular, sans-serif\">54,57 %<\/font><\/div>\n\t\t\t\t\t\t<\/td>\n\t\t\t\t\t<\/tr>\n\t\t\t\t\t<tr>\n\t\t\t\t\t\t<td colspan=\"3\" width=\"371\">(<font size=\"1\" face=\"Helvetica, Geneva, Arial, SunSans-Regular, sans-serif\"><em>1) Y compris les salari\u00e9s d\u2019EADS. Au 31 d\u00e9cembre 2012, les salari\u00e9s d\u2019EADS d\u00e9tenaient environ 1,7 % du capital social (et des droits de vote).<br>\n\t\t\t\t\t\t(2) Les actions d\u00e9tenues par la Soci\u00e9t\u00e9 ne sont pas assorties de droits de vote.<\/em><\/font><\/td>\n\t\t\t\t\t<\/tr>\n\t\t\t\t<\/tbody>\n\t\t\t<\/table>\n\n\t\t\t<table width=\"389\" cellspacing=\"2\" cellpadding=\"4\" border=\"1\">\n\t\t\t\t<tbody>\n\t\t\t\t\t<tr>\n\t\t\t\t\t\t<td colspan=\"2\" width=\"371\" bgcolor=\"#99cccc\">\n\t\t\t\t\t\t<div align=\"center\"><font size=\"2\" face=\"Helvetica, Geneva, Arial, SunSans-Regular, sans-serif\"><b><a href=\"http:\/\/www.eads.net\" target=\"_blank\" rel=\"noopener noreferrer\">EADS<\/a> <\/b><\/font><font size=\"1\" face=\"Helvetica, Geneva, Arial, SunSans-Regular, sans-serif\">&#8211; <\/font><font size=\"1\" face=\"Helvetica, Geneva, Arial, SunSans-Regular, sans-serif\">31 mars 2011<\/font><br>\n\t\t\t\t\t\t<font size=\"1\" face=\"Helvetica, Geneva, Arial, SunSans-Regular, sans-serif\">Nombre total d&rsquo;actions : 820 482 291<\/font><\/div>\n\t\t\t\t\t\t<\/td>\n\t\t\t\t\t<\/tr>\n\t\t\t\t\t<tr>\n\t\t\t\t\t\t<td width=\"296\"><font size=\"1\" face=\"Helvetica, Geneva, Arial, SunSans-Regular, sans-serif\"><b>Daimler <\/b><\/font><\/td>\n\t\t\t\t\t\t<td width=\"63\" valign=\"top\">\n\t\t\t\t\t\t<div align=\"right\"><font size=\"1\" face=\"Helvetica, Geneva, Arial, SunSans-Regular, sans-serif\">22,45 %<\/font><\/div>\n\t\t\t\t\t\t<\/td>\n\t\t\t\t\t<\/tr>\n\t\t\t\t\t<tr>\n\t\t\t\t\t\t<td width=\"296\"><font size=\"1\" face=\"Helvetica, Geneva, Arial, SunSans-Regular, sans-serif\"><b>Sogeade <\/b>: Lagard\u00e8re et Sogepa, soci\u00e9t\u00e9 holding d\u00e9tenue par l&rsquo;Etat fran\u00e7ais<\/font><\/td>\n\t\t\t\t\t\t<td width=\"63\">\n\t\t\t\t\t\t<div align=\"right\"><font size=\"1\" face=\"Helvetica, Geneva, Arial, SunSans-Regular, sans-serif\">22,45 %<\/font><\/div>\n\t\t\t\t\t\t<\/td>\n\t\t\t\t\t<\/tr>\n\t\t\t\t\t<tr>\n\t\t\t\t\t\t<td width=\"296\"><font size=\"1\" face=\"Helvetica, Geneva, Arial, SunSans-Regular, sans-serif\"><b>SEPI <\/b>soci\u00e9t\u00e9 holding d\u00e9tenue par l&rsquo;Etat espagnol<\/font><\/td>\n\t\t\t\t\t\t<td width=\"63\" valign=\"top\">\n\t\t\t\t\t\t<div align=\"right\"><font size=\"1\" face=\"Helvetica, Geneva, Arial, SunSans-Regular, sans-serif\">5,47 %<\/font><\/div>\n\t\t\t\t\t\t<\/td>\n\t\t\t\t\t<\/tr>\n\t\t\t\t\t<tr>\n\t\t\t\t\t\t<td width=\"296\"><font size=\"1\" face=\"Helvetica, Geneva, Arial, SunSans-Regular, sans-serif\">Actions <\/font><font size=\"1\" face=\"Helvetica, Geneva, Arial, SunSans-Regular, sans-serif\">d\u00e9tenues par l&rsquo;Etat fran\u00e7ais dans le cadre du partenariat contractuel<\/font><\/td>\n\t\t\t\t\t\t<td width=\"63\" valign=\"top\">\n\t\t\t\t\t\t<div align=\"right\"><font size=\"1\" face=\"Helvetica, Geneva, Arial, SunSans-Regular, sans-serif\">0,06 %<\/font><\/div>\n\t\t\t\t\t\t<\/td>\n\t\t\t\t\t<\/tr>\n\t\t\t\t\t<tr>\n\t\t\t\t\t\t<td width=\"296\"><font size=\"1\" face=\"Helvetica, Geneva, Arial, SunSans-Regular, sans-serif\">Actions <\/font><font size=\"1\" face=\"Helvetica, Geneva, Arial, SunSans-Regular, sans-serif\">propres (actions sans droit \u00e9conomique ni droit de vote)<\/font><\/td>\n\t\t\t\t\t\t<td width=\"63\" valign=\"top\">\n\t\t\t\t\t\t<div align=\"right\"><font size=\"1\" face=\"Helvetica, Geneva, Arial, SunSans-Regular, sans-serif\">0,40 %<\/font><\/div>\n\t\t\t\t\t\t<\/td>\n\t\t\t\t\t<\/tr>\n\t\t\t\t\t<tr>\n\t\t\t\t\t\t<td width=\"296\"><b><font size=\"1\" face=\"Helvetica, Geneva, Arial, SunSans-Regular, sans-serif\">Investisseurs institutionnels, individuels et salari\u00e9s <\/font><\/b><\/td>\n\t\t\t\t\t\t<td width=\"63\" valign=\"top\">\n\t\t\t\t\t\t<div align=\"right\"><font size=\"1\" face=\"Helvetica, Geneva, Arial, SunSans-Regular, sans-serif\">49,17 %<\/font><\/div>\n\t\t\t\t\t\t<\/td>\n\t\t\t\t\t<\/tr>\n\t\t\t\t<\/tbody>\n\t\t\t<\/table>\n\n\t\t\t<figure><img loading=\"lazy\" decoding=\"async\" alt=\"\" src=\"..\/..\/carre.gif\" width=\"4\" height=\"4\" border=\"0\"><\/figure><p><\/p>\n\n\t\t\t<table width=\"389\" cellspacing=\"2\" cellpadding=\"4\" border=\"1\">\n\t\t\t\t<tbody>\n\t\t\t\t\t<tr>\n\t\t\t\t\t\t<td colspan=\"2\" width=\"371\" bgcolor=\"#99cccc\">\n\t\t\t\t\t\t<div align=\"center\"><font size=\"2\" face=\"Helvetica, Geneva, Arial, SunSans-Regular, sans-serif\"><b><a href=\"http:\/\/www.eads.net\" target=\"_blank\" rel=\"noopener noreferrer\">EADS<\/a> <\/b><\/font><font size=\"1\" face=\"Helvetica, Geneva, Arial, SunSans-Regular, sans-serif\">&#8211; 2007<\/font><\/div>\n\t\t\t\t\t\t<\/td>\n\t\t\t\t\t<\/tr>\n\t\t\t\t\t<tr>\n\t\t\t\t\t\t<td width=\"296\"><font size=\"1\" face=\"Helvetica, Geneva, Arial, SunSans-Regular, sans-serif\"><b>Daimler <\/b><\/font><\/td>\n\t\t\t\t\t\t<td width=\"63\" valign=\"top\">\n\t\t\t\t\t\t<div align=\"right\"><font size=\"1\" face=\"Helvetica, Geneva, Arial, SunSans-Regular, sans-serif\">22,52 %<\/font><\/div>\n\t\t\t\t\t\t<\/td>\n\t\t\t\t\t<\/tr>\n\t\t\t\t\t<tr>\n\t\t\t\t\t\t<td width=\"296\"><font size=\"1\" face=\"Helvetica, Geneva, Arial, SunSans-Regular, sans-serif\"><b>Sogeade <\/b>: Lagard\u00e8re et Sogepa, soci\u00e9t\u00e9 holding d\u00e9tenue par l&rsquo;Etat fran\u00e7ais<\/font><\/td>\n\t\t\t\t\t\t<td width=\"63\">\n\t\t\t\t\t\t<div align=\"right\"><font size=\"1\" face=\"Helvetica, Geneva, Arial, SunSans-Regular, sans-serif\">27,53 %<\/font><\/div>\n\t\t\t\t\t\t<\/td>\n\t\t\t\t\t<\/tr>\n\t\t\t\t\t<tr>\n\t\t\t\t\t\t<td width=\"296\"><font size=\"1\" face=\"Helvetica, Geneva, Arial, SunSans-Regular, sans-serif\"><b>SEPI <\/b>soci\u00e9t\u00e9 holding d\u00e9tenue par l&rsquo;Etat espagnol<\/font><\/td>\n\t\t\t\t\t\t<td width=\"63\" valign=\"top\">\n\t\t\t\t\t\t<div align=\"right\"><font size=\"1\" face=\"Helvetica, Geneva, Arial, SunSans-Regular, sans-serif\">5,49 %<\/font><\/div>\n\t\t\t\t\t\t<\/td>\n\t\t\t\t\t<\/tr>\n\t\t\t\t\t<tr>\n\t\t\t\t\t\t<td width=\"296\"><b><font size=\"1\" face=\"Helvetica, Geneva, Arial, SunSans-Regular, sans-serif\">Actions propres d\u00e9tenues par la soci\u00e9t\u00e9 <\/font><\/b><font size=\"1\" face=\"Helvetica, Geneva, Arial, SunSans-Regular, sans-serif\">actions sans droit \u00e9conomique ni droit de vote<\/font><\/td>\n\t\t\t\t\t\t<td width=\"63\" valign=\"top\">\n\t\t\t\t\t\t<div align=\"right\"><font size=\"1\" face=\"Helvetica, Geneva, Arial, SunSans-Regular, sans-serif\">0,52 %<\/font><\/div>\n\t\t\t\t\t\t<\/td>\n\t\t\t\t\t<\/tr>\n\t\t\t\t\t<tr>\n\t\t\t\t\t\t<td width=\"296\"><b><font size=\"1\" face=\"Helvetica, Geneva, Arial, SunSans-Regular, sans-serif\">Investisseurs institutionnels, individuels et salari\u00e9s d&rsquo;EADS : <\/font><\/b><font size=\"1\" face=\"Helvetica, Geneva, Arial, SunSans-Regular, sans-serif\">+ les actions d\u00e9tenues par l&rsquo;Etat fran\u00e7ais hors du \u00ab\u00a0Contractual patnership\u00a0\u00bb<\/font><\/td>\n\t\t\t\t\t\t<td width=\"63\" valign=\"top\">\n\t\t\t\t\t\t<div align=\"right\"><font size=\"1\" face=\"Helvetica, Geneva, Arial, SunSans-Regular, sans-serif\">43,94 %<\/font><\/div>\n\t\t\t\t\t\t<\/td>\n\t\t\t\t\t<\/tr>\n\t\t\t\t<\/tbody>\n\t\t\t<\/table>\n\n\t\t\t<figure><img loading=\"lazy\" decoding=\"async\" alt=\"\" src=\"..\/..\/carre.gif\" width=\"4\" height=\"4\" border=\"0\"><\/figure><p><\/p>\n\n\t\t\t<div align=\"center\">\n\t\t\t<div align=\"center\">\n\t\t\t<div align=\"center\">\n\t\t\t<div align=\"center\">\n\t\t\t<div align=\"center\">\n\t\t\t<div align=\"center\">\n\t\t\t<div align=\"center\">\n\t\t\t<div align=\"center\">\n\t\t\t<table width=\"389\" cellspacing=\"2\" cellpadding=\"4\" border=\"1\">\n\t\t\t\t<tbody>\n\t\t\t\t\t<tr>\n\t\t\t\t\t\t<td colspan=\"2\" width=\"371\" bgcolor=\"#99cccc\">\n\t\t\t\t\t\t<div align=\"center\"><font size=\"2\" face=\"Helvetica, Geneva, Arial, SunSans-Regular, sans-serif\"><b><a href=\"http:\/\/www.eads.net\" target=\"_blank\" rel=\"noopener noreferrer\">EADS<\/a> <\/b><\/font><font size=\"1\" face=\"Helvetica, Geneva, Arial, SunSans-Regular, sans-serif\">&#8211; 10 janvier 2001<\/font><\/div>\n\t\t\t\t\t\t<\/td>\n\t\t\t\t\t<\/tr>\n\t\t\t\t\t<tr>\n\t\t\t\t\t\t<td width=\"296\"><font size=\"1\" face=\"Helvetica, Geneva, Arial, SunSans-Regular, sans-serif\"><b>DaimlerChrysler<\/b><\/font><\/td>\n\t\t\t\t\t\t<td width=\"63\" valign=\"top\">\n\t\t\t\t\t\t<div align=\"right\"><font size=\"1\" face=\"Helvetica, Geneva, Arial, SunSans-Regular, sans-serif\">30,3 %<\/font><\/div>\n\t\t\t\t\t\t<\/td>\n\t\t\t\t\t<\/tr>\n\t\t\t\t\t<tr>\n\t\t\t\t\t\t<td width=\"296\"><font size=\"1\" face=\"Helvetica, Geneva, Arial, SunSans-Regular, sans-serif\"><b>SOGEADE<\/b> : Lagard\u00e8re avec des institutions financi\u00e8res fran\u00e7aises et SOGEPA (soci\u00e9t\u00e9 holding d&rsquo;\u00c9tat fran\u00e7ais<\/font><\/td>\n\t\t\t\t\t\t<td width=\"63\">\n\t\t\t\t\t\t<div align=\"right\"><font size=\"1\" face=\"Helvetica, Geneva, Arial, SunSans-Regular, sans-serif\">30,3 %<\/font><\/div>\n\t\t\t\t\t\t<\/td>\n\t\t\t\t\t<\/tr>\n\t\t\t\t\t<tr>\n\t\t\t\t\t\t<td width=\"296\"><font size=\"1\" face=\"Helvetica, Geneva, Arial, SunSans-Regular, sans-serif\"><b>SEPI <\/b>soci\u00e9t\u00e9 holding d\u00e9tenue par l&rsquo;Etat espagnol<\/font><\/td>\n\t\t\t\t\t\t<td width=\"63\" valign=\"top\">\n\t\t\t\t\t\t<div align=\"right\"><font size=\"1\" face=\"Helvetica, Geneva, Arial, SunSans-Regular, sans-serif\">5,5 %<\/font><\/div>\n\t\t\t\t\t\t<\/td>\n\t\t\t\t\t<\/tr>\n\t\t\t\t\t<tr>\n\t\t\t\t\t\t<td width=\"296\"><font size=\"1\" face=\"Helvetica, Geneva, Arial, SunSans-Regular, sans-serif\"><b>Public <\/b>(dont les salari\u00e9s d&rsquo;EADS et environ 3 % <\/font><font size=\"1\" face=\"Helvetica, Geneva, Arial, SunSans-Regular, sans-serif\">d\u00e9tenus par DaimlerChrysler et l&rsquo;\u00c9tat fran\u00e7ais)<\/font><\/td>\n\t\t\t\t\t\t<td width=\"63\" valign=\"top\">\n\t\t\t\t\t\t<div align=\"right\"><font size=\"1\" face=\"Helvetica, Geneva, Arial, SunSans-Regular, sans-serif\">33,9 %<\/font><\/div>\n\t\t\t\t\t\t<\/td>\n\t\t\t\t\t<\/tr>\n\t\t\t\t<\/tbody>\n\t\t\t<\/table>\n\t\t\t<\/div>\n\t\t\t<\/div>\n\t\t\t<\/div>\n\t\t\t<\/div>\n\t\t\t<\/div>\n\t\t\t<\/div>\n\t\t\t<\/div>\n\t\t\t<\/div>\n\t\t\t<\/div>\n\t\t\t<\/div>\n\t\t\t<\/div>\n","protected":false},"excerpt":{"rendered":"<p>Objet :&nbsp; Construction a\u00e9ronautiqueEADS devient Airbus Group&nbsp; le 2 janvier 2014 R\u00e9partition du capital d&rsquo;Airbus au 31 d\u00e9cembre 2020 SOGEPA &#8211; Etat fran\u00e7ais 10,9 % SEPI &#8211; Etat espagnol 4,1 % GZBV &#8211; Etat allemand 10,9 % Free float 73.9 % Treasury shares 0,1 % R\u00e9partition du capital d&rsquo;Airbus au 31 d\u00e9cembre 2015 SOGEPA &#8211; [&hellip;]<\/p>\n","protected":false},"author":1,"featured_media":0,"parent":0,"menu_order":0,"comment_status":"closed","ping_status":"closed","template":"","meta":{"footnotes":""},"class_list":["post-322","page","type-page","status-publish","hentry"],"_links":{"self":[{"href":"https:\/\/la-marque.org\/index.php\/wp-json\/wp\/v2\/pages\/322","targetHints":{"allow":["GET"]}}],"collection":[{"href":"https:\/\/la-marque.org\/index.php\/wp-json\/wp\/v2\/pages"}],"about":[{"href":"https:\/\/la-marque.org\/index.php\/wp-json\/wp\/v2\/types\/page"}],"author":[{"embeddable":true,"href":"https:\/\/la-marque.org\/index.php\/wp-json\/wp\/v2\/users\/1"}],"replies":[{"embeddable":true,"href":"https:\/\/la-marque.org\/index.php\/wp-json\/wp\/v2\/comments?post=322"}],"version-history":[{"count":5,"href":"https:\/\/la-marque.org\/index.php\/wp-json\/wp\/v2\/pages\/322\/revisions"}],"predecessor-version":[{"id":1264,"href":"https:\/\/la-marque.org\/index.php\/wp-json\/wp\/v2\/pages\/322\/revisions\/1264"}],"wp:attachment":[{"href":"https:\/\/la-marque.org\/index.php\/wp-json\/wp\/v2\/media?parent=322"}],"curies":[{"name":"wp","href":"https:\/\/api.w.org\/{rel}","templated":true}]}}