{"id":297,"date":"2020-01-28T12:20:26","date_gmt":"2020-01-28T12:20:26","guid":{"rendered":"https:\/\/la-marque.org\/?page_id=297"},"modified":"2025-09-21T16:20:57","modified_gmt":"2025-09-21T16:20:57","slug":"comparatif-entre-la-capitalisation-boursiere-des-marques-commerciales-et-le-pib-des-marques-nation","status":"publish","type":"page","link":"https:\/\/la-marque.org\/index.php\/comparatif-entre-la-capitalisation-boursiere-des-marques-commerciales-et-le-pib-des-marques-nation\/","title":{"rendered":"Comparatif entre la capitalisation boursi\u00e8re des Marques commerciales et le PIB des \u00c9tats"},"content":{"rendered":"\n<p class=\"has-drop-cap\">Suite \u00e0 la rupture technologique n\u00e9e de l&rsquo;informatique, du num\u00e9rique et de la construction en r\u00e9seaux, des Marques commerciales ont vu leurs capitalisations boursi\u00e8res rivaliser puis d\u00e9passer le PIB des \u00c9tats. L&rsquo;\u00e9mergence d&rsquo;un tel ph\u00e9nom\u00e8ne n&rsquo;effraie pas les Marques nation, au contraire, elles en profitent pour surfer sur le succ\u00e8s de ces entreprises afin d&rsquo;accro\u00eetre leur pouvoir et leur puissance.<br>Concomitamment on a vu \u00e9merger une monnaie comme le \u00ab&nbsp;bitcoin&nbsp;\u00bb dont la technologie pair \u00e0 pair fonctionne sans autorit\u00e9 centrale. Son minage est limit\u00e9 \u00e0 21 millions d&rsquo;unit\u00e9s.<br>On pourra dans l&rsquo;exemple ci-dessous se rendre compte de l&rsquo;importance des fonds souverain dans l&rsquo;\u00e9conomie internationale. Pour en savoir plus sur ce sujet nous vous invitons \u00e0 consulter le site <a href=\"https:\/\/globalswf.com\/\" data-type=\"link\" data-id=\"https:\/\/globalswf.com\/\" target=\"_blank\" rel=\"noreferrer noopener\">Global SWF<\/a>.<br><em>Les chiffres sont donn\u00e9s \u00e0 titre indicatif<\/em><\/p>\n\n\n\n<figure class=\"wp-block-table\"><table><tbody><tr><td>Marques &#8211; Pays<\/td><td>Capitalisation boursi\u00e8re &#8211; PIB<\/td><\/tr><tr><td>Novo nordisk<br>D\u00e9cembre 2023<\/td><td>Capitalisation boursi\u00e8re<br>465 milliards euros<\/td><\/tr><tr><td>Danemark<br>2022<\/td><td>PIB <br>380,618 milliards euros<br><\/td><\/tr><\/tbody><\/table><\/figure>\n\n\n\n<figure class=\"wp-block-table\"><table><tbody><tr><td>Pays<\/td><td>Capitalisation boursi\u00e8re &#8211; PIB<\/td><\/tr><tr><td>Norv\u00e8ge<br>2022<\/td><td>PIB<br>579&nbsp;422,45 millions $ US courants<\/td><\/tr><tr><td>Norway Government Pension Fund Global<\/td><td>$1,375 B<\/td><\/tr><\/tbody><\/table><\/figure>\n\n\n\n<figure class=\"wp-block-image size-large\"><a href=\"https:\/\/www.statista.com\/chart\/24060\/the-worlds-biggest-sovereign-wealth-funds\/\" target=\"_blank\" rel=\"noreferrer noopener\"><img loading=\"lazy\" decoding=\"async\" width=\"1024\" height=\"1024\" src=\"https:\/\/la-marque.org\/wp-content\/uploads\/2023\/08\/24060-1024x1024.jpeg\" alt=\"\" class=\"wp-image-2416\" srcset=\"https:\/\/la-marque.org\/wp-content\/uploads\/2023\/08\/24060-1024x1024.jpeg 1024w, https:\/\/la-marque.org\/wp-content\/uploads\/2023\/08\/24060-300x300.jpeg 300w, https:\/\/la-marque.org\/wp-content\/uploads\/2023\/08\/24060-150x150.jpeg 150w, https:\/\/la-marque.org\/wp-content\/uploads\/2023\/08\/24060-768x768.jpeg 768w, https:\/\/la-marque.org\/wp-content\/uploads\/2023\/08\/24060.jpeg 1200w\" sizes=\"auto, (max-width: 1024px) 100vw, 1024px\" \/><\/a><figcaption class=\"wp-element-caption\">https:\/\/www.statista.com\/chart\/24060\/the-worlds-biggest-sovereign-wealth-funds\/<\/figcaption><\/figure>\n\n\n\n<figure class=\"wp-block-image size-large\"><img loading=\"lazy\" decoding=\"async\" width=\"1024\" height=\"1024\" src=\"https:\/\/la-marque.org\/wp-content\/uploads\/2024\/02\/31756-1024x1024.jpeg\" alt=\"\" class=\"wp-image-2561\" srcset=\"https:\/\/la-marque.org\/wp-content\/uploads\/2024\/02\/31756-1024x1024.jpeg 1024w, https:\/\/la-marque.org\/wp-content\/uploads\/2024\/02\/31756-300x300.jpeg 300w, https:\/\/la-marque.org\/wp-content\/uploads\/2024\/02\/31756-150x150.jpeg 150w, https:\/\/la-marque.org\/wp-content\/uploads\/2024\/02\/31756-768x768.jpeg 768w, https:\/\/la-marque.org\/wp-content\/uploads\/2024\/02\/31756.jpeg 1200w\" sizes=\"auto, (max-width: 1024px) 100vw, 1024px\" \/><figcaption class=\"wp-element-caption\"><a href=\"https:\/\/fr.statista.com\/infographie\/31756\/plus-grandes-economies-asie-chine-japon-indonesie\/\" target=\"_blank\" rel=\"noreferrer noopener\">https:\/\/fr.statista.com\/infographie\/31756\/plus-grandes-economies-asie-chine-japon-indonesie\/<\/a><\/figcaption><\/figure>\n\n\n\n<figure class=\"wp-block-table\"><table><tbody><tr><td>Marques &#8211; Pays<\/td><td>Capitalisation boursi\u00e8re &#8211; PIB<\/td><\/tr><tr><td>Saudi Arabian Oil Compagny<br>D\u00e9cembre 2023<\/td><td>Capitalisation boursi\u00e8re<br>2 133 milliards $ US<\/td><\/tr><tr><td>Arabie Saoudite<br>2022<\/td><td>PIB <br>1 110 milliards $ US<br><\/td><\/tr><tr><td>TSMC<\/td><td>Capitalisation boursi\u00e8re (2 avril 2024)<br>622 milliards $ US<\/td><\/tr><tr><td>Ta\u00efwan<\/td><td>PIB  (2022)<br>762,67 milliards $ US<\/td><\/tr><\/tbody><\/table><\/figure>\n\n\n\n<figure class=\"wp-block-table\"><table><tbody><tr><td>Marques &#8211; Pays<\/td><td>Capitalisation boursi\u00e8re &#8211; PIB<\/td><\/tr><tr><td>LVMH<\/td><td>Capitalisation boursi\u00e8re<br>408 milliards euros (19\/02\/2024)<\/td><\/tr><tr><td>France<br>2022<\/td><td>PIB <br>2 639 milliards euros (2022)<br><\/td><\/tr><\/tbody><\/table><\/figure>\n\n\n\n<p><strong>Comparatif entre les capitalisations boursi\u00e8res des Marques de v\u00eatements (janvier 2024)<\/strong><\/p>\n\n\n\n<figure class=\"wp-block-table\"><table><thead><tr><th>Rank<\/th><th>Country<\/th><th>Name<\/th><th>Market Cap (USD)<\/th><\/tr><\/thead><tbody><tr><td>1<\/td><td>\ud83c\uddeb\ud83c\uddf7 France<\/td><td>LVMH<\/td><td>421,600,000,000<\/td><\/tr><tr><td>2<\/td><td>\ud83c\uddfa\ud83c\uddf8 United States<\/td><td>Nike<\/td><td>153,830,000,000<\/td><\/tr><tr><td>3<\/td><td>\ud83c\uddeb\ud83c\uddf7 France<\/td><td>Dior<\/td><td>145,861,000,000<\/td><\/tr><tr><td>4<\/td><td>\ud83c\uddea\ud83c\uddf8 Spain<\/td><td>Inditex<\/td><td>134,042,000,000<\/td><\/tr><tr><td>5<\/td><td>\ud83c\uddfa\ud83c\uddf8 United States<\/td><td>TJX Companies<\/td><td>108,167,000,000<\/td><\/tr><tr><td>6<\/td><td>\ud83c\uddef\ud83c\uddf5 Japan<\/td><td>Fast Retailing<\/td><td>81,489,917,976<\/td><\/tr><tr><td>7<\/td><td>\ud83c\uddfa\ud83c\uddf8 United States<\/td><td>Cintas<\/td><td>61,285,867,520<\/td><\/tr><tr><td>8<\/td><td>\ud83c\udde8\ud83c\udde6 Canada<\/td><td>lululemon<\/td><td>57,267,998,720<\/td><\/tr><tr><td>9<\/td><td>\ud83c\uddeb\ud83c\uddf7 France<\/td><td>Kering<\/td><td>50,900,207,000<\/td><\/tr><tr><td>10<\/td><td>\ud83c\uddfa\ud83c\uddf8 United States<\/td><td>Ross Stores<\/td><td>47,227,502,592<\/td><\/tr><tr><td>11<\/td><td>\ud83c\udde9\ud83c\uddea Germany<\/td><td>Adidas<\/td><td>32,535,078,209<\/td><\/tr><tr><td>12<\/td><td>\ud83c\uddf8\ud83c\uddea Sweden<\/td><td>H&amp;M<\/td><td>25,564,163,571<\/td><\/tr><\/tbody><\/table><figcaption class=\"wp-element-caption\">Source : <a href=\"https:\/\/www.visualcapitalist.com\/the-worlds-biggest-fashion-companies-by-market-cap\/\" target=\"_blank\" rel=\"noreferrer noopener\">https:\/\/www.visualcapitalist.com\/the-worlds-biggest-fashion-companies-by-market-cap\/<\/a><\/figcaption><\/figure>\n\n\n\n<p>&#8211; Pour information, c&rsquo;est en 1896 qu&rsquo;est lanc\u00e9 l&rsquo;indice <strong>Dow Jones<\/strong> (Charles Dow, Edward Jones, journalistes financiers).<\/p>\n\n\n\n<p>&#8211; Le <strong>Cac 40<\/strong>,\u00a0\u00ab\u00a0cotation assist\u00e9e en continu\u00a0\u00bb, indice boursier\u00a0 de 40 soci\u00e9t\u00e9s fran\u00e7aises cot\u00e9es sur Euronext. Date de cr\u00e9ation 1988.<br><a href=\"https:\/\/www.ina.fr\/ina-eclaire-actu\/video\/cab87025026\/fin-de-la-corbeille-a-la-bourse-de-paris\" target=\"_blank\" rel=\"noreferrer noopener\">Fin de la corbeille \u00e0 la Bourse de Paris<\/a><\/p>\n\n\n\n<p>&#8211; <strong>Top exchanges by market capitalization<\/strong> (Oct. 2022, USD) (source : visual capitalist &#8211; U.S. Global investors, Bloomberg, Statista)<br>NYSE (US) &#8211; $22.8T &#8211; 2400 entreprises cot\u00e9es (approximatif)<br>NASDAQ (US) &#8211; $16.2T &#8211; 3700 entreprises cot\u00e9es (approximatif)<br>Shanghai stock exchange (Chine) &#8211; $6.7T &#8211; 1600 entreprises cot\u00e9es (approximatif)<br>Euronext (Europe) &#8211; $6.1T &#8211; 800 entreprises cot\u00e9es (approximatif)<br>Japan Exchange (Japan) &#8211; $5.4T &#8211; 3800 entreprises cot\u00e9es (approximatif)<br>Shenzhen stock exchange (China) &#8211; $4.7T &#8211; 2800 entreprises cot\u00e9es (approximatif)<br>Hong Kong stock exchange (Hong Kong SAR) &#8211; $4.6T &#8211; 2600 entreprises cot\u00e9es (approximatif)<br>National Stock exchange of India (India) &#8211; $3.3T &#8211; 2100 entreprises cot\u00e9es (approximatif)<br>London stock exchange (UK) &#8211; $3.1T &#8211; 1900 entreprises cot\u00e9es (approximatif)<br>Toronto stock exchange (Canada) &#8211; $2.7T &#8211; 1500 entreprises cot\u00e9es (approximatif)<br><br>1) PIB : Produit int\u00e9rieur brut<br>2) Source : <a rel=\"noreferrer noopener\" href=\"http:\/\/donnees.banquemondiale.org\/region\/WLD\" target=\"_blank\">La banque mondiale<\/a><\/p>\n\n\n\n<p><strong>Date de mise \u00e0 jour<\/strong> : 21 septembre 2025<\/p>\n\n\n\n<p><strong>Date de publication initiale<\/strong> : 20 juillet 2015<\/p>\n","protected":false},"excerpt":{"rendered":"<p>Suite \u00e0 la rupture technologique n\u00e9e de l&rsquo;informatique, du num\u00e9rique et de la construction en r\u00e9seaux, des Marques commerciales ont vu leurs capitalisations boursi\u00e8res rivaliser puis d\u00e9passer le PIB des \u00c9tats. L&rsquo;\u00e9mergence d&rsquo;un tel ph\u00e9nom\u00e8ne n&rsquo;effraie pas les Marques nation, au contraire, elles en profitent pour surfer sur le succ\u00e8s de ces entreprises afin d&rsquo;accro\u00eetre [&hellip;]<\/p>\n","protected":false},"author":1,"featured_media":0,"parent":0,"menu_order":0,"comment_status":"closed","ping_status":"closed","template":"","meta":{"footnotes":""},"class_list":["post-297","page","type-page","status-publish","hentry"],"_links":{"self":[{"href":"https:\/\/la-marque.org\/index.php\/wp-json\/wp\/v2\/pages\/297","targetHints":{"allow":["GET"]}}],"collection":[{"href":"https:\/\/la-marque.org\/index.php\/wp-json\/wp\/v2\/pages"}],"about":[{"href":"https:\/\/la-marque.org\/index.php\/wp-json\/wp\/v2\/types\/page"}],"author":[{"embeddable":true,"href":"https:\/\/la-marque.org\/index.php\/wp-json\/wp\/v2\/users\/1"}],"replies":[{"embeddable":true,"href":"https:\/\/la-marque.org\/index.php\/wp-json\/wp\/v2\/comments?post=297"}],"version-history":[{"count":69,"href":"https:\/\/la-marque.org\/index.php\/wp-json\/wp\/v2\/pages\/297\/revisions"}],"predecessor-version":[{"id":3230,"href":"https:\/\/la-marque.org\/index.php\/wp-json\/wp\/v2\/pages\/297\/revisions\/3230"}],"wp:attachment":[{"href":"https:\/\/la-marque.org\/index.php\/wp-json\/wp\/v2\/media?parent=297"}],"curies":[{"name":"wp","href":"https:\/\/api.w.org\/{rel}","templated":true}]}}