{"id":2356,"date":"2023-05-24T16:27:10","date_gmt":"2023-05-24T16:27:10","guid":{"rendered":"https:\/\/la-marque.org\/?page_id=2356"},"modified":"2025-08-31T16:43:33","modified_gmt":"2025-08-31T16:43:33","slug":"selection-de-podcasts","status":"publish","type":"page","link":"https:\/\/la-marque.org\/index.php\/selection-de-podcasts\/","title":{"rendered":"S\u00e9lection de podcasts\/streaming"},"content":{"rendered":"\n<p><a rel=\"noreferrer noopener\" href=\"https:\/\/parolesdhistoire.fr\/index.php\/liste-des-episodes\/\" target=\"_blank\"><strong>Paroles d&rsquo;histoire<\/strong><\/a><br>Podcast consacr\u00e9 \u00e0 l&rsquo;actualit\u00e9 des livres, de la recherche et des d\u00e9bats en histoire<\/p>\n\n\n\n<p><strong><a href=\"https:\/\/www.bfmtv.com\/economie\/replay-emissions\/la-librairie-de-l-eco\/podcast\/\" target=\"_blank\" rel=\"noreferrer noopener\">La librairie de l&rsquo;\u00e9co<\/a><\/strong><br>Pr\u00e9sentation des livres consacr\u00e9s \u00e0 l&rsquo;\u00e9conomie et aux sciences sociales<\/p>\n\n\n\n<p><strong><a href=\"https:\/\/www.arte.tv\/fr\/videos\/117798-000-A\/tous-accros-le-piege-des-aliments-ultratransformes\/\" target=\"_blank\" rel=\"noreferrer noopener\">Le pi\u00e8ge des aliments ultra transform\u00e9s<\/a><\/strong><br><em>\u00ab\u00a0Si vous ne pouvez pas vous arr\u00eater de manger, c&rsquo;est leur faute. Ces quarante derni\u00e8res ann\u00e9es, les g\u00e9ants de l&rsquo;alimentation ont d\u00e9ploy\u00e9 des tr\u00e9sors d&rsquo;ing\u00e9niosit\u00e9 \u2013 et de cynisme \u2013 pour accro\u00eetre les ventes de leurs produits au m\u00e9pris du co\u00fbt pour notre sant\u00e9. Ce documentaire propose une analyse pouss\u00e9e des strat\u00e9gies mises en \u0153uvre de ces grands groupes de l&rsquo;alimentation qui s&rsquo;en mettent plein les poches.\u00a0\u00bb<\/em> Arte<\/p>\n\n\n\n<p><strong><a href=\"https:\/\/www.arte.tv\/fr\/videos\/RC-024313\/capitalisme-americain\/\" target=\"_blank\" rel=\"noreferrer noopener\">Le capitalisme am\u00e9ricain<\/a><\/strong> &#8211; Arte<\/p>\n\n\n\n<p><a href=\"https:\/\/www.france.tv\/slash\/shein-enquete-sur-le-geant-de-la-fast-fashion\/6798598-shein-enquete-sur-le-geant-de-la-fast-fashion-le-documentaire.html\" target=\"_blank\" rel=\"noreferrer noopener\"><strong>Shein<\/strong><\/a> : Enqu\u00eate sur le g\u00e9ant de la <em>fast fashion<\/em><\/p>\n\n\n\n<p><strong><a href=\"https:\/\/www.ina.fr\/ina-eclaire-actu\/bic-stylo-saga-rentree-ecole-crayon-entreprise\" target=\"_blank\" rel=\"noreferrer noopener\">La saga Bic<\/a><\/strong> &#8211; Ina<\/p>\n\n\n\n<p>Mise \u00e0 jour : 31 ao\u00fbt 2025<\/p>\n","protected":false},"excerpt":{"rendered":"<p>Paroles d&rsquo;histoirePodcast consacr\u00e9 \u00e0 l&rsquo;actualit\u00e9 des livres, de la recherche et des d\u00e9bats en histoire La librairie de l&rsquo;\u00e9coPr\u00e9sentation des livres consacr\u00e9s \u00e0 l&rsquo;\u00e9conomie et aux sciences sociales Le pi\u00e8ge des aliments ultra transform\u00e9s\u00ab\u00a0Si vous ne pouvez pas vous arr\u00eater de manger, c&rsquo;est leur faute. Ces quarante derni\u00e8res ann\u00e9es, les g\u00e9ants de l&rsquo;alimentation ont d\u00e9ploy\u00e9 [&hellip;]<\/p>\n","protected":false},"author":1,"featured_media":0,"parent":0,"menu_order":0,"comment_status":"closed","ping_status":"closed","template":"","meta":{"footnotes":""},"class_list":["post-2356","page","type-page","status-publish","hentry"],"_links":{"self":[{"href":"https:\/\/la-marque.org\/index.php\/wp-json\/wp\/v2\/pages\/2356","targetHints":{"allow":["GET"]}}],"collection":[{"href":"https:\/\/la-marque.org\/index.php\/wp-json\/wp\/v2\/pages"}],"about":[{"href":"https:\/\/la-marque.org\/index.php\/wp-json\/wp\/v2\/types\/page"}],"author":[{"embeddable":true,"href":"https:\/\/la-marque.org\/index.php\/wp-json\/wp\/v2\/users\/1"}],"replies":[{"embeddable":true,"href":"https:\/\/la-marque.org\/index.php\/wp-json\/wp\/v2\/comments?post=2356"}],"version-history":[{"count":11,"href":"https:\/\/la-marque.org\/index.php\/wp-json\/wp\/v2\/pages\/2356\/revisions"}],"predecessor-version":[{"id":3211,"href":"https:\/\/la-marque.org\/index.php\/wp-json\/wp\/v2\/pages\/2356\/revisions\/3211"}],"wp:attachment":[{"href":"https:\/\/la-marque.org\/index.php\/wp-json\/wp\/v2\/media?parent=2356"}],"curies":[{"name":"wp","href":"https:\/\/api.w.org\/{rel}","templated":true}]}}