{"id":232,"date":"2020-01-25T11:00:45","date_gmt":"2020-01-25T11:00:45","guid":{"rendered":"https:\/\/la-marque.org\/?page_id=232"},"modified":"2026-03-16T15:49:40","modified_gmt":"2026-03-16T15:49:40","slug":"ma-ville-est-une-marque-et-ses-concitoyens-ses-actionnaires","status":"publish","type":"page","link":"https:\/\/la-marque.org\/index.php\/ma-ville-est-une-marque-et-ses-concitoyens-ses-actionnaires\/","title":{"rendered":"Ma ville est une Marque"},"content":{"rendered":"\n<blockquote class=\"wp-block-quote is-layout-flow wp-block-quote-is-layout-flow\">\n<p>\u201cThe 19th century was a century of empires, the 20th century was a century of nation states. The 21st century will be a century of cities.\u201d<\/p>\n<cite>Wellington E. Webb, Former Mayor of Denver<\/cite><\/blockquote>\n\n\n\n<p class=\"has-drop-cap\">Ville est issue du mot latin <em>villa<\/em> qui d\u00e9nommait une exploitation agricole. Il a pr\u00e9valu aux d\u00e9pens du nom <em>urbs<\/em> (ville) qui a fait pour une part d&rsquo;entre nous des urbains.<br>La ville m\u00e9di\u00e9vale en Occident se caract\u00e9rise par ses murailles d&rsquo;enceinte qui s&rsquo;\u00e9largissent en fonction de l&rsquo;augmentation des populations. Elles se situent souvent proche d&rsquo;un fleuve entourant un \u00e9difice religieux. Au XIII<sup>e<\/sup> si\u00e8cle, Paris comptait environ 200 000 habitants tandis que la plupart des villes n&rsquo;en comptaient que 5 000 \u00e0 10 000.<br>Depuis la seconde moiti\u00e9 du XX<sup>e<\/sup> si\u00e8cle, les grandes villes s\u2019administrent \u00e0 l\u2019image des Marques commerciales. Leurs gestions et leurs strat\u00e9gies en t\u00e9moignent, elles s\u2019emploient \u00e0 attirer touristes, manifestations en tous genres, si\u00e8ges sociaux, investisseurs. Pendant ce temps, les diff\u00e9rences se creusent entre les villes qui se pr\u00e9sentent comme internationales, ouvertes, cosmopolites, lib\u00e9rales, multiculturelles et celles du milieu rural.<br>Dans un environnement o\u00f9 les distances s\u2019abolissent et le temps se contracte la comp\u00e9tition entre les villes d\u2019accueil devient internationale, elle s\u2019intensifie et s\u2019ouvre aux pays \u00e9mergents.<br>La liste des indicateurs qui vous est propos\u00e9e permet de les \u00e9valuer, de les comparer et ainsi de les diff\u00e9rencier. Ces indicateurs sont \u00e9volutifs, certains prennent de l\u2019importance d\u2019autres s\u2019effacent tandis que de nouveaux apparaissent au gr\u00e9 des besoins, des tendances, ou de facteurs ind\u00e9pendants.<\/p>\n\n\n\n<h4 class=\"wp-block-heading\">Les indicateurs, facteurs et crit\u00e8res qui font de ma cit\u00e9 une Marque<\/h4>\n\n\n\n<p><strong>La population<\/strong> : le nombre d&rsquo;habitants, ses communaut\u00e9s\u2026<br><strong>La situation g\u00e9ographique<\/strong> : le climat, la proximit\u00e9 de l\u2019oc\u00e9an ou\/et de la montagne, certaines villes profitent de leur situation g\u00e9ographico-politique \u00e0 l\u2019intersection de continent comme Istanbul en Turquie, lieu de rencontre de l\u2019Asie avec l\u2019Europe\u2026<br><strong>Le statut<\/strong> : capitale nationale, r\u00e9gionale, place boursi\u00e8re\/financi\u00e8re (Londres, New York), lieux de p\u00e8lerinage (La Mecque, Lourdes)\u2026<br><strong>La sant\u00e9<\/strong> : qualit\u00e9 et accessibilit\u00e9 aux soins, cr\u00e8ches, services hospitaliers\u2026<br><strong>L\u2019environnement<\/strong> : qualit\u00e9 de l\u2019air, pr\u00e9sence d\u2019espaces verts et de parcs, de zones pi\u00e9tonni\u00e8res et de pistes r\u00e9serv\u00e9es aux v\u00e9los, mise \u00e0 disposition de v\u00e9los, de v\u00e9hicules \u00e9lectriques accompagn\u00e9s de bornes de recharges, limitation du trafic automobile et des entreprises polluantes\u2026<br><em>Cities are vital in the transition to a sustainable economy. <a href=\"https:\/\/www.cdp.net\/en\/cities\" target=\"_blank\" rel=\"noreferrer noopener\">CDP<\/a> helps cities disclose their environmental activities, understand their impact and take action.<\/em><br><strong>Les infrastructures<\/strong> : l\u2019habitat, l&rsquo;h\u00f4tellerie, les bureaux, les transports (bus, gare, a\u00e9roports, autoroutes), liaisons t\u00e9l\u00e9coms \u00e0 grande vitesse et gros d\u00e9bit (Internet), h\u00f4pitaux, \u00e9clairage public\u2026<br><strong>Le culturel &#8211; le tourisme<\/strong> : nombre d\u2019\u00e9v\u00e9nements culturels et sportifs de taille internationale, architecture, mode<strong>,<\/strong> design, nombre de voyageurs internationaux, mus\u00e9es, th\u00e9\u00e2tres, stades, piscines, attractions, art culinaire, villes jumel\u00e9es, shopping\u2026 On peut noter que la promotion des villes au travers de manifestations telles que les Jeux olympiques ou les coupes du monde de football sont per\u00e7ues par une partie des r\u00e9sidents comme des d\u00e9penses dispendieuses, mal employ\u00e9es, sources de nuisances alors qu\u2019elles auraient pu servir \u00e0 am\u00e9liorer la vie de la communaut\u00e9.<br><strong>Le politique<\/strong> : les r\u00e9gimes politiques (d\u00e9mocratique, autocratique, th\u00e9ocratique&#8230;), nombre d\u2019organisations internationales, de conf\u00e9rences internationales organis\u00e9es dans la ville, d\u2019espaces de congr\u00e8s et de conventions, d\u2019ambassades et consulats (exemples : Washington, Bruxelles, Gen\u00e8ve)\u2026<br><strong>Information<\/strong> : libert\u00e9 de la presse, m\u00e9dias, agences de presse, canaux de diffusion\u2026<br><strong>Propret\u00e9 et entretien<\/strong> de la ville, le traitement des eaux, ravalement, service de ramassage des ordures, nettoyage des trottoirs et de la chauss\u00e9e\u2026<br><strong>S\u00e9curit\u00e9<\/strong> des lieux et des personnes<br><strong>Stabilit\u00e9<\/strong> gouvernementale, gr\u00e8ves, manifestations, transparence, corruption\u2026<br><strong>R\u00e9seaux sociaux<\/strong> : pr\u00e9sence en ligne (r\u00e9f\u00e9rencement), commentaires (buzz, influenceurs) g\u00e9n\u00e9r\u00e9s autour de la ville dans les r\u00e9seaux sociaux ainsi que dans la presse \u00e9crite et l&rsquo;audiovisuel\u2026<br><strong>Capital humain<\/strong> : ville d\u2019\u00e9migration ou d\u2019immigration, population \u00e9trang\u00e8re n\u00e9e sur le territoire, importance du secteur tertiaire\u2026<br><strong>\u00c9ducation<\/strong> : nombre d\u2019\u00e9coles, de lyc\u00e9es internationaux, d\u2019universit\u00e9s, de grandes \u00e9coles, de MBA\u2026, de dipl\u00f4m\u00e9s nationaux et \u00e9trangers, classement international des grandes \u00e9coles, biblioth\u00e8ques\u2026<br><strong>Business<\/strong> : cr\u00e9ation et implantation de soci\u00e9t\u00e9s nationales et \u00e9trang\u00e8res, nombre de<em> joint ventures<\/em>, facilit\u00e9s pour les entreprises \u00e0 s\u2019implanter et \u00e0 obtenir des cr\u00e9dits, obligations \u00e0 respecter par les entreprises\u2026<br><strong>Recherche et d\u00e9veloppement, vision \u00e0 long terme, prospective<\/strong> : nombre de centres de recherches, d\u00e9penses en recherches et d\u00e9veloppement par les entreprises publiques et priv\u00e9es, <em>think tank<\/em>s\u2026<br><strong>\u00c9conomie, finance<\/strong> : sources et montant des revenus des villes, moyenne des revenus de leurs habitants, prosp\u00e9rit\u00e9 \u00e9conomique, volume du transport a\u00e9rien de fret\u2026<\/p>\n\n\n\n<p>C\u2019est au regard de ces crit\u00e8res que les villes deviennent des destinations attrayantes. Leurs objectifs sont d&rsquo;attirer des talents pour qu&rsquo;ils puissent s&rsquo;y d\u00e9velopper intramuros dans les meilleures conditions. Dans cette cit\u00e9 \u00ab&nbsp;id\u00e9ale&nbsp;\u00bb, l\u2019industrie et le commerce y c\u00f4toient le tourisme, le sport, la culture et <em>l\u2019entertainment<\/em> mais aussi l&rsquo;extr\u00eame pauvret\u00e9, l&rsquo;ins\u00e9curit\u00e9, la pollution. La ville irrigue dans toute la r\u00e9gion, Paris devient le \u00ab&nbsp;Grand Paris&nbsp;\u00bb et les m\u00e9tropoles r\u00e9unissent sous un m\u00eame \u00e9tendard une communaut\u00e9 d\u2019agglom\u00e9rations avoisinante.<\/p>\n\n\n\n<p><strong>Gestion des tr\u00e8s grandes villes fran\u00e7aises<\/strong> selon l&rsquo;<a href=\"https:\/\/www.ifrap.org\/etat-et-collectivites\/le-palmares-de-la-gestion-des-80-premieres-villes-de-france\" target=\"_blank\" rel=\"noreferrer noopener\">ifrap<\/a><\/p>\n\n\n\n<figure class=\"wp-block-image size-large\"><img loading=\"lazy\" decoding=\"async\" width=\"995\" height=\"1024\" src=\"https:\/\/la-marque.org\/wp-content\/uploads\/2026\/03\/villesDette-995x1024.png\" alt=\"\" class=\"wp-image-3611\" srcset=\"https:\/\/la-marque.org\/wp-content\/uploads\/2026\/03\/villesDette-995x1024.png 995w, https:\/\/la-marque.org\/wp-content\/uploads\/2026\/03\/villesDette-291x300.png 291w, https:\/\/la-marque.org\/wp-content\/uploads\/2026\/03\/villesDette-768x790.png 768w, https:\/\/la-marque.org\/wp-content\/uploads\/2026\/03\/villesDette.png 1200w\" sizes=\"auto, (max-width: 995px) 100vw, 995px\" \/><figcaption class=\"wp-element-caption\">(Source : fondation<a href=\"https:\/\/www.ifrap.org\/\" target=\"_blank\" rel=\"noreferrer noopener\"> ifrap<\/a>)<\/figcaption><\/figure>\n\n\n\n<figure class=\"wp-block-image size-large\"><a href=\"https:\/\/www.statista.com\/chart\/10708\/the-worlds-most-liveable-cities\/\" target=\"_blank\" rel=\"noreferrer noopener\"><img decoding=\"async\" src=\"https:\/\/cdn.statcdn.com\/Infographic\/images\/normal\/10708.jpeg\" alt=\"\"\/><\/a><\/figure>\n\n\n\n<h4 class=\"wp-block-heading\">Ma ville ne ressemble \u00e0 aucune autre<\/h4>\n\n\n\n<p>Dans un monde globalis\u00e9 o\u00f9 tout tend \u00e0 se ressembler, se diff\u00e9rentier pour appara\u00eetre unique est une question primordiale, l\u2019\u00e9quilibre entre la pr\u00e9servation et l\u2019innovation s\u2019y r\u00e9v\u00e8le une contrainte n\u00e9cessaire. Dans cet environnement comp\u00e9titif, l\u2019architecture avec ses monuments joue un r\u00f4le majeur de par sa capacit\u00e9 \u00e0 \u00eatre reconnaissable aux yeux de tous, ainsi la Tour Eiffel, le pont de Londres ou bien encore l\u2019op\u00e9ra de Sydney en Australie sont identifiables par le plus grand nombre et ont acquis le statut de symbole. Pour Venise c\u2019est la cit\u00e9 dans sa totalit\u00e9, tandis que pour Barcelone c\u2019est le style d\u2019un architecte, Gaud\u00ed, architecte de la basilique Sagrada Fam\u00edlia et de nombreux \u00e9difices \u00e0 Barcelone qui sont les empreintes de la ville dans la m\u00e9moire des foules. Tous ces ouvrages sont des signatures, v\u00e9ritables t\u00eates de pont pour identifier l\u2019origine des messages. \u00c0 l\u2019instar d\u2019un b\u00e2timent, une sculpture peut tout aussi bien symboliser une ville, comme c\u2019est le cas avec la statut du Christ surplombant Rio de Janeiro o\u00f9 bien encore la statut de la libert\u00e9 \u00e0 New York. Cependant, il faut bien le reconna\u00eetre, dans un contexte o\u00f9 toutes les villes cherchent \u00e0 se diff\u00e9rencier, la plupart des constructions de r\u00e9f\u00e9rences r\u00e9centes sont sign\u00e9es par un groupe restreint d\u2019architectes dont les ouvrages se d\u00e9marquent trop peu les uns des autres pour r\u00e9ussir \u00e0 donner \u00e0 la ville une identit\u00e9 reconnaissable. <br>Comme nous venons de le voir les villes sont friandes de symboles, car elles ont compris que l\u2019<em>\u00ab Image is everything when it comes to global city brands \u00bb<\/em>. Si les villes impriment dans nos esprits les images de leurs monuments, cons\u00e9quemment elles y gravent leurs slogans, ainsi, au choc des images s\u2019ajoutent le poids des mots*: <em>\u00ab&nbsp;I (Heart)(love) New York&nbsp;\u00bb<\/em>, la <em>\u00ab&nbsp;Big Apple&nbsp;\u00bb<\/em>.<br>Pour r\u00e9pondre au challenge qui les attend, les bureaux de conventions et du tourisme ont \u00e9t\u00e9 refondus pour proposer des offres conjointes o\u00f9 le travail et les distractions se marient dans un cadre harmonieux. La ville se pr\u00e9sente ainsi sous des profils diff\u00e9rents et compl\u00e9mentaires. Pour r\u00e9ussir ce pari, les budgets publicitaires et promotionnels ont augment\u00e9 et les villes se sont adjointes les services de cabinets de consultants pour les assister dans leur <em>branding<\/em>.<br>Dans le concert des nations, les manifestations d\u2019ampleurs internationales facilitent la promotion des villes et drainent des investissements propres \u00e0 d\u00e9velopper les infrastructures de la ville. On s&rsquo;aper\u00e7oit par exemple que les Jeux olympiques et la Coupe du monde de football sont de v\u00e9ritables catalyseurs \u00e0 modifier le paysage urbain. De par la ferveur qu&rsquo;ils suscitent, ces \u00e9v\u00e9nements ont la faveur des m\u00e9dias. Sous l\u2019\u00e9clairage de leurs projecteurs, ils pr\u00e9sentent \u00e0 la plan\u00e8te enti\u00e8re les villes sous leurs aspects ludiques.<\/p>\n\n\n\n<h4 class=\"wp-block-heading\">La ville change<\/h4>\n\n\n\n<p>Le centre des agglom\u00e9rations devient un lieu d\u2019histoire, de culture, de tourisme et de d\u00e9tente r\u00e9serv\u00e9 \u00e0 une classe ais\u00e9e. Les quartiers populaires se transforment en quartier \u00e0 la mode puis deviennent des lieux de r\u00e9sidences pour les classes moyennes repoussant les habitants \u00e0 faible revenu en banlieue. Les bars sont remplac\u00e9s par des Starbucks ou des <em>coffee<\/em>&#8211;<em>shop<\/em>, les \u00e9choppes par des Marques de v\u00eatements et de bazar quand aux lieux de m\u00e9moires et de vie ils deviennent des mus\u00e9es. Les villes conservent leurs lieux de caract\u00e8re sous des formes pr\u00e9sentables au public et si elles n\u2019arrivent pas \u00e0 \u00e9radiquer la pauvret\u00e9 et la d\u00e9linquance dans leurs favelas elles en font des lieux de curiosit\u00e9 et de promenade sous surveillance.<br>La ville change, devient intelligente et <em>secure<\/em> (cam\u00e9ras), c\u2019est d\u00fb \u00e0 l\u2019\u00e9volution technologique <a href=\"https:\/\/www.imd.org\/smart-city-observatory\/home\/\" data-type=\"link\" data-id=\"https:\/\/www.imd.org\/smart-city-observatory\/home\/\">(<\/a><a href=\"https:\/\/www.imd.org\/smart-city-observatory\/home\/\" data-type=\"link\" data-id=\"https:\/\/www.imd.org\/smart-city-observatory\/home\/\" target=\"_blank\" rel=\"noreferrer noopener\">smart cities index 2025)<\/a>. La communication et l\u2019interaction en temps r\u00e9el dans l\u2019espace urbain s\u2019y intensifient. Le mobilier urbain, les transports, les a\u00e9roports, les gares, les centres commerciaux, etc., connect\u00e9s entre eux \u00e9changent des informations qu\u2019ils mettent \u00e0 notre disposition.<\/p>\n\n\n\n<h4 class=\"wp-block-heading\">Un d\u00e9tour par les villes de demain<\/h4>\n\n\n\n<p>\u00ab\u00a0<a href=\"https:\/\/www.neom.com\/ar-sa\/newsroom\/hrh-announces-theline-designs\" target=\"_blank\" rel=\"noreferrer noopener\">The line<\/a>\u00a0\u00bb &#8211; Neom, Arabie saoudite <br><a href=\"https:\/\/www.stefanoboeriarchitetti.net\/en\/project\/smart-forest-city-cancun\/\" target=\"_blank\" rel=\"noreferrer noopener\">Smart forest city<\/a> (projet) &#8211; r\u00e9gion de Cancun, Mexique<br><a href=\"https:\/\/www.woven-city.global\/\" target=\"_blank\" rel=\"noreferrer noopener\">Woven city<\/a> &#8211; Japon<br>Nusantara &#8211; Indon\u00e9sie<br><a href=\"https:\/\/cityoftelosa.com\" target=\"_blank\" rel=\"noreferrer noopener\">Telosa<\/a> (Projet) &#8211; Etats-Unis<br>Songdo &#8211; Cor\u00e9e du Sud<\/p>\n\n\n\n<h4 class=\"wp-block-heading\"><a href=\"https:\/\/fairspace.fr\/amenagement\/chronotopie-tendance-en-fort-developpement\/#:~:text=La%20chronotopie%2C%20c%27est%20quoi,consid%C3%A9rant%20les%20diff%C3%A9rents%20publics%20pr%C3%A9sents.\" data-type=\"link\" data-id=\"https:\/\/fairspace.fr\/amenagement\/chronotopie-tendance-en-fort-developpement\/#:~:text=La%20chronotopie%2C%20c%27est%20quoi,consid%C3%A9rant%20les%20diff%C3%A9rents%20publics%20pr%C3%A9sents.\" target=\"_blank\" rel=\"noreferrer noopener\">Chronotopie <\/a>et densit\u00e9<\/h4>\n\n\n\n<p>Afin d&rsquo;\u00e9viter que la densit\u00e9 ne devienne promiscuit\u00e9 on peut passer d&rsquo;une ville horizontale (Paris) \u00e0 une ville verticale (New York), augmenter le prix du m<sup>2<\/sup> et des loyers mais aussi faire en sorte qu&rsquo;un m\u00eame lieu serve \u00e0 plusieurs usages selon l&rsquo;heure de la journ\u00e9e, le jour de la semaine, la semaine dans le mois, le mois dans la saison et la saison dans l&rsquo;ann\u00e9e.<\/p>\n\n\n\n<figure class=\"wp-block-image size-large\"><a href=\"https:\/\/www.statista.com\/chart\/32595\/estimated-share-of-population-residing-in-urban-areas-at-mid-year\/\" target=\"_blank\" rel=\"noreferrer noopener\"><img loading=\"lazy\" decoding=\"async\" width=\"878\" height=\"1024\" src=\"https:\/\/la-marque.org\/wp-content\/uploads\/2024\/07\/32595-878x1024.jpeg\" alt=\"\" class=\"wp-image-2786\" srcset=\"https:\/\/la-marque.org\/wp-content\/uploads\/2024\/07\/32595-878x1024.jpeg 878w, https:\/\/la-marque.org\/wp-content\/uploads\/2024\/07\/32595-257x300.jpeg 257w, https:\/\/la-marque.org\/wp-content\/uploads\/2024\/07\/32595-768x896.jpeg 768w, https:\/\/la-marque.org\/wp-content\/uploads\/2024\/07\/32595.jpeg 1200w\" sizes=\"auto, (max-width: 878px) 100vw, 878px\" \/><\/a><\/figure>\n\n\n\n<h4 class=\"wp-block-heading\">Construire le futur de la ville monde<\/h4>\n\n\n\n<p>Le moteur principal de la communication et de la promotion c\u2019est l\u2019\u00e9motion qu\u2019elle suscite. Mais l\u2019\u00e9motion dispara\u00eet rapidement si on ne l\u2019entretient pas.<br>Capitaliser sur l\u2019image demande des \u00e9tudes et des r\u00e9sultats, parmi les crit\u00e8res, le prix du m<sup>2<\/sup> de surface habitable ainsi que le montant des d\u00e9penses des touristes sont des marqueurs pertinents, mais insuffisants pour analyser comment les cit\u00e9s \u00e9voluent les unes par rapport aux autres et de nouveaux indicateurs sont r\u00e9guli\u00e8rement requis et d\u00e9velopp\u00e9s pour pister les tendances \u00e9mergentes.<br>Quoi qu&rsquo;il en soit, on trouve le plus souvent parmi les villes les mieux not\u00e9es, celles qui pr\u00e9sentent un niveau de d\u00e9veloppement commercial \u00e9lev\u00e9 adoss\u00e9 \u00e0 des structures politiques solides dont le cosmopolitisme et la culture sont une tradition. L\u2019\u00e9volution des villes est donc intimement li\u00e9e au d\u00e9veloppement \u00e9conomique, humain et environnemental. C\u2019est en se d\u00e9veloppant dans un cadre harmonieux qu\u2019elles attirent et retiennent les talents, le business, les id\u00e9es, le capital et g\u00e9n\u00e8rent des b\u00e9n\u00e9fices qui profitent au-del\u00e0 de la municipalit\u00e9 \u00e0 la r\u00e9gion. Une ville avec une bonne r\u00e9putation est une ville qui sait pr\u00e9senter ses atouts, se projeter dans l\u2019avenir et dont la population appr\u00e9cie d\u2019y vivre.<br>On remarquera que dans un espace urbain d&rsquo;autant plus satur\u00e9 de signes que sa population est dense, l&rsquo;information qui \u00e9mane des pouvoirs publics devient difficile \u00e0 trouver et \u00e0 identifier tant les messages sont brouill\u00e9s par ceux des Marques.<\/p>\n\n\n\n<h4 class=\"wp-block-heading\">La ville <em>\u00ab&nbsp;brand\u00e9e&nbsp;\u00bb<\/em><\/h4>\n\n\n\n<p>Des villes sous l&#8217;emprise des Marques, l&rsquo;industrie automobile am\u00e9ricaine nous en a fourni plusieurs exemples (<a aria-label=\"D\u00e9troit\/Ford (s\u2019ouvre dans un nouvel onglet)\" href=\"http:\/\/www.usinenouvelle.com\/article\/villes-entreprises-detroit-royaume-de-l-americain-ford.N275546\" target=\"_blank\" rel=\"noreferrer noopener\">D\u00e9troit\/Ford<\/a>). Ce mouvement r\u00e9appara\u00eet sous le couvert de l&rsquo;innovation et de l&rsquo;interactivit\u00e9 \u00e0 un moment o\u00f9 l&rsquo;approche comportementale change. Il s&rsquo;inscrit dans un espace socio-\u00e9conomico-politique qui pr\u00f4ne la participation, l&rsquo;exp\u00e9rience, la pratique du partage des moyens de transports, des connaissances, du travail, des lieux.<br>En investissant les villes, les Marques permettent \u00e0 leurs employ\u00e9s de se loger dans un cadre de vie agr\u00e9able \u00e0 proximit\u00e9 de leurs entreprises. Ainsi s&rsquo;offrent-elles le moyen de les fid\u00e9liser. Elles placent la communaut\u00e9 au c\u0153ur de leurs visions strat\u00e9giques, quitte \u00e0 d\u00e9placer les bureaux de la mairie vers ceux de l&rsquo;entreprise. En cons\u00e9quence de quoi les relations des couples Marques-consommateurs, consommateurs-citoyens \u00e9voluent, elles \u00ab&nbsp;s&rsquo;exp\u00e9riencent&nbsp;\u00bb diff\u00e9remment. Les rapports changent, les Marques s&rsquo;\u00e9mancipent de la tutelle de la publicit\u00e9 et du marketing et s&rsquo;accolent aux consommateurs par le biais de la communaut\u00e9 citoyenne de l&rsquo;agglom\u00e9ration concern\u00e9e, ce qui leur garantit un retour sur investissement \u00e0 long terme.<br>Cependant, les craintes lors de l&rsquo;implantation d&rsquo;une multinationale dans un tissu industriel et urbain pauvre sont r\u00e9elles et l\u00e9gitimes, car elles rendent les villes d\u00e9pendantes et vuln\u00e9rables aux \u00e9v\u00e9nements et aux changements \u00e9conomiques. Avec leurs faibles moyens, les localit\u00e9s risquent de voir les entreprises internationales \u00e9tendre leurs juridictions de Marques \u00e0 ce qui pourrait \u00eatre consid\u00e9r\u00e9 comme des biens collectifs voire \u00e0 de nouveaux territoires. Mais, doit-on s&rsquo;inqui\u00e9ter de cette fusion de la ville avec la Marque commerciale sachant que c&rsquo;est une r\u00e9elle opportunit\u00e9 pour les villes de retrouver un nouveau souffle, de cr\u00e9er de nouvelles infrastructures qui profiteront aux g\u00e9n\u00e9rations futures et ainsi permettront-elles \u00e0 la ville de se projeter dans le futur ? Pourtant, des voix s&rsquo;\u00e9l\u00e8vent pour d\u00e9noncer de tels projets comme ceux d\u2019Apple (Californie), Microsoft (Seattle) ou bien encore de Google (Baie de San Francisco) qui apr\u00e8s avoir pratiqu\u00e9 l&rsquo;\u00e9vasion fiscale, tentent de r\u00e9soudre une crise du logement \u00e0 laquelle elles ont contribu\u00e9 avec l&rsquo;augmentation des prix qu&rsquo;elles provoquent.<\/p>\n\n\n\n<figure class=\"wp-block-table\"><table class=\"has-fixed-layout\"><tbody><tr><td>Ville<\/td><td>Date de construction<\/td><td>Marques<\/td><td>Fondateur<\/td><td>En 2025<\/td><\/tr><tr><td><a href=\"https:\/\/fr.wikipedia.org\/wiki\/Jamshedpur\" target=\"_blank\" rel=\"noreferrer noopener\">Jamshedpur<\/a><\/td><td>Premi\u00e8re moiti\u00e9 du XX<sup>e<\/sup> si\u00e8cle<\/td><td>Tata<\/td><td>Jamsetji Tata<\/td><td>Administration et gestion de la ville: Tata<\/td><\/tr><tr><td><a href=\"https:\/\/fr.wikipedia.org\/wiki\/Port_Sunlight\" target=\"_blank\" rel=\"noreferrer noopener\">Port Sunlight<\/a><\/td><td>1888<\/td><td>Sunlight<\/td><td>Lever Brothers<\/td><td>Propri\u00e9taire de la Marque: Unilever<\/td><\/tr><\/tbody><\/table><\/figure>\n\n\n\n<h4 class=\"wp-block-heading\">Le pouvoir des m\u00e9tropoles face \u00e0 celui de l&rsquo;\u00c9tat nation<\/h4>\n\n\n\n<p>Les grandes m\u00e9tropoles rivalisent avec le pouvoir politique central des \u00c9tats nation. Le passage par l&rsquo;\u00e9lection en tant que maire d&rsquo;une grande ville est un tremplin dans la vie politique des candidats. Les administrations et leurs d\u00e9l\u00e9gations sont pour parties organis\u00e9es \u00e0 l&rsquo;image des minist\u00e8res avec leurs administrations centrales et leurs directions. La principale diff\u00e9rence est la taille et les moyens. <\/p>\n\n\n\n<blockquote class=\"wp-block-quote is-layout-flow wp-block-quote-is-layout-flow\">\n<p><strong><em>\u00ab\u00a0Avec le d\u00e9veloppement des villes, les nations se transforment en soci\u00e9t\u00e9s multiculturelles.\u00a0\u00bb<\/em><\/strong><\/p>\n<\/blockquote>\n\n\n\n<p>Les politiques sociales des villes et celles de l&rsquo;\u00c9tat se renforcent en mati\u00e8re d&rsquo;\u00e9ducation, soins, logements&#8230; tandis qu&rsquo;elles rentrent en conflit sur des questions comme le r\u00e9chauffement climatique, la pollution, au point d&rsquo;investir dans des programmes pour limiter leurs nuisances.&nbsp; \u00c0 cet \u00e9gard, les politiques des villes et des \u00c9tats sont ambivalentes, elles favorisent l&rsquo;industrie, le tourisme, le commerce, la consommation tout en voulant r\u00e9duire la pollution et l&rsquo;exploitation des ressources en mati\u00e8res premi\u00e8res.<\/p>\n\n\n\n<h4 class=\"wp-block-heading\">La commune, le lieu de partage d&rsquo;un projet commun<\/h4>\n\n\n\n<p>Repartir depuis la commune pour reconstruire la politique c&rsquo;est le projet qui r\u00e9unit les citoyens dans des listes participatives afin que la politique se fasse par le territoire. Le projet redonne vie \u00e0 la politique, au partage des responsabilit\u00e9s. Il repense la place des \u00e9lus dans les d\u00e9cisions. Certes les budgets des communes et l&rsquo;articulation entre le locale et le globale sont des questions difficiles \u00e0 r\u00e9soudre mais l&rsquo;int\u00e9r\u00eat qu&rsquo;il suscite aupr\u00e8s des citoyens est r\u00e9el.<br><a rel=\"noreferrer noopener\" href=\"https:\/\/www.frequencecommune.fr\/\" target=\"_blank\">frequencecommune.fr<\/a><\/p>\n\n\n\n<p>*Pr\u00e9c\u00e9dent slogan de Paris-Match : <em>\u00ab&nbsp;Le poids des mots, le choc des photos&nbsp;\u00bb<\/em>.<\/p>\n\n\n\n<p><strong>Mise \u00e0 jour<\/strong> : 16 mars 2026<\/p>\n\n\n\n<p><strong>Date de publication initiale<\/strong> : 24 juin 2014<\/p>\n\n\n\n<p><\/p>\n","protected":false},"excerpt":{"rendered":"<p>\u201cThe 19th century was a century of empires, the 20th century was a century of nation states. The 21st century will be a century of cities.\u201d Wellington E. Webb, Former Mayor of Denver Ville est issue du mot latin villa qui d\u00e9nommait une exploitation agricole. Il a pr\u00e9valu aux d\u00e9pens du nom urbs (ville) qui [&hellip;]<\/p>\n","protected":false},"author":1,"featured_media":0,"parent":0,"menu_order":0,"comment_status":"closed","ping_status":"closed","template":"","meta":{"footnotes":""},"class_list":["post-232","page","type-page","status-publish","hentry"],"_links":{"self":[{"href":"https:\/\/la-marque.org\/index.php\/wp-json\/wp\/v2\/pages\/232","targetHints":{"allow":["GET"]}}],"collection":[{"href":"https:\/\/la-marque.org\/index.php\/wp-json\/wp\/v2\/pages"}],"about":[{"href":"https:\/\/la-marque.org\/index.php\/wp-json\/wp\/v2\/types\/page"}],"author":[{"embeddable":true,"href":"https:\/\/la-marque.org\/index.php\/wp-json\/wp\/v2\/users\/1"}],"replies":[{"embeddable":true,"href":"https:\/\/la-marque.org\/index.php\/wp-json\/wp\/v2\/comments?post=232"}],"version-history":[{"count":64,"href":"https:\/\/la-marque.org\/index.php\/wp-json\/wp\/v2\/pages\/232\/revisions"}],"predecessor-version":[{"id":3616,"href":"https:\/\/la-marque.org\/index.php\/wp-json\/wp\/v2\/pages\/232\/revisions\/3616"}],"wp:attachment":[{"href":"https:\/\/la-marque.org\/index.php\/wp-json\/wp\/v2\/media?parent=232"}],"curies":[{"name":"wp","href":"https:\/\/api.w.org\/{rel}","templated":true}]}}