{"id":218,"date":"2020-01-23T11:25:29","date_gmt":"2020-01-23T11:25:29","guid":{"rendered":"https:\/\/la-marque.org\/?page_id=218"},"modified":"2024-05-15T17:58:03","modified_gmt":"2024-05-15T17:58:03","slug":"la-marque-et-les-cinq-sens","status":"publish","type":"page","link":"https:\/\/la-marque.org\/index.php\/la-marque-et-les-cinq-sens\/","title":{"rendered":"La Marque et les cinq sens"},"content":{"rendered":"\n<p class=\"has-drop-cap\">L&rsquo;universalit\u00e9 des \u00e2ges et des g\u00e9n\u00e9rations de consommateurs parlent le langage des sens bien qu&rsquo;ils ne parlent pas la m\u00eame langue.<br>Les exp\u00e9riences sensorielles r\u00e9veillent les \u00e9motions, elles ravivent les souvenirs. Les impressions qu&rsquo;elles provoquent, qu&rsquo;elles soient visuelles, auditives, tactiles, gustatives ou olfactives rel\u00e8vent-elles de donn\u00e9es naturelles ou doivent-elles \u00eatre consid\u00e9r\u00e9es comme des r\u00e9alit\u00e9s modifi\u00e9es&nbsp;? La sensibilit\u00e9 humaine est-elle simplement passive et r\u00e9ceptive ou est-elle alt\u00e9r\u00e9e par notre culture&nbsp;? Si c&rsquo;est le cas, ne faudrait-il pas mieux interroger notre compr\u00e9hension du monde que faire confiance essentiellement \u00e0 nos organes sensoriels&nbsp;? En d&rsquo;autres termes voyons-nous par nous-m\u00eames ou avec les yeux de la culture&nbsp;? Cette culture est-elle mise en forme par les Marques ? Les Marques modifient-elles notre exp\u00e9rience humaine et notre exp\u00e9rience du monde&nbsp;? Leurs donnent-t-elles du sens ?<br><\/p>\n\n\n\n<h4 class=\"wp-block-heading\">Le chemin des sens<\/h4>\n\n\n\n<p>En cr\u00e9ant un champ sensoriel autour du consommateur, les Marques fa\u00e7onnent les comportements des consommateurs. Il aide \u00e0 d\u00e9crypter les valeurs de notre soci\u00e9t\u00e9 et les courants de consommation qui en d\u00e9coulent. Ce champ sensoriel constitu\u00e9 d&rsquo;odeurs, de saveurs, de toucher, de stimulations visuelles et sonores donne forme aux \u00e9changes. V\u00e9ritable <a aria-label=\"ontogen\u00e8se (s\u2019ouvre dans un nouvel onglet)\" href=\"https:\/\/fr.wikipedia.org\/wiki\/Ontogen%C3%A8se\" target=\"_blank\" rel=\"noreferrer noopener\">ontogen\u00e8se<\/a> de l&rsquo;impr\u00e9gnation culturelle des Marques cet espace sensoriel permet un \u00e9change affectif qui sensibilise \u00e0 la reconnaissance des signes \u00e9mis par les Marques.<br>Toutes ces informations recueillies par nos sens, v\u00e9ritable patchwork impressionniste induisent des pulsions, des affects et d\u00e9clenchent des r\u00e9actions instinctives. <\/p>\n\n\n\n<blockquote class=\"wp-block-quote is-layout-flow wp-block-quote-is-layout-flow\">\n<p><strong><em>\u00ab\u00a0Les sens nourrissent les passions, l\u2019immense tissu des soci\u00e9t\u00e9s.\u00a0\u00bb <\/em><\/strong><\/p>\n<cite>Alain<\/cite><\/blockquote>\n\n\n\n<p>Puis, saisit par le cerveau qui les interpr\u00e8te nous basculons sur le versant de l&rsquo;intellect, l\u00e0, o\u00f9 l\u2019image que nous nous faisons du monde s&rsquo;\u00e9labore. Ainsi, toutes nos perceptions et sensations concourent \u00e0 faire de nous un soi.<br>Les sens sont des liens pour les animaux entre eux, pour les mammif\u00e8res avec leur environnement, pour les consommateurs avec leurs Marques. Les sens nous permettent de d\u00e9finir les qualit\u00e9s des choses et des objets, \u00e0 les diff\u00e9rencier entre eux. Ils nous aident \u00e0 nous en construire une repr\u00e9sentation mentale.<br>La culture des sens se construit sur des bases biologiques et des contraintes avec lesquelles il faut composer. <br>Les sens informent l&rsquo;intelligence et nourrissent les passions ainsi partage-t-on les sensations diff\u00e9remment que des savoirs. On conserve des connaissances, mais difficilement des intuitions, des affects, qui sont passagers et \u00e9ph\u00e9m\u00e8res. Aussi communique-t-on diff\u00e9remment les savoirs  des intuitions.<br>Rechercher pourquoi dans notre environnement, certaines formes sont plus porteuses de couleurs, de sons, d\u2019odeurs et de go\u00fbt, c\u2019est rechercher les lois naturelles et culturelles qui peuvent nous inhiber ou nous stimuler. Les arch\u00e9types seraient donc des sch\u00e9mas pr\u00e9c\u00e2bl\u00e9s dont le cerveau humain est porteur qui rendent op\u00e9rationnels les modes de r\u00e9p\u00e9tition&nbsp;: refrain, structure strophique\u2026<\/p>\n\n\n\n<h4 class=\"wp-block-heading\">Mesurer ce qui influence la perception pour mieux objectiver la communication sensorielle<\/h4>\n\n\n\n<p>Les sens et les conventions guident le consommateur, le dirigent dans son interpr\u00e9tation et sa compr\u00e9hension lui laissant une libert\u00e9 relative pour vagabonder dans l\u2019espace circonscrit par les Marques. Les impressions olfactives, sonores, gustatives, tactiles, visuelles, auxquelles sont soumis les consommateurs construisent l\u2019identit\u00e9 des marques, voire leur esth\u00e9tique. Elles renseignent sur l\u2019\u00e9metteur et son univers qu\u2019il nous propose de partager.<br>Comprendre et \u00e9valuer l&rsquo;impact des dispositifs sensoriels (visuels, sons, toucher, go\u00fbt, odeurs) des Marques sur les consommateurs, puis comparer ces r\u00e9sultats entre les Marques sont l&rsquo;un des objectifs du marketing qui enqu\u00eate aupr\u00e8s des consommateurs pour conna\u00eetre leur capacit\u00e9 \u00e0 relier un son, une odeur, un go\u00fbt&#8230; \u00e0 une Marque. Cette d\u00e9marche conduit \u00e0 \u00e9laborer des indicateurs pour mesurer l&rsquo;efficacit\u00e9 de la communication et du marketing sensoriel des Marques. Cependant, mesurer les \u00e9motions n\u00e9cessite de ma\u00eetriser le contexte. Aussi est-il l\u00e9gitime de nous demander si l\u2019\u00e9tude des perceptions sensorielles est une science exacte, s&rsquo;il existe une possibilit\u00e9 de mod\u00e9lisation et si elle peut conduire \u00e0 l\u2019\u00e9laboration de profils sensoriels (psychologie alli\u00e9e aux neurosciences).<\/p>\n\n\n\n<h4 class=\"wp-block-heading\">Propri\u00e9t\u00e9s communes aux cinq sens<\/h4>\n\n\n\n<p>\u2013 La variabilit\u00e9 : il est difficile d\u2019identifier et de quantifier les sensations<br>\u2013 Les formes de communication des affects se modifient dans le temps, elles conjuguent l\u2019intention avec l\u2019intuition<br>\u2013 Les signes qui les composent sont p\u00e9rennes ou conjoncturels<br>\u2013 Que ce soit les odeurs, les formes, les couleurs, les sons, les saveurs, ils ont en commun la capacit\u00e9 de renseigner. Ils sont particuli\u00e8rement utiles pour palier les manques, voire remplacer l&rsquo;un des cinq sens partiellement ou compl\u00e8tement inutilisable (exemple : c\u00e9cit\u00e9)<br>\u2013 La privation sensorielle conduit \u00e0 une destruction m\u00e9thodique de l&rsquo;individu<br>\u2013 Les odeurs, les formes, les couleurs, les sons, les saveurs sont les actifs d&rsquo;un capital immat\u00e9riel que d\u00e9tiennent les Marques.<\/p>\n\n\n\n<h4 class=\"wp-block-heading\">Donner une identit\u00e9 sonore \u00e0 sa Marque<\/h4>\n\n\n\n<p>\u00c9couter, ce n&rsquo;est pas simplement \u00e9couter, c&rsquo;est \u00e9couter comme ceci ou cela, selon des r\u00e9miniscences, des <a href=\"https:\/\/www.cnrtl.fr\/definition\/sch%C3%A8me\" target=\"_blank\" rel=\"noreferrer noopener\">sch\u00e8mes <\/a>de compr\u00e9hension, d&rsquo;interpr\u00e9tation. Les Marques avec leur univers sonore inscrivent des formes sensibles dans un univers pratique. <br>L&rsquo;\u00e9ducation aux sons est universelle (le c\u0153ur qui bat, le bruit du vent&#8230;). Le son, lui se caract\u00e9rise par une amplitude et une fr\u00e9quence vibratoire. Immat\u00e9riel, il s&rsquo;invite, se r\u00e9pand, se diffuse, s&rsquo;impose voir s&rsquo;incruste, il occupe l\u2019espace et ne conna\u00eet pas d\u2019obstacle tandis que le bruit assi\u00e8ge et l\u2019\u00e9coute nous enferme. Il est d&rsquo;autant plus efficace que nos barri\u00e8res sont poreuses et laissent s&rsquo;infiltrer l&rsquo;ind\u00e9sirable.<br>Le son des Marques transmet des messages et des \u00e9motions. Il se compose essentiellement de musiques, de voix et de \u00ab\u00a0logos sonores\u00a0\u00bb. On l&rsquo;associe \u00e0 des images et du texte. Le bruit de fond qu&rsquo;il nourrit sous la forme d&rsquo;une bande-son rassurante ou d&rsquo;une ambiance sonore \u00e9ph\u00e9m\u00e8re assure le maintien de la relation social.<br>La mani\u00e8re dont les sons sont d\u00e9finis et choisis pour un univers sp\u00e9cifique mat\u00e9rialise et cimente la relation entre le consommateur et la Marque mais aussi mod\u00e8le les rapports humains.<br>Pour transformer le son en signe, il faut l\u2019int\u00e9grer dans une pens\u00e9e symbolique. La formalisation \u00e9crite des sons, sa traduction par des signes mat\u00e9rialise une pr\u00e9sence \u00e9vanescente. Cette transcription d\u00e9finit son identit\u00e9, la prot\u00e8ge (spectrogramme, relev\u00e9 graphique du son), facilite sa reproduction et son commerce.<br>Les principaux indicateurs de l&rsquo;identit\u00e9 sonore \u00e9valuent la capacit\u00e9 d&rsquo;attribuer le son \u00e0 une Marque, l&rsquo;adh\u00e9sion \u00e0 ce son, la saturation sonore coupl\u00e9e \u00e0 l&rsquo;intensit\u00e9 du message sonore, la coh\u00e9rence du logo sonore avec le logo visuel. Pour mieux \u00e9valuer ces indicateurs, on isole et s\u00e9pare le son d&rsquo;autres m\u00e9dias comme la vid\u00e9o et le texte puis on le soumet aux publics des Marques concern\u00e9es.<\/p>\n\n\n\n<blockquote class=\"wp-block-quote is-layout-flow wp-block-quote-is-layout-flow\">\n<p><em><strong>\u00ab\u00a0L&#8217;empreinte sonore c&rsquo;est ce avec quoi les consommateurs repartent&#8230; Ils repartent avec ce que les Marques sont.\u00a0\u00bb<\/strong><\/em><\/p>\n<\/blockquote>\n\n\n\n<p>Composer la signature musicale de la Marque voire son hymne avec des notes reconnues par les consommateurs comporte le risque d&rsquo;avoir pour r\u00e9sultat que l&rsquo;on ne retienne que la m\u00e9lodie et que l&rsquo;on ne pr\u00eate que peu d&rsquo;attention au lien avec la Marque. A l&rsquo;oppos\u00e9, cr\u00e9er son propre vocabulaire musical comme c&rsquo;est le cas pour l&rsquo;identit\u00e9 visuelle, augmente la coh\u00e9rence, la singularit\u00e9 et la synergie du dispositif identitaire de la Marque.<br>Si la torture par privation sonore d\u00e9truit l&rsquo;individu, le harc\u00e8lement sonore, lui, prive de tout repos quant aux r\u00e9pulsifs les plus couramment rencontr\u00e9s ils blessent l&rsquo;oreille<sup>3<\/sup>. Dans le cas du maintien de l&rsquo;ordre ces mat\u00e9riels ont pour objectif de faire fuir et d\u00e9sorienter (LRAD, Long Range Acoustic Device).<\/p>\n\n\n\n<h4 class=\"wp-block-heading\">La vue, l\u2019\u0153il, la lumi\u00e8re\u2026 les couleurs<\/h4>\n\n\n\n<p>Les couleurs t\u00e9moignent de notre sensibilit\u00e9 aux radiations (lumi\u00e8re).<br><em>\u00ab&nbsp;On affiche fi\u00e8rement son soutien aux d\u00e9fenseurs de la nature (vert), \u00e0 J\u00e9sus (blanc), aux homosexuels (roses), \u00e0 la recherche contre le diab\u00e8te (gris).\u00bb<\/em><br>Les couleurs pastel, quant \u00e0 elles, r\u00e9f\u00e8rent \u00e0 l&rsquo;enfance, la douceur, la sensibilit\u00e9, la nostalgie. Le jaune, lui, suscite l&rsquo;optimisme, le dynamisme, la gait\u00e9.<br>Le pouvoir donn\u00e9 aux mots nous fait consid\u00e9rer le rose comme couleur \u00e0 part enti\u00e8re alors qu&rsquo;il est obtenu \u00e0 partir du magenta ou de toute autre rouge d\u00e9grad\u00e9, tandis que le bleu clair nous semble une simple variation du bleu primaire.<br>L\u2019enregistrement d\u2019une couleur ou d\u2019une combinaison de couleurs est de plus en plus admis et l\u2019\u00e9tendue de la protection d\u2019une telle Marque est envisag\u00e9e de fa\u00e7on moins restrictive.<\/p>\n\n\n\n<h4 class=\"wp-block-heading\">Le toucher, le tactile<\/h4>\n\n\n\n<p>R\u00e9pondent aux actions m\u00e9caniques avec le contact et aux actions thermiques par la sensation de chaud ou de froid.<\/p>\n\n\n\n<h4 class=\"wp-block-heading\">L\u2019odorat, le nez, les odeurs<\/h4>\n\n\n\n<p>Les sensations olfactives pr\u00e9sentifient l&rsquo;absent(e) avec l&rsquo;\u00e9motion qui lui \u00e9tait associ\u00e9e. Avec le parfum s&rsquo;ouvre un univers \u00e9motionnel, souvent inconscient dont les sniff-tests ont pour objectifs de d\u00e9tecter les pistes olfactives les plus prometteuses, celles qui provoquent une r\u00e9action imm\u00e9diate et spontan\u00e9e, verbalis\u00e9e ou non. Ils offrent par la m\u00eame occasion la possibilit\u00e9 d\u2019\u00e9carter les moins engageantes de ces pistes.<br>Si les Marques cr\u00e9ent des fragrances, elles peuvent aussi dissiper les odeurs, ou modifier des ar\u00f4mes.<br>Le d\u00e9p\u00f4t d\u2019une odeur \u00e0 titre de Marque s\u2019av\u00e8re d\u00e9licat. Les difficult\u00e9s rencontr\u00e9es lors de l\u2019examen d\u2019un signe olfactif par les autorit\u00e9s comp\u00e9tentes tiennent moins \u00e0 la nature de ce signe qu\u2019\u00e0 la n\u00e9cessit\u00e9 de le d\u00e9finir et d\u2019en donner une repr\u00e9sentation graphique qui permette aux tiers d\u2019identifier sans doute possible le signe pour lequel la protection est recherch\u00e9e. La formule chimique, ou le d\u00e9p\u00f4t d\u2019un \u00e9chantillon ne suffisant pas.<br>Parmi les technologies utilis\u00e9es, citons les diffuseurs qui se font de plus en plus discrets. Et si le c\u0153ur vous en dit et que votre budget le permet pourquoi ne pas offrir \u00e0 votre Marque sa propre fragrance.<\/p>\n\n\n\n<h4 class=\"wp-block-heading\">Le go\u00fbt, la langue, les saveurs gustatives<\/h4>\n\n\n\n<p>Les satisfactions olfactives et gustatives \u00e9voluent et se modifient tout au long de notre cycle, de la naissance \u00e0 la mort et au fil des si\u00e8cles.<\/p>\n\n\n\n<h4 class=\"wp-block-heading\">Les interactions entre les sens, une relation synesth\u00e9sique<sup>1<\/sup><\/h4>\n\n\n\n<p>Il est difficile d\u2019\u00e9valuer le r\u00f4le de la multisensorialit\u00e9 dans le jugement, car les sens s\u2019influencent ou rentrent en conflits les uns envers les autres. Cependant, on peut dire qu&rsquo;un produit qui aura su faire la preuve de ses correspondances intersensorielles saura s&rsquo;imposer plus facilement sur le march\u00e9. Une batterie de tests rapides \u00e0 r\u00e9aliser sont \u00e0 disposition en ligne<sup>2<\/sup>. Cette pratique deviendra&nbsp;sans doute une norme pour un secteur qui exige des preuves concernant l&rsquo;efficacit\u00e9 des propositions.<br>Ci-apr\u00e8s quelques questions qui viennent \u00e0 l&rsquo;esprit lorsque l&rsquo;on \u00e9voque ce sujet :<br>\u2013 Que peut l\u2019oreille sur les yeux, le son sur la vue, l\u2019\u00e9coute sur le regard&nbsp;?<br>\u2013 Un sens peut-il impliquer un autre sens, une couleur peut-elle sugg\u00e9rer une sensation gustative ?<br>&#8230; sachant, pour reprendre l&rsquo;ouvrage de Michel Serres &#8211; Les cinq sens, que \u00ab&nbsp;La langue qui parle tue dans la bouche la langue qui go\u00fbte \u00bb. Gardons aussi en m\u00e9moire que les associations divergent selon les continents.<\/p>\n\n\n\n<h4 class=\"wp-block-heading\">Go\u00fbter \u00e0 l&rsquo;intensit\u00e9 avec les Marques<\/h4>\n\n\n\n<p>Dans une soci\u00e9t\u00e9 s\u00e9cularis\u00e9e qui ne promet plus la r\u00e9surrection des corps, l&rsquo;intensit\u00e9, devient un point d&rsquo;orgue mais aussi le point de contact de la raison avec la transcendance, du rationnel avec l&rsquo;irrationnel. L&rsquo;intensit\u00e9 c&rsquo;est plus de&#8230; qui n&rsquo;est rien moins que plus de la m\u00eame chose. Elle \u00e9value ce qui n&rsquo;est pas quantifiable. Confront\u00e9e \u00e0 la r\u00e9alit\u00e9 elle d\u00e9multiplie nos sensations et remplace la substance. En rempla\u00e7ant les contraintes par des incitations quantitatives ou qualitatives l&rsquo;intensit\u00e9 nous lib\u00e8re de l&rsquo;<a href=\"https:\/\/fr.wikipedia.org\/wiki\/H%C3%A9t%C3%A9ronomie\" target=\"_blank\" rel=\"noreferrer noopener\" aria-label=\"h\u00e9t\u00e9ronomie (s\u2019ouvre dans un nouvel onglet)\">h\u00e9t\u00e9ronomie<\/a>. Ces intensit\u00e9s qu&rsquo;elles soient psychologiques, physiologiques s&rsquo;expriment sous la forme de variation, d&rsquo;augmentation, d&rsquo;acc\u00e9l\u00e9ration, de progression. Associ\u00e9e au flux, au d\u00e9bit, au rythme l&rsquo;intensit\u00e9 oscille et se module. Elle accentue les go\u00fbts, les sentiments, les affects, les sensations, les perceptions et la libido. Elle promeut l&rsquo;\u00e9nergie juv\u00e9nile du statut d&rsquo;\u00e2ge de la vie au mode d&rsquo;\u00eatre et d&rsquo;existence. Ainsi, en vivant passionn\u00e9ment, mais aussi en d\u00e9sirant puis en aimant poss\u00e9der, nous oublions nos craintes, nos peines, pour enfin nous r\u00e9jouir de notre joie et atteindre dans l&rsquo;\u00e9chelle de nos passions un \u00e9tat auquel nous n&rsquo;\u00e9tions jamais parvenus auparavant. Avec elle nous nous engageons jusqu&rsquo;\u00e0 l&rsquo;\u00e9puisement. Malheureusement l&rsquo;affirmation de l&rsquo;intensit\u00e9 produit sa propre n\u00e9gation car le plus de ne va pas sans une perte de qualit\u00e9&#8230; des sens. Entre la nuance et l&rsquo;intensit\u00e9 il faut choisir car l&rsquo;intensit\u00e9 alt\u00e8re la nuance, la finesse ou la subtilit\u00e9 du go\u00fbt. Pour ceux qui ne s&rsquo;en consoleraient pas il existe des strat\u00e9gies pour refroidir l&rsquo;intensit\u00e9 comme la lenteur, la passivit\u00e9.<br>L&rsquo;intensit\u00e9 est un terme qui sous-tend les discours. Il est assez souple pour \u00eatre utilis\u00e9 \u00e0 la fois pour promouvoir comme pour s&rsquo;opposer, c&rsquo;est un langage utilis\u00e9 par les partisans comme par ses ennemis que l&rsquo;on pense ici aux discours promotionnels des Marques comme \u00e0 leurs opposants id\u00e9ologiques.<\/p>\n\n\n\n<h4 class=\"wp-block-heading\">Objectifs de la communication sensorielle<\/h4>\n\n\n\n<p>\u2013 Couvrir tous les points de contact sensoriel afin d\u2019\u00eatre m\u00e9moris\u00e9 \u00e9motionnellement<br>\u2013 Attirer l&rsquo;attention de la client\u00e8le, la rendre pr\u00e9sente \u00e0 l&rsquo;esprit, faire \u00e9merger la Marque ou, pour le dire autrement, rendre plus clair ce pour quoi la Marque doit-\u00eatre aim\u00e9e<br>\u2013 D\u00e9velopper ou modifier la perception du consommateur vis-\u00e0-vis de la Marque afin qu&rsquo;il la comprenne, l&rsquo;aime et la pr\u00e9f\u00e8re<br>\u2013 Infl\u00e9chir le comportement du consommateur<br>\u2013 S\u00e9duire pour provoquer un engagement \u00e9motionnel<br>\u2013 Fid\u00e9liser une relation avec les sens<br>\u2013 Se rapprocher de la client\u00e8le, l&rsquo;attirer, la retenir, l&rsquo;orienter<br>\u2013 Am\u00e9liorer les facteurs d&rsquo;ambiance<br>\u2013 Adapter les perceptions sensorielles des produits au positionnement de la Marque<br>\u2013 Faire de la communication sensorielle un outil de diff\u00e9renciation<br>\u2013 Construire une nouvelle r\u00e9alit\u00e9 pour de nouveaux besoins<br>\u2013 Raconter une histoire<br>\u2013 Participer \u00e0 la construction de la notori\u00e9t\u00e9 de la Marque<br>\u2013 Dans un un monde concurrentiel donner \u00e0 la Marque plus de lisibilit\u00e9<br>\u2013 Participer \u00e0 la construction de l&rsquo;identit\u00e9 de la Marque (identit\u00e9 visuelle, tactile, sonore, olfactive, gustative) et \u00e0 sa posture de mani\u00e8re qu&rsquo;une synergie puisse s&rsquo;\u00e9tablir.<\/p>\n\n\n\n<p>Expos\u00e9 au r\u00e9el et \u00e0 l&rsquo;imaginaire, le consommateur repr\u00e9sente un potentiel de promesses qui n&rsquo;appartiennent qu&rsquo;aux Marques de d\u00e9velopper en lui proposant leur univers sensoriel et s\u00e9mantique.<\/p>\n\n\n\n<p><em>1\/ <a rel=\"noreferrer noopener\" href=\"https:\/\/www.psy.ox.ac.uk\/research\/crossmodal-research-laboratory\" target=\"_blank\">Crossmodal Research Laboratory<\/a><\/em><br><em>3\/ Juliette Volcler, magazine de la BPI (avril-septembre 2018) \u00ab&nbsp;Dans la zone grise des armes acoustiques&nbsp;\u00bb<\/em><\/p>\n\n\n\n<p><strong>Mise \u00e0 jour<\/strong> : 25 avril 2024<\/p>\n\n\n\n<p><strong>Date de publication initiale<\/strong> : avril 2008<\/p>\n","protected":false},"excerpt":{"rendered":"<p>L&rsquo;universalit\u00e9 des \u00e2ges et des g\u00e9n\u00e9rations de consommateurs parlent le langage des sens bien qu&rsquo;ils ne parlent pas la m\u00eame langue.Les exp\u00e9riences sensorielles r\u00e9veillent les \u00e9motions, elles ravivent les souvenirs. Les impressions qu&rsquo;elles provoquent, qu&rsquo;elles soient visuelles, auditives, tactiles, gustatives ou olfactives rel\u00e8vent-elles de donn\u00e9es naturelles ou doivent-elles \u00eatre consid\u00e9r\u00e9es comme des r\u00e9alit\u00e9s modifi\u00e9es&nbsp;? La [&hellip;]<\/p>\n","protected":false},"author":1,"featured_media":0,"parent":0,"menu_order":0,"comment_status":"closed","ping_status":"closed","template":"","meta":{"footnotes":""},"class_list":["post-218","page","type-page","status-publish","hentry"],"_links":{"self":[{"href":"https:\/\/la-marque.org\/index.php\/wp-json\/wp\/v2\/pages\/218","targetHints":{"allow":["GET"]}}],"collection":[{"href":"https:\/\/la-marque.org\/index.php\/wp-json\/wp\/v2\/pages"}],"about":[{"href":"https:\/\/la-marque.org\/index.php\/wp-json\/wp\/v2\/types\/page"}],"author":[{"embeddable":true,"href":"https:\/\/la-marque.org\/index.php\/wp-json\/wp\/v2\/users\/1"}],"replies":[{"embeddable":true,"href":"https:\/\/la-marque.org\/index.php\/wp-json\/wp\/v2\/comments?post=218"}],"version-history":[{"count":22,"href":"https:\/\/la-marque.org\/index.php\/wp-json\/wp\/v2\/pages\/218\/revisions"}],"predecessor-version":[{"id":2728,"href":"https:\/\/la-marque.org\/index.php\/wp-json\/wp\/v2\/pages\/218\/revisions\/2728"}],"wp:attachment":[{"href":"https:\/\/la-marque.org\/index.php\/wp-json\/wp\/v2\/media?parent=218"}],"curies":[{"name":"wp","href":"https:\/\/api.w.org\/{rel}","templated":true}]}}