{"id":204,"date":"2020-01-20T13:45:23","date_gmt":"2020-01-20T13:45:23","guid":{"rendered":"https:\/\/la-marque.org\/?page_id=204"},"modified":"2026-03-11T09:40:38","modified_gmt":"2026-03-11T09:40:38","slug":"marques-contre-marques","status":"publish","type":"page","link":"https:\/\/la-marque.org\/index.php\/marques-contre-marques\/","title":{"rendered":"Marques contre Marques"},"content":{"rendered":"\n<figure class=\"wp-block-table\"><table><tbody><tr><td><strong>Marque nation contre Marque commerciale<\/strong><\/td><\/tr><tr><td>2026 Le Gouvernement des USA a d\u00e9clar\u00e9 Anthropic \u00ab\u00a0a supply chain risk\u00a0\u00bb suite au diff\u00e9rend qui les oppose sur la mani\u00e8re d&rsquo;utiliser ses syst\u00e8mes d&rsquo;IA par les militaires.<\/td><\/tr><tr><td><\/td><\/tr><tr><td><strong>Ville contre Marque nation<\/strong><\/td><\/tr><tr><td>2025-2026 Les grandes villes am\u00e9ricaines contestent la l\u00e9gitimit\u00e9 du gouvernement f\u00e9d\u00e9ral \u00e0 intervenir par la force ICE pour arr\u00eater les immigrants.<\/td><\/tr><tr><td><\/td><\/tr><tr><td><strong>Marque commerciale contre Marque nation<\/strong><\/td><\/tr><tr><td>En ao\u00fbt 2024, le juge Alexandre de Moraes, du Tribunal f\u00e9d\u00e9ral supr\u00eame br\u00e9silien, a ordonn\u00e9 la suspension du r\u00e9seau social X (anciennement Twitter au Br\u00e9sil), accusant la plateforme d&rsquo;avoir ignor\u00e9 des d\u00e9cisions judiciaires li\u00e9es \u00e0 la lutte contre la d\u00e9sinformation.<\/td><\/tr><tr><td><\/td><\/tr><tr><td><strong>Marques religieuses contre Marques politiques<\/strong><\/td><\/tr><tr><td>L&rsquo;islam, per\u00e7u comme la religion des pauvres se substitue \u00e0 la classe ouvri\u00e8re la\u00efque du parti communiste du milieu du XX<sup>e<\/sup> si\u00e8cle.<\/td><\/tr><tr><td><br><\/td><\/tr><tr><td><strong>Marques religieuses contre Marques nation<\/strong><\/td><\/tr><tr><td>Les Marques religieuses et les Marques nation ont tendance \u00e0 confondre leur identit\u00e9. L&rsquo;enjeu \u00e9tant de savoir laquelle des deux sera soluble dans l&rsquo;autre.<\/td><\/tr><tr><td><\/td><\/tr><tr><td><strong>Marques nation contre villes<\/strong><\/td><\/tr><tr><td>La politique de l\u2019\u00c9tat favorise par des pr\u00eats et des subventions l&rsquo;achat de v\u00e9hicules alors que les villes limitent leur acc\u00e8s aux automobiles.<\/td><\/tr><tr><td><br><\/td><\/tr><tr><td><strong>Marques nation contre Marques commerciales<\/strong><\/td><\/tr><tr><td>La politique de sant\u00e9 publique des \u00c9tats concernant le sucre et le tabac face aux lobbies du sucre et du tabac.<\/td><\/tr><tr><td><br><\/td><\/tr><tr><td><strong>Marques commerciales contre Marques commerciales<\/strong><\/td><\/tr><tr><td>Mod\u00e8les \u00e9conomiques des Marques commerciales bas\u00e9s sur le payant avec l&rsquo;abonnement (Netflix, Spotify&#8230;) face \u00e0 celui du gratuit bas\u00e9 sur les donn\u00e9es et la publicit\u00e9 (Google, Facebook\u2026)<\/td><\/tr><tr><td>Le design et l&rsquo;ergonomie d&rsquo;Apple contre la technologie de Google.<\/td><\/tr><\/tbody><\/table><\/figure>\n\n\n\n<p><strong>Date de mise \u00e0 jour <\/strong>: 11 mars 2026<\/p>\n\n\n\n<p><\/p>\n","protected":false},"excerpt":{"rendered":"<p>Marque nation contre Marque commerciale 2026 Le Gouvernement des USA a d\u00e9clar\u00e9 Anthropic \u00ab\u00a0a supply chain risk\u00a0\u00bb suite au diff\u00e9rend qui les oppose sur la mani\u00e8re d&rsquo;utiliser ses syst\u00e8mes d&rsquo;IA par les militaires. Ville contre Marque nation 2025-2026 Les grandes villes am\u00e9ricaines contestent la l\u00e9gitimit\u00e9 du gouvernement f\u00e9d\u00e9ral \u00e0 intervenir par la force ICE pour [&hellip;]<\/p>\n","protected":false},"author":1,"featured_media":0,"parent":0,"menu_order":0,"comment_status":"closed","ping_status":"closed","template":"","meta":{"footnotes":""},"class_list":["post-204","page","type-page","status-publish","hentry"],"_links":{"self":[{"href":"https:\/\/la-marque.org\/index.php\/wp-json\/wp\/v2\/pages\/204","targetHints":{"allow":["GET"]}}],"collection":[{"href":"https:\/\/la-marque.org\/index.php\/wp-json\/wp\/v2\/pages"}],"about":[{"href":"https:\/\/la-marque.org\/index.php\/wp-json\/wp\/v2\/types\/page"}],"author":[{"embeddable":true,"href":"https:\/\/la-marque.org\/index.php\/wp-json\/wp\/v2\/users\/1"}],"replies":[{"embeddable":true,"href":"https:\/\/la-marque.org\/index.php\/wp-json\/wp\/v2\/comments?post=204"}],"version-history":[{"count":9,"href":"https:\/\/la-marque.org\/index.php\/wp-json\/wp\/v2\/pages\/204\/revisions"}],"predecessor-version":[{"id":3608,"href":"https:\/\/la-marque.org\/index.php\/wp-json\/wp\/v2\/pages\/204\/revisions\/3608"}],"wp:attachment":[{"href":"https:\/\/la-marque.org\/index.php\/wp-json\/wp\/v2\/media?parent=204"}],"curies":[{"name":"wp","href":"https:\/\/api.w.org\/{rel}","templated":true}]}}