{"id":2003,"date":"2022-07-01T16:22:34","date_gmt":"2022-07-01T16:22:34","guid":{"rendered":"https:\/\/la-marque.org\/?page_id=2003"},"modified":"2026-03-22T15:59:17","modified_gmt":"2026-03-22T15:59:17","slug":"newsletter","status":"publish","type":"page","link":"https:\/\/la-marque.org\/index.php\/newsletter\/","title":{"rendered":"S\u00e9lection de Newsletters"},"content":{"rendered":"\n<p><strong><a href=\"https:\/\/www.caixinglobal.com\/newsletter\/\" target=\"_blank\" rel=\"noreferrer noopener\">Caixing<\/a><\/strong> &#8211; Chine<\/p>\n\n\n\n<p><strong><a href=\"https:\/\/www.ifrap.org\/\" target=\"_blank\" rel=\"noreferrer noopener\">Fondation iFRAP<\/a><\/strong> &#8211; Recherche sur les politiques publiques<\/p>\n\n\n\n<p><strong><a href=\"https:\/\/www.ifri.org\/\" target=\"_blank\" rel=\"noreferrer noopener\">IFRI<\/a> <\/strong>&#8211; Institut fran\u00e7ais des relations internationales<\/p>\n\n\n\n<p><strong><a href=\"https:\/\/www.la-fabrique.fr\/fr\/\" target=\"_blank\" rel=\"noreferrer noopener\">La fabrique de l&rsquo;industrie<\/a><\/strong> &#8211; Plateforme de r\u00e9flexion consacr\u00e9e aux perspectives de l\u2019industrie en France et \u00e0 l\u2019international<\/p>\n\n\n\n<p><strong><a href=\"https:\/\/www.novethic.fr\/\" target=\"_blank\" rel=\"noreferrer noopener\">novethic<\/a><\/strong> &#8211; Actualit\u00e9 \u00e9conomique de la transition \u00e9cologique et sociale<\/p>\n\n\n\n<p><strong><a href=\"https:\/\/www.vie-publique.fr\/lettres-information\" target=\"_blank\" rel=\"noreferrer noopener\">Vie publique<\/a><\/strong> &#8211; Les politiques publiques et le d\u00e9bat public<\/p>\n\n\n\n<p>Derni\u00e8re modification : 22 mars 2026<\/p>\n","protected":false},"excerpt":{"rendered":"<p>Caixing &#8211; Chine Fondation iFRAP &#8211; Recherche sur les politiques publiques IFRI &#8211; Institut fran\u00e7ais des relations internationales La fabrique de l&rsquo;industrie &#8211; Plateforme de r\u00e9flexion consacr\u00e9e aux perspectives de l\u2019industrie en France et \u00e0 l\u2019international novethic &#8211; Actualit\u00e9 \u00e9conomique de la transition \u00e9cologique et sociale Vie publique &#8211; Les politiques publiques et le d\u00e9bat [&hellip;]<\/p>\n","protected":false},"author":1,"featured_media":0,"parent":0,"menu_order":0,"comment_status":"closed","ping_status":"closed","template":"","meta":{"footnotes":""},"class_list":["post-2003","page","type-page","status-publish","hentry"],"_links":{"self":[{"href":"https:\/\/la-marque.org\/index.php\/wp-json\/wp\/v2\/pages\/2003","targetHints":{"allow":["GET"]}}],"collection":[{"href":"https:\/\/la-marque.org\/index.php\/wp-json\/wp\/v2\/pages"}],"about":[{"href":"https:\/\/la-marque.org\/index.php\/wp-json\/wp\/v2\/types\/page"}],"author":[{"embeddable":true,"href":"https:\/\/la-marque.org\/index.php\/wp-json\/wp\/v2\/users\/1"}],"replies":[{"embeddable":true,"href":"https:\/\/la-marque.org\/index.php\/wp-json\/wp\/v2\/comments?post=2003"}],"version-history":[{"count":23,"href":"https:\/\/la-marque.org\/index.php\/wp-json\/wp\/v2\/pages\/2003\/revisions"}],"predecessor-version":[{"id":3629,"href":"https:\/\/la-marque.org\/index.php\/wp-json\/wp\/v2\/pages\/2003\/revisions\/3629"}],"wp:attachment":[{"href":"https:\/\/la-marque.org\/index.php\/wp-json\/wp\/v2\/media?parent=2003"}],"curies":[{"name":"wp","href":"https:\/\/api.w.org\/{rel}","templated":true}]}}