{"id":187,"date":"2020-01-18T11:05:56","date_gmt":"2020-01-18T11:05:56","guid":{"rendered":"https:\/\/la-marque.org\/?page_id=187"},"modified":"2026-04-13T15:26:18","modified_gmt":"2026-04-13T15:26:18","slug":"signatures-des-marques","status":"publish","type":"page","link":"https:\/\/la-marque.org\/index.php\/signatures-des-marques\/","title":{"rendered":"Signatures des Marques"},"content":{"rendered":"\n<p class=\"has-drop-cap\">La liste qui vous est pr\u00e9sent\u00e9e est partielle. La Marque modifie continuellement son signe graphique ainsi que sa signature afin de coller aux tendances m\u00e9diatis\u00e9es et r\u00e9pondre aux \u00e9v\u00e9nements parmi lesquels on peut citer la campagne publicitaire. Malheureusement, \u00ab\u00a0la-marque.com\u00a0\u00bb n&rsquo;est pas en mesure de vous indiquer \u00e0 quelle date et suite \u00e0 quel \u00e9v\u00e9nement la Marque concern\u00e9e a d\u00e9cid\u00e9 de changer de signature.<br><\/p>\n\n\n\n<h4 class=\"wp-block-heading\" id=\"signatures-des-marques\"><strong>Signatures des Marques<\/strong><\/h4>\n\n\n\n<figure class=\"wp-block-table\"><table><tbody><tr><td><strong>Marques<\/strong><\/td><td><strong>Signatures<\/strong><\/td><\/tr><tr><td>Accor<\/td><td>Open New Frontiers in Hospitality<\/td><\/tr><tr><td>Accenture<\/td><td>High performance. Delivered<\/td><\/tr><tr><td>acer<\/td><td><em>explore beyond limits <sub><sup>TM<\/sup><\/sub><\/em><\/td><\/tr><tr><td>ACCORHOTELS<\/td><td>Feel Welcome<\/td><\/tr><tr><td>A\u00e9roport de Lille<\/td><td>&#8230; de Lille, <em>c&rsquo;est plus facile !<\/em><\/td><\/tr><tr><td>ADP A\u00e9roports de Paris<\/td><td>PARIS VOUS AIME<br>Le monde entier est notre invit\u00e9<\/td><\/tr><tr><td>Afrique du sud <\/td><td>C&rsquo;est possible<\/td><\/tr><tr><td>Air France<\/td><td>S&rsquo;ENVOLER EN TOUTE ELEGANCE<br>France is in the air<br>Faire du ciel le plus bel endroit de la terre<br>Making the sky the best place on earth<\/td><\/tr><tr><td>Air China<\/td><td>Fly wherever you want<\/td><\/tr><tr><td>air seychelles<\/td><td><em>Flying the Creole Spirit<\/em><\/td><\/tr><tr><td>Alstom <\/td><td> \u2022 mobility by nature \u2022<\/td><\/tr><tr><td>Arena<\/td><td>\u00ab\u00a0water instinct\u00a0\u00bb<\/td><\/tr><tr><td>Areva<\/td><td>l&rsquo;avenir pour \u00e9nergie<\/td><\/tr><tr><td><em>asics<\/em><\/td><td><em>sound mind, sound body<\/em><\/td><\/tr><tr><td>at&amp;t<\/td><td>Your world. Delivered.<\/td><\/tr><tr><td>AVIVA<\/td><td>Gagnez en assurance<\/td><\/tr><tr><td>Avon<\/td><td>The company for women<\/td><\/tr><tr><td>Arte<\/td><td>Vivons curieux<\/td><\/tr><tr><td>Auchan<\/td><td>Vivons mieux. Vivons moins cher.<\/td><\/tr><tr><td>Audi<\/td><td>Vorsprung durch Technik<br>L&rsquo;avance par la technologie<\/td><\/tr><tr><td>Axa<\/td><td><strong>r\u00e9inventons<\/strong> \/ notre m\u00e9tier<br>Vivre confiant<\/td><\/tr><tr><td>Bank of America<\/td><td>Bank of Opportunity<\/td><\/tr><tr><td>BANQUE POPULAIRE<\/td><td>La r\u00e9ussite est en vous<br>Banque et populaire \u00e0 la fois<\/td><\/tr><tr><td>BMW<\/td><td>The ultimate driving machine<br>Le plaisir de conduire<\/td><\/tr><tr><td>BNP Paribas<\/td><td>The bank for a changing world<br>La banque d&rsquo;un monde qui change<\/td><\/tr><tr><td>Boeing<\/td><td>Forever New Frontiers<\/td><\/tr><tr><td>BOSCH<\/td><td>Invented for life<\/td><\/tr><tr><td>Bose<\/td><td>Better sound through research<\/td><\/tr><tr><td>Bouygues<\/td><td>Donnons vie au progr\u00e8s<br><strong>CONSTRUIRE L&rsquo;AVENIR<\/strong><br>C&rsquo;EST NOTRE PLUS BELLE AVENTURE<br><em>L&rsquo;esprit challenger<\/em><\/td><\/tr><tr><td>bpifrance<\/td><td>SERVIR L&rsquo;AVENIR<\/td><\/tr><tr><td>British Gas<\/td><td>Looking after your world<\/td><\/tr><tr><td>Brother<\/td><td>At your side.<\/td><\/tr><tr><td>BT<\/td><td>Bringing it all together<\/td><\/tr><tr><td>CAISSE<br>D&rsquo;EPARGNE<\/td><td>VOUS \u00caTRE UTILE<br>LA BANQUE. NOUVELLE DEFINITION.<br>Et si une banque vous aidait \u00e0 vivre mieux ?<\/td><\/tr><tr><td>Camper<\/td><td>The walking society<\/td><\/tr><tr><td>Canon<\/td><td>SEE IMPOSSIBLE<br>You can &#8211; Bien s\u00fbr, vous pouvez<\/td><\/tr><tr><td>Cargill<\/td><td>Nourishing Ideas. Nourishing People.<\/td><\/tr><tr><td>Carrefour<\/td><td>Du positif chaque jour<br>La qualit\u00e9 pour tous<\/td><\/tr><tr><td>Cathay Pacific<\/td><td>Now you&rsquo;re really flying<\/td><\/tr><tr><td>Cetelem<\/td><td>PLUS RESPONSABLES, ENSEMBLE<\/td><\/tr><tr><td>CHEVROLET<\/td><td>MAKE IT HAPPEN<\/td><\/tr><tr><td>Chevron<\/td><td>Human Energy<\/td><\/tr><tr><td>Chrysler<\/td><td>LA BEAUTE DE L&rsquo;INGENIERIE<\/td><\/tr><tr><td>Cisco<\/td><td>Changing the way , we work, live, play and learn<\/td><\/tr><tr><td>CITROEN<br>Citro\u00ebn<\/td><td>CREATIVE TECHNOLOGIE<br>Vous n&rsquo;imaginez pas tout ce que citro\u00ebn peut faire pour vous<\/td><\/tr><tr><td>Club Med<\/td><td>TOUS LES BONHEURS DU MONDE<\/td><\/tr><tr><td>Club Med Gym<\/td><td>UN CORPS SAIN DANS UN ESPRIT CLUB<\/td><\/tr><tr><td>CNN<\/td><td>Be the first to know.<\/td><\/tr><tr><td>CNP Assurances<\/td><td>Assurons un monde plus ouvert<\/td><\/tr><tr><td>Coca-Cola<\/td><td>Savoure l&rsquo;instant\u00ae<br>TASTE THE FEELING<br>2003 : Coca-Cola&#8230; Real<br>2001 : Life Tastes Good<br>1906 : The Great National Temperance Beverage<br>1886 : Drink Coca-Cola<\/td><\/tr><tr><td>Colgate<\/td><td>World of care &#8211; Le monde du soin<\/td><\/tr><tr><td>Conforama<\/td><td>Bien chez moi, bien moins cher<\/td><\/tr><tr><td>Corbis<\/td><td>Start here<\/td><\/tr><tr><td>CORSAIR<\/td><td>Ouvrons d&rsquo;autres horizons<\/td><\/tr><tr><td>Cr\u00e9dit agricole<\/td><td>AGIR CHAQUE JOUR DANS L\u2019INT\u00c9R\u00caT DE NOS CLIENTS ET DE LA SOCI\u00c9T\u00c9 (Cr\u00e9dit agricole groupe)<br>Toute une banque pour vous<br>Le bon sens a de l&rsquo;avenir<br>Une relation durable, \u00e7a change la vie<br>L&rsquo;imagination dans le bon sens<\/td><\/tr><tr><td>Credit du Nord<\/td><td>\u00caTRE \u00c0 VOS C\u00d4T\u00c9S<\/td><\/tr><tr><td>Credit Suisse<\/td><td>Thinking new Perspectives<\/td><\/tr><tr><td>croix-rouge fran\u00e7aise<\/td><td>PARTOUT O\u00d9 VOUS AVEZ BESOIN DE NOUS<\/td><\/tr><tr><td><a href=\"http:\/\/www.danone.com\/\" target=\"_blank\" rel=\"noreferrer noopener\">DANONE<\/a><\/td><td>ONE PLANET. ONE HEALTH<\/td><\/tr><tr><td>DASSAULT<br>AVIATION<\/td><td>HIGHER TOGETHER<\/td><\/tr><tr><td>Decathlon<\/td><td>A fond la forme<\/td><\/tr><tr><td>Dexia &#8211; Asset Management<\/td><td>Money does not perform. People do.<\/td><\/tr><tr><td>Dun &amp; Bradstreet<\/td><td>Decide with Confidence<\/td><\/tr><tr><td>DUNLOP<\/td><td>RIDE WITH CONFIDENCE<\/td><\/tr><tr><td>Ebay<\/td><td>The World&rsquo;s Online Marketplace<\/td><\/tr><tr><td>EDF<br>Electricit\u00e9<br>de France<\/td><td>Devenons l&rsquo;\u00e9nergie qui change tout<br>CHANGER L&rsquo;ENERGIE ENSEMBLE<br>Quand votre monde s&rsquo;\u00e9claire<\/td><\/tr><tr><td>Electrolux<\/td><td>Thinking of you<br>on pense \u00e0 vous<\/td><\/tr><tr><td>Emirates<\/td><td>Hello Tomorrow<\/td><\/tr><tr><td>EMMAUS<\/td><td>NE PAS SUBIR TOUJOURS AGIR<\/td><\/tr><tr><td>Epson<\/td><td>Exceed your vision<\/td><\/tr><tr><td>Ericsson<\/td><td>POUR ALLER DE L&rsquo;AVANT<\/td><\/tr><tr><td>Europe1<\/td><td>LE POUVOIR DE L&rsquo;ECOUTE<\/td><\/tr><tr><td>ExxonMobil<\/td><td>Taking on the world&rsquo;s toughest energy challenges.<\/td><\/tr><tr><td>FedExCup<\/td><td>A NEW ERA in GOLF.<\/td><\/tr><tr><td>FIFA<\/td><td>For the Game. For the World.<\/td><\/tr><tr><td>Fnac<\/td><td>Agitateur de curiosit\u00e9<br>Certifi\u00e9 non conforme<\/td><\/tr><tr><td>Fondation Jean Jaur\u00e8s<\/td><td>Penser pour agir<\/td><\/tr><tr><td>Ford<\/td><td>Feel the difference<br>Vous emmener plus loin<\/td><\/tr><tr><td>FRAM<\/td><td><em>Le plaisir en grand<\/em><\/td><\/tr><tr><td>FRANCE 24<\/td><td>LIBERTE \u25cf EGALITE \u25cf ACTUALITE<\/td><\/tr><tr><td>France culture<\/td><td>l&rsquo;esprit d&rsquo;ouverture<\/td><\/tr><tr><td>Friends of the earth<\/td><td>see things differently<\/td><\/tr><tr><td>Garnier<\/td><td>Prends soin de toi<\/td><\/tr><tr><td>Gaz de France<\/td><td>Ici. L\u00e0-bas. Pour vous. Pour demain.<\/td><\/tr><tr><td>GDF SUEZ<\/td><td>ETRE UTILE AUX HOMMES<\/td><\/tr><tr><td>GE<\/td><td>imagination at work<br>\u00ab\u00a0We bring good things to life\u00a0\u00bb<\/td><\/tr><tr><td>Gillette<\/td><td><em>LA PERFECTION AU MASCULIN<\/em><br>Innovation is gillette<\/td><\/tr><tr><td>GMF<\/td><td>ASSUR\u00c9MENT <em>Humain<\/em><\/td><\/tr><tr><td>Groupama<\/td><td>Toujours l\u00e0 pour moi.<\/td><\/tr><tr><td>Heathrow<\/td><td><em>Making every journey better<\/em><\/td><\/tr><tr><td>Heineken<\/td><td>open your world<br>For a fresher world<\/td><\/tr><tr><td>HP<br>Hewlett-Packard<\/td><td>Make it matter.<br>Invent<\/td><\/tr><tr><td>HITACHI<\/td><td>Inspire the Next<\/td><\/tr><tr><td>HSBC<\/td><td>Votre banque, partout dans le monde<br>The world&rsquo;s local bank<\/td><\/tr><tr><td>Honda<\/td><td>The Power of Dreams &#8211; Donnez vie \u00e0 vos r\u00eaves<\/td><\/tr><tr><td>IBM<\/td><td>\u00ab\u00a0Think\u00a0\u00bb<br>\u00ab\u00a0Your business on demand\u00a0\u00bb<br>Solutions for a small planet<\/td><\/tr><tr><td>Ikea &#8211; <em>France<\/em><\/td><td>Am\u00e9nagement \u00e0 petit prix<\/td><\/tr><tr><td>ING DIRECT<\/td><td>Saving feels good<\/td><\/tr><tr><td>Intel<\/td><td>\u00ab\u00a0Intel inside\u00a0\u00bb<\/td><\/tr><tr><td>JCDecaux<\/td><td><em>city provider<\/em><\/td><\/tr><tr><td>Ipsos<\/td><td>Nobody&rsquo;s unpredictable &#8211; Personne n&rsquo;est impr\u00e9visible<\/td><\/tr><tr><td>Kawasaki<\/td><td>\u00ab\u00a0Let the good times roll.\u00a0\u00bb<\/td><\/tr><tr><td>Kenwood<\/td><td>L&rsquo;esprit du go\u00fbt<\/td><\/tr><tr><td>Konika Minolta<\/td><td>The essentials of imaging<\/td><\/tr><tr><td>KOREAN AIR<\/td><td>Excellence in Flight<\/td><\/tr><tr><td>Krys<\/td><td>Vous allez vous aimer<\/td><\/tr><tr><td>l&rsquo;Assurance<br>Maladie<\/td><td>Agir ensemble, prot\u00e9ger chacun<\/td><\/tr><tr><td>LA BANQUE<br>POSTALE<\/td><td>BANQUE ET CITOYENNE<br>LA BANQUE POSTALE. BIEN PLUS QU&rsquo;UNE BANQUE.<\/td><\/tr><tr><td>LAFARGE<\/td><td>Construire des villes meilleures<\/td><\/tr><tr><td>Lancia<\/td><td>L&rsquo;ELEGANCE, LE TEMPERAMENT.<\/td><\/tr><tr><td>La poste<\/td><td>&#8230; et la confiance grandit<\/td><\/tr><tr><td>Lavazza<\/td><td>espress yourself<\/td><\/tr><tr><td>LCL<\/td><td>Pour aller de l&rsquo;avant.<\/td><\/tr><tr><td><em>L&rsquo;EQUIPE<\/em><\/td><td>Partageons le sport.<\/td><\/tr><tr><td>Le Parisien<\/td><td>CREER DU LIEN<\/td><\/tr><tr><td>Levi&rsquo;s<\/td><td>On n&rsquo;est jamais top Levi&rsquo;s.<\/td><\/tr><tr><td>Lexus<\/td><td>The pursuit of perfection<\/td><\/tr><tr><td>LG<\/td><td>Life&rsquo;s Good<\/td><\/tr><tr><td>Lufthansa<\/td><td>There&rsquo;s no better way to fly<\/td><\/tr><tr><td>MAIF<\/td><td>assureur militant<\/td><\/tr><tr><td>Matmut<\/td><td>La Matmut, <em>elle assure !<\/em><\/td><\/tr><tr><td>Mc Donald&rsquo;s<\/td><td>I&rsquo;m lovin&rsquo;it &#8211; C&rsquo;est tout ce que j&rsquo;aime<\/td><\/tr><tr><td>Meetic <\/td><td>Serious Dating, Crazy Love <\/td><\/tr><tr><td>Mercedes-Benz<\/td><td>Le meilleur, sinon rien.<\/td><\/tr><tr><td>Merck<\/td><td>Commettid to bringing out the best in medicine<\/td><\/tr><tr><td>Michelin<\/td><td><em>Une meilleure fa\u00e7on d&rsquo;avancer<\/em><\/td><\/tr><tr><td>Microsoft<\/td><td>Your potential. Our passion.<br>\u00ab\u00a0Your potential inspires us to create software to help you reach it\u00a0\u00bb<br>Votre potentiel, notre passion<\/td><\/tr><tr><td>Moet &amp; Chandon<\/td><td>Esprit du Si\u00e8cle, un champagne de l\u00e9gende<\/td><\/tr><tr><td>Monoprix<\/td><td>On fait quoi pour vous aujourd&rsquo;hui ?<br>Dans la ville il y a vie<\/td><\/tr><tr><td>Morgan Stanley<\/td><td>One client at a time<\/td><\/tr><tr><td><em>MOTOROLA<\/em><\/td><td><em>Tout ce que vous n&rsquo;avez jamais imagin\u00e9<\/em><\/td><\/tr><tr><td>NATIXIS<\/td><td>BEYOND BANKING<\/td><\/tr><tr><td>Nec<\/td><td>Empowered by Innovation<\/td><\/tr><tr><td>Nespresso<\/td><td>Coffee, body and soul<br>Le caf\u00e9 corps et \u00e2me<\/td><\/tr><tr><td>Nestle<\/td><td>Good Food, Good Life<\/td><\/tr><tr><td>Newsweek<\/td><td>Fuel for active minds.<\/td><\/tr><tr><td>Nikon<\/td><td>At the heart of the image<\/td><\/tr><tr><td>Nissan<\/td><td>Innovation that exites<br>SHIFT the way you move<br>Made in Qualit\u00e9.<\/td><\/tr><tr><td>Nokia<\/td><td>Connecting people<\/td><\/tr><tr><td>Olympus<\/td><td>MOI, J&rsquo;Y CROIS<\/td><\/tr><tr><td>OPEL<\/td><td>Wir leben Autos.<br>Des id\u00e9es fra\u00eeches pour de meilleures voitures<\/td><\/tr><tr><td>orange<br><\/td><td>est l\u00e0<br>La vie change avec orange<\/td><\/tr><tr><td>OXFAM<\/td><td>The power of people against poverty<\/td><\/tr><tr><td>Panasonic<\/td><td>ideas for life<br>des id\u00e9es pour la vie<\/td><\/tr><tr><td>Paris Habitat<\/td><td>vivre ensemble la ville<\/td><\/tr><tr><td>Pepsi<\/td><td>The Joy of Pepsi<\/td><\/tr><tr><td>Pataugas<\/td><td>Print your life<\/td><\/tr><tr><td>PEUGEOT<\/td><td>MOTION &amp; EMOTION<\/td><\/tr><tr><td>Philips<\/td><td>sense and simplicity<\/td><\/tr><tr><td>PMU<\/td><td>On parie que vous allez gagner<\/td><\/tr><tr><td>Postes Canada<br>Canada post<\/td><td>De partout&#8230; jusqu&rsquo;\u00e0 vous<\/td><\/tr><tr><td>Qatar<\/td><td>As independent as you are<\/td><\/tr><tr><td>QNB<\/td><td>Together Forward<\/td><\/tr><tr><td>RATP<\/td><td>\u00e0 demain<br>DEMANDEZ NOUS LA VILLE<br>On avance. On avance&#8230;<\/td><\/tr><tr><td>RENAULT<\/td><td>La vie, avec passion<br>CHANGEONS DE VIE CHANGEONS L&rsquo;AUTOMOBILE<br>LES VOITURES A VIVRE<\/td><\/tr><tr><td>Reuters<\/td><td>Know. Now.<\/td><\/tr><tr><td>Saab<\/td><td>\u00ab\u00a0Move your mind\u00a0\u00bb<\/td><\/tr><tr><td>Samsung<\/td><td>TURN ON TOMORROW &#8211; Branchez-vous sur l&rsquo;avenir<\/td><\/tr><tr><td>Sanofi aventis<\/td><td>L&rsquo;essentiel c&rsquo;est la sant\u00e9<\/td><\/tr><tr><td>Santander<\/td><td>VALUE FROM IDEAS<\/td><\/tr><tr><td>Schwarzkopf<\/td><td>La Qualit\u00e9 Professionnelle.<\/td><\/tr><tr><td>Scholt\u00e8s<\/td><td>Go\u00fbtez la perfection.<\/td><\/tr><tr><td>Skoda<\/td><td>SIMPLEMENT EVIDENT<br>SIMPLY CLEVER<\/td><\/tr><tr><td>Seat<\/td><td>auto emocion<\/td><\/tr><tr><td>SFR<\/td><td>Carr\u00e9ment vous.<\/td><\/tr><tr><td>Siemens<\/td><td>Le futur s&rsquo;installe chez vous<\/td><\/tr><tr><td>SOCIETE GENERALE<\/td><td><strong>C&rsquo;EST VOUS L&rsquo;AVENIR<\/strong><br>DEVELOPPONS ENSEMBLE<br><strong>L&rsquo;ESPRIT D&rsquo;EQUIPE<\/strong><\/td><\/tr><tr><td>Sony<\/td><td>make.believe<br>Like.no.other &#8211; Incomparable<\/td><\/tr><tr><td>Suzuki<\/td><td>Way of Life! &#8211; Un style de vie!<\/td><\/tr><tr><td>Thales<\/td><td>Construisons ensemble un avenir de confiance<\/td><\/tr><tr><td>TAM<\/td><td>La passion du voyage et du service<\/td><\/tr><tr><td>TAMRON<\/td><td>un oeil neuf pour l&rsquo;industrie<br>New eyes for industry<\/td><\/tr><tr><td>Thomson<\/td><td>images &amp; beyond <\/td><\/tr><tr><td>TOSHIBA<\/td><td>Leading Innovation<\/td><\/tr><tr><td>TOTAL<\/td><td>COMMITED TO BETTER ENERGY<\/td><\/tr><tr><td>Toyota<\/td><td>Moving forward<br>Today Tomorrow Toyota<br>faire toujours mieux<\/td><\/tr><tr><td>TRIUMPH<\/td><td>GO YOUR OWN WAY<\/td><\/tr><tr><td>TURKISH<br>AIRLINES<\/td><td>WIDEN YOUR WORLD<br>Globally Yours<\/td><\/tr><tr><td>UNICEF<\/td><td>for every child<\/td><\/tr><tr><td>United<\/td><td>It&rsquo;s time to fly &#8211; Envolez-vous d\u00e8s maintenant<\/td><\/tr><tr><td>Volkswagen<\/td><td>Aus liebe zum Automobil &#8211; Par amour de l&rsquo;automobile<\/td><\/tr><tr><td><a href=\"https:\/\/www.veolia.com\/fr\" target=\"_blank\" rel=\"noreferrer noopener\">VEOLIA<\/a><\/td><td>Ressourcer le monde<\/td><\/tr><tr><td>VOLVO<\/td><td>Volvo. for life<\/td><\/tr><tr><td>Walmart<\/td><td>Save money. Live better.<\/td><\/tr><tr><td>WIKIPEDIA<\/td><td>L&rsquo;encyclop\u00e9die libre<\/td><\/tr><tr><td>xerox<\/td><td>Ready For Real Business<\/td><\/tr><tr><td>YAMAHA<\/td><td><em>Make Waves<\/em><br>Revs Your Heart<br>Touching Your Heart<\/td><\/tr><tr><td>Zurich<\/td><td>Because change happen<strong>z<\/strong><\/td><\/tr><\/tbody><\/table><\/figure>\n\n\n\n<p><strong>Date de mise \u00e0 jour<\/strong> : 13 f\u00e9vrier 2026<\/p>\n\n\n\n<p><\/p>\n","protected":false},"excerpt":{"rendered":"<p>La liste qui vous est pr\u00e9sent\u00e9e est partielle. La Marque modifie continuellement son signe graphique ainsi que sa signature afin de coller aux tendances m\u00e9diatis\u00e9es et r\u00e9pondre aux \u00e9v\u00e9nements parmi lesquels on peut citer la campagne publicitaire. Malheureusement, \u00ab\u00a0la-marque.com\u00a0\u00bb n&rsquo;est pas en mesure de vous indiquer \u00e0 quelle date et suite \u00e0 quel \u00e9v\u00e9nement la [&hellip;]<\/p>\n","protected":false},"author":1,"featured_media":0,"parent":0,"menu_order":0,"comment_status":"closed","ping_status":"closed","template":"","meta":{"footnotes":""},"class_list":["post-187","page","type-page","status-publish","hentry"],"_links":{"self":[{"href":"https:\/\/la-marque.org\/index.php\/wp-json\/wp\/v2\/pages\/187","targetHints":{"allow":["GET"]}}],"collection":[{"href":"https:\/\/la-marque.org\/index.php\/wp-json\/wp\/v2\/pages"}],"about":[{"href":"https:\/\/la-marque.org\/index.php\/wp-json\/wp\/v2\/types\/page"}],"author":[{"embeddable":true,"href":"https:\/\/la-marque.org\/index.php\/wp-json\/wp\/v2\/users\/1"}],"replies":[{"embeddable":true,"href":"https:\/\/la-marque.org\/index.php\/wp-json\/wp\/v2\/comments?post=187"}],"version-history":[{"count":33,"href":"https:\/\/la-marque.org\/index.php\/wp-json\/wp\/v2\/pages\/187\/revisions"}],"predecessor-version":[{"id":3678,"href":"https:\/\/la-marque.org\/index.php\/wp-json\/wp\/v2\/pages\/187\/revisions\/3678"}],"wp:attachment":[{"href":"https:\/\/la-marque.org\/index.php\/wp-json\/wp\/v2\/media?parent=187"}],"curies":[{"name":"wp","href":"https:\/\/api.w.org\/{rel}","templated":true}]}}