{"id":1869,"date":"2022-04-12T16:27:09","date_gmt":"2022-04-12T16:27:09","guid":{"rendered":"https:\/\/la-marque.org\/?page_id=1869"},"modified":"2026-02-24T16:55:35","modified_gmt":"2026-02-24T16:55:35","slug":"flux-rss-2","status":"publish","type":"page","link":"https:\/\/la-marque.org\/index.php\/flux-rss-2\/","title":{"rendered":"Flux RSS"},"content":{"rendered":"\n<p><strong>Insee<\/strong><\/p>\n\n\n<ul class=\"wp-block-rss\"><li class='wp-block-rss__item'><div class='wp-block-rss__item-title'><a href='https:\/\/www.insee.fr\/fr\/statistiques\/5368155'>Ch\u00f4mage \u2013 tableau de bord de l\u2019\u00e9conomie fran\u00e7aise<\/a><\/div><\/li><li class='wp-block-rss__item'><div class='wp-block-rss__item-title'><a href='https:\/\/www.insee.fr\/fr\/statistiques\/2532173'>Taux de ch\u00f4mage selon le sexe et l&#039;\u00e2ge<\/a><\/div><\/li><li class='wp-block-rss__item'><div class='wp-block-rss__item-title'><a href='https:\/\/www.insee.fr\/fr\/statistiques\/2012681'>Valeur ajout\u00e9e par branche en 2024<\/a><\/div><\/li><li class='wp-block-rss__item'><div class='wp-block-rss__item-title'><a href='https:\/\/www.insee.fr\/fr\/statistiques\/2012723'>Produit int\u00e9rieur brut en 2024<\/a><\/div><\/li><li class='wp-block-rss__item'><div class='wp-block-rss__item-title'><a href='https:\/\/www.insee.fr\/fr\/statistiques\/2015377'>Commerce ext\u00e9rieur et demande mondiale adress\u00e9e \u00e0 la France<\/a><\/div><\/li><\/ul>\n\n\n<p><strong>Public Senat<\/strong><\/p>\n\n\n<ul class=\"wp-block-rss\"><li class='wp-block-rss__item'><div class='wp-block-rss__item-title'><a href='https:\/\/www.publicsenat.fr\/actualites\/sante\/reseaux-sociaux-interdire-aux-moins-de-15-ans-na-aucune-justification-sur-le-plan-cerebral-rappelle-ce-chercheur'>R\u00e9seaux sociaux\u00a0: \u00ab\u00a0Interdire aux moins de 15 ans n\u2019a aucune justification sur le plan c\u00e9r\u00e9bral\u00a0\u00bb, rappelle ce chercheur<\/a><\/div><\/li><li class='wp-block-rss__item'><div class='wp-block-rss__item-title'><a href='https:\/\/www.publicsenat.fr\/actualites\/international\/demissions-de-ministres-au-royaume-uni-keir-starmer-peut-il-encore-tenir-longtemps'>D\u00e9missions de ministres au Royaume-Uni : Keir Starmer peut-il encore tenir longtemps\u00a0?<\/a><\/div><\/li><li class='wp-block-rss__item'><div class='wp-block-rss__item-title'><a href='https:\/\/www.publicsenat.fr\/actualites\/parlementaire\/toutes-les-trois-videos-cest-bardella-faut-il-etendre-les-regles-du-pluralisme-politique-au-reseaux-sociaux'>\u00ab\u00a0Toutes les trois vid\u00e9os, c\u2019est Bardella\u00a0\u00bb\u00a0: faut-il \u00e9tendre les r\u00e8gles du pluralisme politique au r\u00e9seaux sociaux\u00a0?<\/a><\/div><\/li><li class='wp-block-rss__item'><div class='wp-block-rss__item-title'><a href='https:\/\/www.publicsenat.fr\/actualites\/politique\/elections-provinciales-en-nouvelle-caledonie-naima-moutchou-propose-lentree-de-1-500-a-1800-personnes-dans-le-corps-electoral'>Elections provinciales en Nouvelle-Cal\u00e9donie\u202f:\u00a0Na\u00efma Moutchou propose\u00a0l\u2019entr\u00e9e\u202fde\u00a01\u202f500\u00a0\u00e0\u00a01800 personnes\u00a0dans le\u00a0corps \u00e9lectoral\u00a0en tant que\u00a0conjoints\u00a0de\u00a0natifs\u00a0<\/a><\/div><\/li><li class='wp-block-rss__item'><div class='wp-block-rss__item-title'><a href='https:\/\/www.publicsenat.fr\/actualites\/sante\/hantavirus-et-fake-news-les-anti-vax-ont-vraiment-ete-berces-trop-pres-du-mur-tacle-le-senateur-bernard-jomier'>Hantavirus et fake news\u00a0: \u00ab\u00a0Les\u00a0anti-vax\u00a0ont\u00a0vraiment\u00a0\u00e9t\u00e9 berc\u00e9s\u00a0trop\u00a0pr\u00e8s\u00a0du\u00a0mur\u00a0\u00bb, tacle le s\u00e9nateur Bernard Jomier<\/a><\/div><\/li><\/ul>","protected":false},"excerpt":{"rendered":"<p>Insee Public Senat<\/p>\n","protected":false},"author":1,"featured_media":0,"parent":0,"menu_order":0,"comment_status":"closed","ping_status":"closed","template":"","meta":{"footnotes":""},"class_list":["post-1869","page","type-page","status-publish","hentry"],"_links":{"self":[{"href":"https:\/\/la-marque.org\/index.php\/wp-json\/wp\/v2\/pages\/1869","targetHints":{"allow":["GET"]}}],"collection":[{"href":"https:\/\/la-marque.org\/index.php\/wp-json\/wp\/v2\/pages"}],"about":[{"href":"https:\/\/la-marque.org\/index.php\/wp-json\/wp\/v2\/types\/page"}],"author":[{"embeddable":true,"href":"https:\/\/la-marque.org\/index.php\/wp-json\/wp\/v2\/users\/1"}],"replies":[{"embeddable":true,"href":"https:\/\/la-marque.org\/index.php\/wp-json\/wp\/v2\/comments?post=1869"}],"version-history":[{"count":84,"href":"https:\/\/la-marque.org\/index.php\/wp-json\/wp\/v2\/pages\/1869\/revisions"}],"predecessor-version":[{"id":3588,"href":"https:\/\/la-marque.org\/index.php\/wp-json\/wp\/v2\/pages\/1869\/revisions\/3588"}],"wp:attachment":[{"href":"https:\/\/la-marque.org\/index.php\/wp-json\/wp\/v2\/media?parent=1869"}],"curies":[{"name":"wp","href":"https:\/\/api.w.org\/{rel}","templated":true}]}}