{"id":181,"date":"2020-01-17T18:35:16","date_gmt":"2020-01-17T18:35:16","guid":{"rendered":"https:\/\/la-marque.org\/?page_id=181"},"modified":"2020-11-25T18:37:11","modified_gmt":"2020-11-25T18:37:11","slug":"contact-informations-legales","status":"publish","type":"page","link":"https:\/\/la-marque.org\/index.php\/contact-informations-legales\/","title":{"rendered":"Informations l\u00e9gales &#8211; Contact"},"content":{"rendered":"\n<p><strong>Editeur &#8211; r\u00e9dacteur<\/strong> : la-marque.org<\/p>\n\n\n\n<p><strong>H\u00e9bergeur<\/strong> : proxgroup<\/p>\n\n\n\n<ul class=\"wp-block-list\"><li>la-marque.org publi\u00e9 en 2020 fait suite au site la-marque.com publi\u00e9 en 2004.<\/li><li> la-marque.org est mis \u00e0 disposition selon les termes de la <a rel=\"noreferrer noopener\" href=\"http:\/\/creativecommons.org\/licenses\/by-nc\/4.0\/\" target=\"_blank\">licence Creative Commons Attribution &#8211; Pas d\u2019Utilisation Commerciale 4.0 International.<\/a><br>Fond\u00e9(e) sur l&rsquo;\u0153uvre la-marque.com et la-marque.org.<br>Les autorisations au-del\u00e0 du champ de cette licence peuvent \u00eatre obtenues aupr\u00e8s de la-marque.org.<\/li><li>Donn\u00e9es personnelles et cookies :<br>la-marque.org ne collecte pas de donn\u00e9es personnelles \u00e0 des fins commerciales. Les cookies sont utilis\u00e9s pour calculer des statistiques. Votre adresse e-mail et votre nom sont utilis\u00e9s uniquement afin de pouvoir vous r\u00e9pondre. <\/li><\/ul>\n\n\n\n<figure class=\"wp-block-image\"><a href=\"http:\/\/creativecommons.org\/licenses\/by-nc\/4.0\/\"><img decoding=\"async\" src=\"https:\/\/i.creativecommons.org\/l\/by-nc\/4.0\/88x31.png\" alt=\"Licence Creative Commons\"\/><\/a><\/figure>\n\n\n\n<p><a rel=\"noreferrer noopener\" href=\"https:\/\/lamarqueorg.wufoo.com\/forms\/lamarqueorg\/\" target=\"_blank\"><strong>Pour contacter <\/strong><\/a><a rel=\"noreferrer noopener\" href=\"https:\/\/lamarqueorg.wufoo.com\/forms\/lamarqueorg\/\" target=\"_blank\"><strong>l<\/strong><\/a><a rel=\"noreferrer noopener\" href=\"https:\/\/lamarqueorg.wufoo.com\/forms\/lamarqueorg\/\" target=\"_blank\"><strong>a<\/strong><\/a><a rel=\"noreferrer noopener\" href=\"https:\/\/lamarqueorg.wufoo.com\/forms\/lamarqueorg\/\" target=\"_blank\"><strong>&#8211;<\/strong><\/a><a rel=\"noreferrer noopener\" href=\"https:\/\/lamarqueorg.wufoo.com\/forms\/lamarqueorg\/\" target=\"_blank\"><strong> <\/strong><\/a><a rel=\"noreferrer noopener\" href=\"https:\/\/lamarqueorg.wufoo.com\/forms\/lamarqueorg\/\" target=\"_blank\"><strong>m<\/strong><\/a><a rel=\"noreferrer noopener\" href=\"https:\/\/lamarqueorg.wufoo.com\/forms\/lamarqueorg\/\" target=\"_blank\"><strong>a<\/strong><\/a><a rel=\"noreferrer noopener\" href=\"https:\/\/lamarqueorg.wufoo.com\/forms\/lamarqueorg\/\" target=\"_blank\"><strong>r<\/strong><\/a><a rel=\"noreferrer noopener\" href=\"https:\/\/lamarqueorg.wufoo.com\/forms\/lamarqueorg\/\" target=\"_blank\"><strong>q<\/strong><\/a><a rel=\"noreferrer noopener\" href=\"https:\/\/lamarqueorg.wufoo.com\/forms\/lamarqueorg\/\" target=\"_blank\"><strong>u<\/strong><\/a><a rel=\"noreferrer noopener\" href=\"https:\/\/lamarqueorg.wufoo.com\/forms\/lamarqueorg\/\" target=\"_blank\"><strong>e<\/strong><\/a><a rel=\"noreferrer noopener\" href=\"https:\/\/lamarqueorg.wufoo.com\/forms\/lamarqueorg\/\" target=\"_blank\"><strong>.<\/strong><\/a><a rel=\"noreferrer noopener\" href=\"https:\/\/lamarqueorg.wufoo.com\/forms\/lamarqueorg\/\" target=\"_blank\"><strong>o<\/strong><\/a><a rel=\"noreferrer noopener\" href=\"https:\/\/lamarqueorg.wufoo.com\/forms\/lamarqueorg\/\" target=\"_blank\"><strong>r<\/strong><\/a><a rel=\"noreferrer noopener\" href=\"https:\/\/lamarqueorg.wufoo.com\/forms\/lamarqueorg\/\" target=\"_blank\"><strong>g<\/strong><\/a><a rel=\"noreferrer noopener\" href=\"https:\/\/lamarqueorg.wufoo.com\/forms\/lamarqueorg\/\" target=\"_blank\"><strong>,<\/strong><\/a><a href=\"https:\/\/lamarqueorg.wufoo.com\/forms\/lamarqueorg\/\" target=\"_blank\" rel=\"noreferrer noopener\"><strong> <\/strong><\/a><a rel=\"noreferrer noopener\" href=\"https:\/\/lamarqueorg.wufoo.com\/forms\/lamarqueorg\/\" target=\"_blank\"><strong>merci d&rsquo;utiliser le formulaire disponible en cliquant sur ce lien<\/strong><\/a><\/p>\n","protected":false},"excerpt":{"rendered":"<p>Editeur &#8211; r\u00e9dacteur : la-marque.org H\u00e9bergeur : proxgroup la-marque.org publi\u00e9 en 2020 fait suite au site la-marque.com publi\u00e9 en 2004. la-marque.org est mis \u00e0 disposition selon les termes de la licence Creative Commons Attribution &#8211; Pas d\u2019Utilisation Commerciale 4.0 International.Fond\u00e9(e) sur l&rsquo;\u0153uvre la-marque.com et la-marque.org.Les autorisations au-del\u00e0 du champ de cette licence peuvent \u00eatre obtenues [&hellip;]<\/p>\n","protected":false},"author":1,"featured_media":0,"parent":0,"menu_order":0,"comment_status":"closed","ping_status":"closed","template":"","meta":{"footnotes":""},"class_list":["post-181","page","type-page","status-publish","hentry"],"_links":{"self":[{"href":"https:\/\/la-marque.org\/index.php\/wp-json\/wp\/v2\/pages\/181","targetHints":{"allow":["GET"]}}],"collection":[{"href":"https:\/\/la-marque.org\/index.php\/wp-json\/wp\/v2\/pages"}],"about":[{"href":"https:\/\/la-marque.org\/index.php\/wp-json\/wp\/v2\/types\/page"}],"author":[{"embeddable":true,"href":"https:\/\/la-marque.org\/index.php\/wp-json\/wp\/v2\/users\/1"}],"replies":[{"embeddable":true,"href":"https:\/\/la-marque.org\/index.php\/wp-json\/wp\/v2\/comments?post=181"}],"version-history":[{"count":26,"href":"https:\/\/la-marque.org\/index.php\/wp-json\/wp\/v2\/pages\/181\/revisions"}],"predecessor-version":[{"id":1082,"href":"https:\/\/la-marque.org\/index.php\/wp-json\/wp\/v2\/pages\/181\/revisions\/1082"}],"wp:attachment":[{"href":"https:\/\/la-marque.org\/index.php\/wp-json\/wp\/v2\/media?parent=181"}],"curies":[{"name":"wp","href":"https:\/\/api.w.org\/{rel}","templated":true}]}}