{"id":1135,"date":"2025-10-27T16:34:35","date_gmt":"2025-10-27T16:34:35","guid":{"rendered":"https:\/\/la-marque.org\/?page_id=1135"},"modified":"2026-03-19T15:03:35","modified_gmt":"2026-03-19T15:03:35","slug":"les-consommateursrices","status":"publish","type":"page","link":"https:\/\/la-marque.org\/index.php\/les-consommateursrices\/","title":{"rendered":"Les consommateurs(rices)"},"content":{"rendered":"\n<p>Les consommateurs sont des syst\u00e8mes chimiques auto-entretenus. Ils se nourrissent, se reproduisent avec des variations soumises \u00e0 la s\u00e9lection naturelle, \u00e9conomique, conjoncturelle. On pourrait qualifier les consommateurs d&rsquo;esp\u00e8ce invasive qui se d\u00e9veloppe en l&rsquo;absence presque totale de pr\u00e9dateurs.<br>Au cours de sa vie, depuis son berceau jusqu&rsquo;\u00e0 son cercueil, le consommateur aura poss\u00e9d\u00e9 plusieurs milliers d&rsquo;objets, adh\u00e9r\u00e9 \u00e0 de multiples croyances et id\u00e9ologies. L&rsquo;existence du consommateur se place donc sous le signe du renouvellement. La plupart de ces objets, croyances, id\u00e9ologies ainsi que les \u00e9motions et les activit\u00e9s qu&rsquo;elles suscitent auront eu pour source des Marques.<br>Dans bon nombre d&rsquo;\u00e9tudes \u00e9conomiques on suppose le comportement du consommateur comme rationnel alors que sa rationalit\u00e9 demeure limit\u00e9e. Nourri d&rsquo;habitudes le consommateur tend \u00e0 pers\u00e9v\u00e9rer dans son \u00eatre et dans ses croyances qui organisent son existence, au point de faire des biens de consommation la finalit\u00e9 de son existence.<\/p>\n\n\n\n<p><\/p>\n","protected":false},"excerpt":{"rendered":"<p>Les consommateurs sont des syst\u00e8mes chimiques auto-entretenus. Ils se nourrissent, se reproduisent avec des variations soumises \u00e0 la s\u00e9lection naturelle, \u00e9conomique, conjoncturelle. On pourrait qualifier les consommateurs d&rsquo;esp\u00e8ce invasive qui se d\u00e9veloppe en l&rsquo;absence presque totale de pr\u00e9dateurs.Au cours de sa vie, depuis son berceau jusqu&rsquo;\u00e0 son cercueil, le consommateur aura poss\u00e9d\u00e9 plusieurs milliers d&rsquo;objets, [&hellip;]<\/p>\n","protected":false},"author":1,"featured_media":0,"parent":0,"menu_order":0,"comment_status":"closed","ping_status":"closed","template":"","meta":{"footnotes":""},"class_list":["post-1135","page","type-page","status-publish","hentry"],"_links":{"self":[{"href":"https:\/\/la-marque.org\/index.php\/wp-json\/wp\/v2\/pages\/1135","targetHints":{"allow":["GET"]}}],"collection":[{"href":"https:\/\/la-marque.org\/index.php\/wp-json\/wp\/v2\/pages"}],"about":[{"href":"https:\/\/la-marque.org\/index.php\/wp-json\/wp\/v2\/types\/page"}],"author":[{"embeddable":true,"href":"https:\/\/la-marque.org\/index.php\/wp-json\/wp\/v2\/users\/1"}],"replies":[{"embeddable":true,"href":"https:\/\/la-marque.org\/index.php\/wp-json\/wp\/v2\/comments?post=1135"}],"version-history":[{"count":11,"href":"https:\/\/la-marque.org\/index.php\/wp-json\/wp\/v2\/pages\/1135\/revisions"}],"predecessor-version":[{"id":3621,"href":"https:\/\/la-marque.org\/index.php\/wp-json\/wp\/v2\/pages\/1135\/revisions\/3621"}],"wp:attachment":[{"href":"https:\/\/la-marque.org\/index.php\/wp-json\/wp\/v2\/media?parent=1135"}],"curies":[{"name":"wp","href":"https:\/\/api.w.org\/{rel}","templated":true}]}}